{"id":38693,"date":"2020-06-25T23:49:12","date_gmt":"2020-06-25T23:49:12","guid":{"rendered":"https:\/\/dominicanbus.com\/transfers\/aluguel-de-microonibus-com-motorista-2\/"},"modified":"2020-06-25T23:49:12","modified_gmt":"2020-06-25T23:49:12","slug":"aluguel-de-microonibus-com-motorista-2","status":"publish","type":"product","link":"https:\/\/dominicanbus.com\/pt-br\/transfers\/aluguel-de-microonibus-com-motorista-2\/","title":{"rendered":"Aluguel de micro\u00f4nibus com motorista"},"content":{"rendered":"<h2>Conhe\u00e7a o servi\u00e7o especializado de aluguel de micro-\u00f4nibus com motoristas profissionais em Santo Domingo ou Punta Cana.<\/h2>\n<h3 align=\"center\">Reserve o servi\u00e7o de aluguel de micro-\u00f4nibus com motoristas aqui!<\/h3>\n<p><strong>Pre\u00e7o por dia:<\/strong> USD195<br \/>\n<strong>Disponibilidade:<\/strong> gratuito por hora, dia, semana ou m\u00eas<br \/>\n<strong>Devolu\u00e7\u00e3o:<\/strong> escolha do cliente<br \/>\n<strong>Aluguel m\u00ednimo:<\/strong> 3 dias<\/p>\n<p>Voc\u00ea tem que ir ao aeroporto para buscar um familiar, quer aproveitar a festa e n\u00e3o ter que voltar dirigindo, quer sair da cidade de <strong>Santo Domingo ou Punta Cana<\/strong> e conhecer os arredores da Rep\u00fablica Dominicana? N\u00f3s temos o que voc\u00ea procura, colocamos \u00e0 sua disposi\u00e7\u00e3o nossos servi\u00e7os para alugar um motorista ou transporte particular, com conforto e seguran\u00e7a ao seu alcance. A pontualidade e a seguran\u00e7a s\u00e3o importantes em todos os eventos sociais. Por isso, colocamos \u00e0 sua disposi\u00e7\u00e3o nosso <strong>servi\u00e7o de aluguel de micro\u00f4nibus e motoristas particulares<\/strong>.     <\/p>\n<p>Esque\u00e7a o estresse de dirigir em um lugar desconhecido. Sente-se e deixe que nossos motoristas profissionais levem voc\u00ea ao seu destino. <\/p>\n<p>Escolha a maneira mais conveniente e confort\u00e1vel de se locomover com seguran\u00e7a e estilo em nossos micro-\u00f4nibus premium para 12 passageiros e, com nossa cobertura, voc\u00ea estar\u00e1 100% protegido contra acidentes. Um motorista experiente o levar\u00e1 ao seu destino, voc\u00ea tamb\u00e9m ter\u00e1 cobertura de ve\u00edculo e seguro m\u00e9dico para voc\u00ea e seus acompanhantes. Um ve\u00edculo para o dia que voc\u00ea precisar, al\u00e9m disso, oferecemos servi\u00e7o de motorista.  <\/p>\n<p><b>Desloque-se confortavelmente para qualquer ponto da Rep\u00fablica Dominicana, sem limites de tempo ou quilometragem, com nosso pacote &#8220;all inclusive&#8221; de aluguel de micro-\u00f4nibus com motoristas (ve\u00edculo de sua escolha + servi\u00e7o de motorista + tempo livre).<\/b><\/p>\n<div>Para esse servi\u00e7o, temos uma ampla gama de <strong>micro-\u00f4nibus \u00e0 sua disposi\u00e7\u00e3o<\/strong>; confort\u00e1veis, c\u00f4modos, modelos mais recentes, com todos os seguros inclu\u00eddos.<\/div>\n<p>Viagens de neg\u00f3cios, viagens de lazer, viagens em fam\u00edlia, eventos&#8230; Seja qual for a ocasi\u00e3o, na <strong>dominican bus<\/strong> with driver temos o ve\u00edculo que voc\u00ea precisa, conduzido por nossos motoristas que far\u00e3o de sua viagem uma experi\u00eancia agrad\u00e1vel.<\/p>\n<p>N\u00e3o importa para onde voc\u00ea queira viajar, na <strong>Dominican Bus<\/strong> teremos o prazer de lev\u00e1-lo e atend\u00ea-lo como voc\u00ea merece.<\/p>\n<p>Aproveite sua viagem ao m\u00e1ximo e n\u00e3o se preocupe com o resto!<\/p>\n","protected":false},"excerpt":{"rendered":"<p><strong>Custo:<\/strong> US$125 por dia<br \/>\n<strong>Capacidade:<\/strong> 08-11 passageiros<br \/>\n<strong>Disponibilidade:<\/strong> 12 horas por dia<br \/>\n<strong>Inclui:<\/strong> Motorista \u00e0 disposi\u00e7\u00e3o sem custo de quilometragem<br \/>\n<strong>Aluguel m\u00ednimo necess\u00e1rio:<\/strong> 3 dias<br \/>\n<strong>N\u00e3o inclui:<\/strong> Gasolina e ped\u00e1gios.<\/p>\n","protected":false},"featured_media":38694,"comment_status":"closed","ping_status":"closed","template":"","meta":{"site-sidebar-layout":"default","site-content-layout":"default","ast-site-content-layout":"default","site-content-style":"default","site-sidebar-style":"default","ast-global-header-display":"","ast-banner-title-visibility":"","ast-main-header-display":"","ast-hfb-above-header-display":"","ast-hfb-below-header-display":"","ast-hfb-mobile-header-display":"","site-post-title":"","ast-breadcrumbs-content":"","ast-featured-img":"","footer-sml-layout":"","ast-disable-related-posts":"","theme-transparent-header-meta":"default","adv-header-id-meta":"","stick-header-meta":"default","header-above-stick-meta":"","header-main-stick-meta":"","header-below-stick-meta":"","astra-migrate-meta-layouts":"default","ast-page-background-enabled":"default","ast-page-background-meta":{"desktop":{"background-color":"","background-image":"","background-repeat":"repeat","background-position":"center center","background-size":"auto","background-attachment":"scroll","background-type":"","background-media":"","overlay-type":"","overlay-color":"","overlay-opacity":"","overlay-gradient":""},"tablet":{"background-color":"","background-image":"","background-repeat":"repeat","background-position":"center center","background-size":"auto","background-attachment":"scroll","background-type":"","background-media":"","overlay-type":"","overlay-color":"","overlay-opacity":"","overlay-gradient":""},"mobile":{"background-color":"","background-image":"","background-repeat":"repeat","background-position":"center center","background-size":"auto","background-attachment":"scroll","background-type":"","background-media":"","overlay-type":"","overlay-color":"","overlay-opacity":"","overlay-gradient":""}},"ast-content-background-meta":{"desktop":{"background-color":"var(--ast-global-color-5)","background-image":"","background-repeat":"repeat","background-position":"center center","background-size":"auto","background-attachment":"scroll","background-type":"","background-media":"","overlay-type":"","overlay-color":"","overlay-opacity":"","overlay-gradient":""},"tablet":{"background-color":"var(--ast-global-color-5)","background-image":"","background-repeat":"repeat","background-position":"center center","background-size":"auto","background-attachment":"scroll","background-type":"","background-media":"","overlay-type":"","overlay-color":"","overlay-opacity":"","overlay-gradient":""},"mobile":{"background-color":"var(--ast-global-color-5)","background-image":"","background-repeat":"repeat","background-position":"center center","background-size":"auto","background-attachment":"scroll","background-type":"","background-media":"","overlay-type":"","overlay-color":"","overlay-opacity":"","overlay-gradient":""}}},"product_brand":[],"product_cat":[1183],"product_tag":[1217],"class_list":{"0":"post-38693","1":"product","2":"type-product","3":"status-publish","4":"has-post-thumbnail","6":"product_cat-aluguel-de-minivan","7":"product_tag-passeio-gratuito","8":"desktop-align-center","9":"tablet-align-center","10":"mobile-align-center","11":"ast-product-gallery-layout-horizontal","12":"ast-product-gallery-with-no-image","13":"ast-product-single-variable","14":"ast-product-tabs-layout-horizontal","16":"first","17":"onbackorder","18":"sold-individually","19":"shipping-taxable","20":"purchasable","21":"product-type-variable"},"yoast_head":"<!-- This site is optimized with the Yoast SEO Premium plugin v27.4 (Yoast SEO v27.5) - https:\/\/yoast.com\/product\/yoast-seo-premium-wordpress\/ -->\n<title>Servi\u00e7o de aluguel de micro\u00f4nibus com motorista na Rep\u00fablica Dominicana<\/title>\n<meta name=\"description\" content=\"A Dominicanbus \u00e9 a empresa l\u00edder em oferecer o servi\u00e7o de aluguel de micro-\u00f4nibus com motorista e condutores em ve\u00edculos VIP, particulares e de neg\u00f3cios dispon\u00edveis na Rep\u00fablica Dominicana, em Punta Cana e Santo Domingo.\" \/>\n<meta name=\"robots\" content=\"index, follow, max-snippet:-1, max-image-preview:large, max-video-preview:-1\" \/>\n<link rel=\"canonical\" href=\"https:\/\/dominicanbus.com\/pt-br\/transfers\/aluguel-de-microonibus-com-motorista-2\/\" \/>\n<meta property=\"og:locale\" content=\"pt_BR\" \/>\n<meta property=\"og:type\" content=\"article\" \/>\n<meta property=\"og:title\" content=\"Aluguel de micro\u00f4nibus com motorista\" \/>\n<meta property=\"og:description\" content=\"A Dominicanbus \u00e9 a empresa l\u00edder em oferecer o servi\u00e7o de aluguel de micro-\u00f4nibus com motorista e condutores em ve\u00edculos VIP, particulares e de neg\u00f3cios dispon\u00edveis na Rep\u00fablica Dominicana, em Punta Cana e Santo Domingo.\" \/>\n<meta property=\"og:url\" content=\"https:\/\/dominicanbus.com\/pt-br\/transfers\/aluguel-de-microonibus-com-motorista-2\/\" \/>\n<meta property=\"og:site_name\" content=\"dominican bus\" \/>\n<meta property=\"article:publisher\" content=\"https:\/\/facebook.com\/dominicanbus\" \/>\n<meta property=\"og:image\" content=\"https:\/\/dominicanbus.com\/wp-content\/uploads\/2022\/04\/1-hiace1-e1666527663929.png\" \/>\n\t<meta property=\"og:image:width\" content=\"460\" \/>\n\t<meta property=\"og:image:height\" content=\"285\" \/>\n\t<meta property=\"og:image:type\" content=\"image\/png\" \/>\n<meta name=\"twitter:card\" content=\"summary_large_image\" \/>\n<meta name=\"twitter:site\" content=\"@dominican_tours\" \/>\n<meta name=\"twitter:label1\" content=\"Est. tempo de leitura\" \/>\n\t<meta name=\"twitter:data1\" content=\"2 minutos\" \/>\n<script type=\"application\/ld+json\" class=\"yoast-schema-graph\">{\"@context\":\"https:\\\/\\\/schema.org\",\"@graph\":[{\"@type\":\"WebPage\",\"@id\":\"https:\\\/\\\/dominicanbus.com\\\/pt-br\\\/transfers\\\/aluguel-de-microonibus-com-motorista-2\\\/\",\"url\":\"https:\\\/\\\/dominicanbus.com\\\/pt-br\\\/transfers\\\/aluguel-de-microonibus-com-motorista-2\\\/\",\"name\":\"Servi\u00e7o de aluguel de micro\u00f4nibus com motorista na Rep\u00fablica Dominicana\",\"isPartOf\":{\"@id\":\"https:\\\/\\\/dominicanbus.com\\\/pt-br\\\/#website\"},\"primaryImageOfPage\":{\"@id\":\"https:\\\/\\\/dominicanbus.com\\\/pt-br\\\/transfers\\\/aluguel-de-microonibus-com-motorista-2\\\/#primaryimage\"},\"image\":{\"@id\":\"https:\\\/\\\/dominicanbus.com\\\/pt-br\\\/transfers\\\/aluguel-de-microonibus-com-motorista-2\\\/#primaryimage\"},\"thumbnailUrl\":\"https:\\\/\\\/dominicanbus.com\\\/wp-content\\\/uploads\\\/2022\\\/04\\\/1-hiace1-e1666527663929.png\",\"datePublished\":\"2020-06-25T23:49:12+00:00\",\"description\":\"A Dominicanbus \u00e9 a empresa l\u00edder em oferecer o servi\u00e7o de aluguel de micro-\u00f4nibus com motorista e condutores em ve\u00edculos VIP, particulares e de neg\u00f3cios dispon\u00edveis na Rep\u00fablica Dominicana, em Punta Cana e Santo Domingo.\",\"breadcrumb\":{\"@id\":\"https:\\\/\\\/dominicanbus.com\\\/pt-br\\\/transfers\\\/aluguel-de-microonibus-com-motorista-2\\\/#breadcrumb\"},\"inLanguage\":\"pt-BR\",\"potentialAction\":[{\"@type\":\"ReadAction\",\"target\":[\"https:\\\/\\\/dominicanbus.com\\\/pt-br\\\/transfers\\\/aluguel-de-microonibus-com-motorista-2\\\/\"]}]},{\"@type\":\"ImageObject\",\"inLanguage\":\"pt-BR\",\"@id\":\"https:\\\/\\\/dominicanbus.com\\\/pt-br\\\/transfers\\\/aluguel-de-microonibus-com-motorista-2\\\/#primaryimage\",\"url\":\"https:\\\/\\\/dominicanbus.com\\\/wp-content\\\/uploads\\\/2022\\\/04\\\/1-hiace1-e1666527663929.png\",\"contentUrl\":\"https:\\\/\\\/dominicanbus.com\\\/wp-content\\\/uploads\\\/2022\\\/04\\\/1-hiace1-e1666527663929.png\",\"width\":460,\"height\":285},{\"@type\":\"BreadcrumbList\",\"@id\":\"https:\\\/\\\/dominicanbus.com\\\/pt-br\\\/transfers\\\/aluguel-de-microonibus-com-motorista-2\\\/#breadcrumb\",\"itemListElement\":[{\"@type\":\"ListItem\",\"position\":1,\"name\":\"Portada\",\"item\":\"https:\\\/\\\/dominicanbus.com\\\/pt-br\\\/inicio\\\/\"},{\"@type\":\"ListItem\",\"position\":2,\"name\":\"Loja\",\"item\":\"https:\\\/\\\/dominicanbus.com\\\/loja\\\/\"},{\"@type\":\"ListItem\",\"position\":3,\"name\":\"Aluguel de micro\u00f4nibus com motorista\"}]},{\"@type\":\"WebSite\",\"@id\":\"https:\\\/\\\/dominicanbus.com\\\/pt-br\\\/#website\",\"url\":\"https:\\\/\\\/dominicanbus.com\\\/pt-br\\\/\",\"name\":\"DominicanBus\",\"description\":\"Servicios de transporte privado en Republica Dominicana\",\"publisher\":{\"@id\":\"https:\\\/\\\/dominicanbus.com\\\/pt-br\\\/#organization\"},\"potentialAction\":[{\"@type\":\"SearchAction\",\"target\":{\"@type\":\"EntryPoint\",\"urlTemplate\":\"https:\\\/\\\/dominicanbus.com\\\/pt-br\\\/?s={search_term_string}\"},\"query-input\":{\"@type\":\"PropertyValueSpecification\",\"valueRequired\":true,\"valueName\":\"search_term_string\"}}],\"inLanguage\":\"pt-BR\"},{\"@type\":\"Organization\",\"@id\":\"https:\\\/\\\/dominicanbus.com\\\/pt-br\\\/#organization\",\"name\":\"dominican bus\",\"url\":\"https:\\\/\\\/dominicanbus.com\\\/pt-br\\\/\",\"logo\":{\"@type\":\"ImageObject\",\"inLanguage\":\"pt-BR\",\"@id\":\"https:\\\/\\\/dominicanbus.com\\\/pt-br\\\/#\\\/schema\\\/logo\\\/image\\\/\",\"url\":\"https:\\\/\\\/dominicanbus.com\\\/wp-content\\\/uploads\\\/2025\\\/11\\\/Sin-titulo-10.png\",\"contentUrl\":\"https:\\\/\\\/dominicanbus.com\\\/wp-content\\\/uploads\\\/2025\\\/11\\\/Sin-titulo-10.png\",\"width\":252,\"height\":250,\"caption\":\"dominican bus\"},\"image\":{\"@id\":\"https:\\\/\\\/dominicanbus.com\\\/pt-br\\\/#\\\/schema\\\/logo\\\/image\\\/\"},\"sameAs\":[\"https:\\\/\\\/facebook.com\\\/dominicanbus\",\"https:\\\/\\\/x.com\\\/dominican_tours\",\"https:\\\/\\\/instagram.com\\\/stdominicanbus\",\"https:\\\/\\\/linkein.com\\\/in\\\/eric-rincon-95029811b\",\"https:\\\/\\\/www.pinterest.ca\\\/dominicantours\\\/\",\"https:\\\/\\\/www.youtube.com\\\/user\\\/makeytours\"],\"description\":\"Compania de servicio de traslado y transporte turistico en Republica Dominicana\",\"email\":\"info@dominicanbus.com\",\"telephone\":\"18299463500\",\"legalName\":\"Dominicanbus\",\"foundingDate\":\"2000-05-06\",\"vatID\":\"132344654\",\"taxID\":\"132344654\",\"iso6523Code\":\"132344654\",\"numberOfEmployees\":{\"@type\":\"QuantitativeValue\",\"minValue\":\"11\",\"maxValue\":\"50\"}}]}<\/script>\n<!-- \/ Yoast SEO Premium plugin. -->","yoast_head_json":{"title":"Servi\u00e7o de aluguel de micro\u00f4nibus com motorista na Rep\u00fablica Dominicana","description":"A Dominicanbus \u00e9 a empresa l\u00edder em oferecer o servi\u00e7o de aluguel de micro-\u00f4nibus com motorista e condutores em ve\u00edculos VIP, particulares e de neg\u00f3cios dispon\u00edveis na Rep\u00fablica Dominicana, em Punta Cana e Santo Domingo.","robots":{"index":"index","follow":"follow","max-snippet":"max-snippet:-1","max-image-preview":"max-image-preview:large","max-video-preview":"max-video-preview:-1"},"canonical":"https:\/\/dominicanbus.com\/pt-br\/transfers\/aluguel-de-microonibus-com-motorista-2\/","og_locale":"pt_BR","og_type":"article","og_title":"Aluguel de micro\u00f4nibus com motorista","og_description":"A Dominicanbus \u00e9 a empresa l\u00edder em oferecer o servi\u00e7o de aluguel de micro-\u00f4nibus com motorista e condutores em ve\u00edculos VIP, particulares e de neg\u00f3cios dispon\u00edveis na Rep\u00fablica Dominicana, em Punta Cana e Santo Domingo.","og_url":"https:\/\/dominicanbus.com\/pt-br\/transfers\/aluguel-de-microonibus-com-motorista-2\/","og_site_name":"dominican bus","article_publisher":"https:\/\/facebook.com\/dominicanbus","og_image":[{"width":460,"height":285,"url":"https:\/\/dominicanbus.com\/wp-content\/uploads\/2022\/04\/1-hiace1-e1666527663929.png","type":"image\/png"}],"twitter_card":"summary_large_image","twitter_site":"@dominican_tours","twitter_misc":{"Est. tempo de leitura":"2 minutos"},"schema":{"@context":"https:\/\/schema.org","@graph":[{"@type":"WebPage","@id":"https:\/\/dominicanbus.com\/pt-br\/transfers\/aluguel-de-microonibus-com-motorista-2\/","url":"https:\/\/dominicanbus.com\/pt-br\/transfers\/aluguel-de-microonibus-com-motorista-2\/","name":"Servi\u00e7o de aluguel de micro\u00f4nibus com motorista na Rep\u00fablica Dominicana","isPartOf":{"@id":"https:\/\/dominicanbus.com\/pt-br\/#website"},"primaryImageOfPage":{"@id":"https:\/\/dominicanbus.com\/pt-br\/transfers\/aluguel-de-microonibus-com-motorista-2\/#primaryimage"},"image":{"@id":"https:\/\/dominicanbus.com\/pt-br\/transfers\/aluguel-de-microonibus-com-motorista-2\/#primaryimage"},"thumbnailUrl":"https:\/\/dominicanbus.com\/wp-content\/uploads\/2022\/04\/1-hiace1-e1666527663929.png","datePublished":"2020-06-25T23:49:12+00:00","description":"A Dominicanbus \u00e9 a empresa l\u00edder em oferecer o servi\u00e7o de aluguel de micro-\u00f4nibus com motorista e condutores em ve\u00edculos VIP, particulares e de neg\u00f3cios dispon\u00edveis na Rep\u00fablica Dominicana, em Punta Cana e Santo Domingo.","breadcrumb":{"@id":"https:\/\/dominicanbus.com\/pt-br\/transfers\/aluguel-de-microonibus-com-motorista-2\/#breadcrumb"},"inLanguage":"pt-BR","potentialAction":[{"@type":"ReadAction","target":["https:\/\/dominicanbus.com\/pt-br\/transfers\/aluguel-de-microonibus-com-motorista-2\/"]}]},{"@type":"ImageObject","inLanguage":"pt-BR","@id":"https:\/\/dominicanbus.com\/pt-br\/transfers\/aluguel-de-microonibus-com-motorista-2\/#primaryimage","url":"https:\/\/dominicanbus.com\/wp-content\/uploads\/2022\/04\/1-hiace1-e1666527663929.png","contentUrl":"https:\/\/dominicanbus.com\/wp-content\/uploads\/2022\/04\/1-hiace1-e1666527663929.png","width":460,"height":285},{"@type":"BreadcrumbList","@id":"https:\/\/dominicanbus.com\/pt-br\/transfers\/aluguel-de-microonibus-com-motorista-2\/#breadcrumb","itemListElement":[{"@type":"ListItem","position":1,"name":"Portada","item":"https:\/\/dominicanbus.com\/pt-br\/inicio\/"},{"@type":"ListItem","position":2,"name":"Loja","item":"https:\/\/dominicanbus.com\/loja\/"},{"@type":"ListItem","position":3,"name":"Aluguel de micro\u00f4nibus com motorista"}]},{"@type":"WebSite","@id":"https:\/\/dominicanbus.com\/pt-br\/#website","url":"https:\/\/dominicanbus.com\/pt-br\/","name":"DominicanBus","description":"Servicios de transporte privado en Republica Dominicana","publisher":{"@id":"https:\/\/dominicanbus.com\/pt-br\/#organization"},"potentialAction":[{"@type":"SearchAction","target":{"@type":"EntryPoint","urlTemplate":"https:\/\/dominicanbus.com\/pt-br\/?s={search_term_string}"},"query-input":{"@type":"PropertyValueSpecification","valueRequired":true,"valueName":"search_term_string"}}],"inLanguage":"pt-BR"},{"@type":"Organization","@id":"https:\/\/dominicanbus.com\/pt-br\/#organization","name":"dominican bus","url":"https:\/\/dominicanbus.com\/pt-br\/","logo":{"@type":"ImageObject","inLanguage":"pt-BR","@id":"https:\/\/dominicanbus.com\/pt-br\/#\/schema\/logo\/image\/","url":"https:\/\/dominicanbus.com\/wp-content\/uploads\/2025\/11\/Sin-titulo-10.png","contentUrl":"https:\/\/dominicanbus.com\/wp-content\/uploads\/2025\/11\/Sin-titulo-10.png","width":252,"height":250,"caption":"dominican bus"},"image":{"@id":"https:\/\/dominicanbus.com\/pt-br\/#\/schema\/logo\/image\/"},"sameAs":["https:\/\/facebook.com\/dominicanbus","https:\/\/x.com\/dominican_tours","https:\/\/instagram.com\/stdominicanbus","https:\/\/linkein.com\/in\/eric-rincon-95029811b","https:\/\/www.pinterest.ca\/dominicantours\/","https:\/\/www.youtube.com\/user\/makeytours"],"description":"Compania de servicio de traslado y transporte turistico en Republica Dominicana","email":"info@dominicanbus.com","telephone":"18299463500","legalName":"Dominicanbus","foundingDate":"2000-05-06","vatID":"132344654","taxID":"132344654","iso6523Code":"132344654","numberOfEmployees":{"@type":"QuantitativeValue","minValue":"11","maxValue":"50"}}]}},"_links":{"self":[{"href":"https:\/\/dominicanbus.com\/pt-br\/wp-json\/wp\/v2\/product\/38693","targetHints":{"allow":["GET"]}}],"collection":[{"href":"https:\/\/dominicanbus.com\/pt-br\/wp-json\/wp\/v2\/product"}],"about":[{"href":"https:\/\/dominicanbus.com\/pt-br\/wp-json\/wp\/v2\/types\/product"}],"replies":[{"embeddable":true,"href":"https:\/\/dominicanbus.com\/pt-br\/wp-json\/wp\/v2\/comments?post=38693"}],"version-history":[{"count":0,"href":"https:\/\/dominicanbus.com\/pt-br\/wp-json\/wp\/v2\/product\/38693\/revisions"}],"wp:featuredmedia":[{"embeddable":true,"href":"https:\/\/dominicanbus.com\/pt-br\/wp-json\/wp\/v2\/media\/38694"}],"wp:attachment":[{"href":"https:\/\/dominicanbus.com\/pt-br\/wp-json\/wp\/v2\/media?parent=38693"}],"wp:term":[{"taxonomy":"product_brand","embeddable":true,"href":"https:\/\/dominicanbus.com\/pt-br\/wp-json\/wp\/v2\/product_brand?post=38693"},{"taxonomy":"product_cat","embeddable":true,"href":"https:\/\/dominicanbus.com\/pt-br\/wp-json\/wp\/v2\/product_cat?post=38693"},{"taxonomy":"product_tag","embeddable":true,"href":"https:\/\/dominicanbus.com\/pt-br\/wp-json\/wp\/v2\/product_tag?post=38693"}],"curies":[{"name":"wp","href":"https:\/\/api.w.org\/{rel}","templated":true}]}}