{"id":38669,"date":"2020-09-27T18:52:53","date_gmt":"2020-09-27T18:52:53","guid":{"rendered":"https:\/\/dominicanbus.com\/transfers\/traslado-do-aeroporto-las-americas-para-las-terrenas\/"},"modified":"2020-09-27T18:52:53","modified_gmt":"2020-09-27T18:52:53","slug":"traslado-do-aeroporto-las-americas-para-las-terrenas","status":"publish","type":"product","link":"https:\/\/dominicanbus.com\/pt-br\/transfers\/traslado-do-aeroporto-las-americas-para-las-terrenas\/","title":{"rendered":"Traslado do Aeroporto Las Americas para Las Terrenas"},"content":{"rendered":"<h2>Traslado do Aeroporto Las Americas para Las Terrenas<\/h2>\n<p><strong>O traslado do aeroporto de Las Am\u00e9ricas para Las Terrenas<\/strong> \u00e9 um dos servi\u00e7os de transporte privado mais solicitados, pois temos um grande n\u00famero de unidades, permitindo de 1 a 6 passageiros, incluindo bagagem, que podem ser transportados de forma privada <strong>Traslado<\/strong> <strong>do aeroporto de Las Am\u00e9ricas para Las Terrenas<\/strong>. Nosso transporte \u00e9 um dos melhores servi\u00e7os de transporte privado dispon\u00edveis para fam\u00edlias grandes ou grandes grupos de amigos, permitindo que voc\u00ea viaje com todo o conforto e seguran\u00e7a que precisa. <\/p>\n<p class=\"p1\">Nosso servi\u00e7o de <strong>transporte particular do aeroporto de Las Am\u00e9ricas para Las Terrenas<\/strong>, com rastreamento de voo, permite que voc\u00ea tenha um servi\u00e7o gratuito em caso de atraso ou mudan\u00e7a de voo (somente na chegada), permitindo que nossos motoristas recebam voc\u00ea com uma recep\u00e7\u00e3o calorosa e personalizada. A tarifa \u00e9 por ve\u00edculo e inclui todos os impostos e taxas aeroportu\u00e1rias. A unidade tem ar-condicionado e uma cadeirinha de beb\u00ea est\u00e1 inclu\u00edda (mediante solicita\u00e7\u00e3o).<\/p>\n<h2>Informa\u00e7\u00f5es b\u00e1sicas sobre Las Terrenas<\/h2>\n<p><strong><a href=\"https:\/\/wikipedia.com\/las-terrenas\/\">Las Terrenas<\/a><\/strong> est\u00e1 localizado na costa nordeste da Pen\u00ednsula de Saman\u00e1, a cerca de 45 minutos de carro da cidade de Saman\u00e1. <a href=\"https:\/\/wikipedia.com\/samana\/\"><strong>a cidade de Saman\u00e1<\/strong><\/a>. Las Terrenas \u00e9 praticamente uma tranquila vila de pescadores e, nos \u00faltimos 30 anos, a vila foi completamente reformada, transformando as antigas cabanas de pescadores em um moderno resort repleto de hot\u00e9is, vilas, apartamentos, bares, restaurantes e lojas. A beleza c\u00eanica do lugar, com suas infinitas praias (mais de 20 quil\u00f4metros de praias) e a coexist\u00eancia de diferentes nacionalidades (francesa, italiana, alem\u00e3, su\u00ed\u00e7a, canadense, americana e espanhola: cerca de 6.000 estrangeiros no total) ajudaram a fazer de Las Terrenas o destino de f\u00e9rias mais vibrante e cosmopolita da pen\u00ednsula de Saman\u00e1.   <\/p>\n<p>Para saber o custo ou as tarifas de transporte de santo domingo para outros destinos na rep\u00fablica dominicana, voc\u00ea pode fazer uma cota\u00e7\u00e3o on-line aqui: <a href=\"https:\/\/dominicanbus.com\/pt-br\/las-terrenas\/\">Tarifas de traslado de Las Terrenas<\/a><\/p>\n<div class=\"wp-block-group alignwide\">\n<div class=\"wp-block-group__inner-container\">\n<div class=\"wp-block-group__inner-container\">\n<h2 class=\"has-dark-gray-color has-text-color\">Lugares para visitar em Las Terrenas:<\/h2>\n<ul>\n<li>Cachoeira El Limon<\/li>\n<li>Cayo Levantado<\/li>\n<li>Parque Los Haitises<\/li>\n<li>Baleias jubarte na ba\u00eda<\/li>\n<li>Praia de Fronton<\/li>\n<li>Praia de Rincon<\/li>\n<li>Cano Frio<\/li>\n<li>El Valle<\/li>\n<\/ul>\n<p>Se voc\u00ea quiser visitar esses lugares e outros a partir de Las Terrenas, recomendo este <a href=\"https:\/\/dominicanbus.com\/pt-br\/excursoes\/\">link aqui<\/a>.<\/p>\n<h2>  Traslado dos hot\u00e9is em Las Terrenas e Samana de 01 a 07 pessoas:<\/h2>\n<ul>\n<li>\n<h4><a href=\"https:\/\/dominicanbus.com\/pt-br\/as-americas\/\">Aeroporto de Las Americas <\/a>\u2192 Para Bahia Principe Grand Cayacoa $165 &#8211; <a href=\"https:\/\/dominicanbus.com\/cotizador\/\">Reserve<\/a><\/h4>\n<\/li>\n<li>\n<h4><a href=\"https:\/\/dominicanbus.com\/pt-br\/as-americas\/\">Aeroporto de Las Americas<\/a> \u2192 Para Bahia Principe Grand El Portillo $165 &#8211; <a href=\"https:\/\/dominicanbus.com\/cotizador\/\">Reserve<\/a><\/h4>\n<\/li>\n<li>\n<h4><a href=\"https:\/\/dominicanbus.com\/pt-br\/as-americas\/\">Aeroporto de Las Americas<\/a> \u2192 A Bahia Principe Luxury Samana $165 &#8211; <a href=\"https:\/\/dominicanbus.com\/cotizador\/\">Reserve<\/a><\/h4>\n<\/li>\n<li>\n<h4><a href=\"https:\/\/dominicanbus.com\/pt-br\/as-americas\/\">Las Americas Airport<\/a> \u2192 A Residence Playa Colibri $165 &#8211; <a href=\"https:\/\/dominicanbus.com\/cotizador\/\">Reserve agora<\/a><\/h4>\n<\/li>\n<li>\n<h4><a href=\"https:\/\/dominicanbus.com\/pt-br\/as-americas\/\">Aeroporto de Las Americas<\/a> \u2192 Hotel A Albachiara $165 &#8211; <a href=\"https:\/\/dominicanbus.com\/cotizador\/\">Reserve<\/a><\/h4>\n<\/li>\n<li>\n<h4><a href=\"https:\/\/dominicanbus.com\/pt-br\/as-americas\/\">Aeroporto de Las Americas<\/a> \u2192 A Bahia Principe Luxury Cayo Levantado $165 &#8211; <a href=\"https:\/\/dominicanbus.com\/cotizador\/\">Reserve<\/a><\/h4>\n<\/li>\n<li>\n<h4><a href=\"https:\/\/dominicanbus.com\/pt-br\/as-americas\/\">Las Americas Airport<\/a> \u2192 A Hotel Alisei Las Terrenas $165 &#8211; <a href=\"https:\/\/dominicanbus.com\/cotizador\/\">Reserve agora<\/a><\/h4>\n<\/li>\n<li>\n<h4><a href=\"https:\/\/dominicanbus.com\/pt-br\/as-americas\/\">Las Americas Airport<\/a> \u2192 A Sublime Samana Residence $165 &#8211; <a href=\"https:\/\/dominicanbus.com\/cotizador\/\">Reserve agora<\/a><\/h4>\n<\/li>\n<li>\n<h4><a href=\"https:\/\/dominicanbus.com\/pt-br\/as-americas\/\">Aeroporto de Las Americas<\/a> \u2192 A Hotel La Tortuga $165 &#8211; <a href=\"https:\/\/dominicanbus.com\/cotizador\/\">Reserve<\/a><\/h4>\n<\/li>\n<li>\n<h4><a href=\"https:\/\/dominicanbus.com\/pt-br\/as-americas\/\">Aeroporto de Las Americas<\/a> \u2192 Para Xeliter Balcones del Atlantico $165 &#8211; <a href=\"https:\/\/dominicanbus.com\/cotizador\/\">Reserve agora<\/a><\/h4>\n<\/li>\n<li>\n<h4><a href=\"https:\/\/dominicanbus.com\/pt-br\/as-americas\/\">Aeroporto de Las Am\u00e9ricas<\/a> \u2192 A Viva Wyndham V Samana $165 &#8211; <a href=\"https:\/\/dominicanbus.com\/cotizador\/\">Reserve<\/a><\/h4>\n<\/li>\n<li>\n<h4><a href=\"https:\/\/dominicanbus.com\/pt-br\/as-americas\/\">Las Americas Airport<\/a> \u2192 Um retiro no Jurassic Park $165 &#8211; <a href=\"https:\/\/dominicanbus.com\/cotizador\/\">Reserve<\/a><\/h4>\n<\/li>\n<li>\n<h4><a href=\"https:\/\/dominicanbus.com\/pt-br\/as-americas\/\">Las Americas Airport<\/a> \u2192 A Aligio Apart-Hotel $165 &#8211; <a href=\"https:\/\/dominicanbus.com\/cotizador\/\">Reservas<\/a><\/h4>\n<\/li>\n<li>\n<h4><a href=\"https:\/\/dominicanbus.com\/pt-br\/as-americas\/\">Aeroporto de Las Americas<\/a> \u2192 A Coson Bay $165 &#8211; <a href=\"https:\/\/dominicanbus.com\/cotizador\/\">Reserve<\/a><\/h4>\n<\/li>\n<li>\n<h4><a href=\"https:\/\/dominicanbus.com\/pt-br\/as-americas\/\">Las Americas Airport<\/a> \u2192 A La Dolce Vita Residence $165 &#8211; <a href=\"https:\/\/dominicanbus.com\/cotizador\/\">Reserve agora<\/a><\/h4>\n<\/li>\n<li>\n<h4><a href=\"https:\/\/dominicanbus.com\/pt-br\/as-americas\/\">Las Americas Airport<\/a> \u2192 A The Peninsula House $165 &#8211; <a href=\"https:\/\/dominicanbus.com\/cotizador\/\">Reserve<\/a><\/h4>\n<\/li>\n<li>\n<h4><a href=\"https:\/\/dominicanbus.com\/pt-br\/as-americas\/\">Aeroporto de Las Am\u00e9ricas<\/a> \u2192 A El Portillo Residence $165 &#8211; <a href=\"https:\/\/dominicanbus.com\/cotizador\/\">Reserve<\/a><\/h4>\n<\/li>\n<li>\n<h4><a href=\"https:\/\/dominicanbus.com\/pt-br\/as-americas\/\">Las Americas Airport<\/a> \u2192 A Mahona Boutique Hotel $165 &#8211; <a href=\"https:\/\/dominicanbus.com\/cotizador\/\">Reserve agora<\/a><\/h4>\n<\/li>\n<li>\n<h4><a href=\"https:\/\/dominicanbus.com\/pt-br\/as-americas\/\">Aeroporto de Las Americas<\/a> \u2192 A Hotel Plaza Marina $165 &#8211; <a href=\"https:\/\/dominicanbus.com\/cotizador\/\">Reserve<\/a><\/h4>\n<\/li>\n<li>\n<h4><a href=\"https:\/\/dominicanbus.com\/pt-br\/as-americas\/\">Aeroporto de Las Americas<\/a> \u2192 Um hotel Enjoy $165 &#8211; <a href=\"https:\/\/dominicanbus.com\/cotizador\/\">Reserve<\/a><\/h4>\n<\/li>\n<li>\n<h4><a href=\"https:\/\/dominicanbus.com\/pt-br\/as-americas\/\">Aeroporto de Las Americas<\/a> \u2192 Para Costa Las Ballenas $165 &#8211; <a href=\"https:\/\/dominicanbus.com\/cotizador\/\">Reserve<\/a><\/h4>\n<\/li>\n<li>\n<h4><a href=\"https:\/\/dominicanbus.com\/pt-br\/as-americas\/\">Aeroporto de Las Am\u00e9ricas<\/a> \u2192 A Las Cayenas Hotel $165 &#8211; <a href=\"https:\/\/dominicanbus.com\/cotizador\/\">Reserve agora<\/a><\/h4>\n<\/li>\n<li>\n<h4><a href=\"https:\/\/dominicanbus.com\/pt-br\/as-americas\/\">Aeroporto de Las Americas<\/a> \u2192 A Hotel Atlantis $165 &#8211; <a href=\"https:\/\/dominicanbus.com\/cotizador\/\">Reserve<\/a><\/h4>\n<\/li>\n<li>\n<h4><a href=\"https:\/\/dominicanbus.com\/pt-br\/as-americas\/\">Aeroporto de Las Americas<\/a> \u2192 A Hotel El Guayacan $165 &#8211; <a href=\"https:\/\/dominicanbus.com\/cotizador\/\">Reserve agora<\/a><\/h4>\n<\/li>\n<li>\n<h4><a href=\"https:\/\/dominicanbus.com\/pt-br\/as-americas\/\">Aeroporto de Las Americas<\/a> \u2192 A Costanera Beach Hotel $165 &#8211; <a href=\"https:\/\/dominicanbus.com\/cotizador\/\">Reserve<\/a><\/h4>\n<\/li>\n<li>\n<h4><a href=\"https:\/\/dominicanbus.com\/pt-br\/as-americas\/\">Aeroporto de Las Americas<\/a> \u2192 A Mosquito Boutique Hotel $165 &#8211; <a href=\"https:\/\/dominicanbus.com\/cotizador\/\">Reserve<\/a><\/h4>\n<\/li>\n<li>\n<h4><a href=\"https:\/\/dominicanbus.com\/pt-br\/as-americas\/\">Las Americas Airport<\/a> \u2192 A Treehouse Hotel Boutique $165 &#8211; <a href=\"https:\/\/dominicanbus.com\/cotizador\/\">Reserve agora<\/a><\/h4>\n<\/li>\n<li>\n<h4><a href=\"https:\/\/dominicanbus.com\/pt-br\/as-americas\/\">Aeroporto de Las Americas<\/a> \u2192 A Madrugada Residencial $165 &#8211; <a href=\"https:\/\/dominicanbus.com\/cotizador\/\">Reserve<\/a><\/h4>\n<\/li>\n<\/ul>\n<\/div>\n<\/div>\n<\/div>\n","protected":false},"excerpt":{"rendered":"<p><span class=\"s1\">*V\u00e1lido somente para reservas on-line. <\/span>Reserve seu motorista <em>particular<\/em> do Aeroporto Las Americas para Las Terrenas \u2713 de 1 a 6 pessoas por apenas $165 \u2713 Pagamento online \u2713 Pre\u00e7os fixos \u2713 Com a Dominican Bus voc\u00ea pode reservar sua viagem em menos de 60 segundos e com confirma\u00e7\u00e3o instant\u00e2nea. Nosso motorista estar\u00e1 esperando por voc\u00ea com uma placa de boas-vindas na chegada ao Aeroporto de Santo Domingo e o levar\u00e1 diretamente ao seu hotel, vila ou apartamento em Las Terrenas, em Samana. <\/p>\n","protected":false},"featured_media":38587,"comment_status":"closed","ping_status":"closed","template":"","meta":{"site-sidebar-layout":"default","site-content-layout":"default","ast-site-content-layout":"default","site-content-style":"default","site-sidebar-style":"default","ast-global-header-display":"","ast-banner-title-visibility":"","ast-main-header-display":"","ast-hfb-above-header-display":"","ast-hfb-below-header-display":"","ast-hfb-mobile-header-display":"","site-post-title":"","ast-breadcrumbs-content":"","ast-featured-img":"","footer-sml-layout":"","ast-disable-related-posts":"","theme-transparent-header-meta":"","adv-header-id-meta":"","stick-header-meta":"","header-above-stick-meta":"","header-main-stick-meta":"","header-below-stick-meta":"","astra-migrate-meta-layouts":"default","ast-page-background-enabled":"default","ast-page-background-meta":{"desktop":{"background-color":"","background-image":"","background-repeat":"repeat","background-position":"center center","background-size":"auto","background-attachment":"scroll","background-type":"","background-media":"","overlay-type":"","overlay-color":"","overlay-opacity":"","overlay-gradient":""},"tablet":{"background-color":"","background-image":"","background-repeat":"repeat","background-position":"center center","background-size":"auto","background-attachment":"scroll","background-type":"","background-media":"","overlay-type":"","overlay-color":"","overlay-opacity":"","overlay-gradient":""},"mobile":{"background-color":"","background-image":"","background-repeat":"repeat","background-position":"center center","background-size":"auto","background-attachment":"scroll","background-type":"","background-media":"","overlay-type":"","overlay-color":"","overlay-opacity":"","overlay-gradient":""}},"ast-content-background-meta":{"desktop":{"background-color":"var(--ast-global-color-5)","background-image":"","background-repeat":"repeat","background-position":"center center","background-size":"auto","background-attachment":"scroll","background-type":"","background-media":"","overlay-type":"","overlay-color":"","overlay-opacity":"","overlay-gradient":""},"tablet":{"background-color":"var(--ast-global-color-5)","background-image":"","background-repeat":"repeat","background-position":"center center","background-size":"auto","background-attachment":"scroll","background-type":"","background-media":"","overlay-type":"","overlay-color":"","overlay-opacity":"","overlay-gradient":""},"mobile":{"background-color":"var(--ast-global-color-5)","background-image":"","background-repeat":"repeat","background-position":"center center","background-size":"auto","background-attachment":"scroll","background-type":"","background-media":"","overlay-type":"","overlay-color":"","overlay-opacity":"","overlay-gradient":""}}},"product_brand":[],"product_cat":[1189,1187],"product_tag":[1188,1190,1136],"class_list":{"0":"post-38669","1":"product","2":"type-product","3":"status-publish","4":"has-post-thumbnail","6":"product_cat-servico-de-transferencia-pt-br","7":"product_cat-transporte-para-o-aeroporto-pt-br","8":"product_tag-aeroportos-pt-br","9":"product_tag-las-terrenas-pt-br","10":"product_tag-santo-domingo-pt-br","11":"desktop-align-center","12":"tablet-align-center","13":"mobile-align-center","14":"ast-product-gallery-layout-horizontal","15":"ast-product-gallery-with-no-image","16":"ast-product-single-variable","17":"ast-product-tabs-layout-horizontal","18":"wcpa_has_options","20":"first","21":"onbackorder","22":"sold-individually","23":"shipping-taxable","24":"purchasable","25":"product-type-variable","26":"has-default-attributes"},"yoast_head":"<!-- This site is optimized with the Yoast SEO Premium plugin v27.4 (Yoast SEO v27.5) - https:\/\/yoast.com\/product\/yoast-seo-premium-wordpress\/ -->\n<title>Traslado do Aeroporto Las Americas para Las Terrenas - Traslado particular $165<\/title>\n<meta name=\"description\" content=\"A Dominicanbus oferece traslados do aeroporto de Las Am\u00e9ricas para os hot\u00e9is de Las Terrenas ou para o Airbnb em um transporte particular de US$ 165 com A\/C WIFi\" \/>\n<meta name=\"robots\" content=\"index, follow, max-snippet:-1, max-image-preview:large, max-video-preview:-1\" \/>\n<link rel=\"canonical\" href=\"https:\/\/dominicanbus.com\/pt-br\/transfers\/traslado-do-aeroporto-las-americas-para-las-terrenas\/\" \/>\n<meta property=\"og:locale\" content=\"pt_BR\" \/>\n<meta property=\"og:type\" content=\"article\" \/>\n<meta property=\"og:title\" content=\"Traslado do Aeroporto Las Americas para Las Terrenas\" \/>\n<meta property=\"og:description\" content=\"A Dominicanbus oferece traslados do aeroporto de Las Am\u00e9ricas para os hot\u00e9is de Las Terrenas ou para o Airbnb em um transporte particular de US$ 165 com A\/C WIFi\" \/>\n<meta property=\"og:url\" content=\"https:\/\/dominicanbus.com\/pt-br\/transfers\/traslado-do-aeroporto-las-americas-para-las-terrenas\/\" \/>\n<meta property=\"og:site_name\" content=\"dominican bus\" \/>\n<meta property=\"article:publisher\" content=\"https:\/\/facebook.com\/dominicanbus\" \/>\n<meta property=\"og:image\" content=\"https:\/\/dominicanbus.com\/wp-content\/uploads\/2020\/09\/fondo-32.jpg\" \/>\n\t<meta property=\"og:image:width\" content=\"550\" \/>\n\t<meta property=\"og:image:height\" content=\"364\" \/>\n\t<meta property=\"og:image:type\" content=\"image\/jpeg\" \/>\n<meta name=\"twitter:card\" content=\"summary_large_image\" \/>\n<meta name=\"twitter:site\" content=\"@dominican_tours\" \/>\n<meta name=\"twitter:label1\" content=\"Est. tempo de leitura\" \/>\n\t<meta name=\"twitter:data1\" content=\"3 minutos\" \/>\n<script type=\"application\/ld+json\" class=\"yoast-schema-graph\">{\"@context\":\"https:\\\/\\\/schema.org\",\"@graph\":[{\"@type\":\"WebPage\",\"@id\":\"https:\\\/\\\/dominicanbus.com\\\/pt-br\\\/transfers\\\/traslado-do-aeroporto-las-americas-para-las-terrenas\\\/\",\"url\":\"https:\\\/\\\/dominicanbus.com\\\/pt-br\\\/transfers\\\/traslado-do-aeroporto-las-americas-para-las-terrenas\\\/\",\"name\":\"Traslado do Aeroporto Las Americas para Las Terrenas - Traslado particular $165\",\"isPartOf\":{\"@id\":\"https:\\\/\\\/dominicanbus.com\\\/pt-br\\\/#website\"},\"primaryImageOfPage\":{\"@id\":\"https:\\\/\\\/dominicanbus.com\\\/pt-br\\\/transfers\\\/traslado-do-aeroporto-las-americas-para-las-terrenas\\\/#primaryimage\"},\"image\":{\"@id\":\"https:\\\/\\\/dominicanbus.com\\\/pt-br\\\/transfers\\\/traslado-do-aeroporto-las-americas-para-las-terrenas\\\/#primaryimage\"},\"thumbnailUrl\":\"https:\\\/\\\/dominicanbus.com\\\/wp-content\\\/uploads\\\/2020\\\/09\\\/fondo-32.jpg\",\"datePublished\":\"2020-09-27T18:52:53+00:00\",\"description\":\"A Dominicanbus oferece traslados do aeroporto de Las Am\u00e9ricas para os hot\u00e9is de Las Terrenas ou para o Airbnb em um transporte particular de US$ 165 com A\\\/C WIFi\",\"breadcrumb\":{\"@id\":\"https:\\\/\\\/dominicanbus.com\\\/pt-br\\\/transfers\\\/traslado-do-aeroporto-las-americas-para-las-terrenas\\\/#breadcrumb\"},\"inLanguage\":\"pt-BR\",\"potentialAction\":[{\"@type\":\"ReadAction\",\"target\":[\"https:\\\/\\\/dominicanbus.com\\\/pt-br\\\/transfers\\\/traslado-do-aeroporto-las-americas-para-las-terrenas\\\/\"]}]},{\"@type\":\"ImageObject\",\"inLanguage\":\"pt-BR\",\"@id\":\"https:\\\/\\\/dominicanbus.com\\\/pt-br\\\/transfers\\\/traslado-do-aeroporto-las-americas-para-las-terrenas\\\/#primaryimage\",\"url\":\"https:\\\/\\\/dominicanbus.com\\\/wp-content\\\/uploads\\\/2020\\\/09\\\/fondo-32.jpg\",\"contentUrl\":\"https:\\\/\\\/dominicanbus.com\\\/wp-content\\\/uploads\\\/2020\\\/09\\\/fondo-32.jpg\",\"width\":550,\"height\":364},{\"@type\":\"BreadcrumbList\",\"@id\":\"https:\\\/\\\/dominicanbus.com\\\/pt-br\\\/transfers\\\/traslado-do-aeroporto-las-americas-para-las-terrenas\\\/#breadcrumb\",\"itemListElement\":[{\"@type\":\"ListItem\",\"position\":1,\"name\":\"Portada\",\"item\":\"https:\\\/\\\/dominicanbus.com\\\/pt-br\\\/inicio\\\/\"},{\"@type\":\"ListItem\",\"position\":2,\"name\":\"Loja\",\"item\":\"https:\\\/\\\/dominicanbus.com\\\/loja\\\/\"},{\"@type\":\"ListItem\",\"position\":3,\"name\":\"Traslado do Aeroporto Las Americas para Las Terrenas\"}]},{\"@type\":\"WebSite\",\"@id\":\"https:\\\/\\\/dominicanbus.com\\\/pt-br\\\/#website\",\"url\":\"https:\\\/\\\/dominicanbus.com\\\/pt-br\\\/\",\"name\":\"DominicanBus\",\"description\":\"Servicios de transporte privado en Republica Dominicana\",\"publisher\":{\"@id\":\"https:\\\/\\\/dominicanbus.com\\\/pt-br\\\/#organization\"},\"potentialAction\":[{\"@type\":\"SearchAction\",\"target\":{\"@type\":\"EntryPoint\",\"urlTemplate\":\"https:\\\/\\\/dominicanbus.com\\\/pt-br\\\/?s={search_term_string}\"},\"query-input\":{\"@type\":\"PropertyValueSpecification\",\"valueRequired\":true,\"valueName\":\"search_term_string\"}}],\"inLanguage\":\"pt-BR\"},{\"@type\":\"Organization\",\"@id\":\"https:\\\/\\\/dominicanbus.com\\\/pt-br\\\/#organization\",\"name\":\"dominican bus\",\"url\":\"https:\\\/\\\/dominicanbus.com\\\/pt-br\\\/\",\"logo\":{\"@type\":\"ImageObject\",\"inLanguage\":\"pt-BR\",\"@id\":\"https:\\\/\\\/dominicanbus.com\\\/pt-br\\\/#\\\/schema\\\/logo\\\/image\\\/\",\"url\":\"https:\\\/\\\/dominicanbus.com\\\/wp-content\\\/uploads\\\/2025\\\/11\\\/Sin-titulo-10.png\",\"contentUrl\":\"https:\\\/\\\/dominicanbus.com\\\/wp-content\\\/uploads\\\/2025\\\/11\\\/Sin-titulo-10.png\",\"width\":252,\"height\":250,\"caption\":\"dominican bus\"},\"image\":{\"@id\":\"https:\\\/\\\/dominicanbus.com\\\/pt-br\\\/#\\\/schema\\\/logo\\\/image\\\/\"},\"sameAs\":[\"https:\\\/\\\/facebook.com\\\/dominicanbus\",\"https:\\\/\\\/x.com\\\/dominican_tours\",\"https:\\\/\\\/instagram.com\\\/stdominicanbus\",\"https:\\\/\\\/linkein.com\\\/in\\\/eric-rincon-95029811b\",\"https:\\\/\\\/www.pinterest.ca\\\/dominicantours\\\/\",\"https:\\\/\\\/www.youtube.com\\\/user\\\/makeytours\"],\"description\":\"Compania de servicio de traslado y transporte turistico en Republica Dominicana\",\"email\":\"info@dominicanbus.com\",\"telephone\":\"18299463500\",\"legalName\":\"Dominicanbus\",\"foundingDate\":\"2000-05-06\",\"vatID\":\"132344654\",\"taxID\":\"132344654\",\"iso6523Code\":\"132344654\",\"numberOfEmployees\":{\"@type\":\"QuantitativeValue\",\"minValue\":\"11\",\"maxValue\":\"50\"}}]}<\/script>\n<!-- \/ Yoast SEO Premium plugin. -->","yoast_head_json":{"title":"Traslado do Aeroporto Las Americas para Las Terrenas - Traslado particular $165","description":"A Dominicanbus oferece traslados do aeroporto de Las Am\u00e9ricas para os hot\u00e9is de Las Terrenas ou para o Airbnb em um transporte particular de US$ 165 com A\/C WIFi","robots":{"index":"index","follow":"follow","max-snippet":"max-snippet:-1","max-image-preview":"max-image-preview:large","max-video-preview":"max-video-preview:-1"},"canonical":"https:\/\/dominicanbus.com\/pt-br\/transfers\/traslado-do-aeroporto-las-americas-para-las-terrenas\/","og_locale":"pt_BR","og_type":"article","og_title":"Traslado do Aeroporto Las Americas para Las Terrenas","og_description":"A Dominicanbus oferece traslados do aeroporto de Las Am\u00e9ricas para os hot\u00e9is de Las Terrenas ou para o Airbnb em um transporte particular de US$ 165 com A\/C WIFi","og_url":"https:\/\/dominicanbus.com\/pt-br\/transfers\/traslado-do-aeroporto-las-americas-para-las-terrenas\/","og_site_name":"dominican bus","article_publisher":"https:\/\/facebook.com\/dominicanbus","og_image":[{"width":550,"height":364,"url":"https:\/\/dominicanbus.com\/wp-content\/uploads\/2020\/09\/fondo-32.jpg","type":"image\/jpeg"}],"twitter_card":"summary_large_image","twitter_site":"@dominican_tours","twitter_misc":{"Est. tempo de leitura":"3 minutos"},"schema":{"@context":"https:\/\/schema.org","@graph":[{"@type":"WebPage","@id":"https:\/\/dominicanbus.com\/pt-br\/transfers\/traslado-do-aeroporto-las-americas-para-las-terrenas\/","url":"https:\/\/dominicanbus.com\/pt-br\/transfers\/traslado-do-aeroporto-las-americas-para-las-terrenas\/","name":"Traslado do Aeroporto Las Americas para Las Terrenas - Traslado particular $165","isPartOf":{"@id":"https:\/\/dominicanbus.com\/pt-br\/#website"},"primaryImageOfPage":{"@id":"https:\/\/dominicanbus.com\/pt-br\/transfers\/traslado-do-aeroporto-las-americas-para-las-terrenas\/#primaryimage"},"image":{"@id":"https:\/\/dominicanbus.com\/pt-br\/transfers\/traslado-do-aeroporto-las-americas-para-las-terrenas\/#primaryimage"},"thumbnailUrl":"https:\/\/dominicanbus.com\/wp-content\/uploads\/2020\/09\/fondo-32.jpg","datePublished":"2020-09-27T18:52:53+00:00","description":"A Dominicanbus oferece traslados do aeroporto de Las Am\u00e9ricas para os hot\u00e9is de Las Terrenas ou para o Airbnb em um transporte particular de US$ 165 com A\/C WIFi","breadcrumb":{"@id":"https:\/\/dominicanbus.com\/pt-br\/transfers\/traslado-do-aeroporto-las-americas-para-las-terrenas\/#breadcrumb"},"inLanguage":"pt-BR","potentialAction":[{"@type":"ReadAction","target":["https:\/\/dominicanbus.com\/pt-br\/transfers\/traslado-do-aeroporto-las-americas-para-las-terrenas\/"]}]},{"@type":"ImageObject","inLanguage":"pt-BR","@id":"https:\/\/dominicanbus.com\/pt-br\/transfers\/traslado-do-aeroporto-las-americas-para-las-terrenas\/#primaryimage","url":"https:\/\/dominicanbus.com\/wp-content\/uploads\/2020\/09\/fondo-32.jpg","contentUrl":"https:\/\/dominicanbus.com\/wp-content\/uploads\/2020\/09\/fondo-32.jpg","width":550,"height":364},{"@type":"BreadcrumbList","@id":"https:\/\/dominicanbus.com\/pt-br\/transfers\/traslado-do-aeroporto-las-americas-para-las-terrenas\/#breadcrumb","itemListElement":[{"@type":"ListItem","position":1,"name":"Portada","item":"https:\/\/dominicanbus.com\/pt-br\/inicio\/"},{"@type":"ListItem","position":2,"name":"Loja","item":"https:\/\/dominicanbus.com\/loja\/"},{"@type":"ListItem","position":3,"name":"Traslado do Aeroporto Las Americas para Las Terrenas"}]},{"@type":"WebSite","@id":"https:\/\/dominicanbus.com\/pt-br\/#website","url":"https:\/\/dominicanbus.com\/pt-br\/","name":"DominicanBus","description":"Servicios de transporte privado en Republica Dominicana","publisher":{"@id":"https:\/\/dominicanbus.com\/pt-br\/#organization"},"potentialAction":[{"@type":"SearchAction","target":{"@type":"EntryPoint","urlTemplate":"https:\/\/dominicanbus.com\/pt-br\/?s={search_term_string}"},"query-input":{"@type":"PropertyValueSpecification","valueRequired":true,"valueName":"search_term_string"}}],"inLanguage":"pt-BR"},{"@type":"Organization","@id":"https:\/\/dominicanbus.com\/pt-br\/#organization","name":"dominican bus","url":"https:\/\/dominicanbus.com\/pt-br\/","logo":{"@type":"ImageObject","inLanguage":"pt-BR","@id":"https:\/\/dominicanbus.com\/pt-br\/#\/schema\/logo\/image\/","url":"https:\/\/dominicanbus.com\/wp-content\/uploads\/2025\/11\/Sin-titulo-10.png","contentUrl":"https:\/\/dominicanbus.com\/wp-content\/uploads\/2025\/11\/Sin-titulo-10.png","width":252,"height":250,"caption":"dominican bus"},"image":{"@id":"https:\/\/dominicanbus.com\/pt-br\/#\/schema\/logo\/image\/"},"sameAs":["https:\/\/facebook.com\/dominicanbus","https:\/\/x.com\/dominican_tours","https:\/\/instagram.com\/stdominicanbus","https:\/\/linkein.com\/in\/eric-rincon-95029811b","https:\/\/www.pinterest.ca\/dominicantours\/","https:\/\/www.youtube.com\/user\/makeytours"],"description":"Compania de servicio de traslado y transporte turistico en Republica Dominicana","email":"info@dominicanbus.com","telephone":"18299463500","legalName":"Dominicanbus","foundingDate":"2000-05-06","vatID":"132344654","taxID":"132344654","iso6523Code":"132344654","numberOfEmployees":{"@type":"QuantitativeValue","minValue":"11","maxValue":"50"}}]}},"_links":{"self":[{"href":"https:\/\/dominicanbus.com\/pt-br\/wp-json\/wp\/v2\/product\/38669","targetHints":{"allow":["GET"]}}],"collection":[{"href":"https:\/\/dominicanbus.com\/pt-br\/wp-json\/wp\/v2\/product"}],"about":[{"href":"https:\/\/dominicanbus.com\/pt-br\/wp-json\/wp\/v2\/types\/product"}],"replies":[{"embeddable":true,"href":"https:\/\/dominicanbus.com\/pt-br\/wp-json\/wp\/v2\/comments?post=38669"}],"version-history":[{"count":0,"href":"https:\/\/dominicanbus.com\/pt-br\/wp-json\/wp\/v2\/product\/38669\/revisions"}],"wp:featuredmedia":[{"embeddable":true,"href":"https:\/\/dominicanbus.com\/pt-br\/wp-json\/wp\/v2\/media\/38587"}],"wp:attachment":[{"href":"https:\/\/dominicanbus.com\/pt-br\/wp-json\/wp\/v2\/media?parent=38669"}],"wp:term":[{"taxonomy":"product_brand","embeddable":true,"href":"https:\/\/dominicanbus.com\/pt-br\/wp-json\/wp\/v2\/product_brand?post=38669"},{"taxonomy":"product_cat","embeddable":true,"href":"https:\/\/dominicanbus.com\/pt-br\/wp-json\/wp\/v2\/product_cat?post=38669"},{"taxonomy":"product_tag","embeddable":true,"href":"https:\/\/dominicanbus.com\/pt-br\/wp-json\/wp\/v2\/product_tag?post=38669"}],"curies":[{"name":"wp","href":"https:\/\/api.w.org\/{rel}","templated":true}]}}