{"id":38655,"date":"2020-09-29T00:30:29","date_gmt":"2020-09-29T00:30:29","guid":{"rendered":"https:\/\/dominicanbus.com\/transfers\/traslado-do-aeroporto-de-las-americas-para-bayahibe\/"},"modified":"2020-09-29T00:30:29","modified_gmt":"2020-09-29T00:30:29","slug":"traslado-do-aeroporto-de-las-americas-para-bayahibe","status":"publish","type":"product","link":"https:\/\/dominicanbus.com\/pt-br\/transfers\/traslado-do-aeroporto-de-las-americas-para-bayahibe\/","title":{"rendered":"Traslado do aeroporto de Las Americas para Bayahibe"},"content":{"rendered":"<h2>Traslado do aeroporto de Las Americas para Bayahibe<\/h2>\n<p><strong>O traslado do aeroporto de Las Am\u00e9ricas para Bayahibe<\/strong> \u00e9 um dos servi\u00e7os de transporte particular mais solicitados, pois temos um grande n\u00famero de unidades, permitindo de 1 a 6 passageiros, incluindo bagagem, que podem ser transportados em particular <strong>do aeroporto de Las Am\u00e9ricas para Bayahibe ou Dominicus na Rep\u00fablica Dominicana.<\/strong> Nosso transporte \u00e9 um dos melhores servi\u00e7os de transporte particular dispon\u00edveis para fam\u00edlias numerosas ou grandes grupos de amigos, permitindo que voc\u00ea viaje com todo o conforto e seguran\u00e7a de que precisa. <\/p>\n<p class=\"p1\">Nosso servi\u00e7o de <strong>transporte particular do aeroporto de Las Am\u00e9ricas para Bayahibe<\/strong>, com rastreamento de voo, permite que voc\u00ea tenha um servi\u00e7o gratuito em caso de atraso ou mudan\u00e7a de voo (somente na chegada), permitindo que nossos motoristas recebam voc\u00ea com uma recep\u00e7\u00e3o calorosa e personalizada. A tarifa \u00e9 por ve\u00edculo e inclui todos os impostos e taxas aeroportu\u00e1rias. A unidade tem ar-condicionado e uma cadeirinha de beb\u00ea est\u00e1 inclu\u00edda (mediante solicita\u00e7\u00e3o).<\/p>\n<h2>Informa\u00e7\u00f5es b\u00e1sicas sobre Bayahibe<\/h2>\n<p><strong>Bayahibe, na Rep\u00fablica Dominicana<\/strong>, fica a 25 minutos de <strong>La Romana<\/strong>. A pequena cidade litor\u00e2nea de <a href=\"https:\/\/wikipedia.com\/bayahibe\/\"><strong>Bayahibe<\/strong><\/a> est\u00e1 localizada na costa sudeste do Caribe da Rep\u00fablica Dominicana, perto da terceira maior cidade do pa\u00eds, <a href=\"https:\/\/wikipedia.com\/la-romana\/\"><strong>La Romana<\/strong><\/a>e \u00e9 um \u00f3timo destino para voc\u00ea <strong>viajar para a Rep\u00fablica Dominicana<\/strong>. A antiga vila de pescadores se estabeleceu nas \u00faltimas d\u00e9cadas como um importante destino para visitantes de todo o mundo e conta com v\u00e1rios resorts exclusivos e pousadas tradicionais ao longo de suas belas praias de areia fina.  <\/p>\n<p>Para saber o custo ou as tarifas de transporte de Santo Domingo para outros destinos na Rep\u00fablica Dominicana, voc\u00ea pode fazer uma cota\u00e7\u00e3o on-line aqui: <a href=\"https:\/\/dominicus.com\/bayahibe\/\">Tarifas de traslado de Bayahibe<\/a><\/p>\n<div class=\"wp-block-group alignwide\">\n<div class=\"wp-block-group__inner-container\">\n<div class=\"wp-block-group__inner-container\">\n<h2 class=\"has-dark-gray-color has-text-color\">Lugares para visitar em Bayahibe:<\/h2>\n<ul>\n<li>Ilha Catalina<\/li>\n<li>Altos de Chavon<\/li>\n<li>Ilha Saona<\/li>\n<li>Boca de Juma<\/li>\n<li>Casa de campo<\/li>\n<li>Parque La Hacienda<\/li>\n<li>Cavernas das maravilhas<\/li>\n<li>Rancho Cumayasa<\/li>\n<\/ul>\n<p>Se voc\u00ea quiser visitar esses e outros lugares de Bayahibe, recomendo este <a href=\"https:\/\/dominicanbus.com\/pt-br\/excursoes\/\">link aqui.<\/a><\/p>\n<h2>  Traslado dos hot\u00e9is em Bayahibe e La Romana de 01 a 07 pessoas:<\/h2>\n<ul>\n<li>\n<h4><a href=\"https:\/\/dominicanbus.com\/pt-br\/as-americas\/\">Aeroporto de Las Americas <\/a>\u2192 A Whala Bayahibe $75 &#8211; <a href=\"https:\/\/dominicanbus.com\/cotizador\/\">Reserve<\/a><\/h4>\n<\/li>\n<li>\n<h4><a href=\"https:\/\/dominicanbus.com\/pt-br\/as-americas\/\">Aeroporto de Las Am\u00e9ricas<\/a> \u2192 A Altea Palace $75 &#8211; <a href=\"https:\/\/dominicanbus.com\/cotizador\/\">Reserve<\/a><\/h4>\n<\/li>\n<li>\n<h4><a href=\"https:\/\/dominicanbus.com\/pt-br\/as-americas\/\">Aeroporto de Las Am\u00e9ricas<\/a> \u2192 A Hotel Bayahibe $75 &#8211; <a href=\"https:\/\/dominicanbus.com\/cotizador\/\">Reserve<\/a><\/h4>\n<\/li>\n<li>\n<h4><a href=\"https:\/\/dominicanbus.com\/pt-br\/as-americas\/\">Las Americas Airport<\/a> \u2192 A Hotel Residence Eden $75 &#8211; <a href=\"https:\/\/dominicanbus.com\/cotizador\/\">Reservas<\/a><\/h4>\n<\/li>\n<li>\n<h4><a href=\"https:\/\/dominicanbus.com\/pt-br\/as-americas\/\">Aeroporto de Las Am\u00e9ricas<\/a> \u2192 A Miranda Hotel Resorts Bayahibe $75 &#8211; <a href=\"https:\/\/dominicanbus.com\/cotizador\/\">Reserve<\/a><\/h4>\n<\/li>\n<li>\n<h4><a href=\"https:\/\/dominicanbus.com\/pt-br\/as-americas\/\">Aeroporto de Las Am\u00e9ricas<\/a> \u2192 A Catalonia Grand Dominicus $75 &#8211; <a href=\"https:\/\/dominicanbus.com\/cotizador\/\">Reserve<\/a><\/h4>\n<\/li>\n<li>\n<h4><a href=\"https:\/\/dominicanbus.com\/pt-br\/as-americas\/\">Aeroporto de Las Americas<\/a> \u2192 A Catalonia Royal La Romana $75 &#8211; <a href=\"https:\/\/dominicanbus.com\/cotizador\/\">Reserva<\/a><\/h4>\n<\/li>\n<li>\n<h4><a href=\"https:\/\/dominicanbus.com\/pt-br\/as-americas\/\">Aeroporto de Las Americas<\/a> \u2192 A Viva Wyndham Dominicus Beach $75 &#8211; <a href=\"https:\/\/dominicanbus.com\/cotizador\/\">Reserve<\/a><\/h4>\n<\/li>\n<li>\n<h4><a href=\"https:\/\/dominicanbus.com\/pt-br\/as-americas\/\">Aeroporto de Las Americas<\/a> \u2192 A Dreams Dominicus La Romana $75 &#8211; <a href=\"https:\/\/dominicanbus.com\/cotizador\/\">Reserve agora<\/a><\/h4>\n<\/li>\n<li>\n<h4><a href=\"https:\/\/dominicanbus.com\/pt-br\/as-americas\/\">Aeroporto de Las Americas<\/a> \u2192 A Hotel Caserma Bayahibe $75 &#8211; <a href=\"https:\/\/dominicanbus.com\/cotizador\/\">Reserve<\/a><\/h4>\n<\/li>\n<li>\n<h4><a href=\"https:\/\/dominicanbus.com\/pt-br\/as-americas\/\">Aeroporto de Las Americas<\/a> \u2192 A Tracadero Beach Resort $75 &#8211; <a href=\"https:\/\/dominicanbus.com\/cotizador\/\">Reserve<\/a><\/h4>\n<\/li>\n<li>\n<h4><a href=\"https:\/\/dominicanbus.com\/pt-br\/as-americas\/\">Aeroporto de Las Americas<\/a> \u2192 A Be Live Collection Canoa $75 &#8211; <a href=\"https:\/\/dominicanbus.com\/cotizador\/\">Reserve<\/a><\/h4>\n<\/li>\n<li>\n<h4><a href=\"https:\/\/dominicanbus.com\/pt-br\/as-americas\/\">Aeroporto de Las Am\u00e9ricas<\/a> \u2192 A Hotel El Pulpo $75 &#8211; <a href=\"https:\/\/dominicanbus.com\/cotizador\/\">Reserve<\/a><\/h4>\n<\/li>\n<li>\n<h4><a href=\"https:\/\/dominicanbus.com\/pt-br\/as-americas\/\">Aeroporto de Las Am\u00e9ricas<\/a> \u2192 Para o Iberostar Hacienda Dominicus $75 &#8211; <a href=\"https:\/\/dominicanbus.com\/cotizador\/\">Reserve<\/a><\/h4>\n<\/li>\n<li>\n<h4><a href=\"https:\/\/dominicanbus.com\/pt-br\/as-americas\/\">Aeroporto de Las Americas<\/a> \u2192 A Viva Wyndhan Dominicus Palace $75 &#8211; <a href=\"https:\/\/dominicanbus.com\/cotizador\/\">Reserve<\/a><\/h4>\n<\/li>\n<li>\n<h4><a href=\"https:\/\/dominicanbus.com\/pt-br\/as-americas\/\">Aeroporto de Las Americas<\/a> \u2192 Para Tropical Caribe Bayahibe $75 &#8211; <a href=\"https:\/\/dominicanbus.com\/cotizador\/\">Reserve<\/a><\/h4>\n<\/li>\n<li>\n<h4><a href=\"https:\/\/dominicanbus.com\/pt-br\/as-americas\/\">Aeroporto de Las Am\u00e9ricas<\/a> \u2192 A Hotel El Eden $75 &#8211; <a href=\"https:\/\/dominicanbus.com\/cotizador\/\">Reserve<\/a><\/h4>\n<\/li>\n<li>\n<h4><a href=\"https:\/\/dominicanbus.com\/pt-br\/as-americas\/\">Las Americas Airport<\/a> \u2192 A Los Altos Residences Bayahibe $75 &#8211; <a href=\"https:\/\/dominicanbus.com\/cotizador\/\">Reserve<\/a><\/h4>\n<\/li>\n<li>\n<h4><a href=\"https:\/\/dominicanbus.com\/pt-br\/as-americas\/\">Aeroporto de Las Am\u00e9ricas<\/a> \u2192 A Hilton La Romana $75 &#8211; <a href=\"https:\/\/dominicanbus.com\/cotizador\/\">Reserve<\/a><\/h4>\n<\/li>\n<li>\n<h4><a href=\"https:\/\/dominicanbus.com\/pt-br\/as-americas\/\">Aeroporto de Las Americas<\/a> \u2192 A Hotel Alkquimia Bayahibe $75 &#8211; <a href=\"https:\/\/dominicanbus.com\/cotizador\/\">Reserve<\/a><\/h4>\n<\/li>\n<li>\n<h4><a href=\"https:\/\/dominicanbus.com\/pt-br\/as-americas\/\">Aeroporto de Las Am\u00e9ricas<\/a> \u2192 A Hotel Sol Dominicus $75 &#8211; <a href=\"https:\/\/dominicanbus.com\/cotizador\/\">Reserve<\/a><\/h4>\n<\/li>\n<li>\n<h4><a href=\"https:\/\/dominicanbus.com\/pt-br\/as-americas\/\">Aeroporto de Las Am\u00e9ricas<\/a> \u2192 A Cadaquez Caribe Resorts Bayahibe $75 &#8211; <a href=\"https:\/\/dominicanbus.com\/cotizador\/\">Reserve<\/a><\/h4>\n<\/li>\n<li>\n<h4><a href=\"https:\/\/dominicanbus.com\/pt-br\/as-americas\/\">Aeroporto de Las Americas<\/a> \u2192 A Weare Bayahibe $75 &#8211; <a href=\"https:\/\/dominicanbus.com\/cotizador\/\">Reserve<\/a><\/h4>\n<\/li>\n<li>\n<h4><a href=\"https:\/\/dominicanbus.com\/pt-br\/as-americas\/\">Aeroporto de Las Americas<\/a> \u2192 Para Elke Bayahibe Cabins $75 &#8211; <a href=\"https:\/\/dominicanbus.com\/cotizador\/\">Reserve<\/a><\/h4>\n<\/li>\n<li>\n<h4><a href=\"https:\/\/dominicanbus.com\/pt-br\/as-americas\/\">Aeroporto de Las Am\u00e9ricas<\/a> \u2192 A Hotel Carsema La Romana $75 &#8211; <a href=\"https:\/\/dominicanbus.com\/cotizador\/\">Reserve<\/a><\/h4>\n<\/li>\n<li>\n<h4><a href=\"https:\/\/dominicanbus.com\/pt-br\/as-americas\/\">Aeroporto de Las Americas<\/a> \u2192 A B&amp;B Villa Luna Bayahibe $75 &#8211; <a href=\"https:\/\/dominicanbus.com\/cotizador\/\">Reserve<\/a><\/h4>\n<\/li>\n<li>\n<h4><a href=\"https:\/\/dominicanbus.com\/pt-br\/as-americas\/\">Aeroporto de Las Am\u00e9ricas<\/a> \u2192 A Hotel Sol Dominicus $75 &#8211; <a href=\"https:\/\/dominicanbus.com\/cotizador\/\">Reserve<\/a><\/h4>\n<\/li>\n<li>\n<h4><a href=\"https:\/\/dominicanbus.com\/pt-br\/as-americas\/\">Aeroporto de Las Americas<\/a> \u2192 A Tittys Paradise Bayahibe $75 &#8211; <a href=\"https:\/\/dominicanbus.com\/cotizador\/\">Reserve<\/a><\/h4>\n<\/li>\n<\/ul>\n<\/div>\n<\/div>\n<\/div>\n","protected":false},"excerpt":{"rendered":"<p><span class=\"s1\">*V\u00e1lido somente para reservas on-line. <\/span>Reserve seu motorista <em>particular<\/em> do Aeroporto Las Americas para Bayahibe \u2713 de 1 a 6 pessoas por apenas $75 \u2713 Pague online \u2713 Pre\u00e7os fixos \u2713 com a Dominican Bus voc\u00ea pode reservar sua viagem em menos de 60 segundos e com confirma\u00e7\u00e3o instant\u00e2nea. Nosso motorista estar\u00e1 esperando por voc\u00ea com uma placa de boas-vindas na chegada ao Aeroporto de Santo Domingo e o levar\u00e1 diretamente ao seu hotel, vila ou apartamento em La Romana e Bayahibe. <\/p>\n","protected":false},"featured_media":38604,"comment_status":"closed","ping_status":"closed","template":"","meta":{"site-sidebar-layout":"default","site-content-layout":"default","ast-site-content-layout":"default","site-content-style":"default","site-sidebar-style":"default","ast-global-header-display":"","ast-banner-title-visibility":"","ast-main-header-display":"","ast-hfb-above-header-display":"","ast-hfb-below-header-display":"","ast-hfb-mobile-header-display":"","site-post-title":"","ast-breadcrumbs-content":"","ast-featured-img":"","footer-sml-layout":"","ast-disable-related-posts":"","theme-transparent-header-meta":"","adv-header-id-meta":"","stick-header-meta":"","header-above-stick-meta":"","header-main-stick-meta":"","header-below-stick-meta":"","astra-migrate-meta-layouts":"default","ast-page-background-enabled":"default","ast-page-background-meta":{"desktop":{"background-color":"","background-image":"","background-repeat":"repeat","background-position":"center center","background-size":"auto","background-attachment":"scroll","background-type":"","background-media":"","overlay-type":"","overlay-color":"","overlay-opacity":"","overlay-gradient":""},"tablet":{"background-color":"","background-image":"","background-repeat":"repeat","background-position":"center center","background-size":"auto","background-attachment":"scroll","background-type":"","background-media":"","overlay-type":"","overlay-color":"","overlay-opacity":"","overlay-gradient":""},"mobile":{"background-color":"","background-image":"","background-repeat":"repeat","background-position":"center center","background-size":"auto","background-attachment":"scroll","background-type":"","background-media":"","overlay-type":"","overlay-color":"","overlay-opacity":"","overlay-gradient":""}},"ast-content-background-meta":{"desktop":{"background-color":"var(--ast-global-color-5)","background-image":"","background-repeat":"repeat","background-position":"center center","background-size":"auto","background-attachment":"scroll","background-type":"","background-media":"","overlay-type":"","overlay-color":"","overlay-opacity":"","overlay-gradient":""},"tablet":{"background-color":"var(--ast-global-color-5)","background-image":"","background-repeat":"repeat","background-position":"center center","background-size":"auto","background-attachment":"scroll","background-type":"","background-media":"","overlay-type":"","overlay-color":"","overlay-opacity":"","overlay-gradient":""},"mobile":{"background-color":"var(--ast-global-color-5)","background-image":"","background-repeat":"repeat","background-position":"center center","background-size":"auto","background-attachment":"scroll","background-type":"","background-media":"","overlay-type":"","overlay-color":"","overlay-opacity":"","overlay-gradient":""}}},"product_brand":[],"product_cat":[1189,1187],"product_tag":[1188,1201,1136],"class_list":{"0":"post-38655","1":"product","2":"type-product","3":"status-publish","4":"has-post-thumbnail","6":"product_cat-servico-de-transferencia-pt-br","7":"product_cat-transporte-para-o-aeroporto-pt-br","8":"product_tag-aeroportos-pt-br","9":"product_tag-bayahibe-pt-br","10":"product_tag-santo-domingo-pt-br","11":"desktop-align-center","12":"tablet-align-center","13":"mobile-align-center","14":"ast-product-gallery-layout-horizontal","15":"ast-product-gallery-with-no-image","16":"ast-product-single-variable","17":"ast-product-tabs-layout-horizontal","18":"wcpa_has_options","20":"first","21":"onbackorder","22":"sold-individually","23":"shipping-taxable","24":"purchasable","25":"product-type-variable","26":"has-default-attributes"},"yoast_head":"<!-- This site is optimized with the Yoast SEO Premium plugin v27.4 (Yoast SEO v27.5) - https:\/\/yoast.com\/product\/yoast-seo-premium-wordpress\/ -->\n<title>Traslado do Aeroporto Las Americas para Bayahibe | Traslado particular $75<\/title>\n<meta name=\"description\" content=\"A Dominicanbus oferece traslado do aeroporto de Las Am\u00e9ricas para os hot\u00e9is ou airbnb de Bayahibe em transporte particular de US$ 75 com A\/C WIFi\" \/>\n<meta name=\"robots\" content=\"index, follow, max-snippet:-1, max-image-preview:large, max-video-preview:-1\" \/>\n<link rel=\"canonical\" href=\"https:\/\/dominicanbus.com\/pt-br\/transfers\/traslado-do-aeroporto-de-las-americas-para-bayahibe\/\" \/>\n<meta property=\"og:locale\" content=\"pt_BR\" \/>\n<meta property=\"og:type\" content=\"article\" \/>\n<meta property=\"og:title\" content=\"Traslado do aeroporto de Las Americas para Bayahibe\" \/>\n<meta property=\"og:description\" content=\"A Dominicanbus oferece traslado do aeroporto de Las Am\u00e9ricas para os hot\u00e9is ou airbnb de Bayahibe em transporte particular de US$ 75 com A\/C WIFi\" \/>\n<meta property=\"og:url\" content=\"https:\/\/dominicanbus.com\/pt-br\/transfers\/traslado-do-aeroporto-de-las-americas-para-bayahibe\/\" \/>\n<meta property=\"og:site_name\" content=\"dominican bus\" \/>\n<meta property=\"article:publisher\" content=\"https:\/\/facebook.com\/dominicanbus\" \/>\n<meta property=\"og:image\" content=\"https:\/\/dominicanbus.com\/wp-content\/uploads\/2020\/09\/fondo-17.jpg\" \/>\n\t<meta property=\"og:image:width\" content=\"550\" \/>\n\t<meta property=\"og:image:height\" content=\"364\" \/>\n\t<meta property=\"og:image:type\" content=\"image\/jpeg\" \/>\n<meta name=\"twitter:card\" content=\"summary_large_image\" \/>\n<meta name=\"twitter:site\" content=\"@dominican_tours\" \/>\n<meta name=\"twitter:label1\" content=\"Est. tempo de leitura\" \/>\n\t<meta name=\"twitter:data1\" content=\"3 minutos\" \/>\n<script type=\"application\/ld+json\" class=\"yoast-schema-graph\">{\"@context\":\"https:\\\/\\\/schema.org\",\"@graph\":[{\"@type\":\"WebPage\",\"@id\":\"https:\\\/\\\/dominicanbus.com\\\/pt-br\\\/transfers\\\/traslado-do-aeroporto-de-las-americas-para-bayahibe\\\/\",\"url\":\"https:\\\/\\\/dominicanbus.com\\\/pt-br\\\/transfers\\\/traslado-do-aeroporto-de-las-americas-para-bayahibe\\\/\",\"name\":\"Traslado do Aeroporto Las Americas para Bayahibe | Traslado particular $75\",\"isPartOf\":{\"@id\":\"https:\\\/\\\/dominicanbus.com\\\/pt-br\\\/#website\"},\"primaryImageOfPage\":{\"@id\":\"https:\\\/\\\/dominicanbus.com\\\/pt-br\\\/transfers\\\/traslado-do-aeroporto-de-las-americas-para-bayahibe\\\/#primaryimage\"},\"image\":{\"@id\":\"https:\\\/\\\/dominicanbus.com\\\/pt-br\\\/transfers\\\/traslado-do-aeroporto-de-las-americas-para-bayahibe\\\/#primaryimage\"},\"thumbnailUrl\":\"https:\\\/\\\/dominicanbus.com\\\/wp-content\\\/uploads\\\/2020\\\/09\\\/fondo-17.jpg\",\"datePublished\":\"2020-09-29T00:30:29+00:00\",\"description\":\"A Dominicanbus oferece traslado do aeroporto de Las Am\u00e9ricas para os hot\u00e9is ou airbnb de Bayahibe em transporte particular de US$ 75 com A\\\/C WIFi\",\"breadcrumb\":{\"@id\":\"https:\\\/\\\/dominicanbus.com\\\/pt-br\\\/transfers\\\/traslado-do-aeroporto-de-las-americas-para-bayahibe\\\/#breadcrumb\"},\"inLanguage\":\"pt-BR\",\"potentialAction\":[{\"@type\":\"ReadAction\",\"target\":[\"https:\\\/\\\/dominicanbus.com\\\/pt-br\\\/transfers\\\/traslado-do-aeroporto-de-las-americas-para-bayahibe\\\/\"]}]},{\"@type\":\"ImageObject\",\"inLanguage\":\"pt-BR\",\"@id\":\"https:\\\/\\\/dominicanbus.com\\\/pt-br\\\/transfers\\\/traslado-do-aeroporto-de-las-americas-para-bayahibe\\\/#primaryimage\",\"url\":\"https:\\\/\\\/dominicanbus.com\\\/wp-content\\\/uploads\\\/2020\\\/09\\\/fondo-17.jpg\",\"contentUrl\":\"https:\\\/\\\/dominicanbus.com\\\/wp-content\\\/uploads\\\/2020\\\/09\\\/fondo-17.jpg\",\"width\":550,\"height\":364,\"caption\":\"traslado de bayahibe\"},{\"@type\":\"BreadcrumbList\",\"@id\":\"https:\\\/\\\/dominicanbus.com\\\/pt-br\\\/transfers\\\/traslado-do-aeroporto-de-las-americas-para-bayahibe\\\/#breadcrumb\",\"itemListElement\":[{\"@type\":\"ListItem\",\"position\":1,\"name\":\"Portada\",\"item\":\"https:\\\/\\\/dominicanbus.com\\\/pt-br\\\/inicio\\\/\"},{\"@type\":\"ListItem\",\"position\":2,\"name\":\"Loja\",\"item\":\"https:\\\/\\\/dominicanbus.com\\\/loja\\\/\"},{\"@type\":\"ListItem\",\"position\":3,\"name\":\"Traslado do aeroporto de Las Americas para Bayahibe\"}]},{\"@type\":\"WebSite\",\"@id\":\"https:\\\/\\\/dominicanbus.com\\\/pt-br\\\/#website\",\"url\":\"https:\\\/\\\/dominicanbus.com\\\/pt-br\\\/\",\"name\":\"DominicanBus\",\"description\":\"Servicios de transporte privado en Republica Dominicana\",\"publisher\":{\"@id\":\"https:\\\/\\\/dominicanbus.com\\\/pt-br\\\/#organization\"},\"potentialAction\":[{\"@type\":\"SearchAction\",\"target\":{\"@type\":\"EntryPoint\",\"urlTemplate\":\"https:\\\/\\\/dominicanbus.com\\\/pt-br\\\/?s={search_term_string}\"},\"query-input\":{\"@type\":\"PropertyValueSpecification\",\"valueRequired\":true,\"valueName\":\"search_term_string\"}}],\"inLanguage\":\"pt-BR\"},{\"@type\":\"Organization\",\"@id\":\"https:\\\/\\\/dominicanbus.com\\\/pt-br\\\/#organization\",\"name\":\"dominican bus\",\"url\":\"https:\\\/\\\/dominicanbus.com\\\/pt-br\\\/\",\"logo\":{\"@type\":\"ImageObject\",\"inLanguage\":\"pt-BR\",\"@id\":\"https:\\\/\\\/dominicanbus.com\\\/pt-br\\\/#\\\/schema\\\/logo\\\/image\\\/\",\"url\":\"https:\\\/\\\/dominicanbus.com\\\/wp-content\\\/uploads\\\/2025\\\/11\\\/Sin-titulo-10.png\",\"contentUrl\":\"https:\\\/\\\/dominicanbus.com\\\/wp-content\\\/uploads\\\/2025\\\/11\\\/Sin-titulo-10.png\",\"width\":252,\"height\":250,\"caption\":\"dominican bus\"},\"image\":{\"@id\":\"https:\\\/\\\/dominicanbus.com\\\/pt-br\\\/#\\\/schema\\\/logo\\\/image\\\/\"},\"sameAs\":[\"https:\\\/\\\/facebook.com\\\/dominicanbus\",\"https:\\\/\\\/x.com\\\/dominican_tours\",\"https:\\\/\\\/instagram.com\\\/stdominicanbus\",\"https:\\\/\\\/linkein.com\\\/in\\\/eric-rincon-95029811b\",\"https:\\\/\\\/www.pinterest.ca\\\/dominicantours\\\/\",\"https:\\\/\\\/www.youtube.com\\\/user\\\/makeytours\"],\"description\":\"Compania de servicio de traslado y transporte turistico en Republica Dominicana\",\"email\":\"info@dominicanbus.com\",\"telephone\":\"18299463500\",\"legalName\":\"Dominicanbus\",\"foundingDate\":\"2000-05-06\",\"vatID\":\"132344654\",\"taxID\":\"132344654\",\"iso6523Code\":\"132344654\",\"numberOfEmployees\":{\"@type\":\"QuantitativeValue\",\"minValue\":\"11\",\"maxValue\":\"50\"}}]}<\/script>\n<!-- \/ Yoast SEO Premium plugin. -->","yoast_head_json":{"title":"Traslado do Aeroporto Las Americas para Bayahibe | Traslado particular $75","description":"A Dominicanbus oferece traslado do aeroporto de Las Am\u00e9ricas para os hot\u00e9is ou airbnb de Bayahibe em transporte particular de US$ 75 com A\/C WIFi","robots":{"index":"index","follow":"follow","max-snippet":"max-snippet:-1","max-image-preview":"max-image-preview:large","max-video-preview":"max-video-preview:-1"},"canonical":"https:\/\/dominicanbus.com\/pt-br\/transfers\/traslado-do-aeroporto-de-las-americas-para-bayahibe\/","og_locale":"pt_BR","og_type":"article","og_title":"Traslado do aeroporto de Las Americas para Bayahibe","og_description":"A Dominicanbus oferece traslado do aeroporto de Las Am\u00e9ricas para os hot\u00e9is ou airbnb de Bayahibe em transporte particular de US$ 75 com A\/C WIFi","og_url":"https:\/\/dominicanbus.com\/pt-br\/transfers\/traslado-do-aeroporto-de-las-americas-para-bayahibe\/","og_site_name":"dominican bus","article_publisher":"https:\/\/facebook.com\/dominicanbus","og_image":[{"width":550,"height":364,"url":"https:\/\/dominicanbus.com\/wp-content\/uploads\/2020\/09\/fondo-17.jpg","type":"image\/jpeg"}],"twitter_card":"summary_large_image","twitter_site":"@dominican_tours","twitter_misc":{"Est. tempo de leitura":"3 minutos"},"schema":{"@context":"https:\/\/schema.org","@graph":[{"@type":"WebPage","@id":"https:\/\/dominicanbus.com\/pt-br\/transfers\/traslado-do-aeroporto-de-las-americas-para-bayahibe\/","url":"https:\/\/dominicanbus.com\/pt-br\/transfers\/traslado-do-aeroporto-de-las-americas-para-bayahibe\/","name":"Traslado do Aeroporto Las Americas para Bayahibe | Traslado particular $75","isPartOf":{"@id":"https:\/\/dominicanbus.com\/pt-br\/#website"},"primaryImageOfPage":{"@id":"https:\/\/dominicanbus.com\/pt-br\/transfers\/traslado-do-aeroporto-de-las-americas-para-bayahibe\/#primaryimage"},"image":{"@id":"https:\/\/dominicanbus.com\/pt-br\/transfers\/traslado-do-aeroporto-de-las-americas-para-bayahibe\/#primaryimage"},"thumbnailUrl":"https:\/\/dominicanbus.com\/wp-content\/uploads\/2020\/09\/fondo-17.jpg","datePublished":"2020-09-29T00:30:29+00:00","description":"A Dominicanbus oferece traslado do aeroporto de Las Am\u00e9ricas para os hot\u00e9is ou airbnb de Bayahibe em transporte particular de US$ 75 com A\/C WIFi","breadcrumb":{"@id":"https:\/\/dominicanbus.com\/pt-br\/transfers\/traslado-do-aeroporto-de-las-americas-para-bayahibe\/#breadcrumb"},"inLanguage":"pt-BR","potentialAction":[{"@type":"ReadAction","target":["https:\/\/dominicanbus.com\/pt-br\/transfers\/traslado-do-aeroporto-de-las-americas-para-bayahibe\/"]}]},{"@type":"ImageObject","inLanguage":"pt-BR","@id":"https:\/\/dominicanbus.com\/pt-br\/transfers\/traslado-do-aeroporto-de-las-americas-para-bayahibe\/#primaryimage","url":"https:\/\/dominicanbus.com\/wp-content\/uploads\/2020\/09\/fondo-17.jpg","contentUrl":"https:\/\/dominicanbus.com\/wp-content\/uploads\/2020\/09\/fondo-17.jpg","width":550,"height":364,"caption":"traslado de bayahibe"},{"@type":"BreadcrumbList","@id":"https:\/\/dominicanbus.com\/pt-br\/transfers\/traslado-do-aeroporto-de-las-americas-para-bayahibe\/#breadcrumb","itemListElement":[{"@type":"ListItem","position":1,"name":"Portada","item":"https:\/\/dominicanbus.com\/pt-br\/inicio\/"},{"@type":"ListItem","position":2,"name":"Loja","item":"https:\/\/dominicanbus.com\/loja\/"},{"@type":"ListItem","position":3,"name":"Traslado do aeroporto de Las Americas para Bayahibe"}]},{"@type":"WebSite","@id":"https:\/\/dominicanbus.com\/pt-br\/#website","url":"https:\/\/dominicanbus.com\/pt-br\/","name":"DominicanBus","description":"Servicios de transporte privado en Republica Dominicana","publisher":{"@id":"https:\/\/dominicanbus.com\/pt-br\/#organization"},"potentialAction":[{"@type":"SearchAction","target":{"@type":"EntryPoint","urlTemplate":"https:\/\/dominicanbus.com\/pt-br\/?s={search_term_string}"},"query-input":{"@type":"PropertyValueSpecification","valueRequired":true,"valueName":"search_term_string"}}],"inLanguage":"pt-BR"},{"@type":"Organization","@id":"https:\/\/dominicanbus.com\/pt-br\/#organization","name":"dominican bus","url":"https:\/\/dominicanbus.com\/pt-br\/","logo":{"@type":"ImageObject","inLanguage":"pt-BR","@id":"https:\/\/dominicanbus.com\/pt-br\/#\/schema\/logo\/image\/","url":"https:\/\/dominicanbus.com\/wp-content\/uploads\/2025\/11\/Sin-titulo-10.png","contentUrl":"https:\/\/dominicanbus.com\/wp-content\/uploads\/2025\/11\/Sin-titulo-10.png","width":252,"height":250,"caption":"dominican bus"},"image":{"@id":"https:\/\/dominicanbus.com\/pt-br\/#\/schema\/logo\/image\/"},"sameAs":["https:\/\/facebook.com\/dominicanbus","https:\/\/x.com\/dominican_tours","https:\/\/instagram.com\/stdominicanbus","https:\/\/linkein.com\/in\/eric-rincon-95029811b","https:\/\/www.pinterest.ca\/dominicantours\/","https:\/\/www.youtube.com\/user\/makeytours"],"description":"Compania de servicio de traslado y transporte turistico en Republica Dominicana","email":"info@dominicanbus.com","telephone":"18299463500","legalName":"Dominicanbus","foundingDate":"2000-05-06","vatID":"132344654","taxID":"132344654","iso6523Code":"132344654","numberOfEmployees":{"@type":"QuantitativeValue","minValue":"11","maxValue":"50"}}]}},"_links":{"self":[{"href":"https:\/\/dominicanbus.com\/pt-br\/wp-json\/wp\/v2\/product\/38655","targetHints":{"allow":["GET"]}}],"collection":[{"href":"https:\/\/dominicanbus.com\/pt-br\/wp-json\/wp\/v2\/product"}],"about":[{"href":"https:\/\/dominicanbus.com\/pt-br\/wp-json\/wp\/v2\/types\/product"}],"replies":[{"embeddable":true,"href":"https:\/\/dominicanbus.com\/pt-br\/wp-json\/wp\/v2\/comments?post=38655"}],"version-history":[{"count":0,"href":"https:\/\/dominicanbus.com\/pt-br\/wp-json\/wp\/v2\/product\/38655\/revisions"}],"wp:featuredmedia":[{"embeddable":true,"href":"https:\/\/dominicanbus.com\/pt-br\/wp-json\/wp\/v2\/media\/38604"}],"wp:attachment":[{"href":"https:\/\/dominicanbus.com\/pt-br\/wp-json\/wp\/v2\/media?parent=38655"}],"wp:term":[{"taxonomy":"product_brand","embeddable":true,"href":"https:\/\/dominicanbus.com\/pt-br\/wp-json\/wp\/v2\/product_brand?post=38655"},{"taxonomy":"product_cat","embeddable":true,"href":"https:\/\/dominicanbus.com\/pt-br\/wp-json\/wp\/v2\/product_cat?post=38655"},{"taxonomy":"product_tag","embeddable":true,"href":"https:\/\/dominicanbus.com\/pt-br\/wp-json\/wp\/v2\/product_tag?post=38655"}],"curies":[{"name":"wp","href":"https:\/\/api.w.org\/{rel}","templated":true}]}}