{"id":38639,"date":"2020-10-05T21:34:34","date_gmt":"2020-10-05T21:34:34","guid":{"rendered":"https:\/\/dominicanbus.com\/transfers\/traslado-do-aeroporto-de-santo-domingo-para-puerto-plata\/"},"modified":"2025-12-30T23:52:15","modified_gmt":"2025-12-30T23:52:15","slug":"traslado-do-aeroporto-de-santo-domingo-para-puerto-plata","status":"publish","type":"product","link":"https:\/\/dominicanbus.com\/pt-br\/transfers\/traslado-do-aeroporto-de-santo-domingo-para-puerto-plata\/","title":{"rendered":"Traslado do aeroporto de Santo Domingo para Puerto Plata"},"content":{"rendered":"<h2>Traslado do aeroporto de Santo Domingo para Puerto Plata<\/h2>\n<p><strong>O traslado do aeroporto de Santo Domingo para Puerto Plata<\/strong> \u00e9 um dos servi\u00e7os de transporte privado mais solicitados, pois temos um grande n\u00famero de unidades, permitindo de 1 a 6 passageiros, incluindo bagagem, que podem ser transportados em particular <strong>do aeroporto de Las Americas para Puerto Plata ou Playa Dorada na Rep\u00fablica Dominicana.<\/strong> Nosso transporte \u00e9 um dos melhores servi\u00e7os de transporte particular dispon\u00edveis para fam\u00edlias numerosas ou grandes grupos de amigos, permitindo que voc\u00ea viaje com todo o conforto e seguran\u00e7a de que precisa. <\/p>\n<p class=\"p1\">Nosso servi\u00e7o de <strong>transporte particular do aeroporto de Santo Domingo para Puerto Plata<\/strong>, com rastreamento de voo, faz com que voc\u00ea tenha um servi\u00e7o gratuito em caso de atraso ou mudan\u00e7a de voo (somente na chegada), permitindo que nossos motoristas recebam voc\u00ea com uma calorosa recep\u00e7\u00e3o com sinaliza\u00e7\u00e3o personalizada. A tarifa \u00e9 por ve\u00edculo e inclui todos os impostos e taxas aeroportu\u00e1rias. A unidade tem ar-condicionado e uma cadeirinha de beb\u00ea est\u00e1 inclu\u00edda (mediante solicita\u00e7\u00e3o).<\/p>\n<h2>Informa\u00e7\u00f5es b\u00e1sicas sobre Puerto Plata<\/h2>\n<p><a href=\"https:\/\/wikipedia.com\/puerto-plata\/\">San Felipe de Puerto Plata<\/a>, cidade e porto, norte da Rep\u00fablica Dominicana. Ele est\u00e1 localizado aos p\u00e9s do Pico Isabel de Torres, pr\u00f3ximo ao Oceano Atl\u00e2ntico. Puerto Plata foi fundada em 1503 por Crist\u00f3v\u00e3o Colombo. Servindo o f\u00e9rtil Vale do Cibao, o porto lida com a produ\u00e7\u00e3o de uma das principais regi\u00f5es de cultivo de caf\u00e9 do pa\u00eds. O interior agr\u00edcola tamb\u00e9m \u00e9 uma importante \u00e1rea produtora de tabaco, e as bananas, a cana-de-a\u00e7\u00facar e os latic\u00ednios tamb\u00e9m s\u00e3o importantes do ponto de vista econ\u00f4mico. O porto de Puerto Plata movimenta principalmente tabaco, caf\u00e9, cacau, arroz, cana-de-a\u00e7\u00facar, bananas e madeira. A pesca \u00e9 importante para a cidade, assim como as f\u00e1bricas de processamento e manufatura; chocolate, f\u00f3sforos, latic\u00ednios, alimentos e bebidas alco\u00f3licas est\u00e3o entre os principais produtos.<\/p>\n<p>O turismo \u00e9 uma caracter\u00edstica proeminente e muitos resorts se alinham nas praias da cidade, a maioria deles na Playa Dorada. Puerto Plata abriga um museu de \u00e2mbar com cole\u00e7\u00f5es de \u00e2mbar fossilizado que datam de milhares de anos. Um telef\u00e9rico sobe at\u00e9 o pico Isabel de Torres para que voc\u00ea tenha uma vista panor\u00e2mica da cidade e do porto. Puerto Plata \u00e9 acess\u00edvel por estradas secund\u00e1rias a partir de centros urbanos costeiros e do interior. Possui um aeroporto internacional. As ru\u00ednas de La Isabela, uma das primeiras cidades europeias no Novo Mundo, fundada por Colombo em 1493.     <\/p>\n<p>Para saber o custo ou as tarifas de transporte de santo domingo para outros destinos na rep\u00fablica dominicana, voc\u00ea pode fazer uma cota\u00e7\u00e3o on-line aqui: <a href=\"https:\/\/dominicanbus.com\/pt-br\/cotacao\/\">Tarifas de traslado de Puerto Plata<\/a><\/p>\n<div class=\"wp-block-group alignwide\">\n<div class=\"wp-block-group__inner-container\">\n<div class=\"wp-block-group__inner-container\">\n<h2 class=\"has-dark-gray-color has-text-color\">Lugares para visitar em Puerto Plata:<\/h2>\n<ul>\n<li>Isabel de torres<\/li>\n<li>Mundo oce\u00e2nico<\/li>\n<li>27 Lagoas de Damajagua<\/li>\n<li>Fortaleza de San Felipe<\/li>\n<li>Cayo Arena<\/li>\n<li>F\u00e1brica de Rum Brugal<\/li>\n<li>Museu do \u00c2mbar<\/li>\n<li>Praia dourada<\/li>\n<\/ul>\n<p>Se voc\u00ea quiser visitar esses lugares e outros a partir de Puerto Plata, recomendo este <a href=\"https:\/\/dominicanbus.com\/pt-br\/excursoes\/\">link aqui.<\/a><\/p>\n<h2>  Traslado de hot\u00e9is em Puerto Plata de 01 a 06 pessoas:<\/h2>\n<ul>\n<li>\n<h4><a href=\"https:\/\/dominicanbus.com\/pt-br\/as-americas\/\">Aeroporto de Santo Domingo <\/a>\u2192 A Be Live Collection Marien $165 &#8211; <a href=\"https:\/\/dominicanbus.com\/pt-br\/cotacao\/\">Reserve agora<\/a><\/h4>\n<\/li>\n<li>\n<h4><a href=\"https:\/\/dominicanbus.com\/pt-br\/as-americas\/\">Aeroporto de Santo Domingo<\/a> \u2192 Para o Iberostar Costa Dorada $165 &#8211; <a href=\"https:\/\/dominicanbus.com\/pt-br\/cotacao\/\">Reserve<\/a><\/h4>\n<\/li>\n<li>\n<h4><a href=\"https:\/\/dominicanbus.com\/pt-br\/as-americas\/\">Aeroporto de Santo Domingo<\/a> \u2192 A BlueBay Villas Doradas Adults Only $165 &#8211; <a href=\"https:\/\/dominicanbus.com\/pt-br\/cotacao\/\">Reserve<\/a><\/h4>\n<\/li>\n<li>\n<h4><a href=\"https:\/\/dominicanbus.com\/pt-br\/as-americas\/\">Aeroporto de Santo Domingo<\/a> \u2192 A Emotions By Hodelpa Playa Dorada $165 &#8211; <a href=\"https:\/\/dominicanbus.com\/pt-br\/cotacao\/\">Reserve<\/a><\/h4>\n<\/li>\n<li>\n<h4><a href=\"https:\/\/dominicanbus.com\/pt-br\/as-americas\/\">Aeroporto de Santo Domingo<\/a> \u2192 Para Sunscape Puerto Plata $165 &#8211; <a href=\"https:\/\/dominicanbus.com\/pt-br\/cotacao\/\">Reserve<\/a><\/h4>\n<\/li>\n<li>\n<h4><a href=\"https:\/\/dominicanbus.com\/pt-br\/as-americas\/\">Aeroporto de Santo Domingo<\/a> \u2192 Para Cofresi Palm Beach $165 &#8211; <a href=\"https:\/\/dominicanbus.com\/pt-br\/cotacao\/\">Reserve<\/a><\/h4>\n<\/li>\n<li>\n<h4><a href=\"https:\/\/dominicanbus.com\/pt-br\/as-americas\/\">Aeroporto de Santo Domingo<\/a> \u2192 A Lifestyle Tropical Beach $165 &#8211; <a href=\"https:\/\/dominicanbus.com\/pt-br\/cotacao\/\">Reserve<\/a><\/h4>\n<\/li>\n<li>\n<h4><a href=\"https:\/\/dominicanbus.com\/pt-br\/as-americas\/\">Aeroporto de Santo Domingo<\/a> \u2192 A Grand Paradise Playa Dorada $1465 &#8211; <a href=\"https:\/\/dominicanbus.com\/pt-br\/cotacao\/\">Reserve agora<\/a><\/h4>\n<\/li>\n<li>\n<h4><a href=\"https:\/\/dominicanbus.com\/pt-br\/as-americas\/\">Aeroporto de Santo Domingo<\/a> \u2192 A Viva Wyndham Heavens $165 &#8211; <a href=\"https:\/\/dominicanbus.com\/pt-br\/cotacao\/\">Reserve<\/a><\/h4>\n<\/li>\n<li>\n<h4><a href=\"https:\/\/dominicanbus.com\/pt-br\/as-americas\/\">Aeroporto de Santo Domingo<\/a> \u2192 Para Playa Dorada Beach Golf $165 &#8211; <a href=\"https:\/\/dominicanbus.com\/pt-br\/cotacao\/\">Reserve<\/a><\/h4>\n<\/li>\n<li>\n<h4><a href=\"https:\/\/dominicanbus.com\/pt-br\/as-americas\/\">Aeroporto de Santo Domingo<\/a> \u2192 A Blue Jacktar Hotel $165 &#8211; <a href=\"https:\/\/dominicanbus.com\/pt-br\/cotacao\/\">Reserve<\/a><\/h4>\n<\/li>\n<li>\n<h4><a href=\"https:\/\/dominicanbus.com\/pt-br\/as-americas\/\">Aeroporto de Santo Domingo<\/a> \u2192 A Hotel Gran Ventana $165 &#8211; <a href=\"https:\/\/dominicanbus.com\/pt-br\/cotacao\/\">Reserve<\/a><\/h4>\n<\/li>\n<li>\n<h4><a href=\"https:\/\/dominicanbus.com\/pt-br\/as-americas\/\">Aeroporto de Santo Domingo<\/a> \u2192 A Lifestyle Holidays Vacation Resort $165 &#8211; <a href=\"https:\/\/dominicanbus.com\/pt-br\/cotacao\/\">Reserve agora<\/a><\/h4>\n<\/li>\n<li>\n<h4><a href=\"https:\/\/dominicanbus.com\/pt-br\/as-americas\/\">Aeroporto de Santo Domingo<\/a> \u2192 A Casa Colonial Beach $165 &#8211; <a href=\"https:\/\/dominicanbus.com\/pt-br\/cotacao\/\">Reserve<\/a><\/h4>\n<\/li>\n<li>\n<h4><a href=\"https:\/\/dominicanbus.com\/pt-br\/as-americas\/\">Aeroporto de Santo Domingo<\/a> \u2192 A Lifestyle Crown &amp; Royal Villas $165 &#8211; <a href=\"https:\/\/dominicanbus.com\/pt-br\/cotacao\/\">Reserve<\/a><\/h4>\n<\/li>\n<li>\n<h4><a href=\"https:\/\/dominicanbus.com\/pt-br\/as-americas\/\">Aeroporto de Santo Domingo<\/a> \u2192 A The Senator Puerto Plata $165 &#8211; <a href=\"https:\/\/dominicanbus.com\/pt-br\/cotacao\/\">Reserve<\/a><\/h4>\n<\/li>\n<li>\n<h4><a href=\"https:\/\/dominicanbus.com\/pt-br\/as-americas\/\">Aeroporto de Santo Domingo<\/a> \u2192 Para Bachata Beach Puerto Plata $165 &#8211; <a href=\"https:\/\/dominicanbus.com\/pt-br\/cotacao\/\">Reserve<\/a><\/h4>\n<\/li>\n<\/ul>\n<\/div>\n<\/div>\n<\/div>\n","protected":false},"excerpt":{"rendered":"[cabGridPro id=\"\" icons=\"\" layout=\"\" luggage=\"\" origin=\"\" dest=\"\" vehicles=\"\" class=\"\" groups=\"\" single=\"\" onewayrtn=\"one-way\" pass=\"2\" lugg=\"0\" tick=\"1\" time=\"1\" dropdown=\"n\"]\n<p>Reserve seu motorista <em>particular<\/em> do Aeroporto Las Americas para Puerto Plata \u2713 de 1 a 6 pessoas por apenas $165 \u2713 Pague online \u2713 Pre\u00e7os fixos \u2713 com a Dominican Bus voc\u00ea pode reservar sua viagem em menos de 60 segundos e com confirma\u00e7\u00e3o instant\u00e2nea. Nosso motorista estar\u00e1 esperando por voc\u00ea com uma placa de boas-vindas na chegada ao Aeroporto de Santo Domingo e o levar\u00e1 diretamente ao seu hotel, vila ou apartamento em Puerto Plata ou Playa Dorada. <\/p>\n","protected":false},"featured_media":38644,"comment_status":"closed","ping_status":"closed","template":"","meta":{"site-sidebar-layout":"default","site-content-layout":"default","ast-site-content-layout":"default","site-content-style":"default","site-sidebar-style":"default","ast-global-header-display":"","ast-banner-title-visibility":"","ast-main-header-display":"","ast-hfb-above-header-display":"","ast-hfb-below-header-display":"","ast-hfb-mobile-header-display":"","site-post-title":"","ast-breadcrumbs-content":"","ast-featured-img":"","footer-sml-layout":"","ast-disable-related-posts":"","theme-transparent-header-meta":"default","adv-header-id-meta":"","stick-header-meta":"default","header-above-stick-meta":"","header-main-stick-meta":"","header-below-stick-meta":"","astra-migrate-meta-layouts":"default","ast-page-background-enabled":"default","ast-page-background-meta":{"desktop":{"background-color":"","background-image":"","background-repeat":"repeat","background-position":"center center","background-size":"auto","background-attachment":"scroll","background-type":"","background-media":"","overlay-type":"","overlay-color":"","overlay-opacity":"","overlay-gradient":""},"tablet":{"background-color":"","background-image":"","background-repeat":"repeat","background-position":"center center","background-size":"auto","background-attachment":"scroll","background-type":"","background-media":"","overlay-type":"","overlay-color":"","overlay-opacity":"","overlay-gradient":""},"mobile":{"background-color":"","background-image":"","background-repeat":"repeat","background-position":"center center","background-size":"auto","background-attachment":"scroll","background-type":"","background-media":"","overlay-type":"","overlay-color":"","overlay-opacity":"","overlay-gradient":""}},"ast-content-background-meta":{"desktop":{"background-color":"var(--ast-global-color-5)","background-image":"","background-repeat":"repeat","background-position":"center center","background-size":"auto","background-attachment":"scroll","background-type":"","background-media":"","overlay-type":"","overlay-color":"","overlay-opacity":"","overlay-gradient":""},"tablet":{"background-color":"var(--ast-global-color-5)","background-image":"","background-repeat":"repeat","background-position":"center center","background-size":"auto","background-attachment":"scroll","background-type":"","background-media":"","overlay-type":"","overlay-color":"","overlay-opacity":"","overlay-gradient":""},"mobile":{"background-color":"var(--ast-global-color-5)","background-image":"","background-repeat":"repeat","background-position":"center center","background-size":"auto","background-attachment":"scroll","background-type":"","background-media":"","overlay-type":"","overlay-color":"","overlay-opacity":"","overlay-gradient":""}}},"product_brand":[],"product_cat":[1189,1187],"product_tag":[1188,1208,1136],"class_list":{"0":"post-38639","1":"product","2":"type-product","3":"status-publish","4":"has-post-thumbnail","6":"product_cat-servico-de-transferencia-pt-br","7":"product_cat-transporte-para-o-aeroporto-pt-br","8":"product_tag-aeroportos-pt-br","9":"product_tag-puerto-plata-pt-br","10":"product_tag-santo-domingo-pt-br","11":"desktop-align-center","12":"tablet-align-center","13":"mobile-align-center","14":"ast-product-gallery-layout-horizontal","15":"ast-product-gallery-with-no-image","16":"ast-product-single-variable","17":"ast-product-tabs-layout-horizontal","18":"wcpa_has_options","20":"first","21":"onbackorder","22":"sold-individually","23":"shipping-taxable","24":"purchasable","25":"product-type-variable","26":"has-default-attributes"},"yoast_head":"<!-- This site is optimized with the Yoast SEO Premium plugin v27.4 (Yoast SEO v27.5) - https:\/\/yoast.com\/product\/yoast-seo-premium-wordpress\/ -->\n<title>Traslado do Aeroporto de Santo Domingo para Puerto Plata | A Apenas $165<\/title>\n<meta name=\"description\" content=\"Dominicanbus oferece traslado do aeroporto de Santo Domingo para os hot\u00e9is de Puerto Plata ou airbnb em um traslado particular de US$ 165 com A\/C WIFi\" \/>\n<meta name=\"robots\" content=\"index, follow, max-snippet:-1, max-image-preview:large, max-video-preview:-1\" \/>\n<link rel=\"canonical\" href=\"https:\/\/dominicanbus.com\/pt-br\/transfers\/traslado-do-aeroporto-de-santo-domingo-para-puerto-plata\/\" \/>\n<meta property=\"og:locale\" content=\"pt_BR\" \/>\n<meta property=\"og:type\" content=\"article\" \/>\n<meta property=\"og:title\" content=\"Traslado do aeroporto de Santo Domingo para Puerto Plata\" \/>\n<meta property=\"og:description\" content=\"Dominicanbus oferece traslado do aeroporto de Santo Domingo para os hot\u00e9is de Puerto Plata ou airbnb em um traslado particular de US$ 165 com A\/C WIFi\" \/>\n<meta property=\"og:url\" content=\"https:\/\/dominicanbus.com\/pt-br\/transfers\/traslado-do-aeroporto-de-santo-domingo-para-puerto-plata\/\" \/>\n<meta property=\"og:site_name\" content=\"dominican bus\" \/>\n<meta property=\"article:publisher\" content=\"https:\/\/facebook.com\/dominicanbus\" \/>\n<meta property=\"article:modified_time\" content=\"2025-12-30T23:52:15+00:00\" \/>\n<meta property=\"og:image\" content=\"https:\/\/dominicanbus.com\/wp-content\/uploads\/2020\/10\/fondo-31.jpg\" \/>\n\t<meta property=\"og:image:width\" content=\"550\" \/>\n\t<meta property=\"og:image:height\" content=\"364\" \/>\n\t<meta property=\"og:image:type\" content=\"image\/jpeg\" \/>\n<meta name=\"twitter:card\" content=\"summary_large_image\" \/>\n<meta name=\"twitter:site\" content=\"@dominican_tours\" \/>\n<meta name=\"twitter:label1\" content=\"Est. tempo de leitura\" \/>\n\t<meta name=\"twitter:data1\" content=\"4 minutos\" \/>\n<script type=\"application\/ld+json\" class=\"yoast-schema-graph\">{\"@context\":\"https:\\\/\\\/schema.org\",\"@graph\":[{\"@type\":\"WebPage\",\"@id\":\"https:\\\/\\\/dominicanbus.com\\\/pt-br\\\/transfers\\\/traslado-do-aeroporto-de-santo-domingo-para-puerto-plata\\\/\",\"url\":\"https:\\\/\\\/dominicanbus.com\\\/pt-br\\\/transfers\\\/traslado-do-aeroporto-de-santo-domingo-para-puerto-plata\\\/\",\"name\":\"Traslado do Aeroporto de Santo Domingo para Puerto Plata | A Apenas $165\",\"isPartOf\":{\"@id\":\"https:\\\/\\\/dominicanbus.com\\\/pt-br\\\/#website\"},\"primaryImageOfPage\":{\"@id\":\"https:\\\/\\\/dominicanbus.com\\\/pt-br\\\/transfers\\\/traslado-do-aeroporto-de-santo-domingo-para-puerto-plata\\\/#primaryimage\"},\"image\":{\"@id\":\"https:\\\/\\\/dominicanbus.com\\\/pt-br\\\/transfers\\\/traslado-do-aeroporto-de-santo-domingo-para-puerto-plata\\\/#primaryimage\"},\"thumbnailUrl\":\"https:\\\/\\\/dominicanbus.com\\\/wp-content\\\/uploads\\\/2020\\\/10\\\/fondo-31.jpg\",\"datePublished\":\"2020-10-05T21:34:34+00:00\",\"dateModified\":\"2025-12-30T23:52:15+00:00\",\"description\":\"Dominicanbus oferece traslado do aeroporto de Santo Domingo para os hot\u00e9is de Puerto Plata ou airbnb em um traslado particular de US$ 165 com A\\\/C WIFi\",\"breadcrumb\":{\"@id\":\"https:\\\/\\\/dominicanbus.com\\\/pt-br\\\/transfers\\\/traslado-do-aeroporto-de-santo-domingo-para-puerto-plata\\\/#breadcrumb\"},\"inLanguage\":\"pt-BR\",\"potentialAction\":[{\"@type\":\"ReadAction\",\"target\":[\"https:\\\/\\\/dominicanbus.com\\\/pt-br\\\/transfers\\\/traslado-do-aeroporto-de-santo-domingo-para-puerto-plata\\\/\"]}]},{\"@type\":\"ImageObject\",\"inLanguage\":\"pt-BR\",\"@id\":\"https:\\\/\\\/dominicanbus.com\\\/pt-br\\\/transfers\\\/traslado-do-aeroporto-de-santo-domingo-para-puerto-plata\\\/#primaryimage\",\"url\":\"https:\\\/\\\/dominicanbus.com\\\/wp-content\\\/uploads\\\/2020\\\/10\\\/fondo-31.jpg\",\"contentUrl\":\"https:\\\/\\\/dominicanbus.com\\\/wp-content\\\/uploads\\\/2020\\\/10\\\/fondo-31.jpg\",\"width\":550,\"height\":364,\"caption\":\"traslado do aeroporto de puerto plata\"},{\"@type\":\"BreadcrumbList\",\"@id\":\"https:\\\/\\\/dominicanbus.com\\\/pt-br\\\/transfers\\\/traslado-do-aeroporto-de-santo-domingo-para-puerto-plata\\\/#breadcrumb\",\"itemListElement\":[{\"@type\":\"ListItem\",\"position\":1,\"name\":\"Portada\",\"item\":\"https:\\\/\\\/dominicanbus.com\\\/pt-br\\\/inicio\\\/\"},{\"@type\":\"ListItem\",\"position\":2,\"name\":\"Loja\",\"item\":\"https:\\\/\\\/dominicanbus.com\\\/loja\\\/\"},{\"@type\":\"ListItem\",\"position\":3,\"name\":\"Traslado do aeroporto de Santo Domingo para Puerto Plata\"}]},{\"@type\":\"WebSite\",\"@id\":\"https:\\\/\\\/dominicanbus.com\\\/pt-br\\\/#website\",\"url\":\"https:\\\/\\\/dominicanbus.com\\\/pt-br\\\/\",\"name\":\"DominicanBus\",\"description\":\"Servicios de transporte privado en Republica Dominicana\",\"publisher\":{\"@id\":\"https:\\\/\\\/dominicanbus.com\\\/pt-br\\\/#organization\"},\"potentialAction\":[{\"@type\":\"SearchAction\",\"target\":{\"@type\":\"EntryPoint\",\"urlTemplate\":\"https:\\\/\\\/dominicanbus.com\\\/pt-br\\\/?s={search_term_string}\"},\"query-input\":{\"@type\":\"PropertyValueSpecification\",\"valueRequired\":true,\"valueName\":\"search_term_string\"}}],\"inLanguage\":\"pt-BR\"},{\"@type\":\"Organization\",\"@id\":\"https:\\\/\\\/dominicanbus.com\\\/pt-br\\\/#organization\",\"name\":\"dominican bus\",\"url\":\"https:\\\/\\\/dominicanbus.com\\\/pt-br\\\/\",\"logo\":{\"@type\":\"ImageObject\",\"inLanguage\":\"pt-BR\",\"@id\":\"https:\\\/\\\/dominicanbus.com\\\/pt-br\\\/#\\\/schema\\\/logo\\\/image\\\/\",\"url\":\"https:\\\/\\\/dominicanbus.com\\\/wp-content\\\/uploads\\\/2025\\\/11\\\/Sin-titulo-10.png\",\"contentUrl\":\"https:\\\/\\\/dominicanbus.com\\\/wp-content\\\/uploads\\\/2025\\\/11\\\/Sin-titulo-10.png\",\"width\":252,\"height\":250,\"caption\":\"dominican bus\"},\"image\":{\"@id\":\"https:\\\/\\\/dominicanbus.com\\\/pt-br\\\/#\\\/schema\\\/logo\\\/image\\\/\"},\"sameAs\":[\"https:\\\/\\\/facebook.com\\\/dominicanbus\",\"https:\\\/\\\/x.com\\\/dominican_tours\",\"https:\\\/\\\/instagram.com\\\/stdominicanbus\",\"https:\\\/\\\/linkein.com\\\/in\\\/eric-rincon-95029811b\",\"https:\\\/\\\/www.pinterest.ca\\\/dominicantours\\\/\",\"https:\\\/\\\/www.youtube.com\\\/user\\\/makeytours\"],\"description\":\"Compania de servicio de traslado y transporte turistico en Republica Dominicana\",\"email\":\"info@dominicanbus.com\",\"telephone\":\"18299463500\",\"legalName\":\"Dominicanbus\",\"foundingDate\":\"2000-05-06\",\"vatID\":\"132344654\",\"taxID\":\"132344654\",\"iso6523Code\":\"132344654\",\"numberOfEmployees\":{\"@type\":\"QuantitativeValue\",\"minValue\":\"11\",\"maxValue\":\"50\"}}]}<\/script>\n<!-- \/ Yoast SEO Premium plugin. -->","yoast_head_json":{"title":"Traslado do Aeroporto de Santo Domingo para Puerto Plata | A Apenas $165","description":"Dominicanbus oferece traslado do aeroporto de Santo Domingo para os hot\u00e9is de Puerto Plata ou airbnb em um traslado particular de US$ 165 com A\/C WIFi","robots":{"index":"index","follow":"follow","max-snippet":"max-snippet:-1","max-image-preview":"max-image-preview:large","max-video-preview":"max-video-preview:-1"},"canonical":"https:\/\/dominicanbus.com\/pt-br\/transfers\/traslado-do-aeroporto-de-santo-domingo-para-puerto-plata\/","og_locale":"pt_BR","og_type":"article","og_title":"Traslado do aeroporto de Santo Domingo para Puerto Plata","og_description":"Dominicanbus oferece traslado do aeroporto de Santo Domingo para os hot\u00e9is de Puerto Plata ou airbnb em um traslado particular de US$ 165 com A\/C WIFi","og_url":"https:\/\/dominicanbus.com\/pt-br\/transfers\/traslado-do-aeroporto-de-santo-domingo-para-puerto-plata\/","og_site_name":"dominican bus","article_publisher":"https:\/\/facebook.com\/dominicanbus","article_modified_time":"2025-12-30T23:52:15+00:00","og_image":[{"width":550,"height":364,"url":"https:\/\/dominicanbus.com\/wp-content\/uploads\/2020\/10\/fondo-31.jpg","type":"image\/jpeg"}],"twitter_card":"summary_large_image","twitter_site":"@dominican_tours","twitter_misc":{"Est. tempo de leitura":"4 minutos"},"schema":{"@context":"https:\/\/schema.org","@graph":[{"@type":"WebPage","@id":"https:\/\/dominicanbus.com\/pt-br\/transfers\/traslado-do-aeroporto-de-santo-domingo-para-puerto-plata\/","url":"https:\/\/dominicanbus.com\/pt-br\/transfers\/traslado-do-aeroporto-de-santo-domingo-para-puerto-plata\/","name":"Traslado do Aeroporto de Santo Domingo para Puerto Plata | A Apenas $165","isPartOf":{"@id":"https:\/\/dominicanbus.com\/pt-br\/#website"},"primaryImageOfPage":{"@id":"https:\/\/dominicanbus.com\/pt-br\/transfers\/traslado-do-aeroporto-de-santo-domingo-para-puerto-plata\/#primaryimage"},"image":{"@id":"https:\/\/dominicanbus.com\/pt-br\/transfers\/traslado-do-aeroporto-de-santo-domingo-para-puerto-plata\/#primaryimage"},"thumbnailUrl":"https:\/\/dominicanbus.com\/wp-content\/uploads\/2020\/10\/fondo-31.jpg","datePublished":"2020-10-05T21:34:34+00:00","dateModified":"2025-12-30T23:52:15+00:00","description":"Dominicanbus oferece traslado do aeroporto de Santo Domingo para os hot\u00e9is de Puerto Plata ou airbnb em um traslado particular de US$ 165 com A\/C WIFi","breadcrumb":{"@id":"https:\/\/dominicanbus.com\/pt-br\/transfers\/traslado-do-aeroporto-de-santo-domingo-para-puerto-plata\/#breadcrumb"},"inLanguage":"pt-BR","potentialAction":[{"@type":"ReadAction","target":["https:\/\/dominicanbus.com\/pt-br\/transfers\/traslado-do-aeroporto-de-santo-domingo-para-puerto-plata\/"]}]},{"@type":"ImageObject","inLanguage":"pt-BR","@id":"https:\/\/dominicanbus.com\/pt-br\/transfers\/traslado-do-aeroporto-de-santo-domingo-para-puerto-plata\/#primaryimage","url":"https:\/\/dominicanbus.com\/wp-content\/uploads\/2020\/10\/fondo-31.jpg","contentUrl":"https:\/\/dominicanbus.com\/wp-content\/uploads\/2020\/10\/fondo-31.jpg","width":550,"height":364,"caption":"traslado do aeroporto de puerto plata"},{"@type":"BreadcrumbList","@id":"https:\/\/dominicanbus.com\/pt-br\/transfers\/traslado-do-aeroporto-de-santo-domingo-para-puerto-plata\/#breadcrumb","itemListElement":[{"@type":"ListItem","position":1,"name":"Portada","item":"https:\/\/dominicanbus.com\/pt-br\/inicio\/"},{"@type":"ListItem","position":2,"name":"Loja","item":"https:\/\/dominicanbus.com\/loja\/"},{"@type":"ListItem","position":3,"name":"Traslado do aeroporto de Santo Domingo para Puerto Plata"}]},{"@type":"WebSite","@id":"https:\/\/dominicanbus.com\/pt-br\/#website","url":"https:\/\/dominicanbus.com\/pt-br\/","name":"DominicanBus","description":"Servicios de transporte privado en Republica Dominicana","publisher":{"@id":"https:\/\/dominicanbus.com\/pt-br\/#organization"},"potentialAction":[{"@type":"SearchAction","target":{"@type":"EntryPoint","urlTemplate":"https:\/\/dominicanbus.com\/pt-br\/?s={search_term_string}"},"query-input":{"@type":"PropertyValueSpecification","valueRequired":true,"valueName":"search_term_string"}}],"inLanguage":"pt-BR"},{"@type":"Organization","@id":"https:\/\/dominicanbus.com\/pt-br\/#organization","name":"dominican bus","url":"https:\/\/dominicanbus.com\/pt-br\/","logo":{"@type":"ImageObject","inLanguage":"pt-BR","@id":"https:\/\/dominicanbus.com\/pt-br\/#\/schema\/logo\/image\/","url":"https:\/\/dominicanbus.com\/wp-content\/uploads\/2025\/11\/Sin-titulo-10.png","contentUrl":"https:\/\/dominicanbus.com\/wp-content\/uploads\/2025\/11\/Sin-titulo-10.png","width":252,"height":250,"caption":"dominican bus"},"image":{"@id":"https:\/\/dominicanbus.com\/pt-br\/#\/schema\/logo\/image\/"},"sameAs":["https:\/\/facebook.com\/dominicanbus","https:\/\/x.com\/dominican_tours","https:\/\/instagram.com\/stdominicanbus","https:\/\/linkein.com\/in\/eric-rincon-95029811b","https:\/\/www.pinterest.ca\/dominicantours\/","https:\/\/www.youtube.com\/user\/makeytours"],"description":"Compania de servicio de traslado y transporte turistico en Republica Dominicana","email":"info@dominicanbus.com","telephone":"18299463500","legalName":"Dominicanbus","foundingDate":"2000-05-06","vatID":"132344654","taxID":"132344654","iso6523Code":"132344654","numberOfEmployees":{"@type":"QuantitativeValue","minValue":"11","maxValue":"50"}}]}},"_links":{"self":[{"href":"https:\/\/dominicanbus.com\/pt-br\/wp-json\/wp\/v2\/product\/38639","targetHints":{"allow":["GET"]}}],"collection":[{"href":"https:\/\/dominicanbus.com\/pt-br\/wp-json\/wp\/v2\/product"}],"about":[{"href":"https:\/\/dominicanbus.com\/pt-br\/wp-json\/wp\/v2\/types\/product"}],"replies":[{"embeddable":true,"href":"https:\/\/dominicanbus.com\/pt-br\/wp-json\/wp\/v2\/comments?post=38639"}],"version-history":[{"count":1,"href":"https:\/\/dominicanbus.com\/pt-br\/wp-json\/wp\/v2\/product\/38639\/revisions"}],"predecessor-version":[{"id":42404,"href":"https:\/\/dominicanbus.com\/pt-br\/wp-json\/wp\/v2\/product\/38639\/revisions\/42404"}],"wp:featuredmedia":[{"embeddable":true,"href":"https:\/\/dominicanbus.com\/pt-br\/wp-json\/wp\/v2\/media\/38644"}],"wp:attachment":[{"href":"https:\/\/dominicanbus.com\/pt-br\/wp-json\/wp\/v2\/media?parent=38639"}],"wp:term":[{"taxonomy":"product_brand","embeddable":true,"href":"https:\/\/dominicanbus.com\/pt-br\/wp-json\/wp\/v2\/product_brand?post=38639"},{"taxonomy":"product_cat","embeddable":true,"href":"https:\/\/dominicanbus.com\/pt-br\/wp-json\/wp\/v2\/product_cat?post=38639"},{"taxonomy":"product_tag","embeddable":true,"href":"https:\/\/dominicanbus.com\/pt-br\/wp-json\/wp\/v2\/product_tag?post=38639"}],"curies":[{"name":"wp","href":"https:\/\/api.w.org\/{rel}","templated":true}]}}