{"id":38630,"date":"2020-10-05T23:01:47","date_gmt":"2020-10-05T23:01:47","guid":{"rendered":"https:\/\/dominicanbus.com\/transfers\/traslado-do-aeroporto-de-punta-cana-para-boca-chica\/"},"modified":"2025-12-31T20:25:46","modified_gmt":"2025-12-31T20:25:46","slug":"traslado-do-aeroporto-de-punta-cana-para-boca-chica","status":"publish","type":"product","link":"https:\/\/dominicanbus.com\/pt-br\/transfers\/traslado-do-aeroporto-de-punta-cana-para-boca-chica\/","title":{"rendered":"Traslado do aeroporto de Punta Cana para Boca Chica"},"content":{"rendered":"<h2>Traslado do aeroporto de Punta Cana para Boca Chica<\/h2>\n<p><strong>O traslado do aeroporto de Punta Cana para Boca Chica<\/strong> \u00e9 um dos servi\u00e7os de transporte privado mais solicitados, pois temos um grande n\u00famero de unidades, permitindo de 1 a 6 passageiros, incluindo bagagem, que podem ser transportados em particular <strong>do aeroporto de Punta Cana para Boca Chica na Rep\u00fablica Dominicana.<\/strong> Nosso transporte \u00e9 um dos melhores servi\u00e7os de transporte particular dispon\u00edveis para fam\u00edlias numerosas ou grandes grupos de amigos, permitindo que voc\u00ea viaje com todo o conforto e seguran\u00e7a de que precisa. <\/p>\n<p class=\"p1\">Nosso servi\u00e7o de <strong>transporte particular do aeroporto de Punta Cana para Boca Chica<\/strong>, com rastreamento de voo, faz com que voc\u00ea n\u00e3o tenha nenhum custo em caso de atraso ou mudan\u00e7a de voo (somente na chegada), permitindo que nossos motoristas recebam voc\u00ea com uma recep\u00e7\u00e3o calorosa e sinaliza\u00e7\u00e3o personalizada. A tarifa \u00e9 por ve\u00edculo e inclui todos os impostos e taxas aeroportu\u00e1rias. A unidade tem ar-condicionado e uma cadeirinha de beb\u00ea est\u00e1 inclu\u00edda (mediante solicita\u00e7\u00e3o).<\/p>\n<h2>Informa\u00e7\u00f5es b\u00e1sicas sobre Boca Chica<\/h2>\n<p><a href=\"https:\/\/wikipedia.com\/boca-chica\/\">Boca Chica<\/a>, na Rep\u00fablica Dominicana, \u00e9 conhecida como uma das praias da cidade de Santo Domingo e est\u00e1 localizada a apenas 18 km a leste do Aeroporto Internacional das Am\u00e9ricas, na Ba\u00eda de San Andr\u00e9s, na Rep\u00fablica Dominicana. Descubra esse lugar incr\u00edvel de areia branca e fina, onde todos os fins de semana uma multid\u00e3o de pessoas procura um dia espl\u00eandido e se re\u00fane nas refrescantes \u00e1guas tropicais do Caribe. Boca Chica \u00e9 muito popular entre as fam\u00edlias locais, pois a \u00e1gua \u00e9 rasa e o fundo \u00e9 arenoso.<\/p>\n<p>Tamb\u00e9m \u00e9 bem conhecida por seus vendedores ambulantes que oferecem produtos como frutos do mar e colares, e h\u00e1 uma variedade de restaurantes na \u00e1rea onde voc\u00ea pode experimentar a culin\u00e1ria nacional de frutos do mar e alguns dos melhores do Caribe. \u00c9 um \u00f3timo lugar para voc\u00ea explorar as \u00e1guas e descobrir a beleza da costa tropical de Santo Domingo a partir do mar. A apenas 400 metros da costa, um recife de coral circular corre ao longo da praia, de modo que as \u00e1guas que chegam \u00e0 costa s\u00e3o muito calmas.  <\/p>\n<p>Para saber o custo ou as tarifas de transporte de Santo Domingo para outros destinos na Rep\u00fablica Dominicana, voc\u00ea pode fazer uma cota\u00e7\u00e3o on-line aqui: <a href=\"https:\/\/dominicanbus.com\/pt-br\/cotacao\/\">Tarifas de traslado Boca Chica<\/a><\/p>\n<div class=\"wp-block-group alignwide\">\n<div class=\"wp-block-group__inner-container\">\n<div class=\"wp-block-group__inner-container\">\n<h2 class=\"has-dark-gray-color has-text-color\">Lugares para visitar em Boca Chica:<\/h2>\n<ul>\n<li>Parque Three Eyes<\/li>\n<li>Alcazar de Colon<\/li>\n<li>Farol em Colon<\/li>\n<li>Cavernas de La Maravillas<\/li>\n<li>Ilha Saona<\/li>\n<li>Passeio por Santo Domingo<\/li>\n<li>Catedral prim\u00e1ria dos Estados Unidos<\/li>\n<li>Aqu\u00e1rio Nacional<\/li>\n<li>Jardim Bot\u00e2nico<\/li>\n<li>Altos de Chavon<\/li>\n<\/ul>\n<p>Se voc\u00ea quiser visitar esses lugares e outros de Boca Chica, recomendo este <a href=\"https:\/\/dominicanbus.com\/pt-br\/excursoes\/\">link aqui.<\/a><\/p>\n<h2>  Traslado de hot\u00e9is em Boca Chica de 01 a 06 pessoas:<\/h2>\n<ul>\n<li>\n<h4><a href=\"https:\/\/dominicanbus.com\/pt-br\/punta-cana\/\">Aeroporto de Punta Cana <\/a>\u2192 A Be Live Hammock Beach $125 &#8211; <a href=\"https:\/\/dominicanbus.com\/pt-br\/cotacao\/\">Reserve agora<\/a><\/h4>\n<\/li>\n<li>\n<h4><a href=\"https:\/\/dominicanbus.com\/pt-br\/punta-cana\/\">Aeroporto de Punta Cana<\/a> \u2192 A Be Live Hamaca Suites $125 &#8211; <a href=\"https:\/\/dominicanbus.com\/pt-br\/cotacao\/\">Reserve<\/a><\/h4>\n<\/li>\n<li>\n<h4><a href=\"https:\/\/dominicanbus.com\/pt-br\/punta-cana\/\">Aeroporto de Punta Cana<\/a> \u2192 A Be Live Hammock Garden $125 &#8211; <a href=\"https:\/\/dominicanbus.com\/pt-br\/cotacao\/\">Reserva<\/a><\/h4>\n<\/li>\n<li>\n<h4><a href=\"https:\/\/dominicanbus.com\/pt-br\/punta-cana\/\">Aeroporto de Punta Cana<\/a> \u2192 A Whala Boca Chica $125 &#8211; <a href=\"https:\/\/dominicanbus.com\/pt-br\/cotacao\/\">Reserva<\/a><\/h4>\n<\/li>\n<li>\n<h4><a href=\"https:\/\/dominicanbus.com\/pt-br\/punta-cana\/\">Aeroporto de Punta Cana<\/a> \u2192 A Bellevue Dominican Bay $125 &#8211; <a href=\"https:\/\/dominicanbus.com\/pt-br\/cotacao\/\">Reserve agora<\/a><\/h4>\n<\/li>\n<li>\n<h4><a href=\"https:\/\/dominicanbus.com\/pt-br\/punta-cana\/\">Aeroporto de Punta Cana<\/a> \u2192 Um Hampton By Hilton Santo Domingo $125 &#8211; <a href=\"https:\/\/dominicanbus.com\/pt-br\/cotacao\/\">Reserve agora<\/a><\/h4>\n<\/li>\n<li>\n<h4><a href=\"https:\/\/dominicanbus.com\/pt-br\/punta-cana\/\">Aeroporto de Punta Cana<\/a> \u2192 A Hotel Neptuno&#8217;s Refugio $125 &#8211; <a href=\"https:\/\/dominicanbus.com\/pt-br\/cotacao\/\">Reserva<\/a><\/h4>\n<\/li>\n<li>\n<h4><a href=\"https:\/\/dominicanbus.com\/pt-br\/punta-cana\/\">Aeroporto de Punta Cana<\/a> \u2192 Para Villa Capri Boca Chica $125 &#8211; <a href=\"https:\/\/dominicanbus.com\/pt-br\/cotacao\/\">Reserve agora<\/a><\/h4>\n<\/li>\n<li>\n<h4><a href=\"https:\/\/dominicanbus.com\/pt-br\/punta-cana\/\">Aeroporto de Punta Cana<\/a> \u2192 Para Calypso Beach Boca Chica $125 &#8211; <a href=\"https:\/\/dominicanbus.com\/pt-br\/cotacao\/\">Reserve<\/a><\/h4>\n<\/li>\n<li>\n<h4><a href=\"https:\/\/dominicanbus.com\/pt-br\/punta-cana\/\">Aeroporto de Punta Cana<\/a> \u2192 A Boca Beach Residence $125 &#8211; <a href=\"https:\/\/dominicanbus.com\/pt-br\/cotacao\/\">Reserve agora<\/a><\/h4>\n<\/li>\n<li>\n<h4><a href=\"https:\/\/dominicanbus.com\/pt-br\/punta-cana\/\">Aeroporto de Punta Cana<\/a> \u2192 A Hamilton Beach Resort $125 &#8211; <a href=\"https:\/\/dominicanbus.com\/pt-br\/cotacao\/\">Reserve<\/a><\/h4>\n<\/li>\n<li>\n<h4><a href=\"https:\/\/dominicanbus.com\/pt-br\/punta-cana\/\">Aeroporto de Punta Cana<\/a> \u2192 Para Boca del Mar Residence $125 &#8211; <a href=\"https:\/\/dominicanbus.com\/pt-br\/cotacao\/\">Reserve agora<\/a><\/h4>\n<\/li>\n<li>\n<h4><a href=\"https:\/\/dominicanbus.com\/pt-br\/punta-cana\/\">Aeroporto de Punta Cana<\/a> \u2192 A Quality Real Airport $125 &#8211; <a href=\"https:\/\/dominicanbus.com\/pt-br\/cotacao\/\">Reserve<\/a><\/h4>\n<\/li>\n<li>\n<h4><a href=\"https:\/\/dominicanbus.com\/pt-br\/punta-cana\/\">Aeroporto de Punta Cana<\/a> \u2192 A Frio Hot Boca Chica $125 &#8211; <a href=\"https:\/\/dominicanbus.com\/pt-br\/cotacao\/\">Reserva<\/a><\/h4>\n<\/li>\n<li>\n<h4><a href=\"https:\/\/dominicanbus.com\/pt-br\/punta-cana\/\">Aeroporto de Punta Cana<\/a> \u2192 Para o Boca Chica Beach Hotel $125 &#8211; <a href=\"https:\/\/dominicanbus.com\/pt-br\/cotacao\/\">Reserve<\/a><\/h4>\n<\/li>\n<li>\n<h4><a href=\"https:\/\/dominicanbus.com\/pt-br\/punta-cana\/\">Aeroporto de Punta Cana<\/a> \u2192 A Dream Village Boca Chica $125 &#8211; <a href=\"https:\/\/dominicanbus.com\/pt-br\/cotacao\/\">Reserve<\/a><\/h4>\n<\/li>\n<li>\n<h4><a href=\"https:\/\/dominicanbus.com\/pt-br\/punta-cana\/\">Aeroporto de Punta Cana<\/a> \u2192 A RIG Hotel Boca Chica Beach $125 &#8211; <a href=\"https:\/\/dominicanbus.com\/pt-br\/cotacao\/\">Reserve agora<\/a><\/h4>\n<\/li>\n<li>\n<h4><a href=\"https:\/\/dominicanbus.com\/pt-br\/punta-cana\/\">Aeroporto de Punta Cana<\/a> \u2192 Para o Club Tropical de los Santos $125 &#8211; <a href=\"https:\/\/dominicanbus.com\/pt-br\/cotacao\/\">Reserva<\/a><\/h4>\n<\/li>\n<li>\n<h4><a href=\"https:\/\/dominicanbus.com\/pt-br\/as-americas\/\">Aeroporto de Punta Cana<\/a> \u2192 A The Boat House Boca Chica $125 &#8211; <a href=\"https:\/\/dominicanbus.com\/pt-br\/cotacao\/\">Reserve<\/a><\/h4>\n<\/li>\n<\/ul>\n<\/div>\n<\/div>\n<\/div>\n","protected":false},"excerpt":{"rendered":"<p><span class=\"s1\">[cabGridPro id=\"\" icons=\"\" layout=\"\" luggage=\"\" origin=\"\" dest=\"\" vehicles=\"\" class=\"\" groups=\"\" single=\"\" onewayrtn=\"one-way\" pass=\"2\" lugg=\"0\" tick=\"1\" time=\"1\" dropdown=\"n\"]<\/span><\/p>\n<p><span class=\"s1\">*V\u00e1lido somente para reservas on-line. <\/span>Reserve seu motorista <em>particular<\/em> do Aeroporto de Punta Cana para Boca Chica \u2713 de 1 a 6 pessoas por apenas $125 \u2713 Pagamento online \u2713 Pre\u00e7os fixos \u2713 Com a Dominican Bus voc\u00ea pode reservar sua viagem em menos de 60 segundos e com confirma\u00e7\u00e3o instant\u00e2nea. Nosso motorista estar\u00e1 esperando por voc\u00ea com uma placa de boas-vindas na sua chegada ao Aeroporto de Punta Cana e o levar\u00e1 diretamente ao seu hotel, vila ou apartamento em Boca Chica, Rep\u00fablica Dominicana. <\/p>\n","protected":false},"featured_media":38637,"comment_status":"closed","ping_status":"closed","template":"","meta":{"site-sidebar-layout":"default","site-content-layout":"default","ast-site-content-layout":"default","site-content-style":"default","site-sidebar-style":"default","ast-global-header-display":"","ast-banner-title-visibility":"","ast-main-header-display":"","ast-hfb-above-header-display":"","ast-hfb-below-header-display":"","ast-hfb-mobile-header-display":"","site-post-title":"","ast-breadcrumbs-content":"","ast-featured-img":"","footer-sml-layout":"","ast-disable-related-posts":"","theme-transparent-header-meta":"default","adv-header-id-meta":"","stick-header-meta":"default","header-above-stick-meta":"","header-main-stick-meta":"","header-below-stick-meta":"","astra-migrate-meta-layouts":"default","ast-page-background-enabled":"default","ast-page-background-meta":{"desktop":{"background-color":"","background-image":"","background-repeat":"repeat","background-position":"center center","background-size":"auto","background-attachment":"scroll","background-type":"","background-media":"","overlay-type":"","overlay-color":"","overlay-opacity":"","overlay-gradient":""},"tablet":{"background-color":"","background-image":"","background-repeat":"repeat","background-position":"center center","background-size":"auto","background-attachment":"scroll","background-type":"","background-media":"","overlay-type":"","overlay-color":"","overlay-opacity":"","overlay-gradient":""},"mobile":{"background-color":"","background-image":"","background-repeat":"repeat","background-position":"center center","background-size":"auto","background-attachment":"scroll","background-type":"","background-media":"","overlay-type":"","overlay-color":"","overlay-opacity":"","overlay-gradient":""}},"ast-content-background-meta":{"desktop":{"background-color":"var(--ast-global-color-5)","background-image":"","background-repeat":"repeat","background-position":"center center","background-size":"auto","background-attachment":"scroll","background-type":"","background-media":"","overlay-type":"","overlay-color":"","overlay-opacity":"","overlay-gradient":""},"tablet":{"background-color":"var(--ast-global-color-5)","background-image":"","background-repeat":"repeat","background-position":"center center","background-size":"auto","background-attachment":"scroll","background-type":"","background-media":"","overlay-type":"","overlay-color":"","overlay-opacity":"","overlay-gradient":""},"mobile":{"background-color":"var(--ast-global-color-5)","background-image":"","background-repeat":"repeat","background-position":"center center","background-size":"auto","background-attachment":"scroll","background-type":"","background-media":"","overlay-type":"","overlay-color":"","overlay-opacity":"","overlay-gradient":""}}},"product_brand":[],"product_cat":[1157,1158],"product_tag":[1188,1191],"class_list":{"0":"post-38630","1":"product","2":"type-product","3":"status-publish","4":"has-post-thumbnail","6":"product_cat-servico-de-transferencia","7":"product_cat-transporte-para-o-aeroporto","8":"product_tag-aeroportos-pt-br","9":"product_tag-punta-cana-pt-br-2","10":"desktop-align-center","11":"tablet-align-center","12":"mobile-align-center","13":"ast-product-gallery-layout-horizontal","14":"ast-product-gallery-with-no-image","15":"ast-product-single-variable","16":"ast-product-tabs-layout-horizontal","18":"first","19":"onbackorder","20":"sold-individually","21":"shipping-taxable","22":"purchasable","23":"product-type-variable","24":"has-default-attributes"},"yoast_head":"<!-- This site is optimized with the Yoast SEO Premium plugin v27.4 (Yoast SEO v27.5) - https:\/\/yoast.com\/product\/yoast-seo-premium-wordpress\/ -->\n<title>Traslado do aeroporto de Punta Cana para Boca Chica | Traslado particular $125<\/title>\n<meta name=\"description\" content=\"Dominicanbus oferece traslado do aeroporto de Punta Cana para os hot\u00e9is ou airbnb de Boca Chica em transporte particular de US$ 125 com A\/C WIFi\" \/>\n<meta name=\"robots\" content=\"index, follow, max-snippet:-1, max-image-preview:large, max-video-preview:-1\" \/>\n<link rel=\"canonical\" href=\"https:\/\/dominicanbus.com\/pt-br\/transfers\/traslado-do-aeroporto-de-punta-cana-para-boca-chica\/\" \/>\n<meta property=\"og:locale\" content=\"pt_BR\" \/>\n<meta property=\"og:type\" content=\"article\" \/>\n<meta property=\"og:title\" content=\"Traslado do aeroporto de Punta Cana para Boca Chica\" \/>\n<meta property=\"og:description\" content=\"Dominicanbus oferece traslado do aeroporto de Punta Cana para os hot\u00e9is ou airbnb de Boca Chica em transporte particular de US$ 125 com A\/C WIFi\" \/>\n<meta property=\"og:url\" content=\"https:\/\/dominicanbus.com\/pt-br\/transfers\/traslado-do-aeroporto-de-punta-cana-para-boca-chica\/\" \/>\n<meta property=\"og:site_name\" content=\"dominican bus\" \/>\n<meta property=\"article:publisher\" content=\"https:\/\/facebook.com\/dominicanbus\" \/>\n<meta property=\"article:modified_time\" content=\"2025-12-31T20:25:46+00:00\" \/>\n<meta property=\"og:image\" content=\"https:\/\/dominicanbus.com\/wp-content\/uploads\/2020\/09\/fondo-35.jpg\" \/>\n\t<meta property=\"og:image:width\" content=\"550\" \/>\n\t<meta property=\"og:image:height\" content=\"364\" \/>\n\t<meta property=\"og:image:type\" content=\"image\/jpeg\" \/>\n<meta name=\"twitter:card\" content=\"summary_large_image\" \/>\n<meta name=\"twitter:site\" content=\"@dominican_tours\" \/>\n<meta name=\"twitter:label1\" content=\"Est. tempo de leitura\" \/>\n\t<meta name=\"twitter:data1\" content=\"3 minutos\" \/>\n<script type=\"application\/ld+json\" class=\"yoast-schema-graph\">{\"@context\":\"https:\\\/\\\/schema.org\",\"@graph\":[{\"@type\":\"WebPage\",\"@id\":\"https:\\\/\\\/dominicanbus.com\\\/pt-br\\\/transfers\\\/traslado-do-aeroporto-de-punta-cana-para-boca-chica\\\/\",\"url\":\"https:\\\/\\\/dominicanbus.com\\\/pt-br\\\/transfers\\\/traslado-do-aeroporto-de-punta-cana-para-boca-chica\\\/\",\"name\":\"Traslado do aeroporto de Punta Cana para Boca Chica | Traslado particular $125\",\"isPartOf\":{\"@id\":\"https:\\\/\\\/dominicanbus.com\\\/pt-br\\\/#website\"},\"primaryImageOfPage\":{\"@id\":\"https:\\\/\\\/dominicanbus.com\\\/pt-br\\\/transfers\\\/traslado-do-aeroporto-de-punta-cana-para-boca-chica\\\/#primaryimage\"},\"image\":{\"@id\":\"https:\\\/\\\/dominicanbus.com\\\/pt-br\\\/transfers\\\/traslado-do-aeroporto-de-punta-cana-para-boca-chica\\\/#primaryimage\"},\"thumbnailUrl\":\"https:\\\/\\\/dominicanbus.com\\\/wp-content\\\/uploads\\\/2020\\\/09\\\/fondo-35.jpg\",\"datePublished\":\"2020-10-05T23:01:47+00:00\",\"dateModified\":\"2025-12-31T20:25:46+00:00\",\"description\":\"Dominicanbus oferece traslado do aeroporto de Punta Cana para os hot\u00e9is ou airbnb de Boca Chica em transporte particular de US$ 125 com A\\\/C WIFi\",\"breadcrumb\":{\"@id\":\"https:\\\/\\\/dominicanbus.com\\\/pt-br\\\/transfers\\\/traslado-do-aeroporto-de-punta-cana-para-boca-chica\\\/#breadcrumb\"},\"inLanguage\":\"pt-BR\",\"potentialAction\":[{\"@type\":\"ReadAction\",\"target\":[\"https:\\\/\\\/dominicanbus.com\\\/pt-br\\\/transfers\\\/traslado-do-aeroporto-de-punta-cana-para-boca-chica\\\/\"]}]},{\"@type\":\"ImageObject\",\"inLanguage\":\"pt-BR\",\"@id\":\"https:\\\/\\\/dominicanbus.com\\\/pt-br\\\/transfers\\\/traslado-do-aeroporto-de-punta-cana-para-boca-chica\\\/#primaryimage\",\"url\":\"https:\\\/\\\/dominicanbus.com\\\/wp-content\\\/uploads\\\/2020\\\/09\\\/fondo-35.jpg\",\"contentUrl\":\"https:\\\/\\\/dominicanbus.com\\\/wp-content\\\/uploads\\\/2020\\\/09\\\/fondo-35.jpg\",\"width\":550,\"height\":364,\"caption\":\"traslado de boca chica\"},{\"@type\":\"BreadcrumbList\",\"@id\":\"https:\\\/\\\/dominicanbus.com\\\/pt-br\\\/transfers\\\/traslado-do-aeroporto-de-punta-cana-para-boca-chica\\\/#breadcrumb\",\"itemListElement\":[{\"@type\":\"ListItem\",\"position\":1,\"name\":\"Portada\",\"item\":\"https:\\\/\\\/dominicanbus.com\\\/pt-br\\\/inicio\\\/\"},{\"@type\":\"ListItem\",\"position\":2,\"name\":\"Loja\",\"item\":\"https:\\\/\\\/dominicanbus.com\\\/loja\\\/\"},{\"@type\":\"ListItem\",\"position\":3,\"name\":\"Traslado do aeroporto de Punta Cana para Boca Chica\"}]},{\"@type\":\"WebSite\",\"@id\":\"https:\\\/\\\/dominicanbus.com\\\/pt-br\\\/#website\",\"url\":\"https:\\\/\\\/dominicanbus.com\\\/pt-br\\\/\",\"name\":\"DominicanBus\",\"description\":\"Servicios de transporte privado en Republica Dominicana\",\"publisher\":{\"@id\":\"https:\\\/\\\/dominicanbus.com\\\/pt-br\\\/#organization\"},\"potentialAction\":[{\"@type\":\"SearchAction\",\"target\":{\"@type\":\"EntryPoint\",\"urlTemplate\":\"https:\\\/\\\/dominicanbus.com\\\/pt-br\\\/?s={search_term_string}\"},\"query-input\":{\"@type\":\"PropertyValueSpecification\",\"valueRequired\":true,\"valueName\":\"search_term_string\"}}],\"inLanguage\":\"pt-BR\"},{\"@type\":\"Organization\",\"@id\":\"https:\\\/\\\/dominicanbus.com\\\/pt-br\\\/#organization\",\"name\":\"dominican bus\",\"url\":\"https:\\\/\\\/dominicanbus.com\\\/pt-br\\\/\",\"logo\":{\"@type\":\"ImageObject\",\"inLanguage\":\"pt-BR\",\"@id\":\"https:\\\/\\\/dominicanbus.com\\\/pt-br\\\/#\\\/schema\\\/logo\\\/image\\\/\",\"url\":\"https:\\\/\\\/dominicanbus.com\\\/wp-content\\\/uploads\\\/2025\\\/11\\\/Sin-titulo-10.png\",\"contentUrl\":\"https:\\\/\\\/dominicanbus.com\\\/wp-content\\\/uploads\\\/2025\\\/11\\\/Sin-titulo-10.png\",\"width\":252,\"height\":250,\"caption\":\"dominican bus\"},\"image\":{\"@id\":\"https:\\\/\\\/dominicanbus.com\\\/pt-br\\\/#\\\/schema\\\/logo\\\/image\\\/\"},\"sameAs\":[\"https:\\\/\\\/facebook.com\\\/dominicanbus\",\"https:\\\/\\\/x.com\\\/dominican_tours\",\"https:\\\/\\\/instagram.com\\\/stdominicanbus\",\"https:\\\/\\\/linkein.com\\\/in\\\/eric-rincon-95029811b\",\"https:\\\/\\\/www.pinterest.ca\\\/dominicantours\\\/\",\"https:\\\/\\\/www.youtube.com\\\/user\\\/makeytours\"],\"description\":\"Compania de servicio de traslado y transporte turistico en Republica Dominicana\",\"email\":\"info@dominicanbus.com\",\"telephone\":\"18299463500\",\"legalName\":\"Dominicanbus\",\"foundingDate\":\"2000-05-06\",\"vatID\":\"132344654\",\"taxID\":\"132344654\",\"iso6523Code\":\"132344654\",\"numberOfEmployees\":{\"@type\":\"QuantitativeValue\",\"minValue\":\"11\",\"maxValue\":\"50\"}}]}<\/script>\n<!-- \/ Yoast SEO Premium plugin. -->","yoast_head_json":{"title":"Traslado do aeroporto de Punta Cana para Boca Chica | Traslado particular $125","description":"Dominicanbus oferece traslado do aeroporto de Punta Cana para os hot\u00e9is ou airbnb de Boca Chica em transporte particular de US$ 125 com A\/C WIFi","robots":{"index":"index","follow":"follow","max-snippet":"max-snippet:-1","max-image-preview":"max-image-preview:large","max-video-preview":"max-video-preview:-1"},"canonical":"https:\/\/dominicanbus.com\/pt-br\/transfers\/traslado-do-aeroporto-de-punta-cana-para-boca-chica\/","og_locale":"pt_BR","og_type":"article","og_title":"Traslado do aeroporto de Punta Cana para Boca Chica","og_description":"Dominicanbus oferece traslado do aeroporto de Punta Cana para os hot\u00e9is ou airbnb de Boca Chica em transporte particular de US$ 125 com A\/C WIFi","og_url":"https:\/\/dominicanbus.com\/pt-br\/transfers\/traslado-do-aeroporto-de-punta-cana-para-boca-chica\/","og_site_name":"dominican bus","article_publisher":"https:\/\/facebook.com\/dominicanbus","article_modified_time":"2025-12-31T20:25:46+00:00","og_image":[{"width":550,"height":364,"url":"https:\/\/dominicanbus.com\/wp-content\/uploads\/2020\/09\/fondo-35.jpg","type":"image\/jpeg"}],"twitter_card":"summary_large_image","twitter_site":"@dominican_tours","twitter_misc":{"Est. tempo de leitura":"3 minutos"},"schema":{"@context":"https:\/\/schema.org","@graph":[{"@type":"WebPage","@id":"https:\/\/dominicanbus.com\/pt-br\/transfers\/traslado-do-aeroporto-de-punta-cana-para-boca-chica\/","url":"https:\/\/dominicanbus.com\/pt-br\/transfers\/traslado-do-aeroporto-de-punta-cana-para-boca-chica\/","name":"Traslado do aeroporto de Punta Cana para Boca Chica | Traslado particular $125","isPartOf":{"@id":"https:\/\/dominicanbus.com\/pt-br\/#website"},"primaryImageOfPage":{"@id":"https:\/\/dominicanbus.com\/pt-br\/transfers\/traslado-do-aeroporto-de-punta-cana-para-boca-chica\/#primaryimage"},"image":{"@id":"https:\/\/dominicanbus.com\/pt-br\/transfers\/traslado-do-aeroporto-de-punta-cana-para-boca-chica\/#primaryimage"},"thumbnailUrl":"https:\/\/dominicanbus.com\/wp-content\/uploads\/2020\/09\/fondo-35.jpg","datePublished":"2020-10-05T23:01:47+00:00","dateModified":"2025-12-31T20:25:46+00:00","description":"Dominicanbus oferece traslado do aeroporto de Punta Cana para os hot\u00e9is ou airbnb de Boca Chica em transporte particular de US$ 125 com A\/C WIFi","breadcrumb":{"@id":"https:\/\/dominicanbus.com\/pt-br\/transfers\/traslado-do-aeroporto-de-punta-cana-para-boca-chica\/#breadcrumb"},"inLanguage":"pt-BR","potentialAction":[{"@type":"ReadAction","target":["https:\/\/dominicanbus.com\/pt-br\/transfers\/traslado-do-aeroporto-de-punta-cana-para-boca-chica\/"]}]},{"@type":"ImageObject","inLanguage":"pt-BR","@id":"https:\/\/dominicanbus.com\/pt-br\/transfers\/traslado-do-aeroporto-de-punta-cana-para-boca-chica\/#primaryimage","url":"https:\/\/dominicanbus.com\/wp-content\/uploads\/2020\/09\/fondo-35.jpg","contentUrl":"https:\/\/dominicanbus.com\/wp-content\/uploads\/2020\/09\/fondo-35.jpg","width":550,"height":364,"caption":"traslado de boca chica"},{"@type":"BreadcrumbList","@id":"https:\/\/dominicanbus.com\/pt-br\/transfers\/traslado-do-aeroporto-de-punta-cana-para-boca-chica\/#breadcrumb","itemListElement":[{"@type":"ListItem","position":1,"name":"Portada","item":"https:\/\/dominicanbus.com\/pt-br\/inicio\/"},{"@type":"ListItem","position":2,"name":"Loja","item":"https:\/\/dominicanbus.com\/loja\/"},{"@type":"ListItem","position":3,"name":"Traslado do aeroporto de Punta Cana para Boca Chica"}]},{"@type":"WebSite","@id":"https:\/\/dominicanbus.com\/pt-br\/#website","url":"https:\/\/dominicanbus.com\/pt-br\/","name":"DominicanBus","description":"Servicios de transporte privado en Republica Dominicana","publisher":{"@id":"https:\/\/dominicanbus.com\/pt-br\/#organization"},"potentialAction":[{"@type":"SearchAction","target":{"@type":"EntryPoint","urlTemplate":"https:\/\/dominicanbus.com\/pt-br\/?s={search_term_string}"},"query-input":{"@type":"PropertyValueSpecification","valueRequired":true,"valueName":"search_term_string"}}],"inLanguage":"pt-BR"},{"@type":"Organization","@id":"https:\/\/dominicanbus.com\/pt-br\/#organization","name":"dominican bus","url":"https:\/\/dominicanbus.com\/pt-br\/","logo":{"@type":"ImageObject","inLanguage":"pt-BR","@id":"https:\/\/dominicanbus.com\/pt-br\/#\/schema\/logo\/image\/","url":"https:\/\/dominicanbus.com\/wp-content\/uploads\/2025\/11\/Sin-titulo-10.png","contentUrl":"https:\/\/dominicanbus.com\/wp-content\/uploads\/2025\/11\/Sin-titulo-10.png","width":252,"height":250,"caption":"dominican bus"},"image":{"@id":"https:\/\/dominicanbus.com\/pt-br\/#\/schema\/logo\/image\/"},"sameAs":["https:\/\/facebook.com\/dominicanbus","https:\/\/x.com\/dominican_tours","https:\/\/instagram.com\/stdominicanbus","https:\/\/linkein.com\/in\/eric-rincon-95029811b","https:\/\/www.pinterest.ca\/dominicantours\/","https:\/\/www.youtube.com\/user\/makeytours"],"description":"Compania de servicio de traslado y transporte turistico en Republica Dominicana","email":"info@dominicanbus.com","telephone":"18299463500","legalName":"Dominicanbus","foundingDate":"2000-05-06","vatID":"132344654","taxID":"132344654","iso6523Code":"132344654","numberOfEmployees":{"@type":"QuantitativeValue","minValue":"11","maxValue":"50"}}]}},"_links":{"self":[{"href":"https:\/\/dominicanbus.com\/pt-br\/wp-json\/wp\/v2\/product\/38630","targetHints":{"allow":["GET"]}}],"collection":[{"href":"https:\/\/dominicanbus.com\/pt-br\/wp-json\/wp\/v2\/product"}],"about":[{"href":"https:\/\/dominicanbus.com\/pt-br\/wp-json\/wp\/v2\/types\/product"}],"replies":[{"embeddable":true,"href":"https:\/\/dominicanbus.com\/pt-br\/wp-json\/wp\/v2\/comments?post=38630"}],"version-history":[{"count":1,"href":"https:\/\/dominicanbus.com\/pt-br\/wp-json\/wp\/v2\/product\/38630\/revisions"}],"predecessor-version":[{"id":42417,"href":"https:\/\/dominicanbus.com\/pt-br\/wp-json\/wp\/v2\/product\/38630\/revisions\/42417"}],"wp:featuredmedia":[{"embeddable":true,"href":"https:\/\/dominicanbus.com\/pt-br\/wp-json\/wp\/v2\/media\/38637"}],"wp:attachment":[{"href":"https:\/\/dominicanbus.com\/pt-br\/wp-json\/wp\/v2\/media?parent=38630"}],"wp:term":[{"taxonomy":"product_brand","embeddable":true,"href":"https:\/\/dominicanbus.com\/pt-br\/wp-json\/wp\/v2\/product_brand?post=38630"},{"taxonomy":"product_cat","embeddable":true,"href":"https:\/\/dominicanbus.com\/pt-br\/wp-json\/wp\/v2\/product_cat?post=38630"},{"taxonomy":"product_tag","embeddable":true,"href":"https:\/\/dominicanbus.com\/pt-br\/wp-json\/wp\/v2\/product_tag?post=38630"}],"curies":[{"name":"wp","href":"https:\/\/api.w.org\/{rel}","templated":true}]}}