{"id":38614,"date":"2020-10-05T23:17:49","date_gmt":"2020-10-05T23:17:49","guid":{"rendered":"https:\/\/dominicanbus.com\/transfers\/traslado-do-aeroporto-de-punta-cana-para-la-romana\/"},"modified":"2025-12-31T20:26:54","modified_gmt":"2025-12-31T20:26:54","slug":"traslado-do-aeroporto-de-punta-cana-para-la-romana","status":"publish","type":"product","link":"https:\/\/dominicanbus.com\/pt-br\/transfers\/traslado-do-aeroporto-de-punta-cana-para-la-romana\/","title":{"rendered":"Traslado do aeroporto de Punta Cana para La Romana"},"content":{"rendered":"<h2>Traslado do aeroporto de Punta Cana para La Romana<\/h2>\n<p><strong>O traslado do aeroporto de Punta Cana para La Romana<\/strong> \u00e9 um dos servi\u00e7os de transporte privado mais solicitados, pois temos um grande n\u00famero de unidades, permitindo de 1 a 6 passageiros, incluindo bagagem, que podem ser transportados em particular <strong>do aeroporto de Punta Cana para Casa de Campo ou La Romana na Rep\u00fablica Dominicana.<\/strong> Nosso transporte \u00e9 um dos melhores servi\u00e7os de transporte particular dispon\u00edveis para fam\u00edlias numerosas ou grandes grupos de amigos, permitindo que voc\u00ea viaje com todo o conforto e seguran\u00e7a de que precisa. <\/p>\n<p class=\"p1\">Nosso servi\u00e7o de <strong>transporte particular do aeroporto de Punta Cana para La Romana<\/strong>, com rastreamento de voo, faz com que voc\u00ea tenha um servi\u00e7o gratuito em caso de atraso ou mudan\u00e7a de voo (somente na chegada), permitindo que nossos motoristas recebam voc\u00ea com uma recep\u00e7\u00e3o calorosa com sinaliza\u00e7\u00e3o personalizada. A tarifa \u00e9 por ve\u00edculo e inclui todos os impostos e taxas aeroportu\u00e1rias. A unidade tem ar-condicionado e uma cadeirinha de beb\u00ea est\u00e1 inclu\u00edda (mediante solicita\u00e7\u00e3o).<\/p>\n<h2>Informa\u00e7\u00f5es b\u00e1sicas sobre La Romana<\/h2>\n<p><a href=\"https:\/\/wikipedia.com\/la-romana\/\"><strong>La Romana<\/strong><\/a> Localizada na ponta sudeste da Rep\u00fablica Dominicana, La Romana oferece a combina\u00e7\u00e3o perfeita de relaxamento \u00e0 beira-mar e explora\u00e7\u00e3o natural. Cercado por pitorescos campos de cana-de-a\u00e7\u00facar e com vista para as \u00e1guas azul-turquesa do Mar do Caribe, esse destino tem algo a oferecer a todos os viajantes. Visite a ilha costeira de Isla Saona em um cruzeiro de catamar\u00e3 para passar o dia tomando sol em sua pr\u00f3pria ilha particular com praias de areia branca e excelentes condi\u00e7\u00f5es de mergulho. La Romana tamb\u00e9m \u00e9 um dos principais destinos de golfe do Caribe, com tr\u00eas campos de campeonato no famoso <strong>resort Casa de Campo<\/strong>: Teeth of the Dog, The Links e Dye Fore.<\/p>\n<p>Esses campos de golfe de classe mundial foram projetados pelo lend\u00e1rio arquiteto de golfe Pete Dye e s\u00e3o os favoritos das celebridades. N\u00e3o deixe de explorar <a href=\"https:\/\/wikipedia.com\/altos-de-chavon\/\"><strong>Altos de Chav\u00f3n em Casa de Campo<\/strong><\/a> durante sua estada, uma r\u00e9plica da hist\u00f3rica vila mediterr\u00e2nea que apresenta arquitetura do s\u00e9culo XVI e oferece vistas panor\u00e2micas espetaculares do <strong>rio Chav\u00f3n.<\/strong> <\/p>\n<p>Para saber o custo ou as tarifas de transporte de Santo Domingo para outros destinos na Rep\u00fablica Dominicana, voc\u00ea pode fazer uma cota\u00e7\u00e3o on-line aqui: <a href=\"https:\/\/dominicanbus.com\/pt-br\/cotacao\/\">Tarifas de traslado em La Romana<\/a><\/p>\n<div class=\"wp-block-group alignwide\">\n<div class=\"wp-block-group__inner-container\">\n<div class=\"wp-block-group__inner-container\">\n<h2 class=\"has-dark-gray-color has-text-color\">Lugares para visitar em La Romana:<\/h2>\n<ul>\n<li>Ilha Catalina<\/li>\n<li>Altos de Chavon<\/li>\n<li>Ilha Saona<\/li>\n<li>Boca de Juma<\/li>\n<li>Casa de campo<\/li>\n<li>Parque La Hacienda<\/li>\n<li>Cavernas das maravilhas<\/li>\n<li>Rancho Cumayasa<\/li>\n<\/ul>\n<p>Se voc\u00ea quiser visitar esses e outros lugares de La Romana, recomendo este <a href=\"https:\/\/dominicanbus.com\/pt-br\/excursoes\/\">link aqui.<\/a><\/p>\n<h2>  Traslado dos hot\u00e9is em La Romana e Playa Nueva de 01 a 06 pessoas:<\/h2>\n<ul>\n<li>\n<h4><a href=\"https:\/\/dominicanbus.com\/pt-br\/punta-cana\/\">Aeroporto de Punta Cana <\/a>\u2192 Para Casa de Campo La Romana $85 &#8211; <a href=\"https:\/\/dominicanbus.com\/pt-br\/cotacao\/\">Reserve<\/a><\/h4>\n<\/li>\n<li>\n<h4><a href=\"https:\/\/dominicanbus.com\/pt-br\/punta-cana\/\">Aeroporto de Punta Cana<\/a> \u2192 Para Bahia Principe La Romana $100 &#8211; <a href=\"https:\/\/dominicanbus.com\/pt-br\/cotacao\/\">Reserve<\/a><\/h4>\n<\/li>\n<li>\n<h4><a href=\"https:\/\/dominicanbus.com\/pt-br\/punta-cana\/\">Aeroporto de Punta Cana<\/a> \u2192 Para Bahia Principe Boungaville $100 &#8211; <a href=\"https:\/\/dominicanbus.com\/pt-br\/cotacao\/\">Reserve agora<\/a><\/h4>\n<\/li>\n<li>\n<h4><a href=\"https:\/\/dominicanbus.com\/pt-br\/punta-cana\/\">Aeroporto de Punta Cana<\/a> \u2192 A Catalonia Grand Dominicus $85 &#8211; <a href=\"https:\/\/dominicanbus.com\/pt-br\/cotacao\/\">Reserve<\/a><\/h4>\n<\/li>\n<li>\n<h4><a href=\"https:\/\/dominicanbus.com\/pt-br\/punta-cana\/\">Aeroporto de Punta Cana<\/a> \u2192 A Catalonia Royal La Romana $85 &#8211; <a href=\"https:\/\/dominicanbus.com\/pt-br\/cotacao\/\">Reserva<\/a><\/h4>\n<\/li>\n<li>\n<h4><a href=\"https:\/\/dominicanbus.com\/pt-br\/punta-cana\/\">Aeroporto de Punta Cana<\/a> \u2192 A Viva Wyndham Dominicus Beach $85 &#8211; <a href=\"https:\/\/dominicanbus.com\/pt-br\/cotacao\/\">Reserve<\/a><\/h4>\n<\/li>\n<li>\n<h4><a href=\"https:\/\/dominicanbus.com\/pt-br\/punta-cana\/\">Aeroporto de Punta Cana<\/a> \u2192 A Dreams Dominicus La Romana $85 &#8211; <a href=\"https:\/\/dominicanbus.com\/pt-br\/cotacao\/\">Reserve agora<\/a><\/h4>\n<\/li>\n<li>\n<h4><a href=\"https:\/\/dominicanbus.com\/pt-br\/punta-cana\/\">Aeroporto de Punta Cana<\/a> \u2192 A Hotel Caserma Bayahibe $85 &#8211; <a href=\"https:\/\/dominicanbus.com\/pt-br\/cotacao\/\">Reserve<\/a><\/h4>\n<\/li>\n<li>\n<h4><a href=\"https:\/\/dominicanbus.com\/pt-br\/punta-cana\/\">Aeroporto de Punta Cana<\/a> \u2192 A Tracadero Beach Resort $85 &#8211; <a href=\"https:\/\/dominicanbus.com\/pt-br\/cotacao\/\">Reserve<\/a><\/h4>\n<\/li>\n<li>\n<h4><a href=\"https:\/\/dominicanbus.com\/pt-br\/punta-cana\/\">Aeroporto de Punta Cana<\/a> \u2192 A Be Live Collection Canoa $85 &#8211; <a href=\"https:\/\/dominicanbus.com\/pt-br\/cotacao\/\">Reserva<\/a><\/h4>\n<\/li>\n<li>\n<h4><a href=\"https:\/\/dominicanbus.com\/pt-br\/punta-cana\/\">Aeroporto de Punta Cana<\/a> \u2192 Para o Iberostar Hacienda Dominicus $85 &#8211; <a href=\"https:\/\/dominicanbus.com\/pt-br\/cotacao\/\">Reserve<\/a><\/h4>\n<\/li>\n<li>\n<h4><a href=\"https:\/\/dominicanbus.com\/pt-br\/punta-cana\/\">Aeroporto de Punta Cana<\/a> \u2192 A Viva Wyndhan Dominicus Palace $85 &#8211; <a href=\"https:\/\/dominicanbus.com\/pt-br\/cotacao\/\">Reserve<\/a><\/h4>\n<\/li>\n<li>\n<h4><a href=\"https:\/\/dominicanbus.com\/pt-br\/punta-cana\/\">Aeroporto de Punta Cana<\/a> \u2192 Para o Tropical Caribe Bayahibe $85 &#8211; <a href=\"https:\/\/dominicanbus.com\/pt-br\/cotacao\/\">Reserve<\/a><\/h4>\n<\/li>\n<li>\n<h4><a href=\"https:\/\/dominicanbus.com\/pt-br\/punta-cana\/\">Aeroporto de Punta Cana<\/a> \u2192 A Hilton La Romana $85 &#8211; <a href=\"https:\/\/dominicanbus.com\/pt-br\/cotacao\/\">Reserve<\/a><\/h4>\n<\/li>\n<li>\n<h4><a href=\"https:\/\/dominicanbus.com\/pt-br\/punta-cana\/\">Aeroporto de Punta Cana<\/a> \u2192 A Dreams La Romana $85 &#8211; <a href=\"https:\/\/dominicanbus.com\/pt-br\/cotacao\/\">Reserve agora<\/a><\/h4>\n<\/li>\n<li>\n<h4><a href=\"https:\/\/dominicanbus.com\/pt-br\/punta-cana\/\">Aeroporto de Punta Cana<\/a> \u2192 A Cadaquez Caribe Resorts $85 &#8211; <a href=\"https:\/\/dominicanbus.com\/pt-br\/cotacao\/\">Reserva<\/a><\/h4>\n<\/li>\n<\/ul>\n<\/div>\n<\/div>\n<\/div>\n","protected":false},"excerpt":{"rendered":"[cabGridPro id=\"\" icons=\"\" layout=\"\" luggage=\"\" origin=\"\" dest=\"\" vehicles=\"\" class=\"\" groups=\"\" single=\"\" onewayrtn=\"one-way\" pass=\"2\" lugg=\"0\" tick=\"1\" time=\"1\" dropdown=\"n\"]\n<p><span class=\"s1\">*V\u00e1lido somente para reservas on-line. <\/span>Reserve seu motorista <em>particular<\/em> do Aeroporto de Punta Cana para La Romana \u2713 de 1 a 6 pessoas por apenas $85 \u2713 Pague online \u2713 Pre\u00e7os fixos \u2713 com a Dominican Bus voc\u00ea pode reservar sua viagem em menos de 60 segundos e com confirma\u00e7\u00e3o instant\u00e2nea. Nosso motorista estar\u00e1 esperando por voc\u00ea com uma placa de boas-vindas na sua chegada ao Aeroporto de Punta Cana e o levar\u00e1 diretamente ao seu hotel, vila ou apartamento em La Romana e Playa Nueva. <\/p>\n","protected":false},"featured_media":38620,"comment_status":"closed","ping_status":"closed","template":"","meta":{"site-sidebar-layout":"default","site-content-layout":"default","ast-site-content-layout":"default","site-content-style":"default","site-sidebar-style":"default","ast-global-header-display":"","ast-banner-title-visibility":"","ast-main-header-display":"","ast-hfb-above-header-display":"","ast-hfb-below-header-display":"","ast-hfb-mobile-header-display":"","site-post-title":"","ast-breadcrumbs-content":"","ast-featured-img":"","footer-sml-layout":"","ast-disable-related-posts":"","theme-transparent-header-meta":"default","adv-header-id-meta":"","stick-header-meta":"default","header-above-stick-meta":"","header-main-stick-meta":"","header-below-stick-meta":"","astra-migrate-meta-layouts":"default","ast-page-background-enabled":"default","ast-page-background-meta":{"desktop":{"background-color":"","background-image":"","background-repeat":"repeat","background-position":"center center","background-size":"auto","background-attachment":"scroll","background-type":"","background-media":"","overlay-type":"","overlay-color":"","overlay-opacity":"","overlay-gradient":""},"tablet":{"background-color":"","background-image":"","background-repeat":"repeat","background-position":"center center","background-size":"auto","background-attachment":"scroll","background-type":"","background-media":"","overlay-type":"","overlay-color":"","overlay-opacity":"","overlay-gradient":""},"mobile":{"background-color":"","background-image":"","background-repeat":"repeat","background-position":"center center","background-size":"auto","background-attachment":"scroll","background-type":"","background-media":"","overlay-type":"","overlay-color":"","overlay-opacity":"","overlay-gradient":""}},"ast-content-background-meta":{"desktop":{"background-color":"var(--ast-global-color-5)","background-image":"","background-repeat":"repeat","background-position":"center center","background-size":"auto","background-attachment":"scroll","background-type":"","background-media":"","overlay-type":"","overlay-color":"","overlay-opacity":"","overlay-gradient":""},"tablet":{"background-color":"var(--ast-global-color-5)","background-image":"","background-repeat":"repeat","background-position":"center center","background-size":"auto","background-attachment":"scroll","background-type":"","background-media":"","overlay-type":"","overlay-color":"","overlay-opacity":"","overlay-gradient":""},"mobile":{"background-color":"var(--ast-global-color-5)","background-image":"","background-repeat":"repeat","background-position":"center center","background-size":"auto","background-attachment":"scroll","background-type":"","background-media":"","overlay-type":"","overlay-color":"","overlay-opacity":"","overlay-gradient":""}}},"product_brand":[],"product_cat":[1189,1187],"product_tag":[1188,1205,1191],"class_list":{"0":"post-38614","1":"product","2":"type-product","3":"status-publish","4":"has-post-thumbnail","6":"product_cat-servico-de-transferencia-pt-br","7":"product_cat-transporte-para-o-aeroporto-pt-br","8":"product_tag-aeroportos-pt-br","9":"product_tag-la-romana-pt-br","10":"product_tag-punta-cana-pt-br-2","11":"desktop-align-center","12":"tablet-align-center","13":"mobile-align-center","14":"ast-product-gallery-layout-horizontal","15":"ast-product-gallery-with-no-image","16":"ast-product-single-variable","17":"ast-product-tabs-layout-horizontal","18":"wcpa_has_options","20":"first","21":"onbackorder","22":"sale","23":"sold-individually","24":"shipping-taxable","25":"purchasable","26":"product-type-variable","27":"has-default-attributes"},"yoast_head":"<!-- This site is optimized with the Yoast SEO Premium plugin v27.4 (Yoast SEO v27.5) - https:\/\/yoast.com\/product\/yoast-seo-premium-wordpress\/ -->\n<title>Traslado do Aeroporto de Punta Cana para La Romana - Apenas US$ 85<\/title>\n<meta name=\"description\" content=\"Dominicanbus oferece traslado do aeroporto de Punta Cana para o hotel em La Romana ou airbnb em um traslado particular de US$ 85 com A\/C WIFi\" \/>\n<meta name=\"robots\" content=\"index, follow, max-snippet:-1, max-image-preview:large, max-video-preview:-1\" \/>\n<link rel=\"canonical\" href=\"https:\/\/dominicanbus.com\/pt-br\/transfers\/traslado-do-aeroporto-de-punta-cana-para-la-romana\/\" \/>\n<meta property=\"og:locale\" content=\"pt_BR\" \/>\n<meta property=\"og:type\" content=\"article\" \/>\n<meta property=\"og:title\" content=\"Traslado do aeroporto de Punta Cana para La Romana\" \/>\n<meta property=\"og:description\" content=\"Dominicanbus oferece traslado do aeroporto de Punta Cana para o hotel em La Romana ou airbnb em um traslado particular de US$ 85 com A\/C WIFi\" \/>\n<meta property=\"og:url\" content=\"https:\/\/dominicanbus.com\/pt-br\/transfers\/traslado-do-aeroporto-de-punta-cana-para-la-romana\/\" \/>\n<meta property=\"og:site_name\" content=\"dominican bus\" \/>\n<meta property=\"article:publisher\" content=\"https:\/\/facebook.com\/dominicanbus\" \/>\n<meta property=\"article:modified_time\" content=\"2025-12-31T20:26:54+00:00\" \/>\n<meta property=\"og:image\" content=\"https:\/\/dominicanbus.com\/wp-content\/uploads\/2020\/09\/fondo-25.jpg\" \/>\n\t<meta property=\"og:image:width\" content=\"550\" \/>\n\t<meta property=\"og:image:height\" content=\"364\" \/>\n\t<meta property=\"og:image:type\" content=\"image\/jpeg\" \/>\n<meta name=\"twitter:card\" content=\"summary_large_image\" \/>\n<meta name=\"twitter:site\" content=\"@dominican_tours\" \/>\n<meta name=\"twitter:label1\" content=\"Est. tempo de leitura\" \/>\n\t<meta name=\"twitter:data1\" content=\"3 minutos\" \/>\n<script type=\"application\/ld+json\" class=\"yoast-schema-graph\">{\"@context\":\"https:\\\/\\\/schema.org\",\"@graph\":[{\"@type\":\"WebPage\",\"@id\":\"https:\\\/\\\/dominicanbus.com\\\/pt-br\\\/transfers\\\/traslado-do-aeroporto-de-punta-cana-para-la-romana\\\/\",\"url\":\"https:\\\/\\\/dominicanbus.com\\\/pt-br\\\/transfers\\\/traslado-do-aeroporto-de-punta-cana-para-la-romana\\\/\",\"name\":\"Traslado do Aeroporto de Punta Cana para La Romana - Apenas US$ 85\",\"isPartOf\":{\"@id\":\"https:\\\/\\\/dominicanbus.com\\\/pt-br\\\/#website\"},\"primaryImageOfPage\":{\"@id\":\"https:\\\/\\\/dominicanbus.com\\\/pt-br\\\/transfers\\\/traslado-do-aeroporto-de-punta-cana-para-la-romana\\\/#primaryimage\"},\"image\":{\"@id\":\"https:\\\/\\\/dominicanbus.com\\\/pt-br\\\/transfers\\\/traslado-do-aeroporto-de-punta-cana-para-la-romana\\\/#primaryimage\"},\"thumbnailUrl\":\"https:\\\/\\\/dominicanbus.com\\\/wp-content\\\/uploads\\\/2020\\\/09\\\/fondo-25.jpg\",\"datePublished\":\"2020-10-05T23:17:49+00:00\",\"dateModified\":\"2025-12-31T20:26:54+00:00\",\"description\":\"Dominicanbus oferece traslado do aeroporto de Punta Cana para o hotel em La Romana ou airbnb em um traslado particular de US$ 85 com A\\\/C WIFi\",\"breadcrumb\":{\"@id\":\"https:\\\/\\\/dominicanbus.com\\\/pt-br\\\/transfers\\\/traslado-do-aeroporto-de-punta-cana-para-la-romana\\\/#breadcrumb\"},\"inLanguage\":\"pt-BR\",\"potentialAction\":[{\"@type\":\"ReadAction\",\"target\":[\"https:\\\/\\\/dominicanbus.com\\\/pt-br\\\/transfers\\\/traslado-do-aeroporto-de-punta-cana-para-la-romana\\\/\"]}]},{\"@type\":\"ImageObject\",\"inLanguage\":\"pt-BR\",\"@id\":\"https:\\\/\\\/dominicanbus.com\\\/pt-br\\\/transfers\\\/traslado-do-aeroporto-de-punta-cana-para-la-romana\\\/#primaryimage\",\"url\":\"https:\\\/\\\/dominicanbus.com\\\/wp-content\\\/uploads\\\/2020\\\/09\\\/fondo-25.jpg\",\"contentUrl\":\"https:\\\/\\\/dominicanbus.com\\\/wp-content\\\/uploads\\\/2020\\\/09\\\/fondo-25.jpg\",\"width\":550,\"height\":364,\"caption\":\"Traslado de La Romana\"},{\"@type\":\"BreadcrumbList\",\"@id\":\"https:\\\/\\\/dominicanbus.com\\\/pt-br\\\/transfers\\\/traslado-do-aeroporto-de-punta-cana-para-la-romana\\\/#breadcrumb\",\"itemListElement\":[{\"@type\":\"ListItem\",\"position\":1,\"name\":\"Portada\",\"item\":\"https:\\\/\\\/dominicanbus.com\\\/pt-br\\\/inicio\\\/\"},{\"@type\":\"ListItem\",\"position\":2,\"name\":\"Loja\",\"item\":\"https:\\\/\\\/dominicanbus.com\\\/loja\\\/\"},{\"@type\":\"ListItem\",\"position\":3,\"name\":\"Traslado do aeroporto de Punta Cana para La Romana\"}]},{\"@type\":\"WebSite\",\"@id\":\"https:\\\/\\\/dominicanbus.com\\\/pt-br\\\/#website\",\"url\":\"https:\\\/\\\/dominicanbus.com\\\/pt-br\\\/\",\"name\":\"DominicanBus\",\"description\":\"Servicios de transporte privado en Republica Dominicana\",\"publisher\":{\"@id\":\"https:\\\/\\\/dominicanbus.com\\\/pt-br\\\/#organization\"},\"potentialAction\":[{\"@type\":\"SearchAction\",\"target\":{\"@type\":\"EntryPoint\",\"urlTemplate\":\"https:\\\/\\\/dominicanbus.com\\\/pt-br\\\/?s={search_term_string}\"},\"query-input\":{\"@type\":\"PropertyValueSpecification\",\"valueRequired\":true,\"valueName\":\"search_term_string\"}}],\"inLanguage\":\"pt-BR\"},{\"@type\":\"Organization\",\"@id\":\"https:\\\/\\\/dominicanbus.com\\\/pt-br\\\/#organization\",\"name\":\"dominican bus\",\"url\":\"https:\\\/\\\/dominicanbus.com\\\/pt-br\\\/\",\"logo\":{\"@type\":\"ImageObject\",\"inLanguage\":\"pt-BR\",\"@id\":\"https:\\\/\\\/dominicanbus.com\\\/pt-br\\\/#\\\/schema\\\/logo\\\/image\\\/\",\"url\":\"https:\\\/\\\/dominicanbus.com\\\/wp-content\\\/uploads\\\/2025\\\/11\\\/Sin-titulo-10.png\",\"contentUrl\":\"https:\\\/\\\/dominicanbus.com\\\/wp-content\\\/uploads\\\/2025\\\/11\\\/Sin-titulo-10.png\",\"width\":252,\"height\":250,\"caption\":\"dominican bus\"},\"image\":{\"@id\":\"https:\\\/\\\/dominicanbus.com\\\/pt-br\\\/#\\\/schema\\\/logo\\\/image\\\/\"},\"sameAs\":[\"https:\\\/\\\/facebook.com\\\/dominicanbus\",\"https:\\\/\\\/x.com\\\/dominican_tours\",\"https:\\\/\\\/instagram.com\\\/stdominicanbus\",\"https:\\\/\\\/linkein.com\\\/in\\\/eric-rincon-95029811b\",\"https:\\\/\\\/www.pinterest.ca\\\/dominicantours\\\/\",\"https:\\\/\\\/www.youtube.com\\\/user\\\/makeytours\"],\"description\":\"Compania de servicio de traslado y transporte turistico en Republica Dominicana\",\"email\":\"info@dominicanbus.com\",\"telephone\":\"18299463500\",\"legalName\":\"Dominicanbus\",\"foundingDate\":\"2000-05-06\",\"vatID\":\"132344654\",\"taxID\":\"132344654\",\"iso6523Code\":\"132344654\",\"numberOfEmployees\":{\"@type\":\"QuantitativeValue\",\"minValue\":\"11\",\"maxValue\":\"50\"}}]}<\/script>\n<!-- \/ Yoast SEO Premium plugin. -->","yoast_head_json":{"title":"Traslado do Aeroporto de Punta Cana para La Romana - Apenas US$ 85","description":"Dominicanbus oferece traslado do aeroporto de Punta Cana para o hotel em La Romana ou airbnb em um traslado particular de US$ 85 com A\/C WIFi","robots":{"index":"index","follow":"follow","max-snippet":"max-snippet:-1","max-image-preview":"max-image-preview:large","max-video-preview":"max-video-preview:-1"},"canonical":"https:\/\/dominicanbus.com\/pt-br\/transfers\/traslado-do-aeroporto-de-punta-cana-para-la-romana\/","og_locale":"pt_BR","og_type":"article","og_title":"Traslado do aeroporto de Punta Cana para La Romana","og_description":"Dominicanbus oferece traslado do aeroporto de Punta Cana para o hotel em La Romana ou airbnb em um traslado particular de US$ 85 com A\/C WIFi","og_url":"https:\/\/dominicanbus.com\/pt-br\/transfers\/traslado-do-aeroporto-de-punta-cana-para-la-romana\/","og_site_name":"dominican bus","article_publisher":"https:\/\/facebook.com\/dominicanbus","article_modified_time":"2025-12-31T20:26:54+00:00","og_image":[{"width":550,"height":364,"url":"https:\/\/dominicanbus.com\/wp-content\/uploads\/2020\/09\/fondo-25.jpg","type":"image\/jpeg"}],"twitter_card":"summary_large_image","twitter_site":"@dominican_tours","twitter_misc":{"Est. tempo de leitura":"3 minutos"},"schema":{"@context":"https:\/\/schema.org","@graph":[{"@type":"WebPage","@id":"https:\/\/dominicanbus.com\/pt-br\/transfers\/traslado-do-aeroporto-de-punta-cana-para-la-romana\/","url":"https:\/\/dominicanbus.com\/pt-br\/transfers\/traslado-do-aeroporto-de-punta-cana-para-la-romana\/","name":"Traslado do Aeroporto de Punta Cana para La Romana - Apenas US$ 85","isPartOf":{"@id":"https:\/\/dominicanbus.com\/pt-br\/#website"},"primaryImageOfPage":{"@id":"https:\/\/dominicanbus.com\/pt-br\/transfers\/traslado-do-aeroporto-de-punta-cana-para-la-romana\/#primaryimage"},"image":{"@id":"https:\/\/dominicanbus.com\/pt-br\/transfers\/traslado-do-aeroporto-de-punta-cana-para-la-romana\/#primaryimage"},"thumbnailUrl":"https:\/\/dominicanbus.com\/wp-content\/uploads\/2020\/09\/fondo-25.jpg","datePublished":"2020-10-05T23:17:49+00:00","dateModified":"2025-12-31T20:26:54+00:00","description":"Dominicanbus oferece traslado do aeroporto de Punta Cana para o hotel em La Romana ou airbnb em um traslado particular de US$ 85 com A\/C WIFi","breadcrumb":{"@id":"https:\/\/dominicanbus.com\/pt-br\/transfers\/traslado-do-aeroporto-de-punta-cana-para-la-romana\/#breadcrumb"},"inLanguage":"pt-BR","potentialAction":[{"@type":"ReadAction","target":["https:\/\/dominicanbus.com\/pt-br\/transfers\/traslado-do-aeroporto-de-punta-cana-para-la-romana\/"]}]},{"@type":"ImageObject","inLanguage":"pt-BR","@id":"https:\/\/dominicanbus.com\/pt-br\/transfers\/traslado-do-aeroporto-de-punta-cana-para-la-romana\/#primaryimage","url":"https:\/\/dominicanbus.com\/wp-content\/uploads\/2020\/09\/fondo-25.jpg","contentUrl":"https:\/\/dominicanbus.com\/wp-content\/uploads\/2020\/09\/fondo-25.jpg","width":550,"height":364,"caption":"Traslado de La Romana"},{"@type":"BreadcrumbList","@id":"https:\/\/dominicanbus.com\/pt-br\/transfers\/traslado-do-aeroporto-de-punta-cana-para-la-romana\/#breadcrumb","itemListElement":[{"@type":"ListItem","position":1,"name":"Portada","item":"https:\/\/dominicanbus.com\/pt-br\/inicio\/"},{"@type":"ListItem","position":2,"name":"Loja","item":"https:\/\/dominicanbus.com\/loja\/"},{"@type":"ListItem","position":3,"name":"Traslado do aeroporto de Punta Cana para La Romana"}]},{"@type":"WebSite","@id":"https:\/\/dominicanbus.com\/pt-br\/#website","url":"https:\/\/dominicanbus.com\/pt-br\/","name":"DominicanBus","description":"Servicios de transporte privado en Republica Dominicana","publisher":{"@id":"https:\/\/dominicanbus.com\/pt-br\/#organization"},"potentialAction":[{"@type":"SearchAction","target":{"@type":"EntryPoint","urlTemplate":"https:\/\/dominicanbus.com\/pt-br\/?s={search_term_string}"},"query-input":{"@type":"PropertyValueSpecification","valueRequired":true,"valueName":"search_term_string"}}],"inLanguage":"pt-BR"},{"@type":"Organization","@id":"https:\/\/dominicanbus.com\/pt-br\/#organization","name":"dominican bus","url":"https:\/\/dominicanbus.com\/pt-br\/","logo":{"@type":"ImageObject","inLanguage":"pt-BR","@id":"https:\/\/dominicanbus.com\/pt-br\/#\/schema\/logo\/image\/","url":"https:\/\/dominicanbus.com\/wp-content\/uploads\/2025\/11\/Sin-titulo-10.png","contentUrl":"https:\/\/dominicanbus.com\/wp-content\/uploads\/2025\/11\/Sin-titulo-10.png","width":252,"height":250,"caption":"dominican bus"},"image":{"@id":"https:\/\/dominicanbus.com\/pt-br\/#\/schema\/logo\/image\/"},"sameAs":["https:\/\/facebook.com\/dominicanbus","https:\/\/x.com\/dominican_tours","https:\/\/instagram.com\/stdominicanbus","https:\/\/linkein.com\/in\/eric-rincon-95029811b","https:\/\/www.pinterest.ca\/dominicantours\/","https:\/\/www.youtube.com\/user\/makeytours"],"description":"Compania de servicio de traslado y transporte turistico en Republica Dominicana","email":"info@dominicanbus.com","telephone":"18299463500","legalName":"Dominicanbus","foundingDate":"2000-05-06","vatID":"132344654","taxID":"132344654","iso6523Code":"132344654","numberOfEmployees":{"@type":"QuantitativeValue","minValue":"11","maxValue":"50"}}]}},"_links":{"self":[{"href":"https:\/\/dominicanbus.com\/pt-br\/wp-json\/wp\/v2\/product\/38614","targetHints":{"allow":["GET"]}}],"collection":[{"href":"https:\/\/dominicanbus.com\/pt-br\/wp-json\/wp\/v2\/product"}],"about":[{"href":"https:\/\/dominicanbus.com\/pt-br\/wp-json\/wp\/v2\/types\/product"}],"replies":[{"embeddable":true,"href":"https:\/\/dominicanbus.com\/pt-br\/wp-json\/wp\/v2\/comments?post=38614"}],"version-history":[{"count":1,"href":"https:\/\/dominicanbus.com\/pt-br\/wp-json\/wp\/v2\/product\/38614\/revisions"}],"predecessor-version":[{"id":42425,"href":"https:\/\/dominicanbus.com\/pt-br\/wp-json\/wp\/v2\/product\/38614\/revisions\/42425"}],"wp:featuredmedia":[{"embeddable":true,"href":"https:\/\/dominicanbus.com\/pt-br\/wp-json\/wp\/v2\/media\/38620"}],"wp:attachment":[{"href":"https:\/\/dominicanbus.com\/pt-br\/wp-json\/wp\/v2\/media?parent=38614"}],"wp:term":[{"taxonomy":"product_brand","embeddable":true,"href":"https:\/\/dominicanbus.com\/pt-br\/wp-json\/wp\/v2\/product_brand?post=38614"},{"taxonomy":"product_cat","embeddable":true,"href":"https:\/\/dominicanbus.com\/pt-br\/wp-json\/wp\/v2\/product_cat?post=38614"},{"taxonomy":"product_tag","embeddable":true,"href":"https:\/\/dominicanbus.com\/pt-br\/wp-json\/wp\/v2\/product_tag?post=38614"}],"curies":[{"name":"wp","href":"https:\/\/api.w.org\/{rel}","templated":true}]}}