{"id":38607,"date":"2020-10-05T22:43:12","date_gmt":"2020-10-05T22:43:12","guid":{"rendered":"https:\/\/dominicanbus.com\/transfers\/traslado-do-aeroporto-de-punta-cana-para-juan-dolio\/"},"modified":"2025-12-31T20:26:39","modified_gmt":"2025-12-31T20:26:39","slug":"traslado-do-aeroporto-de-punta-cana-para-juan-dolio","status":"publish","type":"product","link":"https:\/\/dominicanbus.com\/pt-br\/transfers\/traslado-do-aeroporto-de-punta-cana-para-juan-dolio\/","title":{"rendered":"Traslado do aeroporto de Punta Cana para Juan Dolio"},"content":{"rendered":"<h2>Traslado do aeroporto de Punta Cana para Juan Dolio<\/h2>\n<p><strong>O traslado do aeroporto de Punta Cana para Juan Dolio<\/strong> \u00e9 um dos servi\u00e7os de transporte privado mais solicitados, pois temos um grande n\u00famero de unidades, permitindo de 1 a 6 passageiros, incluindo bagagem, que podem ser transportados em particular <strong>do aeroporto de Punta Cana para Juan Dolio ou Guayacanes na Rep\u00fablica Dominicana.<\/strong> Nosso transporte \u00e9 um dos melhores servi\u00e7os de transporte particular dispon\u00edveis para fam\u00edlias numerosas ou grandes grupos de amigos, permitindo que voc\u00ea viaje com todo o conforto e seguran\u00e7a de que precisa. <\/p>\n<p class=\"p1\">Nosso servi\u00e7o de <strong>transporte particular do aeroporto de punta cana para juan dolio<\/strong>, com rastreamento de voo, permite que voc\u00ea tenha um servi\u00e7o gratuito em caso de atraso ou mudan\u00e7a de voo (somente na chegada), permitindo que nossos motoristas recebam voc\u00ea com uma recep\u00e7\u00e3o calorosa com sinaliza\u00e7\u00e3o personalizada. A tarifa \u00e9 por ve\u00edculo e inclui todos os impostos e taxas aeroportu\u00e1rias. A unidade tem ar-condicionado e uma cadeirinha de beb\u00ea est\u00e1 inclu\u00edda (mediante solicita\u00e7\u00e3o).<\/p>\n<h2>Informa\u00e7\u00f5es b\u00e1sicas sobre Juan Dolio<\/h2>\n<p>Aproveite um dia relaxante na praia em <a href=\"https:\/\/wikipedia.com\/juan-dolio\/\">Juan Dolio<\/a> e passeie pelas ruas da cidade durante sua estada na Rep\u00fablica Dominicana.<br \/>\nDescubra Juan Dolio caminhando por suas ruas e sua maravilhosa praia enquanto desfruta de um dia relaxante durante suas f\u00e9rias na <a href=\"https:\/\/wikipedia.com\/republica-dominicana\/\">Rep\u00fablica Dominicana<\/a>. A apenas 16 km de San Pedro de Macor\u00eds, voc\u00ea encontrar\u00e1 essa cidade popular, onde poder\u00e1 relaxar na praia e tomar sol ou nadar nas \u00e1guas tropicais quentes. Devido ao enorme crescimento do turismo na d\u00e9cada de 1980, muitos hot\u00e9is e empresas de artesanato come\u00e7aram a oferecer seus servi\u00e7os aos turistas que visitavam essa praia maravilhosa.<\/p>\n<p>O local \u00e9 muito bem conectado \u00e0s cidades vizinhas por \u00f4nibus frequentes. Eles partem de Santo Domingo e fazem conex\u00e3o com San Pedro, La Romana ou Hig\u00fcey, passando pelas praias entre elas. <\/p>\n<p>Para saber o custo ou as tarifas de transporte de santo domingo para outros destinos na rep\u00fablica dominicana, voc\u00ea pode fazer uma cota\u00e7\u00e3o on-line aqui: <a href=\"https:\/\/dominicanbus.com\/pt-br\/cotacao\/\">Tarifas de traslado Juan Dolio<\/a><\/p>\n<div class=\"wp-block-group alignwide\">\n<div class=\"wp-block-group__inner-container\">\n<div class=\"wp-block-group__inner-container\">\n<h2 class=\"has-dark-gray-color has-text-color\">Lugares para visitar em Juan Dolio:<\/h2>\n<ul>\n<li>Ilha Catalina<\/li>\n<li>Altos de Chavon<\/li>\n<li>Ilha Saona<\/li>\n<li>Cavernas das maravilhas<\/li>\n<li>Altos de Chavon<\/li>\n<li>Passeios em Santo Domingo<\/li>\n<li>As cavernas dos 3 olhos<\/li>\n<li>Passeios de compras<\/li>\n<\/ul>\n<p>Se voc\u00ea quiser visitar esses lugares e outros de Juan Dolio, recomendo este <a href=\"https:\/\/dominicanbus.com\/pt-br\/excursoes\/\">link aqui.<\/a><\/p>\n<h2>  Traslados de hot\u00e9is em Juan Dolio de 01 a 06 pessoas:<\/h2>\n<ul>\n<li>\n<h4><a href=\"https:\/\/dominicanbus.com\/pt-br\/punta-cana\/\">Aeroporto de Punta Cana <\/a>\u2192 Para a Costa Coral do Caribe US$ 110 &#8211; <a href=\"https:\/\/dominicanbus.com\/pt-br\/cotacao\/\">Reserva<\/a><\/h4>\n<\/li>\n<li>\n<h4><a href=\"https:\/\/dominicanbus.com\/pt-br\/as-americas\/\">Aeroporto de Punta Cana<\/a> \u2192 A Marbella Towers Juan Dolio $110 &#8211; <a href=\"https:\/\/dominicanbus.com\/pt-br\/cotacao\/\">Reserva<\/a><\/h4>\n<\/li>\n<li>\n<h4><a href=\"https:\/\/dominicanbus.com\/pt-br\/punta-cana\/\">Aeroporto de Punta Cana<\/a> \u2192 A Emotions By Hodelpa Juan Dolio $110 &#8211; <a href=\"https:\/\/dominicanbus.com\/pt-br\/cotacao\/\">Reserve<\/a><\/h4>\n<\/li>\n<li>\n<h4><a href=\"https:\/\/dominicanbus.com\/pt-br\/punta-cana\/\">Aeroporto de Punta Cana<\/a> \u2192 A Hodelpa Garden Suites $110 &#8211; <a href=\"https:\/\/dominicanbus.com\/pt-br\/cotacao\/\">Reserve agora<\/a><\/h4>\n<\/li>\n<li>\n<h4><a href=\"https:\/\/dominicanbus.com\/pt-br\/punta-cana\/\">Aeroporto de Punta Cana<\/a> \u2192 Para o Hotel Playa Esmeralda $110 &#8211; <a href=\"https:\/\/dominicanbus.com\/pt-br\/cotacao\/\">Reserve<\/a><\/h4>\n<\/li>\n<li>\n<h4><a href=\"https:\/\/dominicanbus.com\/pt-br\/punta-cana\/\">Aeroporto de Punta Cana<\/a> \u2192 Para Casa Hemingway $110 &#8211; <a href=\"https:\/\/dominicanbus.com\/pt-br\/cotacao\/\">Reserve<\/a><\/h4>\n<\/li>\n<li>\n<h4><a href=\"https:\/\/dominicanbus.com\/pt-br\/punta-cana\/\">Aeroporto de Punta Cana<\/a> \u2192 A Hotel Plaza Real Resort $110 &#8211; <a href=\"https:\/\/dominicanbus.com\/pt-br\/cotacao\/\">Reserve<\/a><\/h4>\n<\/li>\n<li>\n<h4><a href=\"https:\/\/dominicanbus.com\/pt-br\/punta-cana\/\">Aeroporto de Punta Cana<\/a> \u2192 A Sybaris Suites Juan Dolio $110 &#8211; <a href=\"https:\/\/dominicanbus.com\/pt-br\/cotacao\/\">Reserve<\/a><\/h4>\n<\/li>\n<li>\n<h4><a href=\"https:\/\/dominicanbus.com\/pt-br\/punta-cana\/\">Aeroporto de Punta Cana<\/a> \u2192 A Albatros Suites Resorts $110 &#8211; <a href=\"https:\/\/dominicanbus.com\/pt-br\/cotacao\/\">Reserve<\/a><\/h4>\n<\/li>\n<li>\n<h4><a href=\"https:\/\/dominicanbus.com\/pt-br\/punta-cana\/\">Aeroporto de Punta Cana<\/a> \u2192 A Guavaberry Golf Club Suites $110 &#8211; <a href=\"https:\/\/dominicanbus.com\/pt-br\/cotacao\/\">Reserve<\/a><\/h4>\n<\/li>\n<li>\n<h4><a href=\"https:\/\/dominicanbus.com\/pt-br\/punta-cana\/\">Aeroporto de Punta Cana<\/a> \u2192 A Metro Country Club $110 &#8211; <a href=\"https:\/\/dominicanbus.com\/pt-br\/cotacao\/\">Reserva<\/a><\/h4>\n<\/li>\n<li>\n<h4><a href=\"https:\/\/dominicanbus.com\/pt-br\/punta-cana\/\">Aeroporto de Punta Cana<\/a> \u2192 Um para\u00edso verde US$ 110 &#8211; <a href=\"https:\/\/dominicanbus.com\/pt-br\/cotacao\/\">Reserva<\/a><\/h4>\n<\/li>\n<li>\n<h4><a href=\"https:\/\/dominicanbus.com\/pt-br\/punta-cana\/\">Aeroporto de Punta Cana<\/a> \u2192 Para o Villas del Mar Juan Dolio $110 &#8211; <a href=\"https:\/\/dominicanbus.com\/pt-br\/cotacao\/\">Reserve<\/a><\/h4>\n<\/li>\n<li>\n<h4><a href=\"https:\/\/dominicanbus.com\/pt-br\/punta-cana\/\">Aeroporto de Punta Cana<\/a> \u2192 Para Costa del Sol Juan Dolio $110 &#8211; <a href=\"https:\/\/dominicanbus.com\/pt-br\/cotacao\/\">Reserva<\/a><\/h4>\n<\/li>\n<li>\n<h4><a href=\"https:\/\/dominicanbus.com\/pt-br\/as-americas\/\">Aeroporto de Punta Cana<\/a> \u2192 A Coop Marena Beach Resort $110 &#8211; <a href=\"https:\/\/dominicanbus.com\/pt-br\/cotacao\/\">Reserve<\/a><\/h4>\n<\/li>\n<li>\n<h4><a href=\"https:\/\/dominicanbus.com\/pt-br\/punta-cana\/\">Aeroporto de Punta Cana<\/a> \u2192 Para Boca del Mar Residence $110 &#8211; <a href=\"https:\/\/dominicanbus.com\/pt-br\/cotacao\/\">Reserve<\/a><\/h4>\n<\/li>\n<li>\n<h4><a href=\"https:\/\/dominicanbus.com\/pt-br\/punta-cana\/\">Aeroporto de Punta Cana<\/a> \u2192 A Aqua Loft Juan Dolio $110 &#8211; <a href=\"https:\/\/dominicanbus.com\/pt-br\/cotacao\/\">Reserve<\/a><\/h4>\n<\/li>\n<\/ul>\n<\/div>\n<\/div>\n<\/div>\n","protected":false},"excerpt":{"rendered":"[cabGridPro id=\"\" icons=\"\" layout=\"\" luggage=\"\" origin=\"\" dest=\"\" vehicles=\"\" class=\"\" groups=\"\" single=\"\" onewayrtn=\"one-way\" pass=\"2\" lugg=\"0\" tick=\"1\" time=\"1\" dropdown=\"n\"]\n<p>Reserve seu motorista <em>particular<\/em> do Aeroporto de Punta Cana para Juan Dolio \u2713 de 1 a 6 pessoas por apenas $110 \u2713 Pague online \u2713 Pre\u00e7os fixos \u2713 com a Dominican Bus voc\u00ea pode reservar sua viagem em menos de 60 segundos e com confirma\u00e7\u00e3o instant\u00e2nea. Nosso motorista estar\u00e1 esperando por voc\u00ea com uma placa de boas-vindas na chegada ao Aeroporto de Punta Cana e o levar\u00e1 diretamente ao seu hotel, vila ou apartamento em Juan Dolio. <\/p>\n","protected":false},"featured_media":38613,"comment_status":"closed","ping_status":"closed","template":"","meta":{"site-sidebar-layout":"default","site-content-layout":"default","ast-site-content-layout":"default","site-content-style":"default","site-sidebar-style":"default","ast-global-header-display":"","ast-banner-title-visibility":"","ast-main-header-display":"","ast-hfb-above-header-display":"","ast-hfb-below-header-display":"","ast-hfb-mobile-header-display":"","site-post-title":"","ast-breadcrumbs-content":"","ast-featured-img":"","footer-sml-layout":"","ast-disable-related-posts":"","theme-transparent-header-meta":"default","adv-header-id-meta":"","stick-header-meta":"default","header-above-stick-meta":"","header-main-stick-meta":"","header-below-stick-meta":"","astra-migrate-meta-layouts":"default","ast-page-background-enabled":"default","ast-page-background-meta":{"desktop":{"background-color":"","background-image":"","background-repeat":"repeat","background-position":"center center","background-size":"auto","background-attachment":"scroll","background-type":"","background-media":"","overlay-type":"","overlay-color":"","overlay-opacity":"","overlay-gradient":""},"tablet":{"background-color":"","background-image":"","background-repeat":"repeat","background-position":"center center","background-size":"auto","background-attachment":"scroll","background-type":"","background-media":"","overlay-type":"","overlay-color":"","overlay-opacity":"","overlay-gradient":""},"mobile":{"background-color":"","background-image":"","background-repeat":"repeat","background-position":"center center","background-size":"auto","background-attachment":"scroll","background-type":"","background-media":"","overlay-type":"","overlay-color":"","overlay-opacity":"","overlay-gradient":""}},"ast-content-background-meta":{"desktop":{"background-color":"var(--ast-global-color-5)","background-image":"","background-repeat":"repeat","background-position":"center center","background-size":"auto","background-attachment":"scroll","background-type":"","background-media":"","overlay-type":"","overlay-color":"","overlay-opacity":"","overlay-gradient":""},"tablet":{"background-color":"var(--ast-global-color-5)","background-image":"","background-repeat":"repeat","background-position":"center center","background-size":"auto","background-attachment":"scroll","background-type":"","background-media":"","overlay-type":"","overlay-color":"","overlay-opacity":"","overlay-gradient":""},"mobile":{"background-color":"var(--ast-global-color-5)","background-image":"","background-repeat":"repeat","background-position":"center center","background-size":"auto","background-attachment":"scroll","background-type":"","background-media":"","overlay-type":"","overlay-color":"","overlay-opacity":"","overlay-gradient":""}}},"product_brand":[],"product_cat":[1157,1158],"product_tag":[1188,1211,1191],"class_list":{"0":"post-38607","1":"product","2":"type-product","3":"status-publish","4":"has-post-thumbnail","6":"product_cat-servico-de-transferencia","7":"product_cat-transporte-para-o-aeroporto","8":"product_tag-aeroportos-pt-br","9":"product_tag-juan-dolio-pt-br-2","10":"product_tag-punta-cana-pt-br-2","11":"desktop-align-center","12":"tablet-align-center","13":"mobile-align-center","14":"ast-product-gallery-layout-horizontal","15":"ast-product-gallery-with-no-image","16":"ast-product-single-variable","17":"ast-product-tabs-layout-horizontal","19":"first","20":"onbackorder","21":"sold-individually","22":"shipping-taxable","23":"purchasable","24":"product-type-variable","25":"has-default-attributes"},"yoast_head":"<!-- This site is optimized with the Yoast SEO Premium plugin v27.4 (Yoast SEO v27.5) - https:\/\/yoast.com\/product\/yoast-seo-premium-wordpress\/ -->\n<title>Traslado do Aeroporto de Punta Cana para Juan Dolio | Traslado particular $110<\/title>\n<meta name=\"description\" content=\"A Dominicanbus oferece traslado do aeroporto de Punta Cana para os hot\u00e9is ou airbnb em Juan Dolio por US$ 110 com A\/C WIFi\" \/>\n<meta name=\"robots\" content=\"index, follow, max-snippet:-1, max-image-preview:large, max-video-preview:-1\" \/>\n<link rel=\"canonical\" href=\"https:\/\/dominicanbus.com\/pt-br\/transfers\/traslado-do-aeroporto-de-punta-cana-para-juan-dolio\/\" \/>\n<meta property=\"og:locale\" content=\"pt_BR\" \/>\n<meta property=\"og:type\" content=\"article\" \/>\n<meta property=\"og:title\" content=\"Traslado do aeroporto de Punta Cana para Juan Dolio\" \/>\n<meta property=\"og:description\" content=\"A Dominicanbus oferece traslado do aeroporto de Punta Cana para os hot\u00e9is ou airbnb em Juan Dolio por US$ 110 com A\/C WIFi\" \/>\n<meta property=\"og:url\" content=\"https:\/\/dominicanbus.com\/pt-br\/transfers\/traslado-do-aeroporto-de-punta-cana-para-juan-dolio\/\" \/>\n<meta property=\"og:site_name\" content=\"dominican bus\" \/>\n<meta property=\"article:publisher\" content=\"https:\/\/facebook.com\/dominicanbus\" \/>\n<meta property=\"article:modified_time\" content=\"2025-12-31T20:26:39+00:00\" \/>\n<meta property=\"og:image\" content=\"https:\/\/dominicanbus.com\/wp-content\/uploads\/2020\/09\/fondo-26.jpg\" \/>\n\t<meta property=\"og:image:width\" content=\"550\" \/>\n\t<meta property=\"og:image:height\" content=\"364\" \/>\n\t<meta property=\"og:image:type\" content=\"image\/jpeg\" \/>\n<meta name=\"twitter:card\" content=\"summary_large_image\" \/>\n<meta name=\"twitter:site\" content=\"@dominican_tours\" \/>\n<meta name=\"twitter:label1\" content=\"Est. tempo de leitura\" \/>\n\t<meta name=\"twitter:data1\" content=\"3 minutos\" \/>\n<script type=\"application\/ld+json\" class=\"yoast-schema-graph\">{\"@context\":\"https:\\\/\\\/schema.org\",\"@graph\":[{\"@type\":\"WebPage\",\"@id\":\"https:\\\/\\\/dominicanbus.com\\\/pt-br\\\/transfers\\\/traslado-do-aeroporto-de-punta-cana-para-juan-dolio\\\/\",\"url\":\"https:\\\/\\\/dominicanbus.com\\\/pt-br\\\/transfers\\\/traslado-do-aeroporto-de-punta-cana-para-juan-dolio\\\/\",\"name\":\"Traslado do Aeroporto de Punta Cana para Juan Dolio | Traslado particular $110\",\"isPartOf\":{\"@id\":\"https:\\\/\\\/dominicanbus.com\\\/pt-br\\\/#website\"},\"primaryImageOfPage\":{\"@id\":\"https:\\\/\\\/dominicanbus.com\\\/pt-br\\\/transfers\\\/traslado-do-aeroporto-de-punta-cana-para-juan-dolio\\\/#primaryimage\"},\"image\":{\"@id\":\"https:\\\/\\\/dominicanbus.com\\\/pt-br\\\/transfers\\\/traslado-do-aeroporto-de-punta-cana-para-juan-dolio\\\/#primaryimage\"},\"thumbnailUrl\":\"https:\\\/\\\/dominicanbus.com\\\/wp-content\\\/uploads\\\/2020\\\/09\\\/fondo-26.jpg\",\"datePublished\":\"2020-10-05T22:43:12+00:00\",\"dateModified\":\"2025-12-31T20:26:39+00:00\",\"description\":\"A Dominicanbus oferece traslado do aeroporto de Punta Cana para os hot\u00e9is ou airbnb em Juan Dolio por US$ 110 com A\\\/C WIFi\",\"breadcrumb\":{\"@id\":\"https:\\\/\\\/dominicanbus.com\\\/pt-br\\\/transfers\\\/traslado-do-aeroporto-de-punta-cana-para-juan-dolio\\\/#breadcrumb\"},\"inLanguage\":\"pt-BR\",\"potentialAction\":[{\"@type\":\"ReadAction\",\"target\":[\"https:\\\/\\\/dominicanbus.com\\\/pt-br\\\/transfers\\\/traslado-do-aeroporto-de-punta-cana-para-juan-dolio\\\/\"]}]},{\"@type\":\"ImageObject\",\"inLanguage\":\"pt-BR\",\"@id\":\"https:\\\/\\\/dominicanbus.com\\\/pt-br\\\/transfers\\\/traslado-do-aeroporto-de-punta-cana-para-juan-dolio\\\/#primaryimage\",\"url\":\"https:\\\/\\\/dominicanbus.com\\\/wp-content\\\/uploads\\\/2020\\\/09\\\/fondo-26.jpg\",\"contentUrl\":\"https:\\\/\\\/dominicanbus.com\\\/wp-content\\\/uploads\\\/2020\\\/09\\\/fondo-26.jpg\",\"width\":550,\"height\":364,\"caption\":\"Transfer\u00eancia de Juan Dolio\"},{\"@type\":\"BreadcrumbList\",\"@id\":\"https:\\\/\\\/dominicanbus.com\\\/pt-br\\\/transfers\\\/traslado-do-aeroporto-de-punta-cana-para-juan-dolio\\\/#breadcrumb\",\"itemListElement\":[{\"@type\":\"ListItem\",\"position\":1,\"name\":\"Portada\",\"item\":\"https:\\\/\\\/dominicanbus.com\\\/pt-br\\\/inicio\\\/\"},{\"@type\":\"ListItem\",\"position\":2,\"name\":\"Loja\",\"item\":\"https:\\\/\\\/dominicanbus.com\\\/loja\\\/\"},{\"@type\":\"ListItem\",\"position\":3,\"name\":\"Traslado do aeroporto de Punta Cana para Juan Dolio\"}]},{\"@type\":\"WebSite\",\"@id\":\"https:\\\/\\\/dominicanbus.com\\\/pt-br\\\/#website\",\"url\":\"https:\\\/\\\/dominicanbus.com\\\/pt-br\\\/\",\"name\":\"DominicanBus\",\"description\":\"Servicios de transporte privado en Republica Dominicana\",\"publisher\":{\"@id\":\"https:\\\/\\\/dominicanbus.com\\\/pt-br\\\/#organization\"},\"potentialAction\":[{\"@type\":\"SearchAction\",\"target\":{\"@type\":\"EntryPoint\",\"urlTemplate\":\"https:\\\/\\\/dominicanbus.com\\\/pt-br\\\/?s={search_term_string}\"},\"query-input\":{\"@type\":\"PropertyValueSpecification\",\"valueRequired\":true,\"valueName\":\"search_term_string\"}}],\"inLanguage\":\"pt-BR\"},{\"@type\":\"Organization\",\"@id\":\"https:\\\/\\\/dominicanbus.com\\\/pt-br\\\/#organization\",\"name\":\"dominican bus\",\"url\":\"https:\\\/\\\/dominicanbus.com\\\/pt-br\\\/\",\"logo\":{\"@type\":\"ImageObject\",\"inLanguage\":\"pt-BR\",\"@id\":\"https:\\\/\\\/dominicanbus.com\\\/pt-br\\\/#\\\/schema\\\/logo\\\/image\\\/\",\"url\":\"https:\\\/\\\/dominicanbus.com\\\/wp-content\\\/uploads\\\/2025\\\/11\\\/Sin-titulo-10.png\",\"contentUrl\":\"https:\\\/\\\/dominicanbus.com\\\/wp-content\\\/uploads\\\/2025\\\/11\\\/Sin-titulo-10.png\",\"width\":252,\"height\":250,\"caption\":\"dominican bus\"},\"image\":{\"@id\":\"https:\\\/\\\/dominicanbus.com\\\/pt-br\\\/#\\\/schema\\\/logo\\\/image\\\/\"},\"sameAs\":[\"https:\\\/\\\/facebook.com\\\/dominicanbus\",\"https:\\\/\\\/x.com\\\/dominican_tours\",\"https:\\\/\\\/instagram.com\\\/stdominicanbus\",\"https:\\\/\\\/linkein.com\\\/in\\\/eric-rincon-95029811b\",\"https:\\\/\\\/www.pinterest.ca\\\/dominicantours\\\/\",\"https:\\\/\\\/www.youtube.com\\\/user\\\/makeytours\"],\"description\":\"Compania de servicio de traslado y transporte turistico en Republica Dominicana\",\"email\":\"info@dominicanbus.com\",\"telephone\":\"18299463500\",\"legalName\":\"Dominicanbus\",\"foundingDate\":\"2000-05-06\",\"vatID\":\"132344654\",\"taxID\":\"132344654\",\"iso6523Code\":\"132344654\",\"numberOfEmployees\":{\"@type\":\"QuantitativeValue\",\"minValue\":\"11\",\"maxValue\":\"50\"}}]}<\/script>\n<!-- \/ Yoast SEO Premium plugin. -->","yoast_head_json":{"title":"Traslado do Aeroporto de Punta Cana para Juan Dolio | Traslado particular $110","description":"A Dominicanbus oferece traslado do aeroporto de Punta Cana para os hot\u00e9is ou airbnb em Juan Dolio por US$ 110 com A\/C WIFi","robots":{"index":"index","follow":"follow","max-snippet":"max-snippet:-1","max-image-preview":"max-image-preview:large","max-video-preview":"max-video-preview:-1"},"canonical":"https:\/\/dominicanbus.com\/pt-br\/transfers\/traslado-do-aeroporto-de-punta-cana-para-juan-dolio\/","og_locale":"pt_BR","og_type":"article","og_title":"Traslado do aeroporto de Punta Cana para Juan Dolio","og_description":"A Dominicanbus oferece traslado do aeroporto de Punta Cana para os hot\u00e9is ou airbnb em Juan Dolio por US$ 110 com A\/C WIFi","og_url":"https:\/\/dominicanbus.com\/pt-br\/transfers\/traslado-do-aeroporto-de-punta-cana-para-juan-dolio\/","og_site_name":"dominican bus","article_publisher":"https:\/\/facebook.com\/dominicanbus","article_modified_time":"2025-12-31T20:26:39+00:00","og_image":[{"width":550,"height":364,"url":"https:\/\/dominicanbus.com\/wp-content\/uploads\/2020\/09\/fondo-26.jpg","type":"image\/jpeg"}],"twitter_card":"summary_large_image","twitter_site":"@dominican_tours","twitter_misc":{"Est. tempo de leitura":"3 minutos"},"schema":{"@context":"https:\/\/schema.org","@graph":[{"@type":"WebPage","@id":"https:\/\/dominicanbus.com\/pt-br\/transfers\/traslado-do-aeroporto-de-punta-cana-para-juan-dolio\/","url":"https:\/\/dominicanbus.com\/pt-br\/transfers\/traslado-do-aeroporto-de-punta-cana-para-juan-dolio\/","name":"Traslado do Aeroporto de Punta Cana para Juan Dolio | Traslado particular $110","isPartOf":{"@id":"https:\/\/dominicanbus.com\/pt-br\/#website"},"primaryImageOfPage":{"@id":"https:\/\/dominicanbus.com\/pt-br\/transfers\/traslado-do-aeroporto-de-punta-cana-para-juan-dolio\/#primaryimage"},"image":{"@id":"https:\/\/dominicanbus.com\/pt-br\/transfers\/traslado-do-aeroporto-de-punta-cana-para-juan-dolio\/#primaryimage"},"thumbnailUrl":"https:\/\/dominicanbus.com\/wp-content\/uploads\/2020\/09\/fondo-26.jpg","datePublished":"2020-10-05T22:43:12+00:00","dateModified":"2025-12-31T20:26:39+00:00","description":"A Dominicanbus oferece traslado do aeroporto de Punta Cana para os hot\u00e9is ou airbnb em Juan Dolio por US$ 110 com A\/C WIFi","breadcrumb":{"@id":"https:\/\/dominicanbus.com\/pt-br\/transfers\/traslado-do-aeroporto-de-punta-cana-para-juan-dolio\/#breadcrumb"},"inLanguage":"pt-BR","potentialAction":[{"@type":"ReadAction","target":["https:\/\/dominicanbus.com\/pt-br\/transfers\/traslado-do-aeroporto-de-punta-cana-para-juan-dolio\/"]}]},{"@type":"ImageObject","inLanguage":"pt-BR","@id":"https:\/\/dominicanbus.com\/pt-br\/transfers\/traslado-do-aeroporto-de-punta-cana-para-juan-dolio\/#primaryimage","url":"https:\/\/dominicanbus.com\/wp-content\/uploads\/2020\/09\/fondo-26.jpg","contentUrl":"https:\/\/dominicanbus.com\/wp-content\/uploads\/2020\/09\/fondo-26.jpg","width":550,"height":364,"caption":"Transfer\u00eancia de Juan Dolio"},{"@type":"BreadcrumbList","@id":"https:\/\/dominicanbus.com\/pt-br\/transfers\/traslado-do-aeroporto-de-punta-cana-para-juan-dolio\/#breadcrumb","itemListElement":[{"@type":"ListItem","position":1,"name":"Portada","item":"https:\/\/dominicanbus.com\/pt-br\/inicio\/"},{"@type":"ListItem","position":2,"name":"Loja","item":"https:\/\/dominicanbus.com\/loja\/"},{"@type":"ListItem","position":3,"name":"Traslado do aeroporto de Punta Cana para Juan Dolio"}]},{"@type":"WebSite","@id":"https:\/\/dominicanbus.com\/pt-br\/#website","url":"https:\/\/dominicanbus.com\/pt-br\/","name":"DominicanBus","description":"Servicios de transporte privado en Republica Dominicana","publisher":{"@id":"https:\/\/dominicanbus.com\/pt-br\/#organization"},"potentialAction":[{"@type":"SearchAction","target":{"@type":"EntryPoint","urlTemplate":"https:\/\/dominicanbus.com\/pt-br\/?s={search_term_string}"},"query-input":{"@type":"PropertyValueSpecification","valueRequired":true,"valueName":"search_term_string"}}],"inLanguage":"pt-BR"},{"@type":"Organization","@id":"https:\/\/dominicanbus.com\/pt-br\/#organization","name":"dominican bus","url":"https:\/\/dominicanbus.com\/pt-br\/","logo":{"@type":"ImageObject","inLanguage":"pt-BR","@id":"https:\/\/dominicanbus.com\/pt-br\/#\/schema\/logo\/image\/","url":"https:\/\/dominicanbus.com\/wp-content\/uploads\/2025\/11\/Sin-titulo-10.png","contentUrl":"https:\/\/dominicanbus.com\/wp-content\/uploads\/2025\/11\/Sin-titulo-10.png","width":252,"height":250,"caption":"dominican bus"},"image":{"@id":"https:\/\/dominicanbus.com\/pt-br\/#\/schema\/logo\/image\/"},"sameAs":["https:\/\/facebook.com\/dominicanbus","https:\/\/x.com\/dominican_tours","https:\/\/instagram.com\/stdominicanbus","https:\/\/linkein.com\/in\/eric-rincon-95029811b","https:\/\/www.pinterest.ca\/dominicantours\/","https:\/\/www.youtube.com\/user\/makeytours"],"description":"Compania de servicio de traslado y transporte turistico en Republica Dominicana","email":"info@dominicanbus.com","telephone":"18299463500","legalName":"Dominicanbus","foundingDate":"2000-05-06","vatID":"132344654","taxID":"132344654","iso6523Code":"132344654","numberOfEmployees":{"@type":"QuantitativeValue","minValue":"11","maxValue":"50"}}]}},"_links":{"self":[{"href":"https:\/\/dominicanbus.com\/pt-br\/wp-json\/wp\/v2\/product\/38607","targetHints":{"allow":["GET"]}}],"collection":[{"href":"https:\/\/dominicanbus.com\/pt-br\/wp-json\/wp\/v2\/product"}],"about":[{"href":"https:\/\/dominicanbus.com\/pt-br\/wp-json\/wp\/v2\/types\/product"}],"replies":[{"embeddable":true,"href":"https:\/\/dominicanbus.com\/pt-br\/wp-json\/wp\/v2\/comments?post=38607"}],"version-history":[{"count":1,"href":"https:\/\/dominicanbus.com\/pt-br\/wp-json\/wp\/v2\/product\/38607\/revisions"}],"predecessor-version":[{"id":42423,"href":"https:\/\/dominicanbus.com\/pt-br\/wp-json\/wp\/v2\/product\/38607\/revisions\/42423"}],"wp:featuredmedia":[{"embeddable":true,"href":"https:\/\/dominicanbus.com\/pt-br\/wp-json\/wp\/v2\/media\/38613"}],"wp:attachment":[{"href":"https:\/\/dominicanbus.com\/pt-br\/wp-json\/wp\/v2\/media?parent=38607"}],"wp:term":[{"taxonomy":"product_brand","embeddable":true,"href":"https:\/\/dominicanbus.com\/pt-br\/wp-json\/wp\/v2\/product_brand?post=38607"},{"taxonomy":"product_cat","embeddable":true,"href":"https:\/\/dominicanbus.com\/pt-br\/wp-json\/wp\/v2\/product_cat?post=38607"},{"taxonomy":"product_tag","embeddable":true,"href":"https:\/\/dominicanbus.com\/pt-br\/wp-json\/wp\/v2\/product_tag?post=38607"}],"curies":[{"name":"wp","href":"https:\/\/api.w.org\/{rel}","templated":true}]}}