{"id":38658,"date":"2020-09-30T00:18:04","date_gmt":"2020-09-30T00:18:04","guid":{"rendered":"https:\/\/dominicanbus.com\/transfers\/transfert-de-laeroport-las-americas-a-juan-dolio\/"},"modified":"2020-09-30T00:18:04","modified_gmt":"2020-09-30T00:18:04","slug":"transfert-de-laeroport-las-americas-a-juan-dolio","status":"publish","type":"product","link":"https:\/\/dominicanbus.com\/fr\/transfers\/transfert-de-laeroport-las-americas-a-juan-dolio\/","title":{"rendered":"Transfert de l&rsquo;a\u00e9roport Las Americas \u00e0 Juan Dolio"},"content":{"rendered":"<h2>Transfert de l&rsquo;a\u00e9roport Las Americas \u00e0 Juan Dolio<\/h2>\n<p>Le <strong>transfert de l&rsquo;a\u00e9roport Las Americas \u00e0 Juan Dolio<\/strong> est l&rsquo;un des services de transport priv\u00e9 les plus demand\u00e9s, car nous disposons d&rsquo;un grand nombre d&rsquo;unit\u00e9s, permettant de transporter de 1 \u00e0 6 passagers, bagages compris, <strong>de l&rsquo;a\u00e9roport Las Americas \u00e0 Juan Dolio ou Guayacanes en R\u00e9publique dominicaine<\/strong>. Notre transport est l&rsquo;un des meilleurs services de transport priv\u00e9 disponible pour les grandes familles ou les grands groupes d&rsquo;amis, vous permettant de voyager avec tout le confort et la s\u00e9curit\u00e9 dont vous avez besoin. <\/p>\n<p class=\"p1\">Notre service de <strong>transport priv\u00e9 de l&rsquo;a\u00e9roport las americas \u00e0 juan dolio<\/strong>, avec suivi de vol vous permet de b\u00e9n\u00e9ficier d&rsquo;une gratuit\u00e9 en cas de retard ou de changement de vol (uniquement \u00e0 l&rsquo;arriv\u00e9e) permettant \u00e0 nos chauffeurs de vous accueillir chaleureusement avec une pancarte personnalis\u00e9e. Le tarif est par v\u00e9hicule et comprend toutes les taxes et frais d&rsquo;a\u00e9roport. L&rsquo;unit\u00e9 est climatis\u00e9e et un si\u00e8ge auto pour b\u00e9b\u00e9 est inclus (sur demande).<\/p>\n<h2>Informations de base sur Juan Dolio<\/h2>\n<p>Profitez d&rsquo;une journ\u00e9e de d\u00e9tente \u00e0 la plage de <a href=\"https:\/\/wikipedia.com\/juan-dolio\/\">Juan Dolio<\/a> et fl\u00e2nez dans les rues de la ville pendant votre s\u00e9jour en R\u00e9publique dominicaine.<br \/>\nD\u00e9couvrez Juan Dolio en fl\u00e2nant dans ses rues et sur sa magnifique plage, tout en profitant d&rsquo;une journ\u00e9e de d\u00e9tente pendant vos vacances en <a href=\"https:\/\/wikipedia.com\/republica-dominicana\/\">R\u00e9publique dominicaine<\/a>. \u00c0 seulement 16 km de San Pedro de Macoris, vous trouverez cette ville populaire o\u00f9 vous pourrez vous d\u00e9tendre sur la plage et prendre un bain de soleil ou nager dans les eaux chaudes tropicales. En raison de la forte croissance du tourisme dans les ann\u00e9es 1980, de nombreuses entreprises h\u00f4teli\u00e8res et artisanales ont commenc\u00e9 \u00e0 offrir leurs services aux touristes visitant cette merveilleuse plage.  <\/p>\n<p>L&rsquo;endroit est assez bien reli\u00e9 aux villes voisines par des bus fr\u00e9quents. Ils partent de Santo Domingo et rejoignent San Pedro, La Romana ou Hig\u00fcey, en passant par les plages entre les deux. <\/p>\n<p>Pour conna\u00eetre le co\u00fbt ou les tarifs de transport de santo domingo vers d&rsquo;autres destinations en r\u00e9publique dominicaine vous pouvez faire un devis en ligne ici : <a href=\"https:\/\/dominicanbus.com\/cotizador\/\">Tarifs de transfert Juan Dolio<\/a><\/p>\n<div class=\"wp-block-group alignwide\">\n<div class=\"wp-block-group__inner-container\">\n<div class=\"wp-block-group__inner-container\">\n<h2 class=\"has-dark-gray-color has-text-color\">Lieux \u00e0 visiter \u00e0 partir de Juan Dolio :<\/h2>\n<ul>\n<li>\u00cele de Catalina<\/li>\n<li>Altos de Chavon<\/li>\n<li>\u00cele de Saona<\/li>\n<li>Les grottes des merveilles<\/li>\n<li>Altos de Chavon<\/li>\n<li>Santo Domingo Tours<\/li>\n<li>Les grottes des 3 yeux<\/li>\n<li>Circuits d&rsquo;achat<\/li>\n<\/ul>\n<p>Si vous souhaitez visiter ces lieux et d&rsquo;autres endroits de Juan Dolio, je vous recommande ce <a href=\"https:\/\/dominicanbus.com\/fr\/excursions\/\">lien.<\/a><\/p>\n<h2>  Transferts depuis les h\u00f4tels de Juan Dolio de 01 \u00e0 06 Pax :<\/h2>\n<ul>\n<li>\n<h4><a href=\"https:\/\/dominicanbus.com\/fr\/les-ameriques\/\">Santo Domingo Airport <\/a>\u2192 A Coral Caribbean Coast $50 &#8211; <a href=\"https:\/\/dominicanbus.com\/cotizador\/\">R\u00e9servez<\/a><\/h4>\n<\/li>\n<li>\n<h4><a href=\"https:\/\/dominicanbus.com\/fr\/les-ameriques\/\">Santo Domingo Airport<\/a> \u2192 A Marbella Towers Juan Dolio $50 &#8211; <a href=\"https:\/\/dominicanbus.com\/cotizador\/\">R\u00e9servez<\/a><\/h4>\n<\/li>\n<li>\n<h4><a href=\"https:\/\/dominicanbus.com\/fr\/les-ameriques\/\">Santo Domingo Airport<\/a> \u2192 A Emotions By Hodelpa Juan Dolio $50 &#8211; <a href=\"https:\/\/dominicanbus.com\/cotizador\/\">R\u00e9servez<\/a><\/h4>\n<\/li>\n<li>\n<h4><a href=\"https:\/\/dominicanbus.com\/fr\/les-ameriques\/\">Santo Domingo Airport<\/a> \u2192 A Hodelpa Garden Suites $50 &#8211; <a href=\"https:\/\/dominicanbus.com\/cotizador\/\">R\u00e9servez<\/a><\/h4>\n<\/li>\n<li>\n<h4><a href=\"https:\/\/dominicanbus.com\/fr\/les-ameriques\/\">Santo Domingo Airport<\/a> \u2192 To Hotel Playa Esmeralda $50 &#8211; <a href=\"https:\/\/dominicanbus.com\/cotizador\/\">R\u00e9servez maintenant<\/a><\/h4>\n<\/li>\n<li>\n<h4><a href=\"https:\/\/dominicanbus.com\/fr\/les-ameriques\/\">A\u00e9roport de Santo Domingo<\/a> \u2192 Jusqu&rsquo;\u00e0 la Casa Hemingway $50 &#8211; <a href=\"https:\/\/dominicanbus.com\/cotizador\/\">R\u00e9servez<\/a><\/h4>\n<\/li>\n<li>\n<h4><a href=\"https:\/\/dominicanbus.com\/fr\/les-ameriques\/\">A\u00e9roport de Santo Domingo<\/a> \u2192 A Hotel Plaza Real Resort $50 &#8211; <a href=\"https:\/\/dominicanbus.com\/cotizador\/\">R\u00e9servez<\/a><\/h4>\n<\/li>\n<li>\n<h4><a href=\"https:\/\/dominicanbus.com\/fr\/les-ameriques\/\">Santo Domingo Airport<\/a> \u2192 A Sybaris Suites Juan Dolio $50 &#8211; <a href=\"https:\/\/dominicanbus.com\/cotizador\/\">R\u00e9servez<\/a><\/h4>\n<\/li>\n<li>\n<h4><a href=\"https:\/\/dominicanbus.com\/fr\/les-ameriques\/\">Santo Domingo Airport<\/a> \u2192 To Albatros Suites Resorts $50 &#8211; <a href=\"https:\/\/dominicanbus.com\/cotizador\/\">Reservez<\/a><\/h4>\n<\/li>\n<li>\n<h4><a href=\"https:\/\/dominicanbus.com\/fr\/les-ameriques\/\">Santo Domingo Airport<\/a> \u2192 A Guavaberry Golf Club Suites $50 &#8211; <a href=\"https:\/\/dominicanbus.com\/cotizador\/\">R\u00e9servez<\/a><\/h4>\n<\/li>\n<li>\n<h4><a href=\"https:\/\/dominicanbus.com\/fr\/les-ameriques\/\">A\u00e9roport de Santo Domingo<\/a> \u2192 A Metro Country Club $50 &#8211; <a href=\"https:\/\/dominicanbus.com\/cotizador\/\">R\u00e9servez<\/a><\/h4>\n<\/li>\n<li>\n<h4><a href=\"https:\/\/dominicanbus.com\/fr\/les-ameriques\/\">Santo Domingo Airport<\/a> \u2192 A Green Paradise $50 &#8211; <a href=\"https:\/\/dominicanbus.com\/cotizador\/\">R\u00e9servez<\/a><\/h4>\n<\/li>\n<li>\n<h4><a href=\"https:\/\/dominicanbus.com\/fr\/les-ameriques\/\">Santo Domingo Airport<\/a> \u2192 To Villas del Mar Juan Dolio $50 &#8211; <a href=\"https:\/\/dominicanbus.com\/cotizador\/\">Reservez<\/a><\/h4>\n<\/li>\n<li>\n<h4><a href=\"https:\/\/dominicanbus.com\/fr\/les-ameriques\/\">Santo Domingo Airport<\/a> \u2192 To Costa del Sol Juan Dolio $50 &#8211; <a href=\"https:\/\/dominicanbus.com\/cotizador\/\">R\u00e9servez<\/a><\/h4>\n<\/li>\n<li>\n<h4><a href=\"https:\/\/dominicanbus.com\/fr\/les-ameriques\/\">A\u00e9roport de Santo Domingo<\/a> \u2192 A Coop Marena Beach Resort $50 &#8211; <a href=\"https:\/\/dominicanbus.com\/cotizador\/\">R\u00e9servez<\/a><\/h4>\n<\/li>\n<li>\n<h4><a href=\"https:\/\/dominicanbus.com\/fr\/les-ameriques\/\">A\u00e9roport de Santo Domingo<\/a> \u2192 A Boca del Mar Residence $50 &#8211; <a href=\"https:\/\/dominicanbus.com\/cotizador\/\">R\u00e9servez<\/a><\/h4>\n<\/li>\n<li>\n<h4><a href=\"https:\/\/dominicanbus.com\/fr\/les-ameriques\/\">A\u00e9roport de Santo Domingo<\/a> \u2192 A Aqua Loft Juan Dolio $50 &#8211; <a href=\"https:\/\/dominicanbus.com\/cotizador\/\">R\u00e9servez<\/a><\/h4>\n<\/li>\n<\/ul>\n<\/div>\n<\/div>\n<\/div>\n","protected":false},"excerpt":{"rendered":"<p>R\u00e9servez votre chauffeur <em>priv\u00e9<\/em> de l&rsquo;a\u00e9roport Las Americas \u00e0 Juan Dolio \u2713 de 1 \u00e0 6 personnes \u00e0 seulement 50 $ \u2713 Payez en ligne \u2713 Prix fixes \u2713 avec Dominican Bus, vous pouvez r\u00e9server votre voyage en moins de 60 secondes et avec une confirmation instantan\u00e9e. Notre chauffeur vous attendra avec un panneau de bienvenue \u00e0 votre arriv\u00e9e \u00e0 l&rsquo;a\u00e9roport de Saint-Domingue et vous conduira directement \u00e0 votre h\u00f4tel, villa ou appartement \u00e0 Juan Dolio. <\/p>\n","protected":false},"featured_media":38621,"comment_status":"closed","ping_status":"closed","template":"","meta":{"site-sidebar-layout":"default","site-content-layout":"default","ast-site-content-layout":"default","site-content-style":"default","site-sidebar-style":"default","ast-global-header-display":"","ast-banner-title-visibility":"","ast-main-header-display":"","ast-hfb-above-header-display":"","ast-hfb-below-header-display":"","ast-hfb-mobile-header-display":"","site-post-title":"","ast-breadcrumbs-content":"","ast-featured-img":"","footer-sml-layout":"","ast-disable-related-posts":"","theme-transparent-header-meta":"default","adv-header-id-meta":"","stick-header-meta":"default","header-above-stick-meta":"","header-main-stick-meta":"","header-below-stick-meta":"","astra-migrate-meta-layouts":"default","ast-page-background-enabled":"default","ast-page-background-meta":{"desktop":{"background-color":"","background-image":"","background-repeat":"repeat","background-position":"center center","background-size":"auto","background-attachment":"scroll","background-type":"","background-media":"","overlay-type":"","overlay-color":"","overlay-opacity":"","overlay-gradient":""},"tablet":{"background-color":"","background-image":"","background-repeat":"repeat","background-position":"center center","background-size":"auto","background-attachment":"scroll","background-type":"","background-media":"","overlay-type":"","overlay-color":"","overlay-opacity":"","overlay-gradient":""},"mobile":{"background-color":"","background-image":"","background-repeat":"repeat","background-position":"center center","background-size":"auto","background-attachment":"scroll","background-type":"","background-media":"","overlay-type":"","overlay-color":"","overlay-opacity":"","overlay-gradient":""}},"ast-content-background-meta":{"desktop":{"background-color":"var(--ast-global-color-5)","background-image":"","background-repeat":"repeat","background-position":"center center","background-size":"auto","background-attachment":"scroll","background-type":"","background-media":"","overlay-type":"","overlay-color":"","overlay-opacity":"","overlay-gradient":""},"tablet":{"background-color":"var(--ast-global-color-5)","background-image":"","background-repeat":"repeat","background-position":"center center","background-size":"auto","background-attachment":"scroll","background-type":"","background-media":"","overlay-type":"","overlay-color":"","overlay-opacity":"","overlay-gradient":""},"mobile":{"background-color":"var(--ast-global-color-5)","background-image":"","background-repeat":"repeat","background-position":"center center","background-size":"auto","background-attachment":"scroll","background-type":"","background-media":"","overlay-type":"","overlay-color":"","overlay-opacity":"","overlay-gradient":""}}},"product_brand":[],"product_cat":[1139,1135],"product_tag":[1137,1212,1162],"class_list":{"0":"post-38658","1":"product","2":"type-product","3":"status-publish","4":"has-post-thumbnail","6":"product_cat-service-de-transfert","7":"product_cat-transport-vers-laeroport","8":"product_tag-aeroports","9":"product_tag-juan-dolio-fr-2","10":"product_tag-saint-domingue","11":"desktop-align-center","12":"tablet-align-center","13":"mobile-align-center","14":"ast-product-gallery-layout-horizontal","15":"ast-product-gallery-with-no-image","16":"ast-product-single-variable","17":"ast-product-tabs-layout-horizontal","18":"wcpa_has_options","20":"first","21":"onbackorder","22":"sale","23":"sold-individually","24":"shipping-taxable","25":"purchasable","26":"product-type-variable","27":"has-default-attributes"},"yoast_head":"<!-- This site is optimized with the Yoast SEO Premium plugin v26.6 (Yoast SEO v27.3) - https:\/\/yoast.com\/product\/yoast-seo-premium-wordpress\/ -->\n<title>Transfert de l&#039;a\u00e9roport Las Americas \u00e0 Juan Dolio - Transfert priv\u00e9 $50<\/title>\n<meta name=\"description\" content=\"Dominicanbus propose un transfert de l&#039;a\u00e9roport Las Americas aux h\u00f4tels ou airbnb de Juan Dolio en transfert priv\u00e9 de 50 $ avec A\/C WIFi.\" \/>\n<meta name=\"robots\" content=\"index, follow, max-snippet:-1, max-image-preview:large, max-video-preview:-1\" \/>\n<link rel=\"canonical\" href=\"https:\/\/dominicanbus.com\/fr\/transfers\/transfert-de-laeroport-las-americas-a-juan-dolio\/\" \/>\n<meta property=\"og:locale\" content=\"fr_FR\" \/>\n<meta property=\"og:type\" content=\"article\" \/>\n<meta property=\"og:title\" content=\"Transfert de l&#039;a\u00e9roport Las Americas \u00e0 Juan Dolio\" \/>\n<meta property=\"og:description\" content=\"Dominicanbus propose un transfert de l&#039;a\u00e9roport Las Americas aux h\u00f4tels ou airbnb de Juan Dolio en transfert priv\u00e9 de 50 $ avec A\/C WIFi.\" \/>\n<meta property=\"og:url\" content=\"https:\/\/dominicanbus.com\/fr\/transfers\/transfert-de-laeroport-las-americas-a-juan-dolio\/\" \/>\n<meta property=\"og:site_name\" content=\"dominican bus\" \/>\n<meta property=\"article:publisher\" content=\"https:\/\/facebook.com\/dominicanbus\" \/>\n<meta property=\"og:image\" content=\"https:\/\/dominicanbus.com\/wp-content\/uploads\/2020\/09\/fondo-26.jpg\" \/>\n\t<meta property=\"og:image:width\" content=\"550\" \/>\n\t<meta property=\"og:image:height\" content=\"364\" \/>\n\t<meta property=\"og:image:type\" content=\"image\/jpeg\" \/>\n<meta name=\"twitter:card\" content=\"summary_large_image\" \/>\n<meta name=\"twitter:site\" content=\"@dominican_tours\" \/>\n<meta name=\"twitter:label1\" content=\"Dur\u00e9e de lecture estim\u00e9e\" \/>\n\t<meta name=\"twitter:data1\" content=\"3 minutes\" \/>\n<script type=\"application\/ld+json\" class=\"yoast-schema-graph\">{\"@context\":\"https:\\\/\\\/schema.org\",\"@graph\":[{\"@type\":\"WebPage\",\"@id\":\"https:\\\/\\\/dominicanbus.com\\\/fr\\\/transfers\\\/transfert-de-laeroport-las-americas-a-juan-dolio\\\/\",\"url\":\"https:\\\/\\\/dominicanbus.com\\\/fr\\\/transfers\\\/transfert-de-laeroport-las-americas-a-juan-dolio\\\/\",\"name\":\"Transfert de l'a\u00e9roport Las Americas \u00e0 Juan Dolio - Transfert priv\u00e9 $50\",\"isPartOf\":{\"@id\":\"https:\\\/\\\/dominicanbus.com\\\/fr\\\/#website\"},\"primaryImageOfPage\":{\"@id\":\"https:\\\/\\\/dominicanbus.com\\\/fr\\\/transfers\\\/transfert-de-laeroport-las-americas-a-juan-dolio\\\/#primaryimage\"},\"image\":{\"@id\":\"https:\\\/\\\/dominicanbus.com\\\/fr\\\/transfers\\\/transfert-de-laeroport-las-americas-a-juan-dolio\\\/#primaryimage\"},\"thumbnailUrl\":\"https:\\\/\\\/dominicanbus.com\\\/wp-content\\\/uploads\\\/2020\\\/09\\\/fondo-26.jpg\",\"datePublished\":\"2020-09-30T00:18:04+00:00\",\"description\":\"Dominicanbus propose un transfert de l'a\u00e9roport Las Americas aux h\u00f4tels ou airbnb de Juan Dolio en transfert priv\u00e9 de 50 $ avec A\\\/C WIFi.\",\"breadcrumb\":{\"@id\":\"https:\\\/\\\/dominicanbus.com\\\/fr\\\/transfers\\\/transfert-de-laeroport-las-americas-a-juan-dolio\\\/#breadcrumb\"},\"inLanguage\":\"fr-FR\",\"potentialAction\":[{\"@type\":\"ReadAction\",\"target\":[\"https:\\\/\\\/dominicanbus.com\\\/fr\\\/transfers\\\/transfert-de-laeroport-las-americas-a-juan-dolio\\\/\"]}]},{\"@type\":\"ImageObject\",\"inLanguage\":\"fr-FR\",\"@id\":\"https:\\\/\\\/dominicanbus.com\\\/fr\\\/transfers\\\/transfert-de-laeroport-las-americas-a-juan-dolio\\\/#primaryimage\",\"url\":\"https:\\\/\\\/dominicanbus.com\\\/wp-content\\\/uploads\\\/2020\\\/09\\\/fondo-26.jpg\",\"contentUrl\":\"https:\\\/\\\/dominicanbus.com\\\/wp-content\\\/uploads\\\/2020\\\/09\\\/fondo-26.jpg\",\"width\":550,\"height\":364,\"caption\":\"Transfert de Juan Dolio\"},{\"@type\":\"BreadcrumbList\",\"@id\":\"https:\\\/\\\/dominicanbus.com\\\/fr\\\/transfers\\\/transfert-de-laeroport-las-americas-a-juan-dolio\\\/#breadcrumb\",\"itemListElement\":[{\"@type\":\"ListItem\",\"position\":1,\"name\":\"Portada\",\"item\":\"https:\\\/\\\/dominicanbus.com\\\/fr\\\/accueil\\\/\"},{\"@type\":\"ListItem\",\"position\":2,\"name\":\"Boutique\",\"item\":\"https:\\\/\\\/dominicanbus.com\\\/boutique\\\/\"},{\"@type\":\"ListItem\",\"position\":3,\"name\":\"Transfert de l&#8217;a\u00e9roport Las Americas \u00e0 Juan Dolio\"}]},{\"@type\":\"WebSite\",\"@id\":\"https:\\\/\\\/dominicanbus.com\\\/fr\\\/#website\",\"url\":\"https:\\\/\\\/dominicanbus.com\\\/fr\\\/\",\"name\":\"DominicanBus\",\"description\":\"Servicios de transporte privado en Republica Dominicana\",\"publisher\":{\"@id\":\"https:\\\/\\\/dominicanbus.com\\\/fr\\\/#organization\"},\"potentialAction\":[{\"@type\":\"SearchAction\",\"target\":{\"@type\":\"EntryPoint\",\"urlTemplate\":\"https:\\\/\\\/dominicanbus.com\\\/fr\\\/?s={search_term_string}\"},\"query-input\":{\"@type\":\"PropertyValueSpecification\",\"valueRequired\":true,\"valueName\":\"search_term_string\"}}],\"inLanguage\":\"fr-FR\"},{\"@type\":\"Organization\",\"@id\":\"https:\\\/\\\/dominicanbus.com\\\/fr\\\/#organization\",\"name\":\"dominican bus\",\"url\":\"https:\\\/\\\/dominicanbus.com\\\/fr\\\/\",\"logo\":{\"@type\":\"ImageObject\",\"inLanguage\":\"fr-FR\",\"@id\":\"https:\\\/\\\/dominicanbus.com\\\/fr\\\/#\\\/schema\\\/logo\\\/image\\\/\",\"url\":\"https:\\\/\\\/dominicanbus.com\\\/wp-content\\\/uploads\\\/2025\\\/11\\\/Sin-titulo-10.png\",\"contentUrl\":\"https:\\\/\\\/dominicanbus.com\\\/wp-content\\\/uploads\\\/2025\\\/11\\\/Sin-titulo-10.png\",\"width\":252,\"height\":250,\"caption\":\"dominican bus\"},\"image\":{\"@id\":\"https:\\\/\\\/dominicanbus.com\\\/fr\\\/#\\\/schema\\\/logo\\\/image\\\/\"},\"sameAs\":[\"https:\\\/\\\/facebook.com\\\/dominicanbus\",\"https:\\\/\\\/x.com\\\/dominican_tours\",\"https:\\\/\\\/instagram.com\\\/stdominicanbus\",\"https:\\\/\\\/linkein.com\\\/in\\\/eric-rincon-95029811b\",\"https:\\\/\\\/www.pinterest.ca\\\/dominicantours\\\/\",\"https:\\\/\\\/www.youtube.com\\\/user\\\/makeytours\"],\"description\":\"Compania de servicio de traslado y transporte turistico en Republica Dominicana\",\"email\":\"info@dominicanbus.com\",\"telephone\":\"18299463500\",\"legalName\":\"Dominicanbus\",\"foundingDate\":\"2000-05-06\",\"vatID\":\"132344654\",\"taxID\":\"132344654\",\"iso6523Code\":\"132344654\",\"numberOfEmployees\":{\"@type\":\"QuantitativeValue\",\"minValue\":\"11\",\"maxValue\":\"50\"}}]}<\/script>\n<!-- \/ Yoast SEO Premium plugin. -->","yoast_head_json":{"title":"Transfert de l'a\u00e9roport Las Americas \u00e0 Juan Dolio - Transfert priv\u00e9 $50","description":"Dominicanbus propose un transfert de l'a\u00e9roport Las Americas aux h\u00f4tels ou airbnb de Juan Dolio en transfert priv\u00e9 de 50 $ avec A\/C WIFi.","robots":{"index":"index","follow":"follow","max-snippet":"max-snippet:-1","max-image-preview":"max-image-preview:large","max-video-preview":"max-video-preview:-1"},"canonical":"https:\/\/dominicanbus.com\/fr\/transfers\/transfert-de-laeroport-las-americas-a-juan-dolio\/","og_locale":"fr_FR","og_type":"article","og_title":"Transfert de l'a\u00e9roport Las Americas \u00e0 Juan Dolio","og_description":"Dominicanbus propose un transfert de l'a\u00e9roport Las Americas aux h\u00f4tels ou airbnb de Juan Dolio en transfert priv\u00e9 de 50 $ avec A\/C WIFi.","og_url":"https:\/\/dominicanbus.com\/fr\/transfers\/transfert-de-laeroport-las-americas-a-juan-dolio\/","og_site_name":"dominican bus","article_publisher":"https:\/\/facebook.com\/dominicanbus","og_image":[{"width":550,"height":364,"url":"https:\/\/dominicanbus.com\/wp-content\/uploads\/2020\/09\/fondo-26.jpg","type":"image\/jpeg"}],"twitter_card":"summary_large_image","twitter_site":"@dominican_tours","twitter_misc":{"Dur\u00e9e de lecture estim\u00e9e":"3 minutes"},"schema":{"@context":"https:\/\/schema.org","@graph":[{"@type":"WebPage","@id":"https:\/\/dominicanbus.com\/fr\/transfers\/transfert-de-laeroport-las-americas-a-juan-dolio\/","url":"https:\/\/dominicanbus.com\/fr\/transfers\/transfert-de-laeroport-las-americas-a-juan-dolio\/","name":"Transfert de l'a\u00e9roport Las Americas \u00e0 Juan Dolio - Transfert priv\u00e9 $50","isPartOf":{"@id":"https:\/\/dominicanbus.com\/fr\/#website"},"primaryImageOfPage":{"@id":"https:\/\/dominicanbus.com\/fr\/transfers\/transfert-de-laeroport-las-americas-a-juan-dolio\/#primaryimage"},"image":{"@id":"https:\/\/dominicanbus.com\/fr\/transfers\/transfert-de-laeroport-las-americas-a-juan-dolio\/#primaryimage"},"thumbnailUrl":"https:\/\/dominicanbus.com\/wp-content\/uploads\/2020\/09\/fondo-26.jpg","datePublished":"2020-09-30T00:18:04+00:00","description":"Dominicanbus propose un transfert de l'a\u00e9roport Las Americas aux h\u00f4tels ou airbnb de Juan Dolio en transfert priv\u00e9 de 50 $ avec A\/C WIFi.","breadcrumb":{"@id":"https:\/\/dominicanbus.com\/fr\/transfers\/transfert-de-laeroport-las-americas-a-juan-dolio\/#breadcrumb"},"inLanguage":"fr-FR","potentialAction":[{"@type":"ReadAction","target":["https:\/\/dominicanbus.com\/fr\/transfers\/transfert-de-laeroport-las-americas-a-juan-dolio\/"]}]},{"@type":"ImageObject","inLanguage":"fr-FR","@id":"https:\/\/dominicanbus.com\/fr\/transfers\/transfert-de-laeroport-las-americas-a-juan-dolio\/#primaryimage","url":"https:\/\/dominicanbus.com\/wp-content\/uploads\/2020\/09\/fondo-26.jpg","contentUrl":"https:\/\/dominicanbus.com\/wp-content\/uploads\/2020\/09\/fondo-26.jpg","width":550,"height":364,"caption":"Transfert de Juan Dolio"},{"@type":"BreadcrumbList","@id":"https:\/\/dominicanbus.com\/fr\/transfers\/transfert-de-laeroport-las-americas-a-juan-dolio\/#breadcrumb","itemListElement":[{"@type":"ListItem","position":1,"name":"Portada","item":"https:\/\/dominicanbus.com\/fr\/accueil\/"},{"@type":"ListItem","position":2,"name":"Boutique","item":"https:\/\/dominicanbus.com\/boutique\/"},{"@type":"ListItem","position":3,"name":"Transfert de l&#8217;a\u00e9roport Las Americas \u00e0 Juan Dolio"}]},{"@type":"WebSite","@id":"https:\/\/dominicanbus.com\/fr\/#website","url":"https:\/\/dominicanbus.com\/fr\/","name":"DominicanBus","description":"Servicios de transporte privado en Republica Dominicana","publisher":{"@id":"https:\/\/dominicanbus.com\/fr\/#organization"},"potentialAction":[{"@type":"SearchAction","target":{"@type":"EntryPoint","urlTemplate":"https:\/\/dominicanbus.com\/fr\/?s={search_term_string}"},"query-input":{"@type":"PropertyValueSpecification","valueRequired":true,"valueName":"search_term_string"}}],"inLanguage":"fr-FR"},{"@type":"Organization","@id":"https:\/\/dominicanbus.com\/fr\/#organization","name":"dominican bus","url":"https:\/\/dominicanbus.com\/fr\/","logo":{"@type":"ImageObject","inLanguage":"fr-FR","@id":"https:\/\/dominicanbus.com\/fr\/#\/schema\/logo\/image\/","url":"https:\/\/dominicanbus.com\/wp-content\/uploads\/2025\/11\/Sin-titulo-10.png","contentUrl":"https:\/\/dominicanbus.com\/wp-content\/uploads\/2025\/11\/Sin-titulo-10.png","width":252,"height":250,"caption":"dominican bus"},"image":{"@id":"https:\/\/dominicanbus.com\/fr\/#\/schema\/logo\/image\/"},"sameAs":["https:\/\/facebook.com\/dominicanbus","https:\/\/x.com\/dominican_tours","https:\/\/instagram.com\/stdominicanbus","https:\/\/linkein.com\/in\/eric-rincon-95029811b","https:\/\/www.pinterest.ca\/dominicantours\/","https:\/\/www.youtube.com\/user\/makeytours"],"description":"Compania de servicio de traslado y transporte turistico en Republica Dominicana","email":"info@dominicanbus.com","telephone":"18299463500","legalName":"Dominicanbus","foundingDate":"2000-05-06","vatID":"132344654","taxID":"132344654","iso6523Code":"132344654","numberOfEmployees":{"@type":"QuantitativeValue","minValue":"11","maxValue":"50"}}]}},"_links":{"self":[{"href":"https:\/\/dominicanbus.com\/fr\/wp-json\/wp\/v2\/product\/38658","targetHints":{"allow":["GET"]}}],"collection":[{"href":"https:\/\/dominicanbus.com\/fr\/wp-json\/wp\/v2\/product"}],"about":[{"href":"https:\/\/dominicanbus.com\/fr\/wp-json\/wp\/v2\/types\/product"}],"replies":[{"embeddable":true,"href":"https:\/\/dominicanbus.com\/fr\/wp-json\/wp\/v2\/comments?post=38658"}],"version-history":[{"count":0,"href":"https:\/\/dominicanbus.com\/fr\/wp-json\/wp\/v2\/product\/38658\/revisions"}],"wp:featuredmedia":[{"embeddable":true,"href":"https:\/\/dominicanbus.com\/fr\/wp-json\/wp\/v2\/media\/38621"}],"wp:attachment":[{"href":"https:\/\/dominicanbus.com\/fr\/wp-json\/wp\/v2\/media?parent=38658"}],"wp:term":[{"taxonomy":"product_brand","embeddable":true,"href":"https:\/\/dominicanbus.com\/fr\/wp-json\/wp\/v2\/product_brand?post=38658"},{"taxonomy":"product_cat","embeddable":true,"href":"https:\/\/dominicanbus.com\/fr\/wp-json\/wp\/v2\/product_cat?post=38658"},{"taxonomy":"product_tag","embeddable":true,"href":"https:\/\/dominicanbus.com\/fr\/wp-json\/wp\/v2\/product_tag?post=38658"}],"curies":[{"name":"wp","href":"https:\/\/api.w.org\/{rel}","templated":true}]}}