{"id":38649,"date":"2020-09-29T21:55:49","date_gmt":"2020-09-29T21:55:49","guid":{"rendered":"https:\/\/dominicanbus.com\/transfers\/transfert-de-laeroport-las-americas-a-la-romana\/"},"modified":"2020-09-29T21:55:49","modified_gmt":"2020-09-29T21:55:49","slug":"transfert-de-laeroport-las-americas-a-la-romana","status":"publish","type":"product","link":"https:\/\/dominicanbus.com\/fr\/transfers\/transfert-de-laeroport-las-americas-a-la-romana\/","title":{"rendered":"Transfert de l&rsquo;a\u00e9roport Las Americas \u00e0 La Romana"},"content":{"rendered":"<h2>Transfert de l&rsquo;a\u00e9roport Las Americas \u00e0 La Romana<\/h2>\n<p>Le <strong>transfert de l&rsquo;a\u00e9roport Las Americas \u00e0 La Romana<\/strong> est l&rsquo;un des services de transport priv\u00e9 les plus demand\u00e9s, car nous disposons d&rsquo;un grand nombre d&rsquo;unit\u00e9s, permettant de transporter de 1 \u00e0 6 passagers, bagages compris, <strong>de l&rsquo;a\u00e9roport Las Americas \u00e0 Casa de Campo ou La Romana en R\u00e9publique dominicaine<\/strong>. Notre transport est l&rsquo;un des meilleurs services de transport priv\u00e9 disponible pour les grandes familles ou les grands groupes d&rsquo;amis, vous permettant de voyager avec tout le confort et la s\u00e9curit\u00e9 dont vous avez besoin. <\/p>\n<p class=\"p1\">Notre service de <strong>transport priv\u00e9 de l&rsquo;a\u00e9roport Las Americas \u00e0 La Romana<\/strong>, avec suivi de vol, vous permet de b\u00e9n\u00e9ficier d&rsquo;une gratuit\u00e9 en cas de retard ou de changement de vol (uniquement \u00e0 l&rsquo;arriv\u00e9e) permettant \u00e0 nos chauffeurs de vous accueillir chaleureusement avec une pancarte personnalis\u00e9e. Le tarif est par v\u00e9hicule et comprend toutes les taxes et frais d&rsquo;a\u00e9roport. L&rsquo;unit\u00e9 est climatis\u00e9e et un si\u00e8ge auto pour b\u00e9b\u00e9 est inclus (sur demande).<\/p>\n<h2>Informations de base sur La Romana<\/h2>\n<p><a href=\"https:\/\/wikipedia.com\/la-romana\/\"><strong>La Romana<\/strong><\/a> Situ\u00e9e au sud-est de la R\u00e9publique dominicaine, La Romana offre une combinaison parfaite de d\u00e9tente en bord de mer et d&rsquo;exploration de la nature. Entour\u00e9e de pittoresques champs de canne \u00e0 sucre et surplombant les eaux turquoise de la mer des Cara\u00efbes, cette destination a quelque chose \u00e0 offrir \u00e0 tous les voyageurs. Visitez l&rsquo;\u00eele c\u00f4ti\u00e8re d&rsquo;Isla Saona lors d&rsquo;une croisi\u00e8re en catamaran et passez la journ\u00e9e \u00e0 bronzer sur votre \u00eele priv\u00e9e, avec ses plages de sable blanc et ses excellentes conditions de plong\u00e9e. La Romana est \u00e9galement l&rsquo;une des meilleures destinations de golf des Cara\u00efbes, avec trois parcours de championnat dans le c\u00e9l\u00e8bre <strong>complexe Casa de Campo<\/strong>: Teeth of the Dog, The Links et Dye Fore.   <\/p>\n<p>Ces terrains de golf de classe mondiale ont \u00e9t\u00e9 con\u00e7us par le l\u00e9gendaire architecte Pete Dye et sont tr\u00e8s appr\u00e9ci\u00e9s des c\u00e9l\u00e9brit\u00e9s. Ne manquez pas d&rsquo;explorer <a href=\"https:\/\/wikipedia.com\/altos-de-chavon\/\"><strong>Altos de Chav\u00f3n \u00e0 Casa de Campo<\/strong><\/a> une r\u00e9plique du village m\u00e9diterran\u00e9en historique qui pr\u00e9sente une architecture du XVIe si\u00e8cle et offre des vues panoramiques spectaculaires sur la <strong>rivi\u00e8re Chav\u00f3n<\/strong>. <\/p>\n<p>Pour conna\u00eetre le co\u00fbt ou les tarifs de transport de Santo Domingo vers d&rsquo;autres destinations en R\u00e9publique dominicaine, vous pouvez faire un devis en ligne ici : <a href=\"https:\/\/dominicanbus.com\/cotizador\/\">Tarifs de transfert \u00e0 La Romana<\/a><\/p>\n<div class=\"wp-block-group alignwide\">\n<div class=\"wp-block-group__inner-container\">\n<div class=\"wp-block-group__inner-container\">\n<h2 class=\"has-dark-gray-color has-text-color\">Lieux \u00e0 visiter \u00e0 partir de La Romana :<\/h2>\n<ul>\n<li>\u00cele de Catalina<\/li>\n<li>Altos de Chavon<\/li>\n<li>\u00cele de Saona<\/li>\n<li>Bouche de Juma<\/li>\n<li>Maison de campagne<\/li>\n<li>Parc La Hacienda<\/li>\n<li>Les grottes des merveilles<\/li>\n<li>Ranch Cumayasa<\/li>\n<\/ul>\n<p>Si vous souhaitez visiter ces endroits et d&rsquo;autres depuis La Romana, je vous recommande ce <a href=\"https:\/\/dominicanbus.com\/fr\/excursions\/\">lien.<\/a><\/p>\n<h2>  Transfert depuis les h\u00f4tels de La Romana et Playa Nueva de 01 \u00e0 06 Pax :<\/h2>\n<ul>\n<li>\n<h4><a href=\"https:\/\/dominicanbus.com\/fr\/les-ameriques\/\">A\u00e9roport de Santo Domingo <\/a>\u2192 Jusqu&rsquo;\u00e0 Casa de Campo La Romana $85 &#8211; <a href=\"https:\/\/dominicanbus.com\/cotizador\/\">R\u00e9servez<\/a><\/h4>\n<\/li>\n<li>\n<h4><a href=\"https:\/\/dominicanbus.com\/fr\/les-ameriques\/\">A\u00e9roport de Santo Domingo<\/a> \u2192 Jusqu&rsquo;\u00e0 Bahia Principe La Romana $85 &#8211; <a href=\"https:\/\/dominicanbus.com\/cotizador\/\">R\u00e9servez<\/a><\/h4>\n<\/li>\n<li>\n<h4><a href=\"https:\/\/dominicanbus.com\/fr\/les-ameriques\/\">Santo Domingo Airport<\/a> \u2192 To Bahia Principe Boungaville $85 &#8211; <a href=\"https:\/\/dominicanbus.com\/cotizador\/\">R\u00e9servez maintenant<\/a><\/h4>\n<\/li>\n<li>\n<h4><a href=\"https:\/\/dominicanbus.com\/fr\/les-ameriques\/\">A\u00e9roport de Santo Domingo<\/a> \u2192 A Catalonia Grand Dominicus $85 &#8211; <a href=\"https:\/\/dominicanbus.com\/cotizador\/\">R\u00e9servez<\/a><\/h4>\n<\/li>\n<li>\n<h4><a href=\"https:\/\/dominicanbus.com\/fr\/les-ameriques\/\">A\u00e9roport de Santo Domingo<\/a> \u2192 A Catalonia Royal La Romana $85 &#8211; <a href=\"https:\/\/dominicanbus.com\/cotizador\/\">R\u00e9servez<\/a><\/h4>\n<\/li>\n<li>\n<h4><a href=\"https:\/\/dominicanbus.com\/fr\/les-ameriques\/\">A\u00e9roport de Santo Domingo<\/a> \u2192 A Viva Wyndham Dominicus Beach $85 &#8211; <a href=\"https:\/\/dominicanbus.com\/cotizador\/\">R\u00e9servez<\/a><\/h4>\n<\/li>\n<li>\n<h4><a href=\"https:\/\/dominicanbus.com\/fr\/les-ameriques\/\">Santo Domingo Airport<\/a> \u2192 A Dreams Dominicus La Romana $85 &#8211; <a href=\"https:\/\/dominicanbus.com\/cotizador\/\">R\u00e9server maintenant<\/a><\/h4>\n<\/li>\n<li>\n<h4><a href=\"https:\/\/dominicanbus.com\/fr\/les-ameriques\/\">Santo Domingo Airport<\/a> \u2192 A Hotel Caserma Bayahibe $85 &#8211; <a href=\"https:\/\/dominicanbus.com\/cotizador\/\">R\u00e9servez<\/a><\/h4>\n<\/li>\n<li>\n<h4><a href=\"https:\/\/dominicanbus.com\/fr\/les-ameriques\/\">A\u00e9roport de Saint-Domingue<\/a> \u2192 A Tracadero Beach Resort 85 $ &#8211; <a href=\"https:\/\/dominicanbus.com\/cotizador\/\">R\u00e9servez<\/a><\/h4>\n<\/li>\n<li>\n<h4><a href=\"https:\/\/dominicanbus.com\/fr\/les-ameriques\/\">A\u00e9roport de Santo Domingo<\/a> \u2192 A Be Live Collection Canoa $85 &#8211; <a href=\"https:\/\/dominicanbus.com\/cotizador\/\">R\u00e9servez<\/a><\/h4>\n<\/li>\n<li>\n<h4><a href=\"https:\/\/dominicanbus.com\/fr\/les-ameriques\/\">A\u00e9roport de Santo Domingo<\/a> \u2192 Jusqu&rsquo;\u00e0 Iberostar Hacienda Dominicus $85 &#8211; <a href=\"https:\/\/dominicanbus.com\/cotizador\/\">R\u00e9servez<\/a><\/h4>\n<\/li>\n<li>\n<h4><a href=\"https:\/\/dominicanbus.com\/fr\/les-ameriques\/\">A\u00e9roport de Saint-Domingue<\/a> \u2192 A Viva Wyndhan Dominicus Palace 85 $ &#8211; <a href=\"https:\/\/dominicanbus.com\/cotizador\/\">R\u00e9servez<\/a><\/h4>\n<\/li>\n<li>\n<h4><a href=\"https:\/\/dominicanbus.com\/fr\/les-ameriques\/\">A\u00e9roport de Santo Domingo<\/a> \u2192 Jusqu&rsquo;\u00e0 Tropical Caribe Bayahibe $85 &#8211; <a href=\"https:\/\/dominicanbus.com\/cotizador\/\">R\u00e9servez<\/a><\/h4>\n<\/li>\n<li>\n<h4><a href=\"https:\/\/dominicanbus.com\/fr\/les-ameriques\/\">Santo Domingo Airport<\/a> \u2192 A Hilton La Romana $85 &#8211; <a href=\"https:\/\/dominicanbus.com\/cotizador\/\">R\u00e9servez<\/a><\/h4>\n<\/li>\n<li>\n<h4><a href=\"https:\/\/dominicanbus.com\/fr\/les-ameriques\/\">A\u00e9roport de Santo Domingo<\/a> \u2192 A Dreams La Romana 85 $ &#8211; <a href=\"https:\/\/dominicanbus.com\/cotizador\/\">R\u00e9servez<\/a><\/h4>\n<\/li>\n<li>\n<h4><a href=\"https:\/\/dominicanbus.com\/fr\/les-ameriques\/\">A\u00e9roport de Saint-Domingue<\/a> \u2192 A Cadaquez Caribe Resorts 85 $ &#8211; <a href=\"https:\/\/dominicanbus.com\/cotizador\/\">R\u00e9servez<\/a><\/h4>\n<\/li>\n<\/ul>\n<\/div>\n<\/div>\n<\/div>\n","protected":false},"excerpt":{"rendered":"<p><span class=\"s1\">*Valable uniquement pour les r\u00e9servations en ligne. <\/span>R\u00e9servez votre chauffeur <em>priv\u00e9<\/em> de l&rsquo;a\u00e9roport Las Americas \u00e0 La Romana \u2713 de 1 \u00e0 6 personnes \u00e0 seulement 85 $ \u2713 Payez en ligne \u2713 Prix fixes \u2713 avec Dominican Bus, vous pouvez r\u00e9server votre voyage en moins de 60 secondes et avec une confirmation instantan\u00e9e. Notre chauffeur vous attendra avec un panneau de bienvenue \u00e0 votre arriv\u00e9e \u00e0 l&rsquo;a\u00e9roport de Saint-Domingue et vous conduira directement \u00e0 votre h\u00f4tel, villa ou appartement \u00e0 La Romana et Playa Nueva. <\/p>\n","protected":false},"featured_media":38628,"comment_status":"closed","ping_status":"closed","template":"","meta":{"site-sidebar-layout":"default","site-content-layout":"default","ast-site-content-layout":"default","site-content-style":"default","site-sidebar-style":"default","ast-global-header-display":"","ast-banner-title-visibility":"","ast-main-header-display":"","ast-hfb-above-header-display":"","ast-hfb-below-header-display":"","ast-hfb-mobile-header-display":"","site-post-title":"","ast-breadcrumbs-content":"","ast-featured-img":"","footer-sml-layout":"","ast-disable-related-posts":"","theme-transparent-header-meta":"default","adv-header-id-meta":"","stick-header-meta":"default","header-above-stick-meta":"","header-main-stick-meta":"","header-below-stick-meta":"","astra-migrate-meta-layouts":"default","ast-page-background-enabled":"default","ast-page-background-meta":{"desktop":{"background-color":"","background-image":"","background-repeat":"repeat","background-position":"center center","background-size":"auto","background-attachment":"scroll","background-type":"","background-media":"","overlay-type":"","overlay-color":"","overlay-opacity":"","overlay-gradient":""},"tablet":{"background-color":"","background-image":"","background-repeat":"repeat","background-position":"center center","background-size":"auto","background-attachment":"scroll","background-type":"","background-media":"","overlay-type":"","overlay-color":"","overlay-opacity":"","overlay-gradient":""},"mobile":{"background-color":"","background-image":"","background-repeat":"repeat","background-position":"center center","background-size":"auto","background-attachment":"scroll","background-type":"","background-media":"","overlay-type":"","overlay-color":"","overlay-opacity":"","overlay-gradient":""}},"ast-content-background-meta":{"desktop":{"background-color":"var(--ast-global-color-5)","background-image":"","background-repeat":"repeat","background-position":"center center","background-size":"auto","background-attachment":"scroll","background-type":"","background-media":"","overlay-type":"","overlay-color":"","overlay-opacity":"","overlay-gradient":""},"tablet":{"background-color":"var(--ast-global-color-5)","background-image":"","background-repeat":"repeat","background-position":"center center","background-size":"auto","background-attachment":"scroll","background-type":"","background-media":"","overlay-type":"","overlay-color":"","overlay-opacity":"","overlay-gradient":""},"mobile":{"background-color":"var(--ast-global-color-5)","background-image":"","background-repeat":"repeat","background-position":"center center","background-size":"auto","background-attachment":"scroll","background-type":"","background-media":"","overlay-type":"","overlay-color":"","overlay-opacity":"","overlay-gradient":""}}},"product_brand":[],"product_cat":[1139,1135],"product_tag":[1137,1207,1162],"class_list":{"0":"post-38649","1":"product","2":"type-product","3":"status-publish","4":"has-post-thumbnail","6":"product_cat-service-de-transfert","7":"product_cat-transport-vers-laeroport","8":"product_tag-aeroports","9":"product_tag-la-romana-fr","10":"product_tag-saint-domingue","11":"desktop-align-center","12":"tablet-align-center","13":"mobile-align-center","14":"ast-product-gallery-layout-horizontal","15":"ast-product-gallery-with-no-image","16":"ast-product-single-variable","17":"ast-product-tabs-layout-horizontal","18":"wcpa_has_options","20":"first","21":"onbackorder","22":"sale","23":"shipping-taxable","24":"purchasable","25":"product-type-variable","26":"has-default-attributes"},"yoast_head":"<!-- This site is optimized with the Yoast SEO Premium plugin v26.6 (Yoast SEO v27.3) - https:\/\/yoast.com\/product\/yoast-seo-premium-wordpress\/ -->\n<title>Transfert de l&#039;a\u00e9roport Las America \u00e0 La Romana - Transfert priv\u00e9 $85<\/title>\n<meta name=\"description\" content=\"Dominicanbus propose un transfert de l&#039;a\u00e9roport Las Americas \u00e0 l&#039;h\u00f4tel La Romana ou \u00e0 l&#039;airbnb en transport priv\u00e9 \u00e0 85 $ avec A\/C WIFi.\" \/>\n<meta name=\"robots\" content=\"index, follow, max-snippet:-1, max-image-preview:large, max-video-preview:-1\" \/>\n<link rel=\"canonical\" href=\"https:\/\/dominicanbus.com\/fr\/transfers\/transfert-de-laeroport-las-americas-a-la-romana\/\" \/>\n<meta property=\"og:locale\" content=\"fr_FR\" \/>\n<meta property=\"og:type\" content=\"article\" \/>\n<meta property=\"og:title\" content=\"Transfert de l&#039;a\u00e9roport Las Americas \u00e0 La Romana\" \/>\n<meta property=\"og:description\" content=\"Dominicanbus propose un transfert de l&#039;a\u00e9roport Las Americas \u00e0 l&#039;h\u00f4tel La Romana ou \u00e0 l&#039;airbnb en transport priv\u00e9 \u00e0 85 $ avec A\/C WIFi.\" \/>\n<meta property=\"og:url\" content=\"https:\/\/dominicanbus.com\/fr\/transfers\/transfert-de-laeroport-las-americas-a-la-romana\/\" \/>\n<meta property=\"og:site_name\" content=\"dominican bus\" \/>\n<meta property=\"article:publisher\" content=\"https:\/\/facebook.com\/dominicanbus\" \/>\n<meta property=\"og:image\" content=\"https:\/\/dominicanbus.com\/wp-content\/uploads\/2020\/09\/fondo-25.jpg\" \/>\n\t<meta property=\"og:image:width\" content=\"550\" \/>\n\t<meta property=\"og:image:height\" content=\"364\" \/>\n\t<meta property=\"og:image:type\" content=\"image\/jpeg\" \/>\n<meta name=\"twitter:card\" content=\"summary_large_image\" \/>\n<meta name=\"twitter:site\" content=\"@dominican_tours\" \/>\n<meta name=\"twitter:label1\" content=\"Dur\u00e9e de lecture estim\u00e9e\" \/>\n\t<meta name=\"twitter:data1\" content=\"3 minutes\" \/>\n<script type=\"application\/ld+json\" class=\"yoast-schema-graph\">{\"@context\":\"https:\\\/\\\/schema.org\",\"@graph\":[{\"@type\":\"WebPage\",\"@id\":\"https:\\\/\\\/dominicanbus.com\\\/fr\\\/transfers\\\/transfert-de-laeroport-las-americas-a-la-romana\\\/\",\"url\":\"https:\\\/\\\/dominicanbus.com\\\/fr\\\/transfers\\\/transfert-de-laeroport-las-americas-a-la-romana\\\/\",\"name\":\"Transfert de l'a\u00e9roport Las America \u00e0 La Romana - Transfert priv\u00e9 $85\",\"isPartOf\":{\"@id\":\"https:\\\/\\\/dominicanbus.com\\\/fr\\\/#website\"},\"primaryImageOfPage\":{\"@id\":\"https:\\\/\\\/dominicanbus.com\\\/fr\\\/transfers\\\/transfert-de-laeroport-las-americas-a-la-romana\\\/#primaryimage\"},\"image\":{\"@id\":\"https:\\\/\\\/dominicanbus.com\\\/fr\\\/transfers\\\/transfert-de-laeroport-las-americas-a-la-romana\\\/#primaryimage\"},\"thumbnailUrl\":\"https:\\\/\\\/dominicanbus.com\\\/wp-content\\\/uploads\\\/2020\\\/09\\\/fondo-25.jpg\",\"datePublished\":\"2020-09-29T21:55:49+00:00\",\"description\":\"Dominicanbus propose un transfert de l'a\u00e9roport Las Americas \u00e0 l'h\u00f4tel La Romana ou \u00e0 l'airbnb en transport priv\u00e9 \u00e0 85 $ avec A\\\/C WIFi.\",\"breadcrumb\":{\"@id\":\"https:\\\/\\\/dominicanbus.com\\\/fr\\\/transfers\\\/transfert-de-laeroport-las-americas-a-la-romana\\\/#breadcrumb\"},\"inLanguage\":\"fr-FR\",\"potentialAction\":[{\"@type\":\"ReadAction\",\"target\":[\"https:\\\/\\\/dominicanbus.com\\\/fr\\\/transfers\\\/transfert-de-laeroport-las-americas-a-la-romana\\\/\"]}]},{\"@type\":\"ImageObject\",\"inLanguage\":\"fr-FR\",\"@id\":\"https:\\\/\\\/dominicanbus.com\\\/fr\\\/transfers\\\/transfert-de-laeroport-las-americas-a-la-romana\\\/#primaryimage\",\"url\":\"https:\\\/\\\/dominicanbus.com\\\/wp-content\\\/uploads\\\/2020\\\/09\\\/fondo-25.jpg\",\"contentUrl\":\"https:\\\/\\\/dominicanbus.com\\\/wp-content\\\/uploads\\\/2020\\\/09\\\/fondo-25.jpg\",\"width\":550,\"height\":364,\"caption\":\"Transfert depuis La Romana\"},{\"@type\":\"BreadcrumbList\",\"@id\":\"https:\\\/\\\/dominicanbus.com\\\/fr\\\/transfers\\\/transfert-de-laeroport-las-americas-a-la-romana\\\/#breadcrumb\",\"itemListElement\":[{\"@type\":\"ListItem\",\"position\":1,\"name\":\"Portada\",\"item\":\"https:\\\/\\\/dominicanbus.com\\\/fr\\\/accueil\\\/\"},{\"@type\":\"ListItem\",\"position\":2,\"name\":\"Boutique\",\"item\":\"https:\\\/\\\/dominicanbus.com\\\/boutique\\\/\"},{\"@type\":\"ListItem\",\"position\":3,\"name\":\"Transfert de l&rsquo;a\u00e9roport Las Americas \u00e0 La Romana\"}]},{\"@type\":\"WebSite\",\"@id\":\"https:\\\/\\\/dominicanbus.com\\\/fr\\\/#website\",\"url\":\"https:\\\/\\\/dominicanbus.com\\\/fr\\\/\",\"name\":\"DominicanBus\",\"description\":\"Servicios de transporte privado en Republica Dominicana\",\"publisher\":{\"@id\":\"https:\\\/\\\/dominicanbus.com\\\/fr\\\/#organization\"},\"potentialAction\":[{\"@type\":\"SearchAction\",\"target\":{\"@type\":\"EntryPoint\",\"urlTemplate\":\"https:\\\/\\\/dominicanbus.com\\\/fr\\\/?s={search_term_string}\"},\"query-input\":{\"@type\":\"PropertyValueSpecification\",\"valueRequired\":true,\"valueName\":\"search_term_string\"}}],\"inLanguage\":\"fr-FR\"},{\"@type\":\"Organization\",\"@id\":\"https:\\\/\\\/dominicanbus.com\\\/fr\\\/#organization\",\"name\":\"dominican bus\",\"url\":\"https:\\\/\\\/dominicanbus.com\\\/fr\\\/\",\"logo\":{\"@type\":\"ImageObject\",\"inLanguage\":\"fr-FR\",\"@id\":\"https:\\\/\\\/dominicanbus.com\\\/fr\\\/#\\\/schema\\\/logo\\\/image\\\/\",\"url\":\"https:\\\/\\\/dominicanbus.com\\\/wp-content\\\/uploads\\\/2025\\\/11\\\/Sin-titulo-10.png\",\"contentUrl\":\"https:\\\/\\\/dominicanbus.com\\\/wp-content\\\/uploads\\\/2025\\\/11\\\/Sin-titulo-10.png\",\"width\":252,\"height\":250,\"caption\":\"dominican bus\"},\"image\":{\"@id\":\"https:\\\/\\\/dominicanbus.com\\\/fr\\\/#\\\/schema\\\/logo\\\/image\\\/\"},\"sameAs\":[\"https:\\\/\\\/facebook.com\\\/dominicanbus\",\"https:\\\/\\\/x.com\\\/dominican_tours\",\"https:\\\/\\\/instagram.com\\\/stdominicanbus\",\"https:\\\/\\\/linkein.com\\\/in\\\/eric-rincon-95029811b\",\"https:\\\/\\\/www.pinterest.ca\\\/dominicantours\\\/\",\"https:\\\/\\\/www.youtube.com\\\/user\\\/makeytours\"],\"description\":\"Compania de servicio de traslado y transporte turistico en Republica Dominicana\",\"email\":\"info@dominicanbus.com\",\"telephone\":\"18299463500\",\"legalName\":\"Dominicanbus\",\"foundingDate\":\"2000-05-06\",\"vatID\":\"132344654\",\"taxID\":\"132344654\",\"iso6523Code\":\"132344654\",\"numberOfEmployees\":{\"@type\":\"QuantitativeValue\",\"minValue\":\"11\",\"maxValue\":\"50\"}}]}<\/script>\n<!-- \/ Yoast SEO Premium plugin. -->","yoast_head_json":{"title":"Transfert de l'a\u00e9roport Las America \u00e0 La Romana - Transfert priv\u00e9 $85","description":"Dominicanbus propose un transfert de l'a\u00e9roport Las Americas \u00e0 l'h\u00f4tel La Romana ou \u00e0 l'airbnb en transport priv\u00e9 \u00e0 85 $ avec A\/C WIFi.","robots":{"index":"index","follow":"follow","max-snippet":"max-snippet:-1","max-image-preview":"max-image-preview:large","max-video-preview":"max-video-preview:-1"},"canonical":"https:\/\/dominicanbus.com\/fr\/transfers\/transfert-de-laeroport-las-americas-a-la-romana\/","og_locale":"fr_FR","og_type":"article","og_title":"Transfert de l'a\u00e9roport Las Americas \u00e0 La Romana","og_description":"Dominicanbus propose un transfert de l'a\u00e9roport Las Americas \u00e0 l'h\u00f4tel La Romana ou \u00e0 l'airbnb en transport priv\u00e9 \u00e0 85 $ avec A\/C WIFi.","og_url":"https:\/\/dominicanbus.com\/fr\/transfers\/transfert-de-laeroport-las-americas-a-la-romana\/","og_site_name":"dominican bus","article_publisher":"https:\/\/facebook.com\/dominicanbus","og_image":[{"width":550,"height":364,"url":"https:\/\/dominicanbus.com\/wp-content\/uploads\/2020\/09\/fondo-25.jpg","type":"image\/jpeg"}],"twitter_card":"summary_large_image","twitter_site":"@dominican_tours","twitter_misc":{"Dur\u00e9e de lecture estim\u00e9e":"3 minutes"},"schema":{"@context":"https:\/\/schema.org","@graph":[{"@type":"WebPage","@id":"https:\/\/dominicanbus.com\/fr\/transfers\/transfert-de-laeroport-las-americas-a-la-romana\/","url":"https:\/\/dominicanbus.com\/fr\/transfers\/transfert-de-laeroport-las-americas-a-la-romana\/","name":"Transfert de l'a\u00e9roport Las America \u00e0 La Romana - Transfert priv\u00e9 $85","isPartOf":{"@id":"https:\/\/dominicanbus.com\/fr\/#website"},"primaryImageOfPage":{"@id":"https:\/\/dominicanbus.com\/fr\/transfers\/transfert-de-laeroport-las-americas-a-la-romana\/#primaryimage"},"image":{"@id":"https:\/\/dominicanbus.com\/fr\/transfers\/transfert-de-laeroport-las-americas-a-la-romana\/#primaryimage"},"thumbnailUrl":"https:\/\/dominicanbus.com\/wp-content\/uploads\/2020\/09\/fondo-25.jpg","datePublished":"2020-09-29T21:55:49+00:00","description":"Dominicanbus propose un transfert de l'a\u00e9roport Las Americas \u00e0 l'h\u00f4tel La Romana ou \u00e0 l'airbnb en transport priv\u00e9 \u00e0 85 $ avec A\/C WIFi.","breadcrumb":{"@id":"https:\/\/dominicanbus.com\/fr\/transfers\/transfert-de-laeroport-las-americas-a-la-romana\/#breadcrumb"},"inLanguage":"fr-FR","potentialAction":[{"@type":"ReadAction","target":["https:\/\/dominicanbus.com\/fr\/transfers\/transfert-de-laeroport-las-americas-a-la-romana\/"]}]},{"@type":"ImageObject","inLanguage":"fr-FR","@id":"https:\/\/dominicanbus.com\/fr\/transfers\/transfert-de-laeroport-las-americas-a-la-romana\/#primaryimage","url":"https:\/\/dominicanbus.com\/wp-content\/uploads\/2020\/09\/fondo-25.jpg","contentUrl":"https:\/\/dominicanbus.com\/wp-content\/uploads\/2020\/09\/fondo-25.jpg","width":550,"height":364,"caption":"Transfert depuis La Romana"},{"@type":"BreadcrumbList","@id":"https:\/\/dominicanbus.com\/fr\/transfers\/transfert-de-laeroport-las-americas-a-la-romana\/#breadcrumb","itemListElement":[{"@type":"ListItem","position":1,"name":"Portada","item":"https:\/\/dominicanbus.com\/fr\/accueil\/"},{"@type":"ListItem","position":2,"name":"Boutique","item":"https:\/\/dominicanbus.com\/boutique\/"},{"@type":"ListItem","position":3,"name":"Transfert de l&rsquo;a\u00e9roport Las Americas \u00e0 La Romana"}]},{"@type":"WebSite","@id":"https:\/\/dominicanbus.com\/fr\/#website","url":"https:\/\/dominicanbus.com\/fr\/","name":"DominicanBus","description":"Servicios de transporte privado en Republica Dominicana","publisher":{"@id":"https:\/\/dominicanbus.com\/fr\/#organization"},"potentialAction":[{"@type":"SearchAction","target":{"@type":"EntryPoint","urlTemplate":"https:\/\/dominicanbus.com\/fr\/?s={search_term_string}"},"query-input":{"@type":"PropertyValueSpecification","valueRequired":true,"valueName":"search_term_string"}}],"inLanguage":"fr-FR"},{"@type":"Organization","@id":"https:\/\/dominicanbus.com\/fr\/#organization","name":"dominican bus","url":"https:\/\/dominicanbus.com\/fr\/","logo":{"@type":"ImageObject","inLanguage":"fr-FR","@id":"https:\/\/dominicanbus.com\/fr\/#\/schema\/logo\/image\/","url":"https:\/\/dominicanbus.com\/wp-content\/uploads\/2025\/11\/Sin-titulo-10.png","contentUrl":"https:\/\/dominicanbus.com\/wp-content\/uploads\/2025\/11\/Sin-titulo-10.png","width":252,"height":250,"caption":"dominican bus"},"image":{"@id":"https:\/\/dominicanbus.com\/fr\/#\/schema\/logo\/image\/"},"sameAs":["https:\/\/facebook.com\/dominicanbus","https:\/\/x.com\/dominican_tours","https:\/\/instagram.com\/stdominicanbus","https:\/\/linkein.com\/in\/eric-rincon-95029811b","https:\/\/www.pinterest.ca\/dominicantours\/","https:\/\/www.youtube.com\/user\/makeytours"],"description":"Compania de servicio de traslado y transporte turistico en Republica Dominicana","email":"info@dominicanbus.com","telephone":"18299463500","legalName":"Dominicanbus","foundingDate":"2000-05-06","vatID":"132344654","taxID":"132344654","iso6523Code":"132344654","numberOfEmployees":{"@type":"QuantitativeValue","minValue":"11","maxValue":"50"}}]}},"_links":{"self":[{"href":"https:\/\/dominicanbus.com\/fr\/wp-json\/wp\/v2\/product\/38649","targetHints":{"allow":["GET"]}}],"collection":[{"href":"https:\/\/dominicanbus.com\/fr\/wp-json\/wp\/v2\/product"}],"about":[{"href":"https:\/\/dominicanbus.com\/fr\/wp-json\/wp\/v2\/types\/product"}],"replies":[{"embeddable":true,"href":"https:\/\/dominicanbus.com\/fr\/wp-json\/wp\/v2\/comments?post=38649"}],"version-history":[{"count":0,"href":"https:\/\/dominicanbus.com\/fr\/wp-json\/wp\/v2\/product\/38649\/revisions"}],"wp:featuredmedia":[{"embeddable":true,"href":"https:\/\/dominicanbus.com\/fr\/wp-json\/wp\/v2\/media\/38628"}],"wp:attachment":[{"href":"https:\/\/dominicanbus.com\/fr\/wp-json\/wp\/v2\/media?parent=38649"}],"wp:term":[{"taxonomy":"product_brand","embeddable":true,"href":"https:\/\/dominicanbus.com\/fr\/wp-json\/wp\/v2\/product_brand?post=38649"},{"taxonomy":"product_cat","embeddable":true,"href":"https:\/\/dominicanbus.com\/fr\/wp-json\/wp\/v2\/product_cat?post=38649"},{"taxonomy":"product_tag","embeddable":true,"href":"https:\/\/dominicanbus.com\/fr\/wp-json\/wp\/v2\/product_tag?post=38649"}],"curies":[{"name":"wp","href":"https:\/\/api.w.org\/{rel}","templated":true}]}}