{"id":38646,"date":"2020-10-05T21:34:34","date_gmt":"2020-10-05T21:34:34","guid":{"rendered":"https:\/\/dominicanbus.com\/transfers\/transfert-de-laeroport-de-santo-domingo-a-puerto-plata\/"},"modified":"2025-12-30T23:52:49","modified_gmt":"2025-12-30T23:52:49","slug":"transfert-de-laeroport-de-santo-domingo-a-puerto-plata","status":"publish","type":"product","link":"https:\/\/dominicanbus.com\/fr\/transfers\/transfert-de-laeroport-de-santo-domingo-a-puerto-plata\/","title":{"rendered":"Transfert de l&rsquo;a\u00e9roport de Santo Domingo \u00e0 Puerto Plata"},"content":{"rendered":"<h2>Transfert de l&rsquo;a\u00e9roport de Santo Domingo \u00e0 Puerto Plata<\/h2>\n<p>Le <strong>transfert de l&rsquo;a\u00e9roport de Santo Domingo \u00e0 Puerto Plata<\/strong> est l&rsquo;un des services de transport priv\u00e9 les plus demand\u00e9s, car nous disposons d&rsquo;un grand nombre d&rsquo;unit\u00e9s, permettant de transporter de 1 \u00e0 6 passagers, bagages compris, <strong>de l&rsquo;a\u00e9roport Las Americas \u00e0 Puerto Plata ou Playa Dorada en R\u00e9publique dominicaine<\/strong>. Notre transport est l&rsquo;un des meilleurs services de transport priv\u00e9 disponibles pour les grandes familles ou les grands groupes d&rsquo;amis, vous permettant de voyager avec tout le confort et la s\u00e9curit\u00e9 dont vous avez besoin. <\/p>\n<p class=\"p1\">Notre service de <strong>transport priv\u00e9 de l&rsquo;a\u00e9roport de Santo Domingo \u00e0 Puerto Plata<\/strong>, avec suivi des vols, vous permet de b\u00e9n\u00e9ficier d&rsquo;une gratuit\u00e9 en cas de retard ou de changement de vol (uniquement \u00e0 l&rsquo;arriv\u00e9e) permettant \u00e0 nos chauffeurs de vous accueillir chaleureusement avec une pancarte personnalis\u00e9e. Le tarif est par v\u00e9hicule et inclut toutes les taxes et frais d&rsquo;a\u00e9roport. L&rsquo;unit\u00e9 est climatis\u00e9e et un si\u00e8ge auto pour b\u00e9b\u00e9 est inclus (sur demande).<\/p>\n<h2>Informations de base sur Puerto Plata<\/h2>\n<p><a href=\"https:\/\/wikipedia.com\/puerto-plata\/\">San Felipe de Puerto Plata<\/a>, ville et port, nord de la R\u00e9publique dominicaine. Il est situ\u00e9 au pied du Pic Isabel de Torres, au bord de l&rsquo;oc\u00e9an Atlantique. Puerto Plata a \u00e9t\u00e9 fond\u00e9e en 1503 par Christophe Colomb. Desservant la fertile vall\u00e9e du Cibao, le port traite les produits de l&rsquo;une des principales r\u00e9gions productrices de caf\u00e9 du pays. L&rsquo;arri\u00e8re-pays agricole est \u00e9galement une importante zone de production de tabac, et les bananes, la canne \u00e0 sucre et les produits laitiers sont \u00e9galement importants sur le plan \u00e9conomique. Le port de Puerto Plata traite principalement du tabac, du caf\u00e9, du cacao, du riz, de la canne \u00e0 sucre, des bananes et du bois. La p\u00eache est importante pour la ville, tout comme les usines de transformation et de fabrication ; le chocolat, les allumettes, les produits laitiers, les produits alimentaires et les liqueurs figurent parmi les principaux produits.<\/p>\n<p>Le tourisme est une caract\u00e9ristique importante et de nombreuses stations baln\u00e9aires bordent les plages de la ville, la plupart d&rsquo;entre elles se trouvant sur la Playa Dorada. Puerto Plata abrite un mus\u00e9e de l&rsquo;ambre qui pr\u00e9sente des collections d&rsquo;ambre fossilis\u00e9 datant de plusieurs milliers d&rsquo;ann\u00e9es. Un t\u00e9l\u00e9ph\u00e9rique monte au pic Isabel de Torres pour une vue panoramique de la ville et du port. Puerto Plata est accessible par des routes secondaires depuis les centres urbains de la c\u00f4te et de l&rsquo;int\u00e9rieur. Elle dispose d&rsquo;un a\u00e9roport international. Les ruines de La Isabela, l&rsquo;une des premi\u00e8res villes europ\u00e9ennes du Nouveau Monde, fond\u00e9e par Christophe Colomb en 1493.     <\/p>\n<p>Pour conna\u00eetre le co\u00fbt ou les tarifs des transports de Santo Domingo vers d&rsquo;autres destinations en R\u00e9publique dominicaine, vous pouvez faire un devis en ligne ici : <a href=\"https:\/\/dominicanbus.com\/fr\/devis\/\">Tarifs de transfert Puerto Plata<\/a><\/p>\n<div class=\"wp-block-group alignwide\">\n<div class=\"wp-block-group__inner-container\">\n<div class=\"wp-block-group__inner-container\">\n<h2 class=\"has-dark-gray-color has-text-color\">Lieux \u00e0 visiter \u00e0 partir de Puerto Plata :<\/h2>\n<ul>\n<li>Isabel de torres<\/li>\n<li>Le monde des oc\u00e9ans<\/li>\n<li>27 \u00c9tangs de Damajagua<\/li>\n<li>Forteresse de San Felipe<\/li>\n<li>Cayo Arena<\/li>\n<li>Fabrique de rhum Brugal<\/li>\n<li>Mus\u00e9e de l&rsquo;ambre<\/li>\n<li>Plage d&rsquo;or<\/li>\n<\/ul>\n<p>Si vous souhaitez visiter ces lieux et d&rsquo;autres encore depuis Puerto Plata, je vous recommande ce <a href=\"https:\/\/dominicanbus.com\/fr\/excursions\/\">lien.<\/a><\/p>\n<h2>  Transfert depuis les h\u00f4tels de Puerto Plata de 01 \u00e0 06 Pax :<\/h2>\n<ul>\n<li>\n<h4><a href=\"https:\/\/dominicanbus.com\/fr\/les-ameriques\/\">Santo Domingo Airport <\/a>\u2192 A Be Live Collection Marien $165 &#8211; <a href=\"https:\/\/dominicanbus.com\/fr\/devis\/\">R\u00e9servez maintenant<\/a><\/h4>\n<\/li>\n<li>\n<h4><a href=\"https:\/\/dominicanbus.com\/fr\/les-ameriques\/\">Santo Domingo Airport<\/a> \u2192 To Iberostar Costa Dorada $165 &#8211; <a href=\"https:\/\/dominicanbus.com\/fr\/devis\/\">Reservez<\/a><\/h4>\n<\/li>\n<li>\n<h4><a href=\"https:\/\/dominicanbus.com\/fr\/les-ameriques\/\">Santo Domingo Airport<\/a> \u2192 A BlueBay Villas Doradas Adults Only $165 &#8211; <a href=\"https:\/\/dominicanbus.com\/fr\/devis\/\">R\u00e9servez<\/a><\/h4>\n<\/li>\n<li>\n<h4><a href=\"https:\/\/dominicanbus.com\/fr\/les-ameriques\/\">Santo Domingo Airport<\/a> \u2192 A Emotions By Hodelpa Playa Dorada $165 &#8211; <a href=\"https:\/\/dominicanbus.com\/fr\/devis\/\">R\u00e9servez<\/a><\/h4>\n<\/li>\n<li>\n<h4><a href=\"https:\/\/dominicanbus.com\/fr\/les-ameriques\/\">Santo Domingo Airport<\/a> \u2192 To Sunscape Puerto Plata $165 &#8211; <a href=\"https:\/\/dominicanbus.com\/fr\/devis\/\">R\u00e9servez<\/a><\/h4>\n<\/li>\n<li>\n<h4><a href=\"https:\/\/dominicanbus.com\/fr\/les-ameriques\/\">Santo Domingo Airport<\/a> \u2192 To Cofresi Palm Beach $165 &#8211; <a href=\"https:\/\/dominicanbus.com\/fr\/devis\/\">R\u00e9servez<\/a><\/h4>\n<\/li>\n<li>\n<h4><a href=\"https:\/\/dominicanbus.com\/fr\/les-ameriques\/\">A\u00e9roport de Santo Domingo<\/a> \u2192 A Lifestyle Tropical Beach $165 &#8211; <a href=\"https:\/\/dominicanbus.com\/fr\/devis\/\">R\u00e9servez<\/a><\/h4>\n<\/li>\n<li>\n<h4><a href=\"https:\/\/dominicanbus.com\/fr\/les-ameriques\/\">Santo Domingo Airport<\/a> \u2192 A Grand Paradise Playa Dorada $1465 &#8211; <a href=\"https:\/\/dominicanbus.com\/fr\/devis\/\">R\u00e9servez maintenant<\/a><\/h4>\n<\/li>\n<li>\n<h4><a href=\"https:\/\/dominicanbus.com\/fr\/les-ameriques\/\">Santo Domingo Airport<\/a> \u2192 A Viva Wyndham Heavens $165 &#8211; <a href=\"https:\/\/dominicanbus.com\/fr\/devis\/\">R\u00e9servez<\/a><\/h4>\n<\/li>\n<li>\n<h4><a href=\"https:\/\/dominicanbus.com\/fr\/les-ameriques\/\">Santo Domingo Airport<\/a> \u2192 To Playa Dorada Beach Golf $165 &#8211; <a href=\"https:\/\/dominicanbus.com\/fr\/devis\/\">R\u00e9servez<\/a><\/h4>\n<\/li>\n<li>\n<h4><a href=\"https:\/\/dominicanbus.com\/fr\/les-ameriques\/\">A\u00e9roport de Santo Domingo<\/a> \u2192 A Blue Jacktar Hotel $165 &#8211; <a href=\"https:\/\/dominicanbus.com\/fr\/devis\/\">R\u00e9servez<\/a><\/h4>\n<\/li>\n<li>\n<h4><a href=\"https:\/\/dominicanbus.com\/fr\/les-ameriques\/\">Santo Domingo Airport<\/a> \u2192 A Hotel Gran Ventana $165 &#8211; <a href=\"https:\/\/dominicanbus.com\/fr\/devis\/\">R\u00e9servez<\/a><\/h4>\n<\/li>\n<li>\n<h4><a href=\"https:\/\/dominicanbus.com\/fr\/les-ameriques\/\">Santo Domingo Airport<\/a> \u2192 A Lifestyle Holidays Vacation Resort $165 &#8211; <a href=\"https:\/\/dominicanbus.com\/fr\/devis\/\">R\u00e9servez maintenant<\/a><\/h4>\n<\/li>\n<li>\n<h4><a href=\"https:\/\/dominicanbus.com\/fr\/les-ameriques\/\">A\u00e9roport de Santo Domingo<\/a> \u2192 A Casa Colonial Beach $165 &#8211; <a href=\"https:\/\/dominicanbus.com\/fr\/devis\/\">R\u00e9servez<\/a><\/h4>\n<\/li>\n<li>\n<h4><a href=\"https:\/\/dominicanbus.com\/fr\/les-ameriques\/\">A\u00e9roport de Santo Domingo<\/a> \u2192 A Lifestyle Crown &amp; Royal Villas $165 &#8211; <a href=\"https:\/\/dominicanbus.com\/fr\/devis\/\">R\u00e9servez<\/a><\/h4>\n<\/li>\n<li>\n<h4><a href=\"https:\/\/dominicanbus.com\/fr\/les-ameriques\/\">A\u00e9roport de Santo Domingo<\/a> \u2192 A The Senator Puerto Plata $165 &#8211; <a href=\"https:\/\/dominicanbus.com\/fr\/devis\/\">R\u00e9servez<\/a><\/h4>\n<\/li>\n<li>\n<h4><a href=\"https:\/\/dominicanbus.com\/fr\/les-ameriques\/\">Santo Domingo Airport<\/a> \u2192 To Bachata Beach Puerto Plata $165 &#8211; <a href=\"https:\/\/dominicanbus.com\/fr\/devis\/\">R\u00e9servez<\/a><\/h4>\n<\/li>\n<\/ul>\n<\/div>\n<\/div>\n<\/div>\n","protected":false},"excerpt":{"rendered":"[cabGridPro id=\"\" icons=\"\" layout=\"\" luggage=\"\" origin=\"\" dest=\"\" vehicles=\"\" class=\"\" groups=\"\" single=\"\" onewayrtn=\"one-way\" pass=\"2\" lugg=\"0\" tick=\"1\" time=\"1\" dropdown=\"n\"]\n<p>R\u00e9servez votre chauffeur <em>priv\u00e9<\/em> de l&rsquo;a\u00e9roport Las Americas \u00e0 Puerto Plata \u2713 de 1 \u00e0 6 personnes \u00e0 seulement 165 $ \u2713 Payez en ligne \u2713 Prix fixes \u2713 avec Dominican Bus, vous pouvez r\u00e9server votre voyage en moins de 60 secondes et avec une confirmation instantan\u00e9e. Notre chauffeur vous attendra avec un panneau de bienvenue \u00e0 votre arriv\u00e9e \u00e0 l&rsquo;a\u00e9roport de Saint-Domingue et vous conduira directement \u00e0 votre h\u00f4tel, villa ou appartement \u00e0 Puerto Plata ou Playa Dorada. <\/p>\n","protected":false},"featured_media":38652,"comment_status":"closed","ping_status":"closed","template":"","meta":{"site-sidebar-layout":"default","site-content-layout":"default","ast-site-content-layout":"default","site-content-style":"default","site-sidebar-style":"default","ast-global-header-display":"","ast-banner-title-visibility":"","ast-main-header-display":"","ast-hfb-above-header-display":"","ast-hfb-below-header-display":"","ast-hfb-mobile-header-display":"","site-post-title":"","ast-breadcrumbs-content":"","ast-featured-img":"","footer-sml-layout":"","ast-disable-related-posts":"","theme-transparent-header-meta":"default","adv-header-id-meta":"","stick-header-meta":"default","header-above-stick-meta":"","header-main-stick-meta":"","header-below-stick-meta":"","astra-migrate-meta-layouts":"default","ast-page-background-enabled":"default","ast-page-background-meta":{"desktop":{"background-color":"","background-image":"","background-repeat":"repeat","background-position":"center center","background-size":"auto","background-attachment":"scroll","background-type":"","background-media":"","overlay-type":"","overlay-color":"","overlay-opacity":"","overlay-gradient":""},"tablet":{"background-color":"","background-image":"","background-repeat":"repeat","background-position":"center center","background-size":"auto","background-attachment":"scroll","background-type":"","background-media":"","overlay-type":"","overlay-color":"","overlay-opacity":"","overlay-gradient":""},"mobile":{"background-color":"","background-image":"","background-repeat":"repeat","background-position":"center center","background-size":"auto","background-attachment":"scroll","background-type":"","background-media":"","overlay-type":"","overlay-color":"","overlay-opacity":"","overlay-gradient":""}},"ast-content-background-meta":{"desktop":{"background-color":"var(--ast-global-color-5)","background-image":"","background-repeat":"repeat","background-position":"center center","background-size":"auto","background-attachment":"scroll","background-type":"","background-media":"","overlay-type":"","overlay-color":"","overlay-opacity":"","overlay-gradient":""},"tablet":{"background-color":"var(--ast-global-color-5)","background-image":"","background-repeat":"repeat","background-position":"center center","background-size":"auto","background-attachment":"scroll","background-type":"","background-media":"","overlay-type":"","overlay-color":"","overlay-opacity":"","overlay-gradient":""},"mobile":{"background-color":"var(--ast-global-color-5)","background-image":"","background-repeat":"repeat","background-position":"center center","background-size":"auto","background-attachment":"scroll","background-type":"","background-media":"","overlay-type":"","overlay-color":"","overlay-opacity":"","overlay-gradient":""}}},"product_brand":[],"product_cat":[1139,1135],"product_tag":[1137,1209,1162],"class_list":{"0":"post-38646","1":"product","2":"type-product","3":"status-publish","4":"has-post-thumbnail","6":"product_cat-service-de-transfert","7":"product_cat-transport-vers-laeroport","8":"product_tag-aeroports","9":"product_tag-puerto-plata-fr","10":"product_tag-saint-domingue","11":"desktop-align-center","12":"tablet-align-center","13":"mobile-align-center","14":"ast-product-gallery-layout-horizontal","15":"ast-product-gallery-with-no-image","16":"ast-product-single-variable","17":"ast-product-tabs-layout-horizontal","18":"wcpa_has_options","20":"first","21":"onbackorder","22":"sold-individually","23":"shipping-taxable","24":"purchasable","25":"product-type-variable","26":"has-default-attributes"},"yoast_head":"<!-- This site is optimized with the Yoast SEO Premium plugin v26.6 (Yoast SEO v27.3) - https:\/\/yoast.com\/product\/yoast-seo-premium-wordpress\/ -->\n<title>Transfert de l&#039;a\u00e9roport de Santo Domingo \u00e0 Puerto Plata | A seulement $165<\/title>\n<meta name=\"description\" content=\"Dominicanbus propose un transfert de l&#039;a\u00e9roport de Saint-Domingue vers les h\u00f4tels ou airbnb de Puerto Plata pour 165 $ de transfert priv\u00e9 avec climatisation.\" \/>\n<meta name=\"robots\" content=\"index, follow, max-snippet:-1, max-image-preview:large, max-video-preview:-1\" \/>\n<link rel=\"canonical\" href=\"https:\/\/dominicanbus.com\/fr\/transfers\/transfert-de-laeroport-de-santo-domingo-a-puerto-plata\/\" \/>\n<meta property=\"og:locale\" content=\"fr_FR\" \/>\n<meta property=\"og:type\" content=\"article\" \/>\n<meta property=\"og:title\" content=\"Transfert de l&#039;a\u00e9roport de Santo Domingo \u00e0 Puerto Plata\" \/>\n<meta property=\"og:description\" content=\"Dominicanbus propose un transfert de l&#039;a\u00e9roport de Saint-Domingue vers les h\u00f4tels ou airbnb de Puerto Plata pour 165 $ de transfert priv\u00e9 avec climatisation.\" \/>\n<meta property=\"og:url\" content=\"https:\/\/dominicanbus.com\/fr\/transfers\/transfert-de-laeroport-de-santo-domingo-a-puerto-plata\/\" \/>\n<meta property=\"og:site_name\" content=\"dominican bus\" \/>\n<meta property=\"article:publisher\" content=\"https:\/\/facebook.com\/dominicanbus\" \/>\n<meta property=\"article:modified_time\" content=\"2025-12-30T23:52:49+00:00\" \/>\n<meta property=\"og:image\" content=\"https:\/\/dominicanbus.com\/wp-content\/uploads\/2020\/10\/fondo-31.jpg\" \/>\n\t<meta property=\"og:image:width\" content=\"550\" \/>\n\t<meta property=\"og:image:height\" content=\"364\" \/>\n\t<meta property=\"og:image:type\" content=\"image\/jpeg\" \/>\n<meta name=\"twitter:card\" content=\"summary_large_image\" \/>\n<meta name=\"twitter:site\" content=\"@dominican_tours\" \/>\n<meta name=\"twitter:label1\" content=\"Dur\u00e9e de lecture estim\u00e9e\" \/>\n\t<meta name=\"twitter:data1\" content=\"4 minutes\" \/>\n<script type=\"application\/ld+json\" class=\"yoast-schema-graph\">{\"@context\":\"https:\\\/\\\/schema.org\",\"@graph\":[{\"@type\":\"WebPage\",\"@id\":\"https:\\\/\\\/dominicanbus.com\\\/fr\\\/transfers\\\/transfert-de-laeroport-de-santo-domingo-a-puerto-plata\\\/\",\"url\":\"https:\\\/\\\/dominicanbus.com\\\/fr\\\/transfers\\\/transfert-de-laeroport-de-santo-domingo-a-puerto-plata\\\/\",\"name\":\"Transfert de l'a\u00e9roport de Santo Domingo \u00e0 Puerto Plata | A seulement $165\",\"isPartOf\":{\"@id\":\"https:\\\/\\\/dominicanbus.com\\\/fr\\\/#website\"},\"primaryImageOfPage\":{\"@id\":\"https:\\\/\\\/dominicanbus.com\\\/fr\\\/transfers\\\/transfert-de-laeroport-de-santo-domingo-a-puerto-plata\\\/#primaryimage\"},\"image\":{\"@id\":\"https:\\\/\\\/dominicanbus.com\\\/fr\\\/transfers\\\/transfert-de-laeroport-de-santo-domingo-a-puerto-plata\\\/#primaryimage\"},\"thumbnailUrl\":\"https:\\\/\\\/dominicanbus.com\\\/wp-content\\\/uploads\\\/2020\\\/10\\\/fondo-31.jpg\",\"datePublished\":\"2020-10-05T21:34:34+00:00\",\"dateModified\":\"2025-12-30T23:52:49+00:00\",\"description\":\"Dominicanbus propose un transfert de l'a\u00e9roport de Saint-Domingue vers les h\u00f4tels ou airbnb de Puerto Plata pour 165 $ de transfert priv\u00e9 avec climatisation.\",\"breadcrumb\":{\"@id\":\"https:\\\/\\\/dominicanbus.com\\\/fr\\\/transfers\\\/transfert-de-laeroport-de-santo-domingo-a-puerto-plata\\\/#breadcrumb\"},\"inLanguage\":\"fr-FR\",\"potentialAction\":[{\"@type\":\"ReadAction\",\"target\":[\"https:\\\/\\\/dominicanbus.com\\\/fr\\\/transfers\\\/transfert-de-laeroport-de-santo-domingo-a-puerto-plata\\\/\"]}]},{\"@type\":\"ImageObject\",\"inLanguage\":\"fr-FR\",\"@id\":\"https:\\\/\\\/dominicanbus.com\\\/fr\\\/transfers\\\/transfert-de-laeroport-de-santo-domingo-a-puerto-plata\\\/#primaryimage\",\"url\":\"https:\\\/\\\/dominicanbus.com\\\/wp-content\\\/uploads\\\/2020\\\/10\\\/fondo-31.jpg\",\"contentUrl\":\"https:\\\/\\\/dominicanbus.com\\\/wp-content\\\/uploads\\\/2020\\\/10\\\/fondo-31.jpg\",\"width\":550,\"height\":364,\"caption\":\"transfert de l'a\u00e9roport de puerto plata\"},{\"@type\":\"BreadcrumbList\",\"@id\":\"https:\\\/\\\/dominicanbus.com\\\/fr\\\/transfers\\\/transfert-de-laeroport-de-santo-domingo-a-puerto-plata\\\/#breadcrumb\",\"itemListElement\":[{\"@type\":\"ListItem\",\"position\":1,\"name\":\"Portada\",\"item\":\"https:\\\/\\\/dominicanbus.com\\\/fr\\\/accueil\\\/\"},{\"@type\":\"ListItem\",\"position\":2,\"name\":\"Boutique\",\"item\":\"https:\\\/\\\/dominicanbus.com\\\/boutique\\\/\"},{\"@type\":\"ListItem\",\"position\":3,\"name\":\"Transfert de l&rsquo;a\u00e9roport de Santo Domingo \u00e0 Puerto Plata\"}]},{\"@type\":\"WebSite\",\"@id\":\"https:\\\/\\\/dominicanbus.com\\\/fr\\\/#website\",\"url\":\"https:\\\/\\\/dominicanbus.com\\\/fr\\\/\",\"name\":\"DominicanBus\",\"description\":\"Servicios de transporte privado en Republica Dominicana\",\"publisher\":{\"@id\":\"https:\\\/\\\/dominicanbus.com\\\/fr\\\/#organization\"},\"potentialAction\":[{\"@type\":\"SearchAction\",\"target\":{\"@type\":\"EntryPoint\",\"urlTemplate\":\"https:\\\/\\\/dominicanbus.com\\\/fr\\\/?s={search_term_string}\"},\"query-input\":{\"@type\":\"PropertyValueSpecification\",\"valueRequired\":true,\"valueName\":\"search_term_string\"}}],\"inLanguage\":\"fr-FR\"},{\"@type\":\"Organization\",\"@id\":\"https:\\\/\\\/dominicanbus.com\\\/fr\\\/#organization\",\"name\":\"dominican bus\",\"url\":\"https:\\\/\\\/dominicanbus.com\\\/fr\\\/\",\"logo\":{\"@type\":\"ImageObject\",\"inLanguage\":\"fr-FR\",\"@id\":\"https:\\\/\\\/dominicanbus.com\\\/fr\\\/#\\\/schema\\\/logo\\\/image\\\/\",\"url\":\"https:\\\/\\\/dominicanbus.com\\\/wp-content\\\/uploads\\\/2025\\\/11\\\/Sin-titulo-10.png\",\"contentUrl\":\"https:\\\/\\\/dominicanbus.com\\\/wp-content\\\/uploads\\\/2025\\\/11\\\/Sin-titulo-10.png\",\"width\":252,\"height\":250,\"caption\":\"dominican bus\"},\"image\":{\"@id\":\"https:\\\/\\\/dominicanbus.com\\\/fr\\\/#\\\/schema\\\/logo\\\/image\\\/\"},\"sameAs\":[\"https:\\\/\\\/facebook.com\\\/dominicanbus\",\"https:\\\/\\\/x.com\\\/dominican_tours\",\"https:\\\/\\\/instagram.com\\\/stdominicanbus\",\"https:\\\/\\\/linkein.com\\\/in\\\/eric-rincon-95029811b\",\"https:\\\/\\\/www.pinterest.ca\\\/dominicantours\\\/\",\"https:\\\/\\\/www.youtube.com\\\/user\\\/makeytours\"],\"description\":\"Compania de servicio de traslado y transporte turistico en Republica Dominicana\",\"email\":\"info@dominicanbus.com\",\"telephone\":\"18299463500\",\"legalName\":\"Dominicanbus\",\"foundingDate\":\"2000-05-06\",\"vatID\":\"132344654\",\"taxID\":\"132344654\",\"iso6523Code\":\"132344654\",\"numberOfEmployees\":{\"@type\":\"QuantitativeValue\",\"minValue\":\"11\",\"maxValue\":\"50\"}}]}<\/script>\n<!-- \/ Yoast SEO Premium plugin. -->","yoast_head_json":{"title":"Transfert de l'a\u00e9roport de Santo Domingo \u00e0 Puerto Plata | A seulement $165","description":"Dominicanbus propose un transfert de l'a\u00e9roport de Saint-Domingue vers les h\u00f4tels ou airbnb de Puerto Plata pour 165 $ de transfert priv\u00e9 avec climatisation.","robots":{"index":"index","follow":"follow","max-snippet":"max-snippet:-1","max-image-preview":"max-image-preview:large","max-video-preview":"max-video-preview:-1"},"canonical":"https:\/\/dominicanbus.com\/fr\/transfers\/transfert-de-laeroport-de-santo-domingo-a-puerto-plata\/","og_locale":"fr_FR","og_type":"article","og_title":"Transfert de l'a\u00e9roport de Santo Domingo \u00e0 Puerto Plata","og_description":"Dominicanbus propose un transfert de l'a\u00e9roport de Saint-Domingue vers les h\u00f4tels ou airbnb de Puerto Plata pour 165 $ de transfert priv\u00e9 avec climatisation.","og_url":"https:\/\/dominicanbus.com\/fr\/transfers\/transfert-de-laeroport-de-santo-domingo-a-puerto-plata\/","og_site_name":"dominican bus","article_publisher":"https:\/\/facebook.com\/dominicanbus","article_modified_time":"2025-12-30T23:52:49+00:00","og_image":[{"width":550,"height":364,"url":"https:\/\/dominicanbus.com\/wp-content\/uploads\/2020\/10\/fondo-31.jpg","type":"image\/jpeg"}],"twitter_card":"summary_large_image","twitter_site":"@dominican_tours","twitter_misc":{"Dur\u00e9e de lecture estim\u00e9e":"4 minutes"},"schema":{"@context":"https:\/\/schema.org","@graph":[{"@type":"WebPage","@id":"https:\/\/dominicanbus.com\/fr\/transfers\/transfert-de-laeroport-de-santo-domingo-a-puerto-plata\/","url":"https:\/\/dominicanbus.com\/fr\/transfers\/transfert-de-laeroport-de-santo-domingo-a-puerto-plata\/","name":"Transfert de l'a\u00e9roport de Santo Domingo \u00e0 Puerto Plata | A seulement $165","isPartOf":{"@id":"https:\/\/dominicanbus.com\/fr\/#website"},"primaryImageOfPage":{"@id":"https:\/\/dominicanbus.com\/fr\/transfers\/transfert-de-laeroport-de-santo-domingo-a-puerto-plata\/#primaryimage"},"image":{"@id":"https:\/\/dominicanbus.com\/fr\/transfers\/transfert-de-laeroport-de-santo-domingo-a-puerto-plata\/#primaryimage"},"thumbnailUrl":"https:\/\/dominicanbus.com\/wp-content\/uploads\/2020\/10\/fondo-31.jpg","datePublished":"2020-10-05T21:34:34+00:00","dateModified":"2025-12-30T23:52:49+00:00","description":"Dominicanbus propose un transfert de l'a\u00e9roport de Saint-Domingue vers les h\u00f4tels ou airbnb de Puerto Plata pour 165 $ de transfert priv\u00e9 avec climatisation.","breadcrumb":{"@id":"https:\/\/dominicanbus.com\/fr\/transfers\/transfert-de-laeroport-de-santo-domingo-a-puerto-plata\/#breadcrumb"},"inLanguage":"fr-FR","potentialAction":[{"@type":"ReadAction","target":["https:\/\/dominicanbus.com\/fr\/transfers\/transfert-de-laeroport-de-santo-domingo-a-puerto-plata\/"]}]},{"@type":"ImageObject","inLanguage":"fr-FR","@id":"https:\/\/dominicanbus.com\/fr\/transfers\/transfert-de-laeroport-de-santo-domingo-a-puerto-plata\/#primaryimage","url":"https:\/\/dominicanbus.com\/wp-content\/uploads\/2020\/10\/fondo-31.jpg","contentUrl":"https:\/\/dominicanbus.com\/wp-content\/uploads\/2020\/10\/fondo-31.jpg","width":550,"height":364,"caption":"transfert de l'a\u00e9roport de puerto plata"},{"@type":"BreadcrumbList","@id":"https:\/\/dominicanbus.com\/fr\/transfers\/transfert-de-laeroport-de-santo-domingo-a-puerto-plata\/#breadcrumb","itemListElement":[{"@type":"ListItem","position":1,"name":"Portada","item":"https:\/\/dominicanbus.com\/fr\/accueil\/"},{"@type":"ListItem","position":2,"name":"Boutique","item":"https:\/\/dominicanbus.com\/boutique\/"},{"@type":"ListItem","position":3,"name":"Transfert de l&rsquo;a\u00e9roport de Santo Domingo \u00e0 Puerto Plata"}]},{"@type":"WebSite","@id":"https:\/\/dominicanbus.com\/fr\/#website","url":"https:\/\/dominicanbus.com\/fr\/","name":"DominicanBus","description":"Servicios de transporte privado en Republica Dominicana","publisher":{"@id":"https:\/\/dominicanbus.com\/fr\/#organization"},"potentialAction":[{"@type":"SearchAction","target":{"@type":"EntryPoint","urlTemplate":"https:\/\/dominicanbus.com\/fr\/?s={search_term_string}"},"query-input":{"@type":"PropertyValueSpecification","valueRequired":true,"valueName":"search_term_string"}}],"inLanguage":"fr-FR"},{"@type":"Organization","@id":"https:\/\/dominicanbus.com\/fr\/#organization","name":"dominican bus","url":"https:\/\/dominicanbus.com\/fr\/","logo":{"@type":"ImageObject","inLanguage":"fr-FR","@id":"https:\/\/dominicanbus.com\/fr\/#\/schema\/logo\/image\/","url":"https:\/\/dominicanbus.com\/wp-content\/uploads\/2025\/11\/Sin-titulo-10.png","contentUrl":"https:\/\/dominicanbus.com\/wp-content\/uploads\/2025\/11\/Sin-titulo-10.png","width":252,"height":250,"caption":"dominican bus"},"image":{"@id":"https:\/\/dominicanbus.com\/fr\/#\/schema\/logo\/image\/"},"sameAs":["https:\/\/facebook.com\/dominicanbus","https:\/\/x.com\/dominican_tours","https:\/\/instagram.com\/stdominicanbus","https:\/\/linkein.com\/in\/eric-rincon-95029811b","https:\/\/www.pinterest.ca\/dominicantours\/","https:\/\/www.youtube.com\/user\/makeytours"],"description":"Compania de servicio de traslado y transporte turistico en Republica Dominicana","email":"info@dominicanbus.com","telephone":"18299463500","legalName":"Dominicanbus","foundingDate":"2000-05-06","vatID":"132344654","taxID":"132344654","iso6523Code":"132344654","numberOfEmployees":{"@type":"QuantitativeValue","minValue":"11","maxValue":"50"}}]}},"_links":{"self":[{"href":"https:\/\/dominicanbus.com\/fr\/wp-json\/wp\/v2\/product\/38646","targetHints":{"allow":["GET"]}}],"collection":[{"href":"https:\/\/dominicanbus.com\/fr\/wp-json\/wp\/v2\/product"}],"about":[{"href":"https:\/\/dominicanbus.com\/fr\/wp-json\/wp\/v2\/types\/product"}],"replies":[{"embeddable":true,"href":"https:\/\/dominicanbus.com\/fr\/wp-json\/wp\/v2\/comments?post=38646"}],"version-history":[{"count":1,"href":"https:\/\/dominicanbus.com\/fr\/wp-json\/wp\/v2\/product\/38646\/revisions"}],"predecessor-version":[{"id":42405,"href":"https:\/\/dominicanbus.com\/fr\/wp-json\/wp\/v2\/product\/38646\/revisions\/42405"}],"wp:featuredmedia":[{"embeddable":true,"href":"https:\/\/dominicanbus.com\/fr\/wp-json\/wp\/v2\/media\/38652"}],"wp:attachment":[{"href":"https:\/\/dominicanbus.com\/fr\/wp-json\/wp\/v2\/media?parent=38646"}],"wp:term":[{"taxonomy":"product_brand","embeddable":true,"href":"https:\/\/dominicanbus.com\/fr\/wp-json\/wp\/v2\/product_brand?post=38646"},{"taxonomy":"product_cat","embeddable":true,"href":"https:\/\/dominicanbus.com\/fr\/wp-json\/wp\/v2\/product_cat?post=38646"},{"taxonomy":"product_tag","embeddable":true,"href":"https:\/\/dominicanbus.com\/fr\/wp-json\/wp\/v2\/product_tag?post=38646"}],"curies":[{"name":"wp","href":"https:\/\/api.w.org\/{rel}","templated":true}]}}