{"id":38599,"date":"2020-10-05T23:01:47","date_gmt":"2020-10-05T23:01:47","guid":{"rendered":"https:\/\/dominicanbus.com\/transfers\/transfert-de-laeroport-de-punta-cana-a-boca-chica\/"},"modified":"2025-12-31T20:26:29","modified_gmt":"2025-12-31T20:26:29","slug":"transfert-de-laeroport-de-punta-cana-a-boca-chica","status":"publish","type":"product","link":"https:\/\/dominicanbus.com\/fr\/transfers\/transfert-de-laeroport-de-punta-cana-a-boca-chica\/","title":{"rendered":"Transfert de l&rsquo;a\u00e9roport de Punta Cana \u00e0 Boca Chica"},"content":{"rendered":"<h2>Transfert de l&rsquo;a\u00e9roport de Punta Cana \u00e0 Boca Chica<\/h2>\n<p>Le <strong>transfert de l&rsquo;a\u00e9roport de Punta Cana \u00e0 Boca Chica<\/strong> est l&rsquo;un des services de transport priv\u00e9 les plus demand\u00e9s, car nous avons un grand nombre d&rsquo;unit\u00e9s, permettant de 1 \u00e0 6 passagers, y compris les bagages, qui peuvent \u00eatre transport\u00e9s en priv\u00e9 <strong>de l&rsquo;a\u00e9roport de Punta Cana \u00e0 Boca Chica en R\u00e9publique dominicaine<\/strong>. Notre transport est l&rsquo;un des meilleurs services de transport priv\u00e9 disponible pour les grandes familles ou les grands groupes d&rsquo;amis, vous permettant de voyager avec tout le confort et la s\u00e9curit\u00e9 dont vous avez besoin. <\/p>\n<p class=\"p1\">Notre service de <strong>transport priv\u00e9 de l&rsquo;a\u00e9roport de Punta Cana \u00e0 Boca Chica<\/strong>, avec suivi de vol, vous permet de b\u00e9n\u00e9ficier d&rsquo;une gratuit\u00e9 en cas de retard ou de changement de vol (uniquement \u00e0 l&rsquo;arriv\u00e9e) permettant \u00e0 nos chauffeurs de vous accueillir chaleureusement avec une pancarte personnalis\u00e9e. Le tarif est par v\u00e9hicule et comprend toutes les taxes et frais d&rsquo;a\u00e9roport. L&rsquo;unit\u00e9 est climatis\u00e9e et un si\u00e8ge auto pour b\u00e9b\u00e9 est inclus (sur demande).<\/p>\n<h2>Informations de base sur Boca Chica<\/h2>\n<p><a href=\"https:\/\/wikipedia.com\/boca-chica\/\">Boca Chica<\/a>, en R\u00e9publique dominicaine, est connue comme l&rsquo;une des plages de la ville de Saint-Domingue, situ\u00e9e \u00e0 18 km \u00e0 l&rsquo;est de l&rsquo;a\u00e9roport international des Am\u00e9riques, dans la baie de San Andres, en R\u00e9publique dominicaine. D\u00e9couvrez cet incroyable endroit de sable blanc et fin o\u00f9 chaque week-end une multitude de personnes \u00e0 la recherche d&rsquo;une journ\u00e9e splendide se retrouvent dans les eaux tropicales rafra\u00eechissantes des Cara\u00efbes. Boca Chica est tr\u00e8s populaire aupr\u00e8s des familles locales car l&rsquo;eau est peu profonde et le fond est sablonneux.<\/p>\n<p>Il est \u00e9galement connu pour ses vendeurs ambulants qui proposent des produits tels que des fruits de mer et des colliers, et il y a une vari\u00e9t\u00e9 de restaurants dans la r\u00e9gion o\u00f9 vous pouvez go\u00fbter \u00e0 la cuisine nationale \u00e0 base de fruits de mer et \u00e0 certaines des meilleures des Cara\u00efbes. C&rsquo;est un endroit id\u00e9al pour explorer les eaux et d\u00e9couvrir la beaut\u00e9 de la c\u00f4te tropicale de Saint-Domingue depuis la mer. \u00c0 400 m\u00e8tres du rivage, un r\u00e9cif corallien circulaire longe la plage, de sorte que les eaux qui atteignent le rivage sont tr\u00e8s calmes.  <\/p>\n<p>Pour conna\u00eetre le co\u00fbt ou les tarifs de transport de Santo Domingo vers d&rsquo;autres destinations en R\u00e9publique Dominicaine, vous pouvez faire un devis en ligne ici : <a href=\"https:\/\/dominicanbus.com\/fr\/devis\/\">Tarifs de transfert Boca Chica<\/a><\/p>\n<div class=\"wp-block-group alignwide\">\n<div class=\"wp-block-group__inner-container\">\n<div class=\"wp-block-group__inner-container\">\n<h2 class=\"has-dark-gray-color has-text-color\">Lieux \u00e0 visiter \u00e0 partir de Boca Chica :<\/h2>\n<ul>\n<li>Parc des Trois Yeux<\/li>\n<li>Alcazar de Colon<\/li>\n<li>Phare de Colon<\/li>\n<li>Grottes de La Maravillas<\/li>\n<li>\u00cele de Saona<\/li>\n<li>Promenade \u00e0 Saint-Domingue<\/li>\n<li>La cath\u00e9drale primaire de l&rsquo;Am\u00e9rique<\/li>\n<li>Aquarium national<\/li>\n<li>Jardin botanique<\/li>\n<li>Altos de Chavon<\/li>\n<\/ul>\n<p>Si vous souhaitez visiter ces endroits et d&rsquo;autres depuis Boca Chica, je vous recommande ce <a href=\"https:\/\/dominicanbus.com\/fr\/excursions\/\">lien.<\/a><\/p>\n<h2>  Transfert des h\u00f4tels \u00e0 Boca Chica de 01 \u00e0 06 Pax :<\/h2>\n<ul>\n<li>\n<h4><a href=\"https:\/\/dominicanbus.com\/fr\/punta-cana\/\">A\u00e9roport de Punta Cana <\/a>\u2192 A Be Live Hammock Beach $125 &#8211; <a href=\"https:\/\/dominicanbus.com\/fr\/devis\/\">R\u00e9servez maintenant<\/a><\/h4>\n<\/li>\n<li>\n<h4><a href=\"https:\/\/dominicanbus.com\/fr\/punta-cana\/\">A\u00e9roport de Punta Cana<\/a> \u2192 A Be Live Hamaca Suites $125 &#8211; <a href=\"https:\/\/dominicanbus.com\/fr\/devis\/\">R\u00e9servez<\/a><\/h4>\n<\/li>\n<li>\n<h4><a href=\"https:\/\/dominicanbus.com\/fr\/punta-cana\/\">A\u00e9roport de Punta Cana<\/a> \u2192 A Be Live Hammock Garden 125 $ &#8211; <a href=\"https:\/\/dominicanbus.com\/fr\/devis\/\">R\u00e9servez<\/a><\/h4>\n<\/li>\n<li>\n<h4><a href=\"https:\/\/dominicanbus.com\/fr\/punta-cana\/\">A\u00e9roport de Punta Cana<\/a> \u2192 A Whala Boca Chica $125 &#8211; <a href=\"https:\/\/dominicanbus.com\/fr\/devis\/\">R\u00e9servez<\/a><\/h4>\n<\/li>\n<li>\n<h4><a href=\"https:\/\/dominicanbus.com\/fr\/punta-cana\/\">Punta Cana Airport<\/a> \u2192 A Bellevue Dominican Bay $125 &#8211; <a href=\"https:\/\/dominicanbus.com\/fr\/devis\/\">R\u00e9servez maintenant<\/a><\/h4>\n<\/li>\n<li>\n<h4><a href=\"https:\/\/dominicanbus.com\/fr\/punta-cana\/\">Punta Cana Airport<\/a> \u2192 A Hampton By Hilton Santo Domingo $125 &#8211; <a href=\"https:\/\/dominicanbus.com\/fr\/devis\/\">R\u00e9servez maintenant<\/a><\/h4>\n<\/li>\n<li>\n<h4><a href=\"https:\/\/dominicanbus.com\/fr\/punta-cana\/\">A\u00e9roport de Punta Cana<\/a> \u2192 A Hotel Neptuno&rsquo;s Refugio $125 &#8211; <a href=\"https:\/\/dominicanbus.com\/fr\/devis\/\">R\u00e9servez<\/a><\/h4>\n<\/li>\n<li>\n<h4><a href=\"https:\/\/dominicanbus.com\/fr\/punta-cana\/\">Punta Cana Airport<\/a> \u2192 To Villa Capri Boca Chica $125 &#8211; <a href=\"https:\/\/dominicanbus.com\/fr\/devis\/\">R\u00e9servez maintenant<\/a><\/h4>\n<\/li>\n<li>\n<h4><a href=\"https:\/\/dominicanbus.com\/fr\/punta-cana\/\">Punta Cana Airport<\/a> \u2192 To Calypso Beach Boca Chica $125 &#8211; <a href=\"https:\/\/dominicanbus.com\/fr\/devis\/\">R\u00e9servez<\/a><\/h4>\n<\/li>\n<li>\n<h4><a href=\"https:\/\/dominicanbus.com\/fr\/punta-cana\/\">Punta Cana Airport<\/a> \u2192 A Boca Beach Residence $125 &#8211; <a href=\"https:\/\/dominicanbus.com\/fr\/devis\/\">R\u00e9servez maintenant<\/a><\/h4>\n<\/li>\n<li>\n<h4><a href=\"https:\/\/dominicanbus.com\/fr\/punta-cana\/\">A\u00e9roport de Punta Cana<\/a> \u2192 A Hamilton Beach Resort 125 $ &#8211; <a href=\"https:\/\/dominicanbus.com\/fr\/devis\/\">R\u00e9servez<\/a><\/h4>\n<\/li>\n<li>\n<h4><a href=\"https:\/\/dominicanbus.com\/fr\/punta-cana\/\">Punta Cana Airport<\/a> \u2192 To Boca del Mar Residence $125 &#8211; <a href=\"https:\/\/dominicanbus.com\/fr\/devis\/\">R\u00e9servez maintenant<\/a><\/h4>\n<\/li>\n<li>\n<h4><a href=\"https:\/\/dominicanbus.com\/fr\/punta-cana\/\">Punta Cana Airport<\/a> \u2192 A Quality Real Airport $125 &#8211; <a href=\"https:\/\/dominicanbus.com\/fr\/devis\/\">R\u00e9servez<\/a><\/h4>\n<\/li>\n<li>\n<h4><a href=\"https:\/\/dominicanbus.com\/fr\/punta-cana\/\">A\u00e9roport de Punta Cana<\/a> \u2192 A Frio Hot Boca Chica $125 &#8211; <a href=\"https:\/\/dominicanbus.com\/fr\/devis\/\">R\u00e9servez<\/a><\/h4>\n<\/li>\n<li>\n<h4><a href=\"https:\/\/dominicanbus.com\/fr\/punta-cana\/\">Punta Cana Airport<\/a> \u2192 To Boca Chica Beach Hotel $125 &#8211; <a href=\"https:\/\/dominicanbus.com\/fr\/devis\/\">Reservez<\/a><\/h4>\n<\/li>\n<li>\n<h4><a href=\"https:\/\/dominicanbus.com\/fr\/punta-cana\/\">A\u00e9roport de Punta Cana<\/a> \u2192 A Dream Village Boca Chica 125 $ &#8211; <a href=\"https:\/\/dominicanbus.com\/fr\/devis\/\">R\u00e9servez<\/a><\/h4>\n<\/li>\n<li>\n<h4><a href=\"https:\/\/dominicanbus.com\/fr\/punta-cana\/\">Punta Cana Airport<\/a> \u2192 A RIG Hotel Boca Chica Beach $125 &#8211; <a href=\"https:\/\/dominicanbus.com\/fr\/devis\/\">R\u00e9servez maintenant<\/a><\/h4>\n<\/li>\n<li>\n<h4><a href=\"https:\/\/dominicanbus.com\/fr\/punta-cana\/\">Punta Cana Airport<\/a> \u2192 To Club Tropical de los Santos $125 &#8211; <a href=\"https:\/\/dominicanbus.com\/fr\/devis\/\">R\u00e9servez<\/a><\/h4>\n<\/li>\n<li>\n<h4><a href=\"https:\/\/dominicanbus.com\/fr\/les-ameriques\/\">A\u00e9roport de Punta Cana<\/a> \u2192 A The Boat House Boca Chica 125 $ &#8211; <a href=\"https:\/\/dominicanbus.com\/fr\/devis\/\">R\u00e9servez<\/a><\/h4>\n<\/li>\n<\/ul>\n<\/div>\n<\/div>\n<\/div>\n","protected":false},"excerpt":{"rendered":"<p><span class=\"s1\">[cabGridPro id=\"\" icons=\"\" layout=\"\" luggage=\"\" origin=\"\" dest=\"\" vehicles=\"\" class=\"\" groups=\"\" single=\"\" onewayrtn=\"one-way\" pass=\"2\" lugg=\"0\" tick=\"1\" time=\"1\" dropdown=\"n\"]<\/span><\/p>\n<p><span class=\"s1\">*Valable uniquement pour les r\u00e9servations en ligne. <\/span>R\u00e9servez votre chauffeur <em>priv\u00e9<\/em> de l&rsquo;a\u00e9roport de Punta Cana \u00e0 Boca Chica \u2713 de 1 \u00e0 6 personnes \u00e0 seulement 125 $ \u2713 Paiement en ligne \u2713 Prix fixes \u2713 Avec Dominican Bus, vous pouvez r\u00e9server votre voyage en moins de 60 secondes et avec une confirmation instantan\u00e9e. Notre chauffeur vous attendra avec un panneau de bienvenue \u00e0 votre arriv\u00e9e \u00e0 l&rsquo;a\u00e9roport de Punta Cana et vous conduira directement \u00e0 votre h\u00f4tel, villa ou appartement \u00e0 Boca Chica R\u00e9publique dominicaine. <\/p>\n","protected":false},"featured_media":38605,"comment_status":"closed","ping_status":"closed","template":"","meta":{"site-sidebar-layout":"default","site-content-layout":"default","ast-site-content-layout":"default","site-content-style":"default","site-sidebar-style":"default","ast-global-header-display":"","ast-banner-title-visibility":"","ast-main-header-display":"","ast-hfb-above-header-display":"","ast-hfb-below-header-display":"","ast-hfb-mobile-header-display":"","site-post-title":"","ast-breadcrumbs-content":"","ast-featured-img":"","footer-sml-layout":"","ast-disable-related-posts":"","theme-transparent-header-meta":"default","adv-header-id-meta":"","stick-header-meta":"default","header-above-stick-meta":"","header-main-stick-meta":"","header-below-stick-meta":"","astra-migrate-meta-layouts":"default","ast-page-background-enabled":"default","ast-page-background-meta":{"desktop":{"background-color":"","background-image":"","background-repeat":"repeat","background-position":"center center","background-size":"auto","background-attachment":"scroll","background-type":"","background-media":"","overlay-type":"","overlay-color":"","overlay-opacity":"","overlay-gradient":""},"tablet":{"background-color":"","background-image":"","background-repeat":"repeat","background-position":"center center","background-size":"auto","background-attachment":"scroll","background-type":"","background-media":"","overlay-type":"","overlay-color":"","overlay-opacity":"","overlay-gradient":""},"mobile":{"background-color":"","background-image":"","background-repeat":"repeat","background-position":"center center","background-size":"auto","background-attachment":"scroll","background-type":"","background-media":"","overlay-type":"","overlay-color":"","overlay-opacity":"","overlay-gradient":""}},"ast-content-background-meta":{"desktop":{"background-color":"var(--ast-global-color-5)","background-image":"","background-repeat":"repeat","background-position":"center center","background-size":"auto","background-attachment":"scroll","background-type":"","background-media":"","overlay-type":"","overlay-color":"","overlay-opacity":"","overlay-gradient":""},"tablet":{"background-color":"var(--ast-global-color-5)","background-image":"","background-repeat":"repeat","background-position":"center center","background-size":"auto","background-attachment":"scroll","background-type":"","background-media":"","overlay-type":"","overlay-color":"","overlay-opacity":"","overlay-gradient":""},"mobile":{"background-color":"var(--ast-global-color-5)","background-image":"","background-repeat":"repeat","background-position":"center center","background-size":"auto","background-attachment":"scroll","background-type":"","background-media":"","overlay-type":"","overlay-color":"","overlay-opacity":"","overlay-gradient":""}}},"product_brand":[],"product_cat":[1177,1178],"product_tag":[1137,1142],"class_list":{"0":"post-38599","1":"product","2":"type-product","3":"status-publish","4":"has-post-thumbnail","6":"product_cat-service-de-transfert-fr","7":"product_cat-transport-vers-laeroport-fr","8":"product_tag-aeroports","9":"product_tag-punta-cana-fr","10":"desktop-align-center","11":"tablet-align-center","12":"mobile-align-center","13":"ast-product-gallery-layout-horizontal","14":"ast-product-gallery-with-no-image","15":"ast-product-single-variable","16":"ast-product-tabs-layout-horizontal","18":"first","19":"onbackorder","20":"sold-individually","21":"shipping-taxable","22":"purchasable","23":"product-type-variable","24":"has-default-attributes"},"yoast_head":"<!-- This site is optimized with the Yoast SEO Premium plugin v26.6 (Yoast SEO v27.3) - https:\/\/yoast.com\/product\/yoast-seo-premium-wordpress\/ -->\n<title>Transfert de l&#039;a\u00e9roport de Punta Cana \u00e0 Boca Chica - Transfert priv\u00e9 $125<\/title>\n<meta name=\"description\" content=\"Dominicanbus propose un transfert de l&#039;a\u00e9roport de Punta Cana \u00e0 l&#039;h\u00f4tel Boca Chica ou \u00e0 l&#039;airbnb en transport priv\u00e9 \u00e0 125 $ avec climatisation.\" \/>\n<meta name=\"robots\" content=\"index, follow, max-snippet:-1, max-image-preview:large, max-video-preview:-1\" \/>\n<link rel=\"canonical\" href=\"https:\/\/dominicanbus.com\/fr\/transfers\/transfert-de-laeroport-de-punta-cana-a-boca-chica\/\" \/>\n<meta property=\"og:locale\" content=\"fr_FR\" \/>\n<meta property=\"og:type\" content=\"article\" \/>\n<meta property=\"og:title\" content=\"Transfert de l&#039;a\u00e9roport de Punta Cana \u00e0 Boca Chica\" \/>\n<meta property=\"og:description\" content=\"Dominicanbus propose un transfert de l&#039;a\u00e9roport de Punta Cana \u00e0 l&#039;h\u00f4tel Boca Chica ou \u00e0 l&#039;airbnb en transport priv\u00e9 \u00e0 125 $ avec climatisation.\" \/>\n<meta property=\"og:url\" content=\"https:\/\/dominicanbus.com\/fr\/transfers\/transfert-de-laeroport-de-punta-cana-a-boca-chica\/\" \/>\n<meta property=\"og:site_name\" content=\"dominican bus\" \/>\n<meta property=\"article:publisher\" content=\"https:\/\/facebook.com\/dominicanbus\" \/>\n<meta property=\"article:modified_time\" content=\"2025-12-31T20:26:29+00:00\" \/>\n<meta property=\"og:image\" content=\"https:\/\/dominicanbus.com\/wp-content\/uploads\/2020\/09\/fondo-35.jpg\" \/>\n\t<meta property=\"og:image:width\" content=\"550\" \/>\n\t<meta property=\"og:image:height\" content=\"364\" \/>\n\t<meta property=\"og:image:type\" content=\"image\/jpeg\" \/>\n<meta name=\"twitter:card\" content=\"summary_large_image\" \/>\n<meta name=\"twitter:site\" content=\"@dominican_tours\" \/>\n<meta name=\"twitter:label1\" content=\"Dur\u00e9e de lecture estim\u00e9e\" \/>\n\t<meta name=\"twitter:data1\" content=\"4 minutes\" \/>\n<script type=\"application\/ld+json\" class=\"yoast-schema-graph\">{\"@context\":\"https:\\\/\\\/schema.org\",\"@graph\":[{\"@type\":\"WebPage\",\"@id\":\"https:\\\/\\\/dominicanbus.com\\\/fr\\\/transfers\\\/transfert-de-laeroport-de-punta-cana-a-boca-chica\\\/\",\"url\":\"https:\\\/\\\/dominicanbus.com\\\/fr\\\/transfers\\\/transfert-de-laeroport-de-punta-cana-a-boca-chica\\\/\",\"name\":\"Transfert de l'a\u00e9roport de Punta Cana \u00e0 Boca Chica - Transfert priv\u00e9 $125\",\"isPartOf\":{\"@id\":\"https:\\\/\\\/dominicanbus.com\\\/fr\\\/#website\"},\"primaryImageOfPage\":{\"@id\":\"https:\\\/\\\/dominicanbus.com\\\/fr\\\/transfers\\\/transfert-de-laeroport-de-punta-cana-a-boca-chica\\\/#primaryimage\"},\"image\":{\"@id\":\"https:\\\/\\\/dominicanbus.com\\\/fr\\\/transfers\\\/transfert-de-laeroport-de-punta-cana-a-boca-chica\\\/#primaryimage\"},\"thumbnailUrl\":\"https:\\\/\\\/dominicanbus.com\\\/wp-content\\\/uploads\\\/2020\\\/09\\\/fondo-35.jpg\",\"datePublished\":\"2020-10-05T23:01:47+00:00\",\"dateModified\":\"2025-12-31T20:26:29+00:00\",\"description\":\"Dominicanbus propose un transfert de l'a\u00e9roport de Punta Cana \u00e0 l'h\u00f4tel Boca Chica ou \u00e0 l'airbnb en transport priv\u00e9 \u00e0 125 $ avec climatisation.\",\"breadcrumb\":{\"@id\":\"https:\\\/\\\/dominicanbus.com\\\/fr\\\/transfers\\\/transfert-de-laeroport-de-punta-cana-a-boca-chica\\\/#breadcrumb\"},\"inLanguage\":\"fr-FR\",\"potentialAction\":[{\"@type\":\"ReadAction\",\"target\":[\"https:\\\/\\\/dominicanbus.com\\\/fr\\\/transfers\\\/transfert-de-laeroport-de-punta-cana-a-boca-chica\\\/\"]}]},{\"@type\":\"ImageObject\",\"inLanguage\":\"fr-FR\",\"@id\":\"https:\\\/\\\/dominicanbus.com\\\/fr\\\/transfers\\\/transfert-de-laeroport-de-punta-cana-a-boca-chica\\\/#primaryimage\",\"url\":\"https:\\\/\\\/dominicanbus.com\\\/wp-content\\\/uploads\\\/2020\\\/09\\\/fondo-35.jpg\",\"contentUrl\":\"https:\\\/\\\/dominicanbus.com\\\/wp-content\\\/uploads\\\/2020\\\/09\\\/fondo-35.jpg\",\"width\":550,\"height\":364,\"caption\":\"transfert de boca chica\"},{\"@type\":\"BreadcrumbList\",\"@id\":\"https:\\\/\\\/dominicanbus.com\\\/fr\\\/transfers\\\/transfert-de-laeroport-de-punta-cana-a-boca-chica\\\/#breadcrumb\",\"itemListElement\":[{\"@type\":\"ListItem\",\"position\":1,\"name\":\"Portada\",\"item\":\"https:\\\/\\\/dominicanbus.com\\\/fr\\\/accueil\\\/\"},{\"@type\":\"ListItem\",\"position\":2,\"name\":\"Boutique\",\"item\":\"https:\\\/\\\/dominicanbus.com\\\/boutique\\\/\"},{\"@type\":\"ListItem\",\"position\":3,\"name\":\"Transfert de l&#8217;a\u00e9roport de Punta Cana \u00e0 Boca Chica\"}]},{\"@type\":\"WebSite\",\"@id\":\"https:\\\/\\\/dominicanbus.com\\\/fr\\\/#website\",\"url\":\"https:\\\/\\\/dominicanbus.com\\\/fr\\\/\",\"name\":\"DominicanBus\",\"description\":\"Servicios de transporte privado en Republica Dominicana\",\"publisher\":{\"@id\":\"https:\\\/\\\/dominicanbus.com\\\/fr\\\/#organization\"},\"potentialAction\":[{\"@type\":\"SearchAction\",\"target\":{\"@type\":\"EntryPoint\",\"urlTemplate\":\"https:\\\/\\\/dominicanbus.com\\\/fr\\\/?s={search_term_string}\"},\"query-input\":{\"@type\":\"PropertyValueSpecification\",\"valueRequired\":true,\"valueName\":\"search_term_string\"}}],\"inLanguage\":\"fr-FR\"},{\"@type\":\"Organization\",\"@id\":\"https:\\\/\\\/dominicanbus.com\\\/fr\\\/#organization\",\"name\":\"dominican bus\",\"url\":\"https:\\\/\\\/dominicanbus.com\\\/fr\\\/\",\"logo\":{\"@type\":\"ImageObject\",\"inLanguage\":\"fr-FR\",\"@id\":\"https:\\\/\\\/dominicanbus.com\\\/fr\\\/#\\\/schema\\\/logo\\\/image\\\/\",\"url\":\"https:\\\/\\\/dominicanbus.com\\\/wp-content\\\/uploads\\\/2025\\\/11\\\/Sin-titulo-10.png\",\"contentUrl\":\"https:\\\/\\\/dominicanbus.com\\\/wp-content\\\/uploads\\\/2025\\\/11\\\/Sin-titulo-10.png\",\"width\":252,\"height\":250,\"caption\":\"dominican bus\"},\"image\":{\"@id\":\"https:\\\/\\\/dominicanbus.com\\\/fr\\\/#\\\/schema\\\/logo\\\/image\\\/\"},\"sameAs\":[\"https:\\\/\\\/facebook.com\\\/dominicanbus\",\"https:\\\/\\\/x.com\\\/dominican_tours\",\"https:\\\/\\\/instagram.com\\\/stdominicanbus\",\"https:\\\/\\\/linkein.com\\\/in\\\/eric-rincon-95029811b\",\"https:\\\/\\\/www.pinterest.ca\\\/dominicantours\\\/\",\"https:\\\/\\\/www.youtube.com\\\/user\\\/makeytours\"],\"description\":\"Compania de servicio de traslado y transporte turistico en Republica Dominicana\",\"email\":\"info@dominicanbus.com\",\"telephone\":\"18299463500\",\"legalName\":\"Dominicanbus\",\"foundingDate\":\"2000-05-06\",\"vatID\":\"132344654\",\"taxID\":\"132344654\",\"iso6523Code\":\"132344654\",\"numberOfEmployees\":{\"@type\":\"QuantitativeValue\",\"minValue\":\"11\",\"maxValue\":\"50\"}}]}<\/script>\n<!-- \/ Yoast SEO Premium plugin. -->","yoast_head_json":{"title":"Transfert de l'a\u00e9roport de Punta Cana \u00e0 Boca Chica - Transfert priv\u00e9 $125","description":"Dominicanbus propose un transfert de l'a\u00e9roport de Punta Cana \u00e0 l'h\u00f4tel Boca Chica ou \u00e0 l'airbnb en transport priv\u00e9 \u00e0 125 $ avec climatisation.","robots":{"index":"index","follow":"follow","max-snippet":"max-snippet:-1","max-image-preview":"max-image-preview:large","max-video-preview":"max-video-preview:-1"},"canonical":"https:\/\/dominicanbus.com\/fr\/transfers\/transfert-de-laeroport-de-punta-cana-a-boca-chica\/","og_locale":"fr_FR","og_type":"article","og_title":"Transfert de l'a\u00e9roport de Punta Cana \u00e0 Boca Chica","og_description":"Dominicanbus propose un transfert de l'a\u00e9roport de Punta Cana \u00e0 l'h\u00f4tel Boca Chica ou \u00e0 l'airbnb en transport priv\u00e9 \u00e0 125 $ avec climatisation.","og_url":"https:\/\/dominicanbus.com\/fr\/transfers\/transfert-de-laeroport-de-punta-cana-a-boca-chica\/","og_site_name":"dominican bus","article_publisher":"https:\/\/facebook.com\/dominicanbus","article_modified_time":"2025-12-31T20:26:29+00:00","og_image":[{"width":550,"height":364,"url":"https:\/\/dominicanbus.com\/wp-content\/uploads\/2020\/09\/fondo-35.jpg","type":"image\/jpeg"}],"twitter_card":"summary_large_image","twitter_site":"@dominican_tours","twitter_misc":{"Dur\u00e9e de lecture estim\u00e9e":"4 minutes"},"schema":{"@context":"https:\/\/schema.org","@graph":[{"@type":"WebPage","@id":"https:\/\/dominicanbus.com\/fr\/transfers\/transfert-de-laeroport-de-punta-cana-a-boca-chica\/","url":"https:\/\/dominicanbus.com\/fr\/transfers\/transfert-de-laeroport-de-punta-cana-a-boca-chica\/","name":"Transfert de l'a\u00e9roport de Punta Cana \u00e0 Boca Chica - Transfert priv\u00e9 $125","isPartOf":{"@id":"https:\/\/dominicanbus.com\/fr\/#website"},"primaryImageOfPage":{"@id":"https:\/\/dominicanbus.com\/fr\/transfers\/transfert-de-laeroport-de-punta-cana-a-boca-chica\/#primaryimage"},"image":{"@id":"https:\/\/dominicanbus.com\/fr\/transfers\/transfert-de-laeroport-de-punta-cana-a-boca-chica\/#primaryimage"},"thumbnailUrl":"https:\/\/dominicanbus.com\/wp-content\/uploads\/2020\/09\/fondo-35.jpg","datePublished":"2020-10-05T23:01:47+00:00","dateModified":"2025-12-31T20:26:29+00:00","description":"Dominicanbus propose un transfert de l'a\u00e9roport de Punta Cana \u00e0 l'h\u00f4tel Boca Chica ou \u00e0 l'airbnb en transport priv\u00e9 \u00e0 125 $ avec climatisation.","breadcrumb":{"@id":"https:\/\/dominicanbus.com\/fr\/transfers\/transfert-de-laeroport-de-punta-cana-a-boca-chica\/#breadcrumb"},"inLanguage":"fr-FR","potentialAction":[{"@type":"ReadAction","target":["https:\/\/dominicanbus.com\/fr\/transfers\/transfert-de-laeroport-de-punta-cana-a-boca-chica\/"]}]},{"@type":"ImageObject","inLanguage":"fr-FR","@id":"https:\/\/dominicanbus.com\/fr\/transfers\/transfert-de-laeroport-de-punta-cana-a-boca-chica\/#primaryimage","url":"https:\/\/dominicanbus.com\/wp-content\/uploads\/2020\/09\/fondo-35.jpg","contentUrl":"https:\/\/dominicanbus.com\/wp-content\/uploads\/2020\/09\/fondo-35.jpg","width":550,"height":364,"caption":"transfert de boca chica"},{"@type":"BreadcrumbList","@id":"https:\/\/dominicanbus.com\/fr\/transfers\/transfert-de-laeroport-de-punta-cana-a-boca-chica\/#breadcrumb","itemListElement":[{"@type":"ListItem","position":1,"name":"Portada","item":"https:\/\/dominicanbus.com\/fr\/accueil\/"},{"@type":"ListItem","position":2,"name":"Boutique","item":"https:\/\/dominicanbus.com\/boutique\/"},{"@type":"ListItem","position":3,"name":"Transfert de l&#8217;a\u00e9roport de Punta Cana \u00e0 Boca Chica"}]},{"@type":"WebSite","@id":"https:\/\/dominicanbus.com\/fr\/#website","url":"https:\/\/dominicanbus.com\/fr\/","name":"DominicanBus","description":"Servicios de transporte privado en Republica Dominicana","publisher":{"@id":"https:\/\/dominicanbus.com\/fr\/#organization"},"potentialAction":[{"@type":"SearchAction","target":{"@type":"EntryPoint","urlTemplate":"https:\/\/dominicanbus.com\/fr\/?s={search_term_string}"},"query-input":{"@type":"PropertyValueSpecification","valueRequired":true,"valueName":"search_term_string"}}],"inLanguage":"fr-FR"},{"@type":"Organization","@id":"https:\/\/dominicanbus.com\/fr\/#organization","name":"dominican bus","url":"https:\/\/dominicanbus.com\/fr\/","logo":{"@type":"ImageObject","inLanguage":"fr-FR","@id":"https:\/\/dominicanbus.com\/fr\/#\/schema\/logo\/image\/","url":"https:\/\/dominicanbus.com\/wp-content\/uploads\/2025\/11\/Sin-titulo-10.png","contentUrl":"https:\/\/dominicanbus.com\/wp-content\/uploads\/2025\/11\/Sin-titulo-10.png","width":252,"height":250,"caption":"dominican bus"},"image":{"@id":"https:\/\/dominicanbus.com\/fr\/#\/schema\/logo\/image\/"},"sameAs":["https:\/\/facebook.com\/dominicanbus","https:\/\/x.com\/dominican_tours","https:\/\/instagram.com\/stdominicanbus","https:\/\/linkein.com\/in\/eric-rincon-95029811b","https:\/\/www.pinterest.ca\/dominicantours\/","https:\/\/www.youtube.com\/user\/makeytours"],"description":"Compania de servicio de traslado y transporte turistico en Republica Dominicana","email":"info@dominicanbus.com","telephone":"18299463500","legalName":"Dominicanbus","foundingDate":"2000-05-06","vatID":"132344654","taxID":"132344654","iso6523Code":"132344654","numberOfEmployees":{"@type":"QuantitativeValue","minValue":"11","maxValue":"50"}}]}},"_links":{"self":[{"href":"https:\/\/dominicanbus.com\/fr\/wp-json\/wp\/v2\/product\/38599","targetHints":{"allow":["GET"]}}],"collection":[{"href":"https:\/\/dominicanbus.com\/fr\/wp-json\/wp\/v2\/product"}],"about":[{"href":"https:\/\/dominicanbus.com\/fr\/wp-json\/wp\/v2\/types\/product"}],"replies":[{"embeddable":true,"href":"https:\/\/dominicanbus.com\/fr\/wp-json\/wp\/v2\/comments?post=38599"}],"version-history":[{"count":1,"href":"https:\/\/dominicanbus.com\/fr\/wp-json\/wp\/v2\/product\/38599\/revisions"}],"predecessor-version":[{"id":42421,"href":"https:\/\/dominicanbus.com\/fr\/wp-json\/wp\/v2\/product\/38599\/revisions\/42421"}],"wp:featuredmedia":[{"embeddable":true,"href":"https:\/\/dominicanbus.com\/fr\/wp-json\/wp\/v2\/media\/38605"}],"wp:attachment":[{"href":"https:\/\/dominicanbus.com\/fr\/wp-json\/wp\/v2\/media?parent=38599"}],"wp:term":[{"taxonomy":"product_brand","embeddable":true,"href":"https:\/\/dominicanbus.com\/fr\/wp-json\/wp\/v2\/product_brand?post=38599"},{"taxonomy":"product_cat","embeddable":true,"href":"https:\/\/dominicanbus.com\/fr\/wp-json\/wp\/v2\/product_cat?post=38599"},{"taxonomy":"product_tag","embeddable":true,"href":"https:\/\/dominicanbus.com\/fr\/wp-json\/wp\/v2\/product_tag?post=38599"}],"curies":[{"name":"wp","href":"https:\/\/api.w.org\/{rel}","templated":true}]}}