{"id":38584,"date":"2022-07-07T02:06:22","date_gmt":"2022-07-07T02:06:22","guid":{"rendered":"https:\/\/dominicanbus.com\/transfers\/location-de-fourgonnettes-avec-chauffeur\/"},"modified":"2022-07-07T02:06:22","modified_gmt":"2022-07-07T02:06:22","slug":"location-de-fourgonnettes-avec-chauffeur","status":"publish","type":"product","link":"https:\/\/dominicanbus.com\/fr\/transfers\/location-de-fourgonnettes-avec-chauffeur\/","title":{"rendered":"Location de fourgonnettes avec chauffeur"},"content":{"rendered":"<h3>D\u00e9couvrez notre service sp\u00e9cialis\u00e9 de location de fourgonnettes de luxe avec chauffeurs professionnels \u00e0 Saint-Domingue ou Punta Cana.<\/h3>\n<p align=\"center\">R\u00e9servez ici le service de location de fourgonnettes de luxe avec chauffeur !<\/p>\n<p><strong>Prix par jour :<\/strong> 150 USD<br \/>\n<strong>Disponibilit\u00e9 :<\/strong> gratuite \u00e0 l&rsquo;heure, au jour, \u00e0 la semaine ou au mois<br \/>\n<strong>Retour :<\/strong> au choix du client<br \/>\n<strong>Location minimale :<\/strong> 3 jours<\/p>\n<p>Vous devez aller chercher un membre de votre famille \u00e0 l&rsquo;a\u00e9roport ? Vous voulez profiter de la f\u00eate et ne pas avoir \u00e0 revenir en voiture ? Ou vous voulez quitter la ville de <strong>Saint-Domingue ou Punta Cana<\/strong> et d\u00e9couvrir les environs de la R\u00e9publique dominicaine ? Nous avons ce que vous cherchez, nous mettons \u00e0 votre disposition nos services pour louer un chauffeur ou un transport priv\u00e9, avec le confort et la s\u00e9curit\u00e9 \u00e0 port\u00e9e de main. La ponctualit\u00e9 et la s\u00e9curit\u00e9 sont importantes dans tous les \u00e9v\u00e9nements sociaux. C&rsquo;est pourquoi nous mettons \u00e0 votre disposition notre <strong>service de location de van de luxe et de chauffeur priv\u00e9<\/strong>.     <\/p>\n<p>Oubliez le stress de conduire dans un endroit inconnu. Prenez place et laissez nos chauffeurs professionnels vous conduire \u00e0 votre destination. <\/p>\n<p>Choisissez le moyen le plus pratique et le plus confortable de vous d\u00e9placer en toute s\u00e9curit\u00e9 et avec style dans notre fourgon de luxe \u00e0 5 places. De plus, gr\u00e2ce \u00e0 notre couverture, vous serez prot\u00e9g\u00e9 \u00e0 100 % contre les accidents. Un chauffeur exp\u00e9riment\u00e9 vous conduira \u00e0 votre destination, vous b\u00e9n\u00e9ficierez \u00e9galement d&rsquo;une couverture du v\u00e9hicule et d&rsquo;une assurance m\u00e9dicale pour vous et vos compagnons. Un v\u00e9hicule pour le jour o\u00f9 vous en avez besoin, en outre, nous vous fournissons un service de chauffeur.  <\/p>\n<p><b>D\u00e9placez-vous confortablement vers n&rsquo;importe quel point de la R\u00e9publique dominicaine, sans limite de temps ni de kilom\u00e9trage, gr\u00e2ce \u00e0 notre formule \u00ab\u00a0tout compris\u00a0\u00bb de location de van de luxe avec chauffeur (v\u00e9hicule de votre choix + service de chauffeur + temps libre).<\/b><\/p>\n<div>Pour ce service, nous mettons <strong>\u00e0 votre disposition<\/strong> une large gamme de <strong>camionnettes de luxe<\/strong>, confortables, de derniers mod\u00e8les, avec toutes les assurances incluses.<\/div>\n<p>Voyages d&rsquo;affaires, voyages d&rsquo;agr\u00e9ment, sorties en famille, \u00e9v\u00e9nements&#8230; Quelle que soit l&rsquo;occasion, chez <strong>dominican bus<\/strong> with driver nous avons le v\u00e9hicule qu&rsquo;il vous faut, conduit par nos chauffeurs qui feront de votre voyage une exp\u00e9rience agr\u00e9able.<\/p>\n<p>Quel que soit l&rsquo;endroit o\u00f9 vous souhaitez vous rendre, <strong>Dominican Bus<\/strong> est \u00e0 votre disposition pour vous conduire et vous servir comme vous le m\u00e9ritez.<\/p>\n<p>Profitez pleinement de votre voyage et ne vous pr\u00e9occupez pas du reste !<\/p>\n","protected":false},"excerpt":{"rendered":"<p><strong>Capacit\u00e9 :<\/strong> 01-5 passagers<br \/>\n<strong>Disponibilit\u00e9 :<\/strong> Par jour x 12 heures par jour<br \/>\n<strong>Comprend :<\/strong> Chauffeur \u00e0 disposition sans frais de kilom\u00e9trage<br \/>\n<strong>Location minimum requise :<\/strong> 3 jours<br \/>\n<strong>Ne comprend pas :<\/strong> Essence et p\u00e9ages.<\/p>\n","protected":false},"featured_media":38590,"comment_status":"closed","ping_status":"closed","template":"","meta":{"site-sidebar-layout":"default","site-content-layout":"default","ast-site-content-layout":"default","site-content-style":"default","site-sidebar-style":"default","ast-global-header-display":"","ast-banner-title-visibility":"","ast-main-header-display":"","ast-hfb-above-header-display":"","ast-hfb-below-header-display":"","ast-hfb-mobile-header-display":"","site-post-title":"","ast-breadcrumbs-content":"","ast-featured-img":"","footer-sml-layout":"","ast-disable-related-posts":"","theme-transparent-header-meta":"default","adv-header-id-meta":"","stick-header-meta":"default","header-above-stick-meta":"","header-main-stick-meta":"","header-below-stick-meta":"","astra-migrate-meta-layouts":"default","ast-page-background-enabled":"default","ast-page-background-meta":{"desktop":{"background-color":"","background-image":"","background-repeat":"repeat","background-position":"center center","background-size":"auto","background-attachment":"scroll","background-type":"","background-media":"","overlay-type":"","overlay-color":"","overlay-opacity":"","overlay-gradient":""},"tablet":{"background-color":"","background-image":"","background-repeat":"repeat","background-position":"center center","background-size":"auto","background-attachment":"scroll","background-type":"","background-media":"","overlay-type":"","overlay-color":"","overlay-opacity":"","overlay-gradient":""},"mobile":{"background-color":"","background-image":"","background-repeat":"repeat","background-position":"center center","background-size":"auto","background-attachment":"scroll","background-type":"","background-media":"","overlay-type":"","overlay-color":"","overlay-opacity":"","overlay-gradient":""}},"ast-content-background-meta":{"desktop":{"background-color":"var(--ast-global-color-5)","background-image":"","background-repeat":"repeat","background-position":"center center","background-size":"auto","background-attachment":"scroll","background-type":"","background-media":"","overlay-type":"","overlay-color":"","overlay-opacity":"","overlay-gradient":""},"tablet":{"background-color":"var(--ast-global-color-5)","background-image":"","background-repeat":"repeat","background-position":"center center","background-size":"auto","background-attachment":"scroll","background-type":"","background-media":"","overlay-type":"","overlay-color":"","overlay-opacity":"","overlay-gradient":""},"mobile":{"background-color":"var(--ast-global-color-5)","background-image":"","background-repeat":"repeat","background-position":"center center","background-size":"auto","background-attachment":"scroll","background-type":"","background-media":"","overlay-type":"","overlay-color":"","overlay-opacity":"","overlay-gradient":""}}},"product_brand":[],"product_cat":[1193,1196,1194],"product_tag":[],"class_list":{"0":"post-38584","1":"product","2":"type-product","3":"status-publish","4":"has-post-thumbnail","6":"product_cat-location-de-fourgonnettes","7":"product_cat-reservation","8":"product_cat-service-par-jour","9":"desktop-align-center","10":"tablet-align-center","11":"mobile-align-center","12":"ast-product-gallery-layout-horizontal","13":"ast-product-gallery-with-no-image","14":"ast-product-single-variable","15":"ast-product-tabs-layout-horizontal","16":"wcpa_has_options","18":"first","19":"instock","20":"shipping-taxable","21":"purchasable","22":"product-type-variable"},"yoast_head":"<!-- This site is optimized with the Yoast SEO Premium plugin v26.6 (Yoast SEO v27.3) - https:\/\/yoast.com\/product\/yoast-seo-premium-wordpress\/ -->\n<title>Location d&#039;un van de luxe avec chauffeur en R\u00e9publique Dominicaine<\/title>\n<meta name=\"description\" content=\"Dominicanbus est l&#039;entreprise leader en mati\u00e8re de location de fourgonnettes de luxe avec chauffeur et de v\u00e9hicules VIP, priv\u00e9s et d&#039;affaires disponibles en R\u00e9publique dominicaine \u00e0 partir de Punta Cana et de Saint-Domingue.\" \/>\n<meta name=\"robots\" content=\"index, follow, max-snippet:-1, max-image-preview:large, max-video-preview:-1\" \/>\n<link rel=\"canonical\" href=\"https:\/\/dominicanbus.com\/fr\/transfers\/location-de-fourgonnettes-avec-chauffeur\/\" \/>\n<meta property=\"og:locale\" content=\"fr_FR\" \/>\n<meta property=\"og:type\" content=\"article\" \/>\n<meta property=\"og:title\" content=\"Location de fourgonnettes avec chauffeur\" \/>\n<meta property=\"og:description\" content=\"Dominicanbus est l&#039;entreprise leader en mati\u00e8re de location de fourgonnettes de luxe avec chauffeur et de v\u00e9hicules VIP, priv\u00e9s et d&#039;affaires disponibles en R\u00e9publique dominicaine \u00e0 partir de Punta Cana et de Saint-Domingue.\" \/>\n<meta property=\"og:url\" content=\"https:\/\/dominicanbus.com\/fr\/transfers\/location-de-fourgonnettes-avec-chauffeur\/\" \/>\n<meta property=\"og:site_name\" content=\"dominican bus\" \/>\n<meta property=\"article:publisher\" content=\"https:\/\/facebook.com\/dominicanbus\" \/>\n<meta property=\"og:image\" content=\"https:\/\/dominicanbus.com\/wp-content\/uploads\/2022\/04\/1-sienna.png\" \/>\n\t<meta property=\"og:image:width\" content=\"460\" \/>\n\t<meta property=\"og:image:height\" content=\"360\" \/>\n\t<meta property=\"og:image:type\" content=\"image\/png\" \/>\n<meta name=\"twitter:card\" content=\"summary_large_image\" \/>\n<meta name=\"twitter:site\" content=\"@dominican_tours\" \/>\n<meta name=\"twitter:label1\" content=\"Dur\u00e9e de lecture estim\u00e9e\" \/>\n\t<meta name=\"twitter:data1\" content=\"2 minutes\" \/>\n<script type=\"application\/ld+json\" class=\"yoast-schema-graph\">{\"@context\":\"https:\\\/\\\/schema.org\",\"@graph\":[{\"@type\":\"WebPage\",\"@id\":\"https:\\\/\\\/dominicanbus.com\\\/fr\\\/transfers\\\/location-de-fourgonnettes-avec-chauffeur\\\/\",\"url\":\"https:\\\/\\\/dominicanbus.com\\\/fr\\\/transfers\\\/location-de-fourgonnettes-avec-chauffeur\\\/\",\"name\":\"Location d'un van de luxe avec chauffeur en R\u00e9publique Dominicaine\",\"isPartOf\":{\"@id\":\"https:\\\/\\\/dominicanbus.com\\\/fr\\\/#website\"},\"primaryImageOfPage\":{\"@id\":\"https:\\\/\\\/dominicanbus.com\\\/fr\\\/transfers\\\/location-de-fourgonnettes-avec-chauffeur\\\/#primaryimage\"},\"image\":{\"@id\":\"https:\\\/\\\/dominicanbus.com\\\/fr\\\/transfers\\\/location-de-fourgonnettes-avec-chauffeur\\\/#primaryimage\"},\"thumbnailUrl\":\"https:\\\/\\\/dominicanbus.com\\\/wp-content\\\/uploads\\\/2022\\\/04\\\/1-sienna.png\",\"datePublished\":\"2022-07-07T02:06:22+00:00\",\"description\":\"Dominicanbus est l'entreprise leader en mati\u00e8re de location de fourgonnettes de luxe avec chauffeur et de v\u00e9hicules VIP, priv\u00e9s et d'affaires disponibles en R\u00e9publique dominicaine \u00e0 partir de Punta Cana et de Saint-Domingue.\",\"breadcrumb\":{\"@id\":\"https:\\\/\\\/dominicanbus.com\\\/fr\\\/transfers\\\/location-de-fourgonnettes-avec-chauffeur\\\/#breadcrumb\"},\"inLanguage\":\"fr-FR\",\"potentialAction\":[{\"@type\":\"ReadAction\",\"target\":[\"https:\\\/\\\/dominicanbus.com\\\/fr\\\/transfers\\\/location-de-fourgonnettes-avec-chauffeur\\\/\"]}]},{\"@type\":\"ImageObject\",\"inLanguage\":\"fr-FR\",\"@id\":\"https:\\\/\\\/dominicanbus.com\\\/fr\\\/transfers\\\/location-de-fourgonnettes-avec-chauffeur\\\/#primaryimage\",\"url\":\"https:\\\/\\\/dominicanbus.com\\\/wp-content\\\/uploads\\\/2022\\\/04\\\/1-sienna.png\",\"contentUrl\":\"https:\\\/\\\/dominicanbus.com\\\/wp-content\\\/uploads\\\/2022\\\/04\\\/1-sienna.png\",\"width\":460,\"height\":360},{\"@type\":\"BreadcrumbList\",\"@id\":\"https:\\\/\\\/dominicanbus.com\\\/fr\\\/transfers\\\/location-de-fourgonnettes-avec-chauffeur\\\/#breadcrumb\",\"itemListElement\":[{\"@type\":\"ListItem\",\"position\":1,\"name\":\"Portada\",\"item\":\"https:\\\/\\\/dominicanbus.com\\\/fr\\\/accueil\\\/\"},{\"@type\":\"ListItem\",\"position\":2,\"name\":\"Boutique\",\"item\":\"https:\\\/\\\/dominicanbus.com\\\/boutique\\\/\"},{\"@type\":\"ListItem\",\"position\":3,\"name\":\"Location de fourgonnettes avec chauffeur\"}]},{\"@type\":\"WebSite\",\"@id\":\"https:\\\/\\\/dominicanbus.com\\\/fr\\\/#website\",\"url\":\"https:\\\/\\\/dominicanbus.com\\\/fr\\\/\",\"name\":\"DominicanBus\",\"description\":\"Servicios de transporte privado en Republica Dominicana\",\"publisher\":{\"@id\":\"https:\\\/\\\/dominicanbus.com\\\/fr\\\/#organization\"},\"potentialAction\":[{\"@type\":\"SearchAction\",\"target\":{\"@type\":\"EntryPoint\",\"urlTemplate\":\"https:\\\/\\\/dominicanbus.com\\\/fr\\\/?s={search_term_string}\"},\"query-input\":{\"@type\":\"PropertyValueSpecification\",\"valueRequired\":true,\"valueName\":\"search_term_string\"}}],\"inLanguage\":\"fr-FR\"},{\"@type\":\"Organization\",\"@id\":\"https:\\\/\\\/dominicanbus.com\\\/fr\\\/#organization\",\"name\":\"dominican bus\",\"url\":\"https:\\\/\\\/dominicanbus.com\\\/fr\\\/\",\"logo\":{\"@type\":\"ImageObject\",\"inLanguage\":\"fr-FR\",\"@id\":\"https:\\\/\\\/dominicanbus.com\\\/fr\\\/#\\\/schema\\\/logo\\\/image\\\/\",\"url\":\"https:\\\/\\\/dominicanbus.com\\\/wp-content\\\/uploads\\\/2025\\\/11\\\/Sin-titulo-10.png\",\"contentUrl\":\"https:\\\/\\\/dominicanbus.com\\\/wp-content\\\/uploads\\\/2025\\\/11\\\/Sin-titulo-10.png\",\"width\":252,\"height\":250,\"caption\":\"dominican bus\"},\"image\":{\"@id\":\"https:\\\/\\\/dominicanbus.com\\\/fr\\\/#\\\/schema\\\/logo\\\/image\\\/\"},\"sameAs\":[\"https:\\\/\\\/facebook.com\\\/dominicanbus\",\"https:\\\/\\\/x.com\\\/dominican_tours\",\"https:\\\/\\\/instagram.com\\\/stdominicanbus\",\"https:\\\/\\\/linkein.com\\\/in\\\/eric-rincon-95029811b\",\"https:\\\/\\\/www.pinterest.ca\\\/dominicantours\\\/\",\"https:\\\/\\\/www.youtube.com\\\/user\\\/makeytours\"],\"description\":\"Compania de servicio de traslado y transporte turistico en Republica Dominicana\",\"email\":\"info@dominicanbus.com\",\"telephone\":\"18299463500\",\"legalName\":\"Dominicanbus\",\"foundingDate\":\"2000-05-06\",\"vatID\":\"132344654\",\"taxID\":\"132344654\",\"iso6523Code\":\"132344654\",\"numberOfEmployees\":{\"@type\":\"QuantitativeValue\",\"minValue\":\"11\",\"maxValue\":\"50\"}}]}<\/script>\n<!-- \/ Yoast SEO Premium plugin. -->","yoast_head_json":{"title":"Location d'un van de luxe avec chauffeur en R\u00e9publique Dominicaine","description":"Dominicanbus est l'entreprise leader en mati\u00e8re de location de fourgonnettes de luxe avec chauffeur et de v\u00e9hicules VIP, priv\u00e9s et d'affaires disponibles en R\u00e9publique dominicaine \u00e0 partir de Punta Cana et de Saint-Domingue.","robots":{"index":"index","follow":"follow","max-snippet":"max-snippet:-1","max-image-preview":"max-image-preview:large","max-video-preview":"max-video-preview:-1"},"canonical":"https:\/\/dominicanbus.com\/fr\/transfers\/location-de-fourgonnettes-avec-chauffeur\/","og_locale":"fr_FR","og_type":"article","og_title":"Location de fourgonnettes avec chauffeur","og_description":"Dominicanbus est l'entreprise leader en mati\u00e8re de location de fourgonnettes de luxe avec chauffeur et de v\u00e9hicules VIP, priv\u00e9s et d'affaires disponibles en R\u00e9publique dominicaine \u00e0 partir de Punta Cana et de Saint-Domingue.","og_url":"https:\/\/dominicanbus.com\/fr\/transfers\/location-de-fourgonnettes-avec-chauffeur\/","og_site_name":"dominican bus","article_publisher":"https:\/\/facebook.com\/dominicanbus","og_image":[{"width":460,"height":360,"url":"https:\/\/dominicanbus.com\/wp-content\/uploads\/2022\/04\/1-sienna.png","type":"image\/png"}],"twitter_card":"summary_large_image","twitter_site":"@dominican_tours","twitter_misc":{"Dur\u00e9e de lecture estim\u00e9e":"2 minutes"},"schema":{"@context":"https:\/\/schema.org","@graph":[{"@type":"WebPage","@id":"https:\/\/dominicanbus.com\/fr\/transfers\/location-de-fourgonnettes-avec-chauffeur\/","url":"https:\/\/dominicanbus.com\/fr\/transfers\/location-de-fourgonnettes-avec-chauffeur\/","name":"Location d'un van de luxe avec chauffeur en R\u00e9publique Dominicaine","isPartOf":{"@id":"https:\/\/dominicanbus.com\/fr\/#website"},"primaryImageOfPage":{"@id":"https:\/\/dominicanbus.com\/fr\/transfers\/location-de-fourgonnettes-avec-chauffeur\/#primaryimage"},"image":{"@id":"https:\/\/dominicanbus.com\/fr\/transfers\/location-de-fourgonnettes-avec-chauffeur\/#primaryimage"},"thumbnailUrl":"https:\/\/dominicanbus.com\/wp-content\/uploads\/2022\/04\/1-sienna.png","datePublished":"2022-07-07T02:06:22+00:00","description":"Dominicanbus est l'entreprise leader en mati\u00e8re de location de fourgonnettes de luxe avec chauffeur et de v\u00e9hicules VIP, priv\u00e9s et d'affaires disponibles en R\u00e9publique dominicaine \u00e0 partir de Punta Cana et de Saint-Domingue.","breadcrumb":{"@id":"https:\/\/dominicanbus.com\/fr\/transfers\/location-de-fourgonnettes-avec-chauffeur\/#breadcrumb"},"inLanguage":"fr-FR","potentialAction":[{"@type":"ReadAction","target":["https:\/\/dominicanbus.com\/fr\/transfers\/location-de-fourgonnettes-avec-chauffeur\/"]}]},{"@type":"ImageObject","inLanguage":"fr-FR","@id":"https:\/\/dominicanbus.com\/fr\/transfers\/location-de-fourgonnettes-avec-chauffeur\/#primaryimage","url":"https:\/\/dominicanbus.com\/wp-content\/uploads\/2022\/04\/1-sienna.png","contentUrl":"https:\/\/dominicanbus.com\/wp-content\/uploads\/2022\/04\/1-sienna.png","width":460,"height":360},{"@type":"BreadcrumbList","@id":"https:\/\/dominicanbus.com\/fr\/transfers\/location-de-fourgonnettes-avec-chauffeur\/#breadcrumb","itemListElement":[{"@type":"ListItem","position":1,"name":"Portada","item":"https:\/\/dominicanbus.com\/fr\/accueil\/"},{"@type":"ListItem","position":2,"name":"Boutique","item":"https:\/\/dominicanbus.com\/boutique\/"},{"@type":"ListItem","position":3,"name":"Location de fourgonnettes avec chauffeur"}]},{"@type":"WebSite","@id":"https:\/\/dominicanbus.com\/fr\/#website","url":"https:\/\/dominicanbus.com\/fr\/","name":"DominicanBus","description":"Servicios de transporte privado en Republica Dominicana","publisher":{"@id":"https:\/\/dominicanbus.com\/fr\/#organization"},"potentialAction":[{"@type":"SearchAction","target":{"@type":"EntryPoint","urlTemplate":"https:\/\/dominicanbus.com\/fr\/?s={search_term_string}"},"query-input":{"@type":"PropertyValueSpecification","valueRequired":true,"valueName":"search_term_string"}}],"inLanguage":"fr-FR"},{"@type":"Organization","@id":"https:\/\/dominicanbus.com\/fr\/#organization","name":"dominican bus","url":"https:\/\/dominicanbus.com\/fr\/","logo":{"@type":"ImageObject","inLanguage":"fr-FR","@id":"https:\/\/dominicanbus.com\/fr\/#\/schema\/logo\/image\/","url":"https:\/\/dominicanbus.com\/wp-content\/uploads\/2025\/11\/Sin-titulo-10.png","contentUrl":"https:\/\/dominicanbus.com\/wp-content\/uploads\/2025\/11\/Sin-titulo-10.png","width":252,"height":250,"caption":"dominican bus"},"image":{"@id":"https:\/\/dominicanbus.com\/fr\/#\/schema\/logo\/image\/"},"sameAs":["https:\/\/facebook.com\/dominicanbus","https:\/\/x.com\/dominican_tours","https:\/\/instagram.com\/stdominicanbus","https:\/\/linkein.com\/in\/eric-rincon-95029811b","https:\/\/www.pinterest.ca\/dominicantours\/","https:\/\/www.youtube.com\/user\/makeytours"],"description":"Compania de servicio de traslado y transporte turistico en Republica Dominicana","email":"info@dominicanbus.com","telephone":"18299463500","legalName":"Dominicanbus","foundingDate":"2000-05-06","vatID":"132344654","taxID":"132344654","iso6523Code":"132344654","numberOfEmployees":{"@type":"QuantitativeValue","minValue":"11","maxValue":"50"}}]}},"_links":{"self":[{"href":"https:\/\/dominicanbus.com\/fr\/wp-json\/wp\/v2\/product\/38584","targetHints":{"allow":["GET"]}}],"collection":[{"href":"https:\/\/dominicanbus.com\/fr\/wp-json\/wp\/v2\/product"}],"about":[{"href":"https:\/\/dominicanbus.com\/fr\/wp-json\/wp\/v2\/types\/product"}],"replies":[{"embeddable":true,"href":"https:\/\/dominicanbus.com\/fr\/wp-json\/wp\/v2\/comments?post=38584"}],"version-history":[{"count":0,"href":"https:\/\/dominicanbus.com\/fr\/wp-json\/wp\/v2\/product\/38584\/revisions"}],"wp:featuredmedia":[{"embeddable":true,"href":"https:\/\/dominicanbus.com\/fr\/wp-json\/wp\/v2\/media\/38590"}],"wp:attachment":[{"href":"https:\/\/dominicanbus.com\/fr\/wp-json\/wp\/v2\/media?parent=38584"}],"wp:term":[{"taxonomy":"product_brand","embeddable":true,"href":"https:\/\/dominicanbus.com\/fr\/wp-json\/wp\/v2\/product_brand?post=38584"},{"taxonomy":"product_cat","embeddable":true,"href":"https:\/\/dominicanbus.com\/fr\/wp-json\/wp\/v2\/product_cat?post=38584"},{"taxonomy":"product_tag","embeddable":true,"href":"https:\/\/dominicanbus.com\/fr\/wp-json\/wp\/v2\/product_tag?post=38584"}],"curies":[{"name":"wp","href":"https:\/\/api.w.org\/{rel}","templated":true}]}}