{"id":37946,"date":"2020-05-30T19:07:25","date_gmt":"2020-05-30T19:07:25","guid":{"rendered":"https:\/\/dominicanbus.com\/service-de-transfert-en-republique-dominicaine\/nous\/"},"modified":"2025-04-14T14:47:49","modified_gmt":"2025-04-14T14:47:49","slug":"nous","status":"publish","type":"page","link":"https:\/\/dominicanbus.com\/fr\/service-de-transfert-en-republique-dominicaine\/nous\/","title":{"rendered":"Nous"},"content":{"rendered":"\t\t<div data-elementor-type=\"wp-page\" data-elementor-id=\"37946\" class=\"elementor elementor-37946 elementor-26135\" data-elementor-post-type=\"page\">\n\t\t\t\t\t\t<section class=\"elementor-section elementor-top-section elementor-element elementor-element-b829a52 elementor-section-stretched elementor-section-height-min-height elementor-section-boxed elementor-section-height-default elementor-section-items-middle\" data-id=\"b829a52\" data-element_type=\"section\" data-e-type=\"section\" data-settings=\"{&quot;stretch_section&quot;:&quot;section-stretched&quot;,&quot;background_background&quot;:&quot;classic&quot;}\">\n\t\t\t\t\t\t\t<div class=\"elementor-background-overlay\"><\/div>\n\t\t\t\t\t\t\t<div class=\"elementor-container elementor-column-gap-default\">\n\t\t\t\t\t<div class=\"elementor-column elementor-col-100 elementor-top-column elementor-element elementor-element-5ef927a\" data-id=\"5ef927a\" data-element_type=\"column\" data-e-type=\"column\">\n\t\t\t<div class=\"elementor-widget-wrap elementor-element-populated\">\n\t\t\t\t\t\t<div class=\"elementor-element elementor-element-6092750 elementor-widget elementor-widget-spacer\" data-id=\"6092750\" data-element_type=\"widget\" data-e-type=\"widget\" data-widget_type=\"spacer.default\">\n\t\t\t\t<div class=\"elementor-widget-container\">\n\t\t\t\t\t\t\t<div class=\"elementor-spacer\">\n\t\t\t<div class=\"elementor-spacer-inner\"><\/div>\n\t\t<\/div>\n\t\t\t\t\t\t<\/div>\n\t\t\t\t<\/div>\n\t\t\t\t<div class=\"elementor-element elementor-element-04ec699 elementor-widget elementor-widget-heading\" data-id=\"04ec699\" data-element_type=\"widget\" data-e-type=\"widget\" data-widget_type=\"heading.default\">\n\t\t\t\t<div class=\"elementor-widget-container\">\n\t\t\t\t\t<h3 class=\"elementor-heading-title elementor-size-default\">R\u00c9PUBLIQUE DOMINICAINE<\/h3>\t\t\t\t<\/div>\n\t\t\t\t<\/div>\n\t\t\t\t<div class=\"elementor-element elementor-element-7485b9b elementor-hidden-phone elementor-widget elementor-widget-text-editor\" data-id=\"7485b9b\" data-element_type=\"widget\" data-e-type=\"widget\" data-widget_type=\"text-editor.default\">\n\t\t\t\t<div class=\"elementor-widget-container\">\n\t\t\t\t\t\t\t\t\t<p>Profitez d&rsquo;une promenade en excursion ou d&rsquo;un tour de ville avec certaines options pour conna\u00eetre des lieux exotiques et historiques qui sont riches en nature vivante et en culture, profitez \u00e9galement de la gastronomie typique avec la plage et visitez les lieux de la R\u00e9publique dominicaine.<\/p>\t\t\t\t\t\t\t\t<\/div>\n\t\t\t\t<\/div>\n\t\t\t\t\t<\/div>\n\t\t<\/div>\n\t\t\t\t\t<\/div>\n\t\t<\/section>\n\t\t\t\t<\/div>\n\t\t","protected":false},"excerpt":{"rendered":"<p>R\u00c9PUBLIQUE DOMINICAINE Profitez d&rsquo;une promenade en excursion ou d&rsquo;un tour de ville avec certaines options pour conna\u00eetre des lieux exotiques et historiques qui sont riches en nature vivante et en culture, profitez \u00e9galement de la gastronomie typique avec la plage et visitez les lieux de la R\u00e9publique dominicaine.<\/p>\n","protected":false},"author":1,"featured_media":0,"parent":37905,"menu_order":0,"comment_status":"open","ping_status":"closed","template":"","meta":{"site-sidebar-layout":"no-sidebar","site-content-layout":"page-builder","ast-site-content-layout":"default","site-content-style":"default","site-sidebar-style":"default","ast-global-header-display":"","ast-banner-title-visibility":"","ast-main-header-display":"","ast-hfb-above-header-display":"","ast-hfb-below-header-display":"","ast-hfb-mobile-header-display":"","site-post-title":"disabled","ast-breadcrumbs-content":"","ast-featured-img":"disabled","footer-sml-layout":"","ast-disable-related-posts":"","theme-transparent-header-meta":"default","adv-header-id-meta":"","stick-header-meta":"","header-above-stick-meta":"","header-main-stick-meta":"","header-below-stick-meta":"","astra-migrate-meta-layouts":"default","ast-page-background-enabled":"default","ast-page-background-meta":{"desktop":{"background-color":"","background-image":"","background-repeat":"repeat","background-position":"center center","background-size":"auto","background-attachment":"scroll","background-type":"","background-media":"","overlay-type":"","overlay-color":"","overlay-opacity":"","overlay-gradient":""},"tablet":{"background-color":"","background-image":"","background-repeat":"repeat","background-position":"center center","background-size":"auto","background-attachment":"scroll","background-type":"","background-media":"","overlay-type":"","overlay-color":"","overlay-opacity":"","overlay-gradient":""},"mobile":{"background-color":"","background-image":"","background-repeat":"repeat","background-position":"center center","background-size":"auto","background-attachment":"scroll","background-type":"","background-media":"","overlay-type":"","overlay-color":"","overlay-opacity":"","overlay-gradient":""}},"ast-content-background-meta":{"desktop":{"background-color":"var(--ast-global-color-5)","background-image":"","background-repeat":"repeat","background-position":"center center","background-size":"auto","background-attachment":"scroll","background-type":"","background-media":"","overlay-type":"","overlay-color":"","overlay-opacity":"","overlay-gradient":""},"tablet":{"background-color":"var(--ast-global-color-5)","background-image":"","background-repeat":"repeat","background-position":"center center","background-size":"auto","background-attachment":"scroll","background-type":"","background-media":"","overlay-type":"","overlay-color":"","overlay-opacity":"","overlay-gradient":""},"mobile":{"background-color":"var(--ast-global-color-5)","background-image":"","background-repeat":"repeat","background-position":"center center","background-size":"auto","background-attachment":"scroll","background-type":"","background-media":"","overlay-type":"","overlay-color":"","overlay-opacity":"","overlay-gradient":""}},"footnotes":""},"class_list":["post-37946","page","type-page","status-publish","hentry"],"yoast_head":"<!-- This site is optimized with the Yoast SEO Premium plugin v26.6 (Yoast SEO v27.3) - https:\/\/yoast.com\/product\/yoast-seo-premium-wordpress\/ -->\n<title>Nous | dominican bus<\/title>\n<meta name=\"robots\" content=\"index, follow, max-snippet:-1, max-image-preview:large, max-video-preview:-1\" \/>\n<link rel=\"canonical\" href=\"https:\/\/dominicanbus.com\/fr\/service-de-transfert-en-republique-dominicaine\/nous\/\" \/>\n<meta property=\"og:locale\" content=\"fr_FR\" \/>\n<meta property=\"og:type\" content=\"article\" \/>\n<meta property=\"og:title\" content=\"Nous\" \/>\n<meta property=\"og:description\" content=\"R\u00c9PUBLIQUE DOMINICAINE Profitez d&rsquo;une promenade en excursion ou d&rsquo;un tour de ville avec certaines options pour conna\u00eetre des lieux exotiques et historiques qui sont riches en nature vivante et en culture, profitez \u00e9galement de la gastronomie typique avec la plage et visitez les lieux de la R\u00e9publique dominicaine.\" \/>\n<meta property=\"og:url\" content=\"https:\/\/dominicanbus.com\/fr\/service-de-transfert-en-republique-dominicaine\/nous\/\" \/>\n<meta property=\"og:site_name\" content=\"dominican bus\" \/>\n<meta property=\"article:publisher\" content=\"https:\/\/facebook.com\/dominicanbus\" \/>\n<meta property=\"article:modified_time\" content=\"2025-04-14T14:47:49+00:00\" \/>\n<meta property=\"og:image\" content=\"https:\/\/dominicanbus.com\/wp-content\/uploads\/2023\/03\/portada-Dominican-Bus-3.png\" \/>\n\t<meta property=\"og:image:width\" content=\"1024\" \/>\n\t<meta property=\"og:image:height\" content=\"576\" \/>\n\t<meta property=\"og:image:type\" content=\"image\/png\" \/>\n<meta name=\"twitter:card\" content=\"summary_large_image\" \/>\n<meta name=\"twitter:site\" content=\"@dominican_tours\" \/>\n<script type=\"application\/ld+json\" class=\"yoast-schema-graph\">{\"@context\":\"https:\\\/\\\/schema.org\",\"@graph\":[{\"@type\":\"WebPage\",\"@id\":\"https:\\\/\\\/dominicanbus.com\\\/fr\\\/service-de-transfert-en-republique-dominicaine\\\/nous\\\/\",\"url\":\"https:\\\/\\\/dominicanbus.com\\\/fr\\\/service-de-transfert-en-republique-dominicaine\\\/nous\\\/\",\"name\":\"Nous | dominican bus\",\"isPartOf\":{\"@id\":\"https:\\\/\\\/dominicanbus.com\\\/fr\\\/#website\"},\"datePublished\":\"2020-05-30T19:07:25+00:00\",\"dateModified\":\"2025-04-14T14:47:49+00:00\",\"breadcrumb\":{\"@id\":\"https:\\\/\\\/dominicanbus.com\\\/fr\\\/service-de-transfert-en-republique-dominicaine\\\/nous\\\/#breadcrumb\"},\"inLanguage\":\"fr-FR\",\"potentialAction\":[{\"@type\":\"ReadAction\",\"target\":[\"https:\\\/\\\/dominicanbus.com\\\/fr\\\/service-de-transfert-en-republique-dominicaine\\\/nous\\\/\"]}]},{\"@type\":\"BreadcrumbList\",\"@id\":\"https:\\\/\\\/dominicanbus.com\\\/fr\\\/service-de-transfert-en-republique-dominicaine\\\/nous\\\/#breadcrumb\",\"itemListElement\":[{\"@type\":\"ListItem\",\"position\":1,\"name\":\"Portada\",\"item\":\"https:\\\/\\\/dominicanbus.com\\\/fr\\\/accueil\\\/\"},{\"@type\":\"ListItem\",\"position\":2,\"name\":\"Service de transfert en R\u00e9publique dominicaine\",\"item\":\"https:\\\/\\\/dominicanbus.com\\\/fr\\\/service-de-transfert-en-republique-dominicaine\\\/\"},{\"@type\":\"ListItem\",\"position\":3,\"name\":\"Nous\"}]},{\"@type\":\"WebSite\",\"@id\":\"https:\\\/\\\/dominicanbus.com\\\/fr\\\/#website\",\"url\":\"https:\\\/\\\/dominicanbus.com\\\/fr\\\/\",\"name\":\"DominicanBus\",\"description\":\"Servicios de transporte privado en Republica Dominicana\",\"publisher\":{\"@id\":\"https:\\\/\\\/dominicanbus.com\\\/fr\\\/#organization\"},\"potentialAction\":[{\"@type\":\"SearchAction\",\"target\":{\"@type\":\"EntryPoint\",\"urlTemplate\":\"https:\\\/\\\/dominicanbus.com\\\/fr\\\/?s={search_term_string}\"},\"query-input\":{\"@type\":\"PropertyValueSpecification\",\"valueRequired\":true,\"valueName\":\"search_term_string\"}}],\"inLanguage\":\"fr-FR\"},{\"@type\":\"Organization\",\"@id\":\"https:\\\/\\\/dominicanbus.com\\\/fr\\\/#organization\",\"name\":\"dominican bus\",\"url\":\"https:\\\/\\\/dominicanbus.com\\\/fr\\\/\",\"logo\":{\"@type\":\"ImageObject\",\"inLanguage\":\"fr-FR\",\"@id\":\"https:\\\/\\\/dominicanbus.com\\\/fr\\\/#\\\/schema\\\/logo\\\/image\\\/\",\"url\":\"https:\\\/\\\/dominicanbus.com\\\/wp-content\\\/uploads\\\/2025\\\/11\\\/Sin-titulo-10.png\",\"contentUrl\":\"https:\\\/\\\/dominicanbus.com\\\/wp-content\\\/uploads\\\/2025\\\/11\\\/Sin-titulo-10.png\",\"width\":252,\"height\":250,\"caption\":\"dominican bus\"},\"image\":{\"@id\":\"https:\\\/\\\/dominicanbus.com\\\/fr\\\/#\\\/schema\\\/logo\\\/image\\\/\"},\"sameAs\":[\"https:\\\/\\\/facebook.com\\\/dominicanbus\",\"https:\\\/\\\/x.com\\\/dominican_tours\",\"https:\\\/\\\/instagram.com\\\/stdominicanbus\",\"https:\\\/\\\/linkein.com\\\/in\\\/eric-rincon-95029811b\",\"https:\\\/\\\/www.pinterest.ca\\\/dominicantours\\\/\",\"https:\\\/\\\/www.youtube.com\\\/user\\\/makeytours\"],\"description\":\"Compania de servicio de traslado y transporte turistico en Republica Dominicana\",\"email\":\"info@dominicanbus.com\",\"telephone\":\"18299463500\",\"legalName\":\"Dominicanbus\",\"foundingDate\":\"2000-05-06\",\"vatID\":\"132344654\",\"taxID\":\"132344654\",\"iso6523Code\":\"132344654\",\"numberOfEmployees\":{\"@type\":\"QuantitativeValue\",\"minValue\":\"11\",\"maxValue\":\"50\"}}]}<\/script>\n<!-- \/ Yoast SEO Premium plugin. -->","yoast_head_json":{"title":"Nous | dominican bus","robots":{"index":"index","follow":"follow","max-snippet":"max-snippet:-1","max-image-preview":"max-image-preview:large","max-video-preview":"max-video-preview:-1"},"canonical":"https:\/\/dominicanbus.com\/fr\/service-de-transfert-en-republique-dominicaine\/nous\/","og_locale":"fr_FR","og_type":"article","og_title":"Nous","og_description":"R\u00c9PUBLIQUE DOMINICAINE Profitez d&rsquo;une promenade en excursion ou d&rsquo;un tour de ville avec certaines options pour conna\u00eetre des lieux exotiques et historiques qui sont riches en nature vivante et en culture, profitez \u00e9galement de la gastronomie typique avec la plage et visitez les lieux de la R\u00e9publique dominicaine.","og_url":"https:\/\/dominicanbus.com\/fr\/service-de-transfert-en-republique-dominicaine\/nous\/","og_site_name":"dominican bus","article_publisher":"https:\/\/facebook.com\/dominicanbus","article_modified_time":"2025-04-14T14:47:49+00:00","og_image":[{"width":1024,"height":576,"url":"https:\/\/dominicanbus.com\/wp-content\/uploads\/2023\/03\/portada-Dominican-Bus-3.png","type":"image\/png"}],"twitter_card":"summary_large_image","twitter_site":"@dominican_tours","schema":{"@context":"https:\/\/schema.org","@graph":[{"@type":"WebPage","@id":"https:\/\/dominicanbus.com\/fr\/service-de-transfert-en-republique-dominicaine\/nous\/","url":"https:\/\/dominicanbus.com\/fr\/service-de-transfert-en-republique-dominicaine\/nous\/","name":"Nous | dominican bus","isPartOf":{"@id":"https:\/\/dominicanbus.com\/fr\/#website"},"datePublished":"2020-05-30T19:07:25+00:00","dateModified":"2025-04-14T14:47:49+00:00","breadcrumb":{"@id":"https:\/\/dominicanbus.com\/fr\/service-de-transfert-en-republique-dominicaine\/nous\/#breadcrumb"},"inLanguage":"fr-FR","potentialAction":[{"@type":"ReadAction","target":["https:\/\/dominicanbus.com\/fr\/service-de-transfert-en-republique-dominicaine\/nous\/"]}]},{"@type":"BreadcrumbList","@id":"https:\/\/dominicanbus.com\/fr\/service-de-transfert-en-republique-dominicaine\/nous\/#breadcrumb","itemListElement":[{"@type":"ListItem","position":1,"name":"Portada","item":"https:\/\/dominicanbus.com\/fr\/accueil\/"},{"@type":"ListItem","position":2,"name":"Service de transfert en R\u00e9publique dominicaine","item":"https:\/\/dominicanbus.com\/fr\/service-de-transfert-en-republique-dominicaine\/"},{"@type":"ListItem","position":3,"name":"Nous"}]},{"@type":"WebSite","@id":"https:\/\/dominicanbus.com\/fr\/#website","url":"https:\/\/dominicanbus.com\/fr\/","name":"DominicanBus","description":"Servicios de transporte privado en Republica Dominicana","publisher":{"@id":"https:\/\/dominicanbus.com\/fr\/#organization"},"potentialAction":[{"@type":"SearchAction","target":{"@type":"EntryPoint","urlTemplate":"https:\/\/dominicanbus.com\/fr\/?s={search_term_string}"},"query-input":{"@type":"PropertyValueSpecification","valueRequired":true,"valueName":"search_term_string"}}],"inLanguage":"fr-FR"},{"@type":"Organization","@id":"https:\/\/dominicanbus.com\/fr\/#organization","name":"dominican bus","url":"https:\/\/dominicanbus.com\/fr\/","logo":{"@type":"ImageObject","inLanguage":"fr-FR","@id":"https:\/\/dominicanbus.com\/fr\/#\/schema\/logo\/image\/","url":"https:\/\/dominicanbus.com\/wp-content\/uploads\/2025\/11\/Sin-titulo-10.png","contentUrl":"https:\/\/dominicanbus.com\/wp-content\/uploads\/2025\/11\/Sin-titulo-10.png","width":252,"height":250,"caption":"dominican bus"},"image":{"@id":"https:\/\/dominicanbus.com\/fr\/#\/schema\/logo\/image\/"},"sameAs":["https:\/\/facebook.com\/dominicanbus","https:\/\/x.com\/dominican_tours","https:\/\/instagram.com\/stdominicanbus","https:\/\/linkein.com\/in\/eric-rincon-95029811b","https:\/\/www.pinterest.ca\/dominicantours\/","https:\/\/www.youtube.com\/user\/makeytours"],"description":"Compania de servicio de traslado y transporte turistico en Republica Dominicana","email":"info@dominicanbus.com","telephone":"18299463500","legalName":"Dominicanbus","foundingDate":"2000-05-06","vatID":"132344654","taxID":"132344654","iso6523Code":"132344654","numberOfEmployees":{"@type":"QuantitativeValue","minValue":"11","maxValue":"50"}}]}},"_links":{"self":[{"href":"https:\/\/dominicanbus.com\/fr\/wp-json\/wp\/v2\/pages\/37946","targetHints":{"allow":["GET"]}}],"collection":[{"href":"https:\/\/dominicanbus.com\/fr\/wp-json\/wp\/v2\/pages"}],"about":[{"href":"https:\/\/dominicanbus.com\/fr\/wp-json\/wp\/v2\/types\/page"}],"author":[{"embeddable":true,"href":"https:\/\/dominicanbus.com\/fr\/wp-json\/wp\/v2\/users\/1"}],"replies":[{"embeddable":true,"href":"https:\/\/dominicanbus.com\/fr\/wp-json\/wp\/v2\/comments?post=37946"}],"version-history":[{"count":3,"href":"https:\/\/dominicanbus.com\/fr\/wp-json\/wp\/v2\/pages\/37946\/revisions"}],"predecessor-version":[{"id":38088,"href":"https:\/\/dominicanbus.com\/fr\/wp-json\/wp\/v2\/pages\/37946\/revisions\/38088"}],"up":[{"embeddable":true,"href":"https:\/\/dominicanbus.com\/fr\/wp-json\/wp\/v2\/pages\/37905"}],"wp:attachment":[{"href":"https:\/\/dominicanbus.com\/fr\/wp-json\/wp\/v2\/media?parent=37946"}],"curies":[{"name":"wp","href":"https:\/\/api.w.org\/{rel}","templated":true}]}}